{"id":18315,"date":"2023-05-09T17:43:06","date_gmt":"2023-05-09T15:43:06","guid":{"rendered":"https:\/\/librairie7l.com\/?post_type=product&#038;p=18315"},"modified":"2026-04-26T20:51:03","modified_gmt":"2026-04-26T18:51:03","slug":"paris-capitale-de-guerlain","status":"publish","type":"product","link":"https:\/\/librairie7l.com\/en\/produit\/paris-capitale-de-guerlain\/","title":{"rendered":"PARIS, CAPITALE DE GUERLAIN"},"content":{"rendered":"<p>Depuis sa naissance, rue de Rivoli, en 1828, la maison Guerlain conjugue un r\u00eave parisien au plus-que-parfait. Mitsouko, L&#8217;Heure Bleue, Shalimar, Jicky, ses parfums de l\u00e9gende, autant que ses cr\u00e9ations cosm\u00e9tiques, Secret de Bonne Femme, Terracotta, Rouge G et bien d&#8217;autres, consacrent des liens souverains avec le monde de l&#8217;art, du th\u00e9\u00e2tre, du cin\u00e9ma, de la litt\u00e9rature, du spectacle. \u00c9toff\u00e9 de nombreuses illustrations, photographies et archives in\u00e9dites, ce livre d\u00e9voile &#8211; entre Expositions universelles et multiples collaborations avec des architectes, d\u00e9corateurs, artisans d&#8217;art et artistes parisiens &#8211; un parcours con\u00e7u comme une g\u00e9ographie amoureuse et culturelle de la Ville lumi\u00e8re, sublim\u00e9e par le savoir-faire, l&#8217;innovation et l&#8217;audace.<\/p>\n","protected":false},"excerpt":{"rendered":"<p>Depuis sa naissance, rue de Rivoli, en 1828, la maison Guerlain conjugue un r\u00eave parisien au plus-que-parfait. Mitsouko, L&#8217;Heure Bleue, Shalimar, Jicky, ses parfums de l\u00e9gende, autant que ses cr\u00e9ations cosm\u00e9tiques, Secret de Bonne Femme, Terracotta, Rouge G et bien d&#8217;autres, consacrent des liens souverains avec le monde de l&#8217;art, du th\u00e9\u00e2tre, du cin\u00e9ma, de [&hellip;]<\/p>\n","protected":false},"featured_media":18313,"template":"","meta":[],"product_cat":[2948,2957],"product_tag":[],"acf":[],"yoast_head":"<!-- This site is optimized with the Yoast SEO plugin v20.11 - https:\/\/yoast.com\/wordpress\/plugins\/seo\/ -->\n<title>PARIS, CAPITALE DE GUERLAIN - Librairie 7L<\/title>\n<meta name=\"robots\" content=\"index, follow, max-snippet:-1, max-image-preview:large, max-video-preview:-1\" \/>\n<link rel=\"canonical\" href=\"https:\/\/librairie7l.com\/en\/produit\/paris-capitale-de-guerlain\/\" \/>\n<meta property=\"og:locale\" content=\"en_US\" \/>\n<meta property=\"og:type\" content=\"article\" \/>\n<meta property=\"og:title\" content=\"PARIS, CAPITALE DE GUERLAIN - Librairie 7L\" \/>\n<meta property=\"og:description\" content=\"Depuis sa naissance, rue de Rivoli, en 1828, la maison Guerlain conjugue un r\u00eave parisien au plus-que-parfait. Mitsouko, L&#8217;Heure Bleue, Shalimar, Jicky, ses parfums de l\u00e9gende, autant que ses cr\u00e9ations cosm\u00e9tiques, Secret de Bonne Femme, Terracotta, Rouge G et bien d&#8217;autres, consacrent des liens souverains avec le monde de l&#8217;art, du th\u00e9\u00e2tre, du cin\u00e9ma, de [&hellip;]\" \/>\n<meta property=\"og:url\" content=\"https:\/\/librairie7l.com\/en\/produit\/paris-capitale-de-guerlain\/\" \/>\n<meta property=\"og:site_name\" content=\"Librairie 7L\" \/>\n<meta property=\"article:modified_time\" content=\"2026-04-26T18:51:03+00:00\" \/>\n<meta property=\"og:image\" content=\"https:\/\/librairie7l.com\/wp-content\/uploads\/2021\/12\/9782080261168_1_75.jpg\" \/>\n\t<meta property=\"og:image:width\" content=\"600\" \/>\n\t<meta property=\"og:image:height\" content=\"823\" \/>\n\t<meta property=\"og:image:type\" content=\"image\/jpeg\" \/>\n<meta name=\"twitter:card\" content=\"summary_large_image\" \/>\n<meta name=\"twitter:label1\" content=\"Est. reading time\" \/>\n\t<meta name=\"twitter:data1\" content=\"1 minute\" \/>\n<script type=\"application\/ld+json\" class=\"yoast-schema-graph\">{\"@context\":\"https:\/\/schema.org\",\"@graph\":[{\"@type\":\"WebPage\",\"@id\":\"https:\/\/librairie7l.com\/en\/produit\/paris-capitale-de-guerlain\/\",\"url\":\"https:\/\/librairie7l.com\/en\/produit\/paris-capitale-de-guerlain\/\",\"name\":\"PARIS, CAPITALE DE GUERLAIN - Librairie 7L\",\"isPartOf\":{\"@id\":\"https:\/\/librairie7l.com\/en\/#website\"},\"datePublished\":\"2023-05-09T15:43:06+00:00\",\"dateModified\":\"2026-04-26T18:51:03+00:00\",\"breadcrumb\":{\"@id\":\"https:\/\/librairie7l.com\/en\/produit\/paris-capitale-de-guerlain\/#breadcrumb\"},\"inLanguage\":\"en-US\",\"potentialAction\":[{\"@type\":\"ReadAction\",\"target\":[\"https:\/\/librairie7l.com\/en\/produit\/paris-capitale-de-guerlain\/\"]}]},{\"@type\":\"BreadcrumbList\",\"@id\":\"https:\/\/librairie7l.com\/en\/produit\/paris-capitale-de-guerlain\/#breadcrumb\",\"itemListElement\":[{\"@type\":\"ListItem\",\"position\":1,\"name\":\"Accueil\",\"item\":\"https:\/\/librairie7l.com\/en\/\"},{\"@type\":\"ListItem\",\"position\":2,\"name\":\"Shop\",\"item\":\"https:\/\/librairie7l.com\/en\/shop\/\"},{\"@type\":\"ListItem\",\"position\":3,\"name\":\"PARIS, CAPITALE DE GUERLAIN\"}]},{\"@type\":\"WebSite\",\"@id\":\"https:\/\/librairie7l.com\/en\/#website\",\"url\":\"https:\/\/librairie7l.com\/en\/\",\"name\":\"Librairie 7L\",\"description\":\"Librairie fond\u00e9e en 1999 par Karl Lagerfeld \u00e0 Paris\",\"publisher\":{\"@id\":\"https:\/\/librairie7l.com\/en\/#organization\"},\"potentialAction\":[{\"@type\":\"SearchAction\",\"target\":{\"@type\":\"EntryPoint\",\"urlTemplate\":\"https:\/\/librairie7l.com\/en\/?s={search_term_string}\"},\"query-input\":\"required name=search_term_string\"}],\"inLanguage\":\"en-US\"},{\"@type\":\"Organization\",\"@id\":\"https:\/\/librairie7l.com\/en\/#organization\",\"name\":\"Librairie 7L\",\"url\":\"https:\/\/librairie7l.com\/en\/\",\"logo\":{\"@type\":\"ImageObject\",\"inLanguage\":\"en-US\",\"@id\":\"https:\/\/librairie7l.com\/en\/#\/schema\/logo\/image\/\",\"url\":\"https:\/\/librairie7l.com\/wp-content\/uploads\/2022\/08\/logo-1.png\",\"contentUrl\":\"https:\/\/librairie7l.com\/wp-content\/uploads\/2022\/08\/logo-1.png\",\"width\":227,\"height\":301,\"caption\":\"Librairie 7L\"},\"image\":{\"@id\":\"https:\/\/librairie7l.com\/en\/#\/schema\/logo\/image\/\"}}]}<\/script>\n<!-- \/ Yoast SEO plugin. -->","yoast_head_json":{"title":"PARIS, CAPITALE DE GUERLAIN - Librairie 7L","robots":{"index":"index","follow":"follow","max-snippet":"max-snippet:-1","max-image-preview":"max-image-preview:large","max-video-preview":"max-video-preview:-1"},"canonical":"https:\/\/librairie7l.com\/en\/produit\/paris-capitale-de-guerlain\/","og_locale":"en_US","og_type":"article","og_title":"PARIS, CAPITALE DE GUERLAIN - Librairie 7L","og_description":"Depuis sa naissance, rue de Rivoli, en 1828, la maison Guerlain conjugue un r\u00eave parisien au plus-que-parfait. Mitsouko, L&#8217;Heure Bleue, Shalimar, Jicky, ses parfums de l\u00e9gende, autant que ses cr\u00e9ations cosm\u00e9tiques, Secret de Bonne Femme, Terracotta, Rouge G et bien d&#8217;autres, consacrent des liens souverains avec le monde de l&#8217;art, du th\u00e9\u00e2tre, du cin\u00e9ma, de [&hellip;]","og_url":"https:\/\/librairie7l.com\/en\/produit\/paris-capitale-de-guerlain\/","og_site_name":"Librairie 7L","article_modified_time":"2026-04-26T18:51:03+00:00","og_image":[{"width":600,"height":823,"url":"https:\/\/librairie7l.com\/wp-content\/uploads\/2021\/12\/9782080261168_1_75.jpg","type":"image\/jpeg"}],"twitter_card":"summary_large_image","twitter_misc":{"Est. reading time":"1 minute"},"schema":{"@context":"https:\/\/schema.org","@graph":[{"@type":"WebPage","@id":"https:\/\/librairie7l.com\/en\/produit\/paris-capitale-de-guerlain\/","url":"https:\/\/librairie7l.com\/en\/produit\/paris-capitale-de-guerlain\/","name":"PARIS, CAPITALE DE GUERLAIN - Librairie 7L","isPartOf":{"@id":"https:\/\/librairie7l.com\/en\/#website"},"datePublished":"2023-05-09T15:43:06+00:00","dateModified":"2026-04-26T18:51:03+00:00","breadcrumb":{"@id":"https:\/\/librairie7l.com\/en\/produit\/paris-capitale-de-guerlain\/#breadcrumb"},"inLanguage":"en-US","potentialAction":[{"@type":"ReadAction","target":["https:\/\/librairie7l.com\/en\/produit\/paris-capitale-de-guerlain\/"]}]},{"@type":"BreadcrumbList","@id":"https:\/\/librairie7l.com\/en\/produit\/paris-capitale-de-guerlain\/#breadcrumb","itemListElement":[{"@type":"ListItem","position":1,"name":"Accueil","item":"https:\/\/librairie7l.com\/en\/"},{"@type":"ListItem","position":2,"name":"Shop","item":"https:\/\/librairie7l.com\/en\/shop\/"},{"@type":"ListItem","position":3,"name":"PARIS, CAPITALE DE GUERLAIN"}]},{"@type":"WebSite","@id":"https:\/\/librairie7l.com\/en\/#website","url":"https:\/\/librairie7l.com\/en\/","name":"Librairie 7L","description":"Librairie fond\u00e9e en 1999 par Karl Lagerfeld \u00e0 Paris","publisher":{"@id":"https:\/\/librairie7l.com\/en\/#organization"},"potentialAction":[{"@type":"SearchAction","target":{"@type":"EntryPoint","urlTemplate":"https:\/\/librairie7l.com\/en\/?s={search_term_string}"},"query-input":"required name=search_term_string"}],"inLanguage":"en-US"},{"@type":"Organization","@id":"https:\/\/librairie7l.com\/en\/#organization","name":"Librairie 7L","url":"https:\/\/librairie7l.com\/en\/","logo":{"@type":"ImageObject","inLanguage":"en-US","@id":"https:\/\/librairie7l.com\/en\/#\/schema\/logo\/image\/","url":"https:\/\/librairie7l.com\/wp-content\/uploads\/2022\/08\/logo-1.png","contentUrl":"https:\/\/librairie7l.com\/wp-content\/uploads\/2022\/08\/logo-1.png","width":227,"height":301,"caption":"Librairie 7L"},"image":{"@id":"https:\/\/librairie7l.com\/en\/#\/schema\/logo\/image\/"}}]}},"_links":{"self":[{"href":"https:\/\/librairie7l.com\/en\/wp-json\/wp\/v2\/product\/18315"}],"collection":[{"href":"https:\/\/librairie7l.com\/en\/wp-json\/wp\/v2\/product"}],"about":[{"href":"https:\/\/librairie7l.com\/en\/wp-json\/wp\/v2\/types\/product"}],"wp:featuredmedia":[{"embeddable":true,"href":"https:\/\/librairie7l.com\/en\/wp-json\/wp\/v2\/media\/18313"}],"wp:attachment":[{"href":"https:\/\/librairie7l.com\/en\/wp-json\/wp\/v2\/media?parent=18315"}],"wp:term":[{"taxonomy":"product_cat","embeddable":true,"href":"https:\/\/librairie7l.com\/en\/wp-json\/wp\/v2\/product_cat?post=18315"},{"taxonomy":"product_tag","embeddable":true,"href":"https:\/\/librairie7l.com\/en\/wp-json\/wp\/v2\/product_tag?post=18315"}],"curies":[{"name":"wp","href":"https:\/\/api.w.org\/{rel}","templated":true}]}}