{"id":18347,"date":"2023-05-09T17:43:35","date_gmt":"2023-05-09T15:43:35","guid":{"rendered":"https:\/\/librairie7l.com\/?post_type=product&#038;p=18347"},"modified":"2026-04-30T12:46:29","modified_gmt":"2026-04-30T10:46:29","slug":"felix-gonzalez-torres-roni-horn-la-collection-pinault-a-la-bourse-de-commerce","status":"publish","type":"product","link":"https:\/\/librairie7l.com\/en\/produit\/felix-gonzalez-torres-roni-horn-la-collection-pinault-a-la-bourse-de-commerce\/","title":{"rendered":"FELIX GONZALEZ-TORRES, RONI HORN : LA COLLECTION PINAULT \u00c0 LA BOURSE DE COMMERCE"},"content":{"rendered":"<p>En 1990, Felix Gonzalez-Torres d\u00e9couvre l&#8217;exposition personnelle de Roni Horn au MOCA (Los Angeles), et plus particuli\u00e8rement Gold Field (1982), une oeuvre aujourd&#8217;hui mythique?: un tapis rectangulaire, pos\u00e9 au sol, r\u00e9alis\u00e9 avec des feuilles d&#8217;or. Profond\u00e9ment marqu\u00e9 par la simplicit\u00e9, la force et la beaut\u00e9 de cette oeuvre, Felix Gonzalez-Torres rencontre finalement Roni Horn en 1993 et partage avec elle l&#8217;impact bouleversant que son oeuvre a produit sur lui. Quelques jours apr\u00e8s cette rencontre, elle lui envoie un carr\u00e9 d&#8217;or comme signe d&#8217;amiti\u00e9 naissante. En r\u00e9ponse, Felix Gonzalez-Torres r\u00e9alise Untitled (Placebo-Landscape-for Roni) (1993), un d\u00e9versement de bonbons emball\u00e9s dans du cellophane dor\u00e9 qui sont pour lui \u00ab?un nouveau paysage, un horizon possible, un lieu de repos et de beaut\u00e9 absolue.?\u00bb \u00c0 son tour, Roni Horn r\u00e9pond avec Gold Mats, Paired &#8211; for Ross and Felix (1994-1995), deux feuilles d&#8217;or plac\u00e9es l&#8217;une au-dessus de l&#8217;autre. Leur amiti\u00e9 est scell\u00e9e. Dans la continuit\u00e9 de cet \u00e9change cr\u00e9atif, nourri pendant plusieurs ann\u00e9es et brutalement suspendu avec la mort de Felix Gonzalez-Torres, l&#8217;exposition de la Bourse de Commerce est rendue possible gr\u00e2ce \u00e0 l&#8217;implication et \u00e0 la complicit\u00e9 exceptionnelles de Roni Horn. Entre installations, photographies et sculptures, le dialogue des deux artistes se perp\u00e9tue \u00e0 travers une s\u00e9rie d&#8217;oeuvres \u00e0 la beaut\u00e9 fragile et \u00e0 l&#8217;extr\u00eame puissance \u00e9motionnelle, tout en miroir et en lumi\u00e8re, avec la conviction que \u00ab?l&#8217;acte de regarder chacun de ces objets est transfigur\u00e9 par le genre, la race, la classe social et la sexualit\u00e9?\u00bb (Felix Gonzalez-Torres). Au coeur de leur travail, et dans cette exposition en particulier, il s&#8217;agit donc de saisir le caract\u00e8re \u00abinterm\u00e9diaire\u00bb de l&#8217;existence, la dimension d&#8217;entre-deux, prise dans cette tension entre pr\u00e9sence fragile et irr\u00e9ductible disparition. Le dialogue entre les oeuvres de Roni Horn et de Felix Gonzalez-Torres s&#8217;ancre dans le balancement entre ces deux polarit\u00e9s, entre vie et mort, entre le public et le priv\u00e9, le personnel et le social, \u00abentre la peur de la perte et la joie d&#8217;aimer, de cro\u00eetre, de changer, de devenir toujours plus&#8230;\u00bb (Felix Gonzalez-Torres interview\u00e9 par Tim Rollins, in Felix Gonzalez-Torres, New York, A.R.T. Press, 1993).<\/p>\n","protected":false},"excerpt":{"rendered":"<p>En 1990, Felix Gonzalez-Torres d\u00e9couvre l&#8217;exposition personnelle de Roni Horn au MOCA (Los Angeles), et plus particuli\u00e8rement Gold Field (1982), une oeuvre aujourd&#8217;hui mythique?: un tapis rectangulaire, pos\u00e9 au sol, r\u00e9alis\u00e9 avec des feuilles d&#8217;or. Profond\u00e9ment marqu\u00e9 par la simplicit\u00e9, la force et la beaut\u00e9 de cette oeuvre, Felix Gonzalez-Torres rencontre finalement Roni Horn en [&hellip;]<\/p>\n","protected":false},"featured_media":18345,"template":"","meta":[],"product_cat":[2948,2953],"product_tag":[],"acf":[],"yoast_head":"<!-- This site is optimized with the Yoast SEO plugin v20.11 - https:\/\/yoast.com\/wordpress\/plugins\/seo\/ -->\n<title>FELIX GONZALEZ-TORRES, RONI HORN : LA COLLECTION PINAULT \u00c0 LA BOURSE DE COMMERCE - Librairie 7L<\/title>\n<meta name=\"robots\" content=\"index, follow, max-snippet:-1, max-image-preview:large, max-video-preview:-1\" \/>\n<link rel=\"canonical\" href=\"https:\/\/librairie7l.com\/en\/produit\/felix-gonzalez-torres-roni-horn-la-collection-pinault-a-la-bourse-de-commerce\/\" \/>\n<meta property=\"og:locale\" content=\"en_US\" \/>\n<meta property=\"og:type\" content=\"article\" \/>\n<meta property=\"og:title\" content=\"FELIX GONZALEZ-TORRES, RONI HORN : LA COLLECTION PINAULT \u00c0 LA BOURSE DE COMMERCE - Librairie 7L\" \/>\n<meta property=\"og:description\" content=\"En 1990, Felix Gonzalez-Torres d\u00e9couvre l&#8217;exposition personnelle de Roni Horn au MOCA (Los Angeles), et plus particuli\u00e8rement Gold Field (1982), une oeuvre aujourd&#8217;hui mythique?: un tapis rectangulaire, pos\u00e9 au sol, r\u00e9alis\u00e9 avec des feuilles d&#8217;or. Profond\u00e9ment marqu\u00e9 par la simplicit\u00e9, la force et la beaut\u00e9 de cette oeuvre, Felix Gonzalez-Torres rencontre finalement Roni Horn en [&hellip;]\" \/>\n<meta property=\"og:url\" content=\"https:\/\/librairie7l.com\/en\/produit\/felix-gonzalez-torres-roni-horn-la-collection-pinault-a-la-bourse-de-commerce\/\" \/>\n<meta property=\"og:site_name\" content=\"Librairie 7L\" \/>\n<meta property=\"article:modified_time\" content=\"2026-04-30T10:46:29+00:00\" \/>\n<meta property=\"og:image\" content=\"https:\/\/librairie7l.com\/wp-content\/uploads\/2022\/05\/9782373721492_1_75.jpg\" \/>\n\t<meta property=\"og:image:width\" content=\"462\" \/>\n\t<meta property=\"og:image:height\" content=\"640\" \/>\n\t<meta property=\"og:image:type\" content=\"image\/jpeg\" \/>\n<meta name=\"twitter:card\" content=\"summary_large_image\" \/>\n<meta name=\"twitter:label1\" content=\"Est. reading time\" \/>\n\t<meta name=\"twitter:data1\" content=\"2 minutes\" \/>\n<script type=\"application\/ld+json\" class=\"yoast-schema-graph\">{\"@context\":\"https:\/\/schema.org\",\"@graph\":[{\"@type\":\"WebPage\",\"@id\":\"https:\/\/librairie7l.com\/en\/produit\/felix-gonzalez-torres-roni-horn-la-collection-pinault-a-la-bourse-de-commerce\/\",\"url\":\"https:\/\/librairie7l.com\/en\/produit\/felix-gonzalez-torres-roni-horn-la-collection-pinault-a-la-bourse-de-commerce\/\",\"name\":\"FELIX GONZALEZ-TORRES, RONI HORN : LA COLLECTION PINAULT \u00c0 LA BOURSE DE COMMERCE - Librairie 7L\",\"isPartOf\":{\"@id\":\"https:\/\/librairie7l.com\/en\/#website\"},\"datePublished\":\"2023-05-09T15:43:35+00:00\",\"dateModified\":\"2026-04-30T10:46:29+00:00\",\"breadcrumb\":{\"@id\":\"https:\/\/librairie7l.com\/en\/produit\/felix-gonzalez-torres-roni-horn-la-collection-pinault-a-la-bourse-de-commerce\/#breadcrumb\"},\"inLanguage\":\"en-US\",\"potentialAction\":[{\"@type\":\"ReadAction\",\"target\":[\"https:\/\/librairie7l.com\/en\/produit\/felix-gonzalez-torres-roni-horn-la-collection-pinault-a-la-bourse-de-commerce\/\"]}]},{\"@type\":\"BreadcrumbList\",\"@id\":\"https:\/\/librairie7l.com\/en\/produit\/felix-gonzalez-torres-roni-horn-la-collection-pinault-a-la-bourse-de-commerce\/#breadcrumb\",\"itemListElement\":[{\"@type\":\"ListItem\",\"position\":1,\"name\":\"Accueil\",\"item\":\"https:\/\/librairie7l.com\/en\/\"},{\"@type\":\"ListItem\",\"position\":2,\"name\":\"Shop\",\"item\":\"https:\/\/librairie7l.com\/en\/shop\/\"},{\"@type\":\"ListItem\",\"position\":3,\"name\":\"FELIX GONZALEZ-TORRES, RONI HORN : LA COLLECTION PINAULT \u00c0 LA BOURSE DE COMMERCE\"}]},{\"@type\":\"WebSite\",\"@id\":\"https:\/\/librairie7l.com\/en\/#website\",\"url\":\"https:\/\/librairie7l.com\/en\/\",\"name\":\"Librairie 7L\",\"description\":\"Librairie fond\u00e9e en 1999 par Karl Lagerfeld \u00e0 Paris\",\"publisher\":{\"@id\":\"https:\/\/librairie7l.com\/en\/#organization\"},\"potentialAction\":[{\"@type\":\"SearchAction\",\"target\":{\"@type\":\"EntryPoint\",\"urlTemplate\":\"https:\/\/librairie7l.com\/en\/?s={search_term_string}\"},\"query-input\":\"required name=search_term_string\"}],\"inLanguage\":\"en-US\"},{\"@type\":\"Organization\",\"@id\":\"https:\/\/librairie7l.com\/en\/#organization\",\"name\":\"Librairie 7L\",\"url\":\"https:\/\/librairie7l.com\/en\/\",\"logo\":{\"@type\":\"ImageObject\",\"inLanguage\":\"en-US\",\"@id\":\"https:\/\/librairie7l.com\/en\/#\/schema\/logo\/image\/\",\"url\":\"https:\/\/librairie7l.com\/wp-content\/uploads\/2022\/08\/logo-1.png\",\"contentUrl\":\"https:\/\/librairie7l.com\/wp-content\/uploads\/2022\/08\/logo-1.png\",\"width\":227,\"height\":301,\"caption\":\"Librairie 7L\"},\"image\":{\"@id\":\"https:\/\/librairie7l.com\/en\/#\/schema\/logo\/image\/\"}}]}<\/script>\n<!-- \/ Yoast SEO plugin. -->","yoast_head_json":{"title":"FELIX GONZALEZ-TORRES, RONI HORN : LA COLLECTION PINAULT \u00c0 LA BOURSE DE COMMERCE - Librairie 7L","robots":{"index":"index","follow":"follow","max-snippet":"max-snippet:-1","max-image-preview":"max-image-preview:large","max-video-preview":"max-video-preview:-1"},"canonical":"https:\/\/librairie7l.com\/en\/produit\/felix-gonzalez-torres-roni-horn-la-collection-pinault-a-la-bourse-de-commerce\/","og_locale":"en_US","og_type":"article","og_title":"FELIX GONZALEZ-TORRES, RONI HORN : LA COLLECTION PINAULT \u00c0 LA BOURSE DE COMMERCE - Librairie 7L","og_description":"En 1990, Felix Gonzalez-Torres d\u00e9couvre l&#8217;exposition personnelle de Roni Horn au MOCA (Los Angeles), et plus particuli\u00e8rement Gold Field (1982), une oeuvre aujourd&#8217;hui mythique?: un tapis rectangulaire, pos\u00e9 au sol, r\u00e9alis\u00e9 avec des feuilles d&#8217;or. Profond\u00e9ment marqu\u00e9 par la simplicit\u00e9, la force et la beaut\u00e9 de cette oeuvre, Felix Gonzalez-Torres rencontre finalement Roni Horn en [&hellip;]","og_url":"https:\/\/librairie7l.com\/en\/produit\/felix-gonzalez-torres-roni-horn-la-collection-pinault-a-la-bourse-de-commerce\/","og_site_name":"Librairie 7L","article_modified_time":"2026-04-30T10:46:29+00:00","og_image":[{"width":462,"height":640,"url":"https:\/\/librairie7l.com\/wp-content\/uploads\/2022\/05\/9782373721492_1_75.jpg","type":"image\/jpeg"}],"twitter_card":"summary_large_image","twitter_misc":{"Est. reading time":"2 minutes"},"schema":{"@context":"https:\/\/schema.org","@graph":[{"@type":"WebPage","@id":"https:\/\/librairie7l.com\/en\/produit\/felix-gonzalez-torres-roni-horn-la-collection-pinault-a-la-bourse-de-commerce\/","url":"https:\/\/librairie7l.com\/en\/produit\/felix-gonzalez-torres-roni-horn-la-collection-pinault-a-la-bourse-de-commerce\/","name":"FELIX GONZALEZ-TORRES, RONI HORN : LA COLLECTION PINAULT \u00c0 LA BOURSE DE COMMERCE - Librairie 7L","isPartOf":{"@id":"https:\/\/librairie7l.com\/en\/#website"},"datePublished":"2023-05-09T15:43:35+00:00","dateModified":"2026-04-30T10:46:29+00:00","breadcrumb":{"@id":"https:\/\/librairie7l.com\/en\/produit\/felix-gonzalez-torres-roni-horn-la-collection-pinault-a-la-bourse-de-commerce\/#breadcrumb"},"inLanguage":"en-US","potentialAction":[{"@type":"ReadAction","target":["https:\/\/librairie7l.com\/en\/produit\/felix-gonzalez-torres-roni-horn-la-collection-pinault-a-la-bourse-de-commerce\/"]}]},{"@type":"BreadcrumbList","@id":"https:\/\/librairie7l.com\/en\/produit\/felix-gonzalez-torres-roni-horn-la-collection-pinault-a-la-bourse-de-commerce\/#breadcrumb","itemListElement":[{"@type":"ListItem","position":1,"name":"Accueil","item":"https:\/\/librairie7l.com\/en\/"},{"@type":"ListItem","position":2,"name":"Shop","item":"https:\/\/librairie7l.com\/en\/shop\/"},{"@type":"ListItem","position":3,"name":"FELIX GONZALEZ-TORRES, RONI HORN : LA COLLECTION PINAULT \u00c0 LA BOURSE DE COMMERCE"}]},{"@type":"WebSite","@id":"https:\/\/librairie7l.com\/en\/#website","url":"https:\/\/librairie7l.com\/en\/","name":"Librairie 7L","description":"Librairie fond\u00e9e en 1999 par Karl Lagerfeld \u00e0 Paris","publisher":{"@id":"https:\/\/librairie7l.com\/en\/#organization"},"potentialAction":[{"@type":"SearchAction","target":{"@type":"EntryPoint","urlTemplate":"https:\/\/librairie7l.com\/en\/?s={search_term_string}"},"query-input":"required name=search_term_string"}],"inLanguage":"en-US"},{"@type":"Organization","@id":"https:\/\/librairie7l.com\/en\/#organization","name":"Librairie 7L","url":"https:\/\/librairie7l.com\/en\/","logo":{"@type":"ImageObject","inLanguage":"en-US","@id":"https:\/\/librairie7l.com\/en\/#\/schema\/logo\/image\/","url":"https:\/\/librairie7l.com\/wp-content\/uploads\/2022\/08\/logo-1.png","contentUrl":"https:\/\/librairie7l.com\/wp-content\/uploads\/2022\/08\/logo-1.png","width":227,"height":301,"caption":"Librairie 7L"},"image":{"@id":"https:\/\/librairie7l.com\/en\/#\/schema\/logo\/image\/"}}]}},"_links":{"self":[{"href":"https:\/\/librairie7l.com\/en\/wp-json\/wp\/v2\/product\/18347"}],"collection":[{"href":"https:\/\/librairie7l.com\/en\/wp-json\/wp\/v2\/product"}],"about":[{"href":"https:\/\/librairie7l.com\/en\/wp-json\/wp\/v2\/types\/product"}],"wp:featuredmedia":[{"embeddable":true,"href":"https:\/\/librairie7l.com\/en\/wp-json\/wp\/v2\/media\/18345"}],"wp:attachment":[{"href":"https:\/\/librairie7l.com\/en\/wp-json\/wp\/v2\/media?parent=18347"}],"wp:term":[{"taxonomy":"product_cat","embeddable":true,"href":"https:\/\/librairie7l.com\/en\/wp-json\/wp\/v2\/product_cat?post=18347"},{"taxonomy":"product_tag","embeddable":true,"href":"https:\/\/librairie7l.com\/en\/wp-json\/wp\/v2\/product_tag?post=18347"}],"curies":[{"name":"wp","href":"https:\/\/api.w.org\/{rel}","templated":true}]}}