{"id":18367,"date":"2023-05-09T17:43:51","date_gmt":"2023-05-09T15:43:51","guid":{"rendered":"https:\/\/librairie7l.com\/?post_type=product&#038;p=18367"},"modified":"2026-04-26T20:57:44","modified_gmt":"2026-04-26T18:57:44","slug":"libres-creatrices-elles-ont-invente-le-bijou-moderne","status":"publish","type":"product","link":"https:\/\/librairie7l.com\/en\/produit\/libres-creatrices-elles-ont-invente-le-bijou-moderne\/","title":{"rendered":"LIBRES &AMP; CR\u00c9ATRICES : ELLES ONT INVENT\u00c9 LE BIJOU MODERNE"},"content":{"rendered":"<p>Elles sont libres et ambitieuses. Talentueuses et d\u00e9termin\u00e9es. Elles ont r\u00e9ussi \u00e0 imposer leur style et leur vision cr\u00e9atrice dans un univers, la joaillerie, longtemps domin\u00e9 par les hommes.<\/p>\n<p>Neuf cr\u00e9atrices de l\u00e9gende qui ont chang\u00e9 l&#8217;art du bijou.<\/p>\n<p>Un livre de portraits sur les femmes qui ont marqu\u00e9 l&#8217;univers de la joaillerie au XXe si\u00e8cle. En prise avec leur temps, elles ont toutes \u00e0 leur fa\u00e7on particip\u00e9 au mouvement d&#8217;\u00e9mancipation des femmes en proposant des bijoux au design moderne et aux mati\u00e8res souvent inattendues. Chaque portrait \u00e9voque leur histoire, leur parcours, leur style, ce que leurs bijoux racontent de leur \u00e9poque et quelles sont leurs cr\u00e9ations les plus marquantes.<\/p>\n","protected":false},"excerpt":{"rendered":"<p>Elles sont libres et ambitieuses. Talentueuses et d\u00e9termin\u00e9es. Elles ont r\u00e9ussi \u00e0 imposer leur style et leur vision cr\u00e9atrice dans un univers, la joaillerie, longtemps domin\u00e9 par les hommes. Neuf cr\u00e9atrices de l\u00e9gende qui ont chang\u00e9 l&#8217;art du bijou. Un livre de portraits sur les femmes qui ont marqu\u00e9 l&#8217;univers de la joaillerie au XXe [&hellip;]<\/p>\n","protected":false},"featured_media":18365,"template":"","meta":[],"product_cat":[2948,2957],"product_tag":[],"acf":[],"yoast_head":"<!-- This site is optimized with the Yoast SEO plugin v20.11 - https:\/\/yoast.com\/wordpress\/plugins\/seo\/ -->\n<title>LIBRES &amp; CR\u00c9ATRICES : ELLES ONT INVENT\u00c9 LE BIJOU MODERNE - Librairie 7L<\/title>\n<meta name=\"robots\" content=\"index, follow, max-snippet:-1, max-image-preview:large, max-video-preview:-1\" \/>\n<link rel=\"canonical\" href=\"https:\/\/librairie7l.com\/en\/produit\/libres-creatrices-elles-ont-invente-le-bijou-moderne\/\" \/>\n<meta property=\"og:locale\" content=\"en_US\" \/>\n<meta property=\"og:type\" content=\"article\" \/>\n<meta property=\"og:title\" content=\"LIBRES &amp; CR\u00c9ATRICES : ELLES ONT INVENT\u00c9 LE BIJOU MODERNE - Librairie 7L\" \/>\n<meta property=\"og:description\" content=\"Elles sont libres et ambitieuses. Talentueuses et d\u00e9termin\u00e9es. Elles ont r\u00e9ussi \u00e0 imposer leur style et leur vision cr\u00e9atrice dans un univers, la joaillerie, longtemps domin\u00e9 par les hommes. Neuf cr\u00e9atrices de l\u00e9gende qui ont chang\u00e9 l&#8217;art du bijou. Un livre de portraits sur les femmes qui ont marqu\u00e9 l&#8217;univers de la joaillerie au XXe [&hellip;]\" \/>\n<meta property=\"og:url\" content=\"https:\/\/librairie7l.com\/en\/produit\/libres-creatrices-elles-ont-invente-le-bijou-moderne\/\" \/>\n<meta property=\"og:site_name\" content=\"Librairie 7L\" \/>\n<meta property=\"article:modified_time\" content=\"2026-04-26T18:57:44+00:00\" \/>\n<meta property=\"og:image\" content=\"https:\/\/librairie7l.com\/wp-content\/uploads\/2021\/10\/9782732497471_1_75.jpg\" \/>\n\t<meta property=\"og:image:width\" content=\"400\" \/>\n\t<meta property=\"og:image:height\" content=\"557\" \/>\n\t<meta property=\"og:image:type\" content=\"image\/jpeg\" \/>\n<meta name=\"twitter:card\" content=\"summary_large_image\" \/>\n<meta name=\"twitter:label1\" content=\"Est. reading time\" \/>\n\t<meta name=\"twitter:data1\" content=\"1 minute\" \/>\n<script type=\"application\/ld+json\" class=\"yoast-schema-graph\">{\"@context\":\"https:\/\/schema.org\",\"@graph\":[{\"@type\":\"WebPage\",\"@id\":\"https:\/\/librairie7l.com\/en\/produit\/libres-creatrices-elles-ont-invente-le-bijou-moderne\/\",\"url\":\"https:\/\/librairie7l.com\/en\/produit\/libres-creatrices-elles-ont-invente-le-bijou-moderne\/\",\"name\":\"LIBRES &amp; CR\u00c9ATRICES : ELLES ONT INVENT\u00c9 LE BIJOU MODERNE - Librairie 7L\",\"isPartOf\":{\"@id\":\"https:\/\/librairie7l.com\/en\/#website\"},\"datePublished\":\"2023-05-09T15:43:51+00:00\",\"dateModified\":\"2026-04-26T18:57:44+00:00\",\"breadcrumb\":{\"@id\":\"https:\/\/librairie7l.com\/en\/produit\/libres-creatrices-elles-ont-invente-le-bijou-moderne\/#breadcrumb\"},\"inLanguage\":\"en-US\",\"potentialAction\":[{\"@type\":\"ReadAction\",\"target\":[\"https:\/\/librairie7l.com\/en\/produit\/libres-creatrices-elles-ont-invente-le-bijou-moderne\/\"]}]},{\"@type\":\"BreadcrumbList\",\"@id\":\"https:\/\/librairie7l.com\/en\/produit\/libres-creatrices-elles-ont-invente-le-bijou-moderne\/#breadcrumb\",\"itemListElement\":[{\"@type\":\"ListItem\",\"position\":1,\"name\":\"Accueil\",\"item\":\"https:\/\/librairie7l.com\/en\/\"},{\"@type\":\"ListItem\",\"position\":2,\"name\":\"Shop\",\"item\":\"https:\/\/librairie7l.com\/en\/shop\/\"},{\"@type\":\"ListItem\",\"position\":3,\"name\":\"LIBRES &AMP; CR\u00c9ATRICES : ELLES ONT INVENT\u00c9 LE BIJOU MODERNE\"}]},{\"@type\":\"WebSite\",\"@id\":\"https:\/\/librairie7l.com\/en\/#website\",\"url\":\"https:\/\/librairie7l.com\/en\/\",\"name\":\"Librairie 7L\",\"description\":\"Librairie fond\u00e9e en 1999 par Karl Lagerfeld \u00e0 Paris\",\"publisher\":{\"@id\":\"https:\/\/librairie7l.com\/en\/#organization\"},\"potentialAction\":[{\"@type\":\"SearchAction\",\"target\":{\"@type\":\"EntryPoint\",\"urlTemplate\":\"https:\/\/librairie7l.com\/en\/?s={search_term_string}\"},\"query-input\":\"required name=search_term_string\"}],\"inLanguage\":\"en-US\"},{\"@type\":\"Organization\",\"@id\":\"https:\/\/librairie7l.com\/en\/#organization\",\"name\":\"Librairie 7L\",\"url\":\"https:\/\/librairie7l.com\/en\/\",\"logo\":{\"@type\":\"ImageObject\",\"inLanguage\":\"en-US\",\"@id\":\"https:\/\/librairie7l.com\/en\/#\/schema\/logo\/image\/\",\"url\":\"https:\/\/librairie7l.com\/wp-content\/uploads\/2022\/08\/logo-1.png\",\"contentUrl\":\"https:\/\/librairie7l.com\/wp-content\/uploads\/2022\/08\/logo-1.png\",\"width\":227,\"height\":301,\"caption\":\"Librairie 7L\"},\"image\":{\"@id\":\"https:\/\/librairie7l.com\/en\/#\/schema\/logo\/image\/\"}}]}<\/script>\n<!-- \/ Yoast SEO plugin. -->","yoast_head_json":{"title":"LIBRES &amp; CR\u00c9ATRICES : ELLES ONT INVENT\u00c9 LE BIJOU MODERNE - Librairie 7L","robots":{"index":"index","follow":"follow","max-snippet":"max-snippet:-1","max-image-preview":"max-image-preview:large","max-video-preview":"max-video-preview:-1"},"canonical":"https:\/\/librairie7l.com\/en\/produit\/libres-creatrices-elles-ont-invente-le-bijou-moderne\/","og_locale":"en_US","og_type":"article","og_title":"LIBRES &amp; CR\u00c9ATRICES : ELLES ONT INVENT\u00c9 LE BIJOU MODERNE - Librairie 7L","og_description":"Elles sont libres et ambitieuses. Talentueuses et d\u00e9termin\u00e9es. Elles ont r\u00e9ussi \u00e0 imposer leur style et leur vision cr\u00e9atrice dans un univers, la joaillerie, longtemps domin\u00e9 par les hommes. Neuf cr\u00e9atrices de l\u00e9gende qui ont chang\u00e9 l&#8217;art du bijou. Un livre de portraits sur les femmes qui ont marqu\u00e9 l&#8217;univers de la joaillerie au XXe [&hellip;]","og_url":"https:\/\/librairie7l.com\/en\/produit\/libres-creatrices-elles-ont-invente-le-bijou-moderne\/","og_site_name":"Librairie 7L","article_modified_time":"2026-04-26T18:57:44+00:00","og_image":[{"width":400,"height":557,"url":"https:\/\/librairie7l.com\/wp-content\/uploads\/2021\/10\/9782732497471_1_75.jpg","type":"image\/jpeg"}],"twitter_card":"summary_large_image","twitter_misc":{"Est. reading time":"1 minute"},"schema":{"@context":"https:\/\/schema.org","@graph":[{"@type":"WebPage","@id":"https:\/\/librairie7l.com\/en\/produit\/libres-creatrices-elles-ont-invente-le-bijou-moderne\/","url":"https:\/\/librairie7l.com\/en\/produit\/libres-creatrices-elles-ont-invente-le-bijou-moderne\/","name":"LIBRES &amp; CR\u00c9ATRICES : ELLES ONT INVENT\u00c9 LE BIJOU MODERNE - Librairie 7L","isPartOf":{"@id":"https:\/\/librairie7l.com\/en\/#website"},"datePublished":"2023-05-09T15:43:51+00:00","dateModified":"2026-04-26T18:57:44+00:00","breadcrumb":{"@id":"https:\/\/librairie7l.com\/en\/produit\/libres-creatrices-elles-ont-invente-le-bijou-moderne\/#breadcrumb"},"inLanguage":"en-US","potentialAction":[{"@type":"ReadAction","target":["https:\/\/librairie7l.com\/en\/produit\/libres-creatrices-elles-ont-invente-le-bijou-moderne\/"]}]},{"@type":"BreadcrumbList","@id":"https:\/\/librairie7l.com\/en\/produit\/libres-creatrices-elles-ont-invente-le-bijou-moderne\/#breadcrumb","itemListElement":[{"@type":"ListItem","position":1,"name":"Accueil","item":"https:\/\/librairie7l.com\/en\/"},{"@type":"ListItem","position":2,"name":"Shop","item":"https:\/\/librairie7l.com\/en\/shop\/"},{"@type":"ListItem","position":3,"name":"LIBRES &AMP; CR\u00c9ATRICES : ELLES ONT INVENT\u00c9 LE BIJOU MODERNE"}]},{"@type":"WebSite","@id":"https:\/\/librairie7l.com\/en\/#website","url":"https:\/\/librairie7l.com\/en\/","name":"Librairie 7L","description":"Librairie fond\u00e9e en 1999 par Karl Lagerfeld \u00e0 Paris","publisher":{"@id":"https:\/\/librairie7l.com\/en\/#organization"},"potentialAction":[{"@type":"SearchAction","target":{"@type":"EntryPoint","urlTemplate":"https:\/\/librairie7l.com\/en\/?s={search_term_string}"},"query-input":"required name=search_term_string"}],"inLanguage":"en-US"},{"@type":"Organization","@id":"https:\/\/librairie7l.com\/en\/#organization","name":"Librairie 7L","url":"https:\/\/librairie7l.com\/en\/","logo":{"@type":"ImageObject","inLanguage":"en-US","@id":"https:\/\/librairie7l.com\/en\/#\/schema\/logo\/image\/","url":"https:\/\/librairie7l.com\/wp-content\/uploads\/2022\/08\/logo-1.png","contentUrl":"https:\/\/librairie7l.com\/wp-content\/uploads\/2022\/08\/logo-1.png","width":227,"height":301,"caption":"Librairie 7L"},"image":{"@id":"https:\/\/librairie7l.com\/en\/#\/schema\/logo\/image\/"}}]}},"_links":{"self":[{"href":"https:\/\/librairie7l.com\/en\/wp-json\/wp\/v2\/product\/18367"}],"collection":[{"href":"https:\/\/librairie7l.com\/en\/wp-json\/wp\/v2\/product"}],"about":[{"href":"https:\/\/librairie7l.com\/en\/wp-json\/wp\/v2\/types\/product"}],"wp:featuredmedia":[{"embeddable":true,"href":"https:\/\/librairie7l.com\/en\/wp-json\/wp\/v2\/media\/18365"}],"wp:attachment":[{"href":"https:\/\/librairie7l.com\/en\/wp-json\/wp\/v2\/media?parent=18367"}],"wp:term":[{"taxonomy":"product_cat","embeddable":true,"href":"https:\/\/librairie7l.com\/en\/wp-json\/wp\/v2\/product_cat?post=18367"},{"taxonomy":"product_tag","embeddable":true,"href":"https:\/\/librairie7l.com\/en\/wp-json\/wp\/v2\/product_tag?post=18367"}],"curies":[{"name":"wp","href":"https:\/\/api.w.org\/{rel}","templated":true}]}}