{"id":18379,"date":"2023-05-09T17:44:00","date_gmt":"2023-05-09T15:44:00","guid":{"rendered":"https:\/\/librairie7l.com\/?post_type=product&#038;p=18379"},"modified":"2026-04-17T03:58:38","modified_gmt":"2026-04-17T01:58:38","slug":"derriere-lobjet-lhumain-2","status":"publish","type":"product","link":"https:\/\/librairie7l.com\/en\/produit\/derriere-lobjet-lhumain-2\/","title":{"rendered":"DERRI\u00c8RE L&#8217;OBJET, L&#8217;HUMAIN"},"content":{"rendered":"<p>Chaque saison, Geste\/s vous propose une travers\u00e9e au long cours au coeur d&#8217;un univers d&#8217;expertise et de pr\u00e9cision, riche d&#8217;une longue histoire et d&#8217;une immense facult\u00e9 \u00e0 embrasser la modernit\u00e9 et l&#8217;innovation : celui des m\u00e9tiers d&#8217;art, des savoir-faire d&#8217;excellence et de leurs croisements avec la cr\u00e9ation contemporaine. Au fil de 200 pages superbement illustr\u00e9es, Geste\/s vous emm\u00e8ne \u00e0 la rencontre de ceux qui font, et de ce qui fait le geste, au coeur des ateliers, des manufactures et de la cr\u00e9ation. Un collector \u00e0 ne pas manquer.<\/p>\n","protected":false},"excerpt":{"rendered":"<p>Chaque saison, Geste\/s vous propose une travers\u00e9e au long cours au coeur d&#8217;un univers d&#8217;expertise et de pr\u00e9cision, riche d&#8217;une longue histoire et d&#8217;une immense facult\u00e9 \u00e0 embrasser la modernit\u00e9 et l&#8217;innovation : celui des m\u00e9tiers d&#8217;art, des savoir-faire d&#8217;excellence et de leurs croisements avec la cr\u00e9ation contemporaine. Au fil de 200 pages superbement illustr\u00e9es, [&hellip;]<\/p>\n","protected":false},"featured_media":18377,"template":"","meta":[],"product_cat":[2948,2952],"product_tag":[],"acf":[],"yoast_head":"<!-- This site is optimized with the Yoast SEO plugin v20.11 - https:\/\/yoast.com\/wordpress\/plugins\/seo\/ -->\n<title>DERRI\u00c8RE L&#039;OBJET, L&#039;HUMAIN - Librairie 7L<\/title>\n<meta name=\"robots\" content=\"index, follow, max-snippet:-1, max-image-preview:large, max-video-preview:-1\" \/>\n<link rel=\"canonical\" href=\"https:\/\/librairie7l.com\/en\/produit\/derriere-lobjet-lhumain-2\/\" \/>\n<meta property=\"og:locale\" content=\"en_US\" \/>\n<meta property=\"og:type\" content=\"article\" \/>\n<meta property=\"og:title\" content=\"DERRI\u00c8RE L&#039;OBJET, L&#039;HUMAIN - Librairie 7L\" \/>\n<meta property=\"og:description\" content=\"Chaque saison, Geste\/s vous propose une travers\u00e9e au long cours au coeur d&#8217;un univers d&#8217;expertise et de pr\u00e9cision, riche d&#8217;une longue histoire et d&#8217;une immense facult\u00e9 \u00e0 embrasser la modernit\u00e9 et l&#8217;innovation : celui des m\u00e9tiers d&#8217;art, des savoir-faire d&#8217;excellence et de leurs croisements avec la cr\u00e9ation contemporaine. Au fil de 200 pages superbement illustr\u00e9es, [&hellip;]\" \/>\n<meta property=\"og:url\" content=\"https:\/\/librairie7l.com\/en\/produit\/derriere-lobjet-lhumain-2\/\" \/>\n<meta property=\"og:site_name\" content=\"Librairie 7L\" \/>\n<meta property=\"article:modified_time\" content=\"2026-04-17T01:58:38+00:00\" \/>\n<meta property=\"og:image\" content=\"https:\/\/librairie7l.com\/wp-content\/uploads\/2022\/04\/9791020407450_1_75.jpg\" \/>\n\t<meta property=\"og:image:width\" content=\"600\" \/>\n\t<meta property=\"og:image:height\" content=\"730\" \/>\n\t<meta property=\"og:image:type\" content=\"image\/jpeg\" \/>\n<meta name=\"twitter:card\" content=\"summary_large_image\" \/>\n<script type=\"application\/ld+json\" class=\"yoast-schema-graph\">{\"@context\":\"https:\/\/schema.org\",\"@graph\":[{\"@type\":\"WebPage\",\"@id\":\"https:\/\/librairie7l.com\/en\/produit\/derriere-lobjet-lhumain-2\/\",\"url\":\"https:\/\/librairie7l.com\/en\/produit\/derriere-lobjet-lhumain-2\/\",\"name\":\"DERRI\u00c8RE L'OBJET, L'HUMAIN - Librairie 7L\",\"isPartOf\":{\"@id\":\"https:\/\/librairie7l.com\/en\/#website\"},\"datePublished\":\"2023-05-09T15:44:00+00:00\",\"dateModified\":\"2026-04-17T01:58:38+00:00\",\"breadcrumb\":{\"@id\":\"https:\/\/librairie7l.com\/en\/produit\/derriere-lobjet-lhumain-2\/#breadcrumb\"},\"inLanguage\":\"en-US\",\"potentialAction\":[{\"@type\":\"ReadAction\",\"target\":[\"https:\/\/librairie7l.com\/en\/produit\/derriere-lobjet-lhumain-2\/\"]}]},{\"@type\":\"BreadcrumbList\",\"@id\":\"https:\/\/librairie7l.com\/en\/produit\/derriere-lobjet-lhumain-2\/#breadcrumb\",\"itemListElement\":[{\"@type\":\"ListItem\",\"position\":1,\"name\":\"Accueil\",\"item\":\"https:\/\/librairie7l.com\/en\/\"},{\"@type\":\"ListItem\",\"position\":2,\"name\":\"Shop\",\"item\":\"https:\/\/librairie7l.com\/en\/shop\/\"},{\"@type\":\"ListItem\",\"position\":3,\"name\":\"DERRI\u00c8RE L&#8217;OBJET, L&#8217;HUMAIN\"}]},{\"@type\":\"WebSite\",\"@id\":\"https:\/\/librairie7l.com\/en\/#website\",\"url\":\"https:\/\/librairie7l.com\/en\/\",\"name\":\"Librairie 7L\",\"description\":\"Librairie fond\u00e9e en 1999 par Karl Lagerfeld \u00e0 Paris\",\"publisher\":{\"@id\":\"https:\/\/librairie7l.com\/en\/#organization\"},\"potentialAction\":[{\"@type\":\"SearchAction\",\"target\":{\"@type\":\"EntryPoint\",\"urlTemplate\":\"https:\/\/librairie7l.com\/en\/?s={search_term_string}\"},\"query-input\":\"required name=search_term_string\"}],\"inLanguage\":\"en-US\"},{\"@type\":\"Organization\",\"@id\":\"https:\/\/librairie7l.com\/en\/#organization\",\"name\":\"Librairie 7L\",\"url\":\"https:\/\/librairie7l.com\/en\/\",\"logo\":{\"@type\":\"ImageObject\",\"inLanguage\":\"en-US\",\"@id\":\"https:\/\/librairie7l.com\/en\/#\/schema\/logo\/image\/\",\"url\":\"https:\/\/librairie7l.com\/wp-content\/uploads\/2022\/08\/logo-1.png\",\"contentUrl\":\"https:\/\/librairie7l.com\/wp-content\/uploads\/2022\/08\/logo-1.png\",\"width\":227,\"height\":301,\"caption\":\"Librairie 7L\"},\"image\":{\"@id\":\"https:\/\/librairie7l.com\/en\/#\/schema\/logo\/image\/\"}}]}<\/script>\n<!-- \/ Yoast SEO plugin. -->","yoast_head_json":{"title":"DERRI\u00c8RE L'OBJET, L'HUMAIN - Librairie 7L","robots":{"index":"index","follow":"follow","max-snippet":"max-snippet:-1","max-image-preview":"max-image-preview:large","max-video-preview":"max-video-preview:-1"},"canonical":"https:\/\/librairie7l.com\/en\/produit\/derriere-lobjet-lhumain-2\/","og_locale":"en_US","og_type":"article","og_title":"DERRI\u00c8RE L'OBJET, L'HUMAIN - Librairie 7L","og_description":"Chaque saison, Geste\/s vous propose une travers\u00e9e au long cours au coeur d&#8217;un univers d&#8217;expertise et de pr\u00e9cision, riche d&#8217;une longue histoire et d&#8217;une immense facult\u00e9 \u00e0 embrasser la modernit\u00e9 et l&#8217;innovation : celui des m\u00e9tiers d&#8217;art, des savoir-faire d&#8217;excellence et de leurs croisements avec la cr\u00e9ation contemporaine. Au fil de 200 pages superbement illustr\u00e9es, [&hellip;]","og_url":"https:\/\/librairie7l.com\/en\/produit\/derriere-lobjet-lhumain-2\/","og_site_name":"Librairie 7L","article_modified_time":"2026-04-17T01:58:38+00:00","og_image":[{"width":600,"height":730,"url":"https:\/\/librairie7l.com\/wp-content\/uploads\/2022\/04\/9791020407450_1_75.jpg","type":"image\/jpeg"}],"twitter_card":"summary_large_image","schema":{"@context":"https:\/\/schema.org","@graph":[{"@type":"WebPage","@id":"https:\/\/librairie7l.com\/en\/produit\/derriere-lobjet-lhumain-2\/","url":"https:\/\/librairie7l.com\/en\/produit\/derriere-lobjet-lhumain-2\/","name":"DERRI\u00c8RE L'OBJET, L'HUMAIN - Librairie 7L","isPartOf":{"@id":"https:\/\/librairie7l.com\/en\/#website"},"datePublished":"2023-05-09T15:44:00+00:00","dateModified":"2026-04-17T01:58:38+00:00","breadcrumb":{"@id":"https:\/\/librairie7l.com\/en\/produit\/derriere-lobjet-lhumain-2\/#breadcrumb"},"inLanguage":"en-US","potentialAction":[{"@type":"ReadAction","target":["https:\/\/librairie7l.com\/en\/produit\/derriere-lobjet-lhumain-2\/"]}]},{"@type":"BreadcrumbList","@id":"https:\/\/librairie7l.com\/en\/produit\/derriere-lobjet-lhumain-2\/#breadcrumb","itemListElement":[{"@type":"ListItem","position":1,"name":"Accueil","item":"https:\/\/librairie7l.com\/en\/"},{"@type":"ListItem","position":2,"name":"Shop","item":"https:\/\/librairie7l.com\/en\/shop\/"},{"@type":"ListItem","position":3,"name":"DERRI\u00c8RE L&#8217;OBJET, L&#8217;HUMAIN"}]},{"@type":"WebSite","@id":"https:\/\/librairie7l.com\/en\/#website","url":"https:\/\/librairie7l.com\/en\/","name":"Librairie 7L","description":"Librairie fond\u00e9e en 1999 par Karl Lagerfeld \u00e0 Paris","publisher":{"@id":"https:\/\/librairie7l.com\/en\/#organization"},"potentialAction":[{"@type":"SearchAction","target":{"@type":"EntryPoint","urlTemplate":"https:\/\/librairie7l.com\/en\/?s={search_term_string}"},"query-input":"required name=search_term_string"}],"inLanguage":"en-US"},{"@type":"Organization","@id":"https:\/\/librairie7l.com\/en\/#organization","name":"Librairie 7L","url":"https:\/\/librairie7l.com\/en\/","logo":{"@type":"ImageObject","inLanguage":"en-US","@id":"https:\/\/librairie7l.com\/en\/#\/schema\/logo\/image\/","url":"https:\/\/librairie7l.com\/wp-content\/uploads\/2022\/08\/logo-1.png","contentUrl":"https:\/\/librairie7l.com\/wp-content\/uploads\/2022\/08\/logo-1.png","width":227,"height":301,"caption":"Librairie 7L"},"image":{"@id":"https:\/\/librairie7l.com\/en\/#\/schema\/logo\/image\/"}}]}},"_links":{"self":[{"href":"https:\/\/librairie7l.com\/en\/wp-json\/wp\/v2\/product\/18379"}],"collection":[{"href":"https:\/\/librairie7l.com\/en\/wp-json\/wp\/v2\/product"}],"about":[{"href":"https:\/\/librairie7l.com\/en\/wp-json\/wp\/v2\/types\/product"}],"wp:featuredmedia":[{"embeddable":true,"href":"https:\/\/librairie7l.com\/en\/wp-json\/wp\/v2\/media\/18377"}],"wp:attachment":[{"href":"https:\/\/librairie7l.com\/en\/wp-json\/wp\/v2\/media?parent=18379"}],"wp:term":[{"taxonomy":"product_cat","embeddable":true,"href":"https:\/\/librairie7l.com\/en\/wp-json\/wp\/v2\/product_cat?post=18379"},{"taxonomy":"product_tag","embeddable":true,"href":"https:\/\/librairie7l.com\/en\/wp-json\/wp\/v2\/product_tag?post=18379"}],"curies":[{"name":"wp","href":"https:\/\/api.w.org\/{rel}","templated":true}]}}