{"id":18419,"date":"2023-05-09T17:44:35","date_gmt":"2023-05-09T15:44:35","guid":{"rendered":"https:\/\/librairie7l.com\/?post_type=product&#038;p=18419"},"modified":"2026-04-16T06:14:48","modified_gmt":"2026-04-16T04:14:48","slug":"simone-pheulpin-2","status":"publish","type":"product","link":"https:\/\/librairie7l.com\/en\/produit\/simone-pheulpin-2\/","title":{"rendered":"SIMONE PHEULPIN"},"content":{"rendered":"<p>Le mat\u00e9riau qu&#8217;utilise Simone Pheulpin est des plus simples : des bandes d&#8217;un coton brut traditionnel des Vosges. La mati\u00e8re est rendue m\u00e9connaissable par son fa\u00e7onnage en un empilement r\u00e9gulier et dense de plis tr\u00e8s fins maintenus sur l&#8217;int\u00e9rieur par une multiplicit\u00e9 d&#8217;\u00e9pingles \u00e0 l&#8217;exclusion de tout autre proc\u00e9d\u00e9. L&#8217;\u00e9tranget\u00e9 des ouvrages ainsi obtenus est troublante : c&#8217;est de la pierre que l&#8217;on croit voir. Les oeuvres de Simone Pheulpin sont conserv\u00e9es notamment au mus\u00e9e des Arts d\u00e9coratifs de Paris, \u00e0 l&#8217;Art institute de Chicago et au Victoria and Albert Museum de Londres. Demander au romancier Christophe Pradeau d&#8217;\u00e9crire sur l&#8217;art de Simone Pheulpin \u00e9tait d&#8217;autant plus l\u00e9gitime que son texte \u00e0 la fois pr\u00e9cis et tr\u00e8s po\u00e9tique restitue souligne l&#8217;originalit\u00e9 des cr\u00e9ations de l&#8217;artiste.<\/p>\n","protected":false},"excerpt":{"rendered":"<p>Le mat\u00e9riau qu&#8217;utilise Simone Pheulpin est des plus simples : des bandes d&#8217;un coton brut traditionnel des Vosges. La mati\u00e8re est rendue m\u00e9connaissable par son fa\u00e7onnage en un empilement r\u00e9gulier et dense de plis tr\u00e8s fins maintenus sur l&#8217;int\u00e9rieur par une multiplicit\u00e9 d&#8217;\u00e9pingles \u00e0 l&#8217;exclusion de tout autre proc\u00e9d\u00e9. L&#8217;\u00e9tranget\u00e9 des ouvrages ainsi obtenus est [&hellip;]<\/p>\n","protected":false},"featured_media":18417,"template":"","meta":[],"product_cat":[2948,2953],"product_tag":[],"acf":[],"yoast_head":"<!-- This site is optimized with the Yoast SEO plugin v20.11 - https:\/\/yoast.com\/wordpress\/plugins\/seo\/ -->\n<title>SIMONE PHEULPIN - Librairie 7L<\/title>\n<meta name=\"robots\" content=\"index, follow, max-snippet:-1, max-image-preview:large, max-video-preview:-1\" \/>\n<link rel=\"canonical\" href=\"https:\/\/librairie7l.com\/en\/produit\/simone-pheulpin-2\/\" \/>\n<meta property=\"og:locale\" content=\"en_US\" \/>\n<meta property=\"og:type\" content=\"article\" \/>\n<meta property=\"og:title\" content=\"SIMONE PHEULPIN - Librairie 7L\" \/>\n<meta property=\"og:description\" content=\"Le mat\u00e9riau qu&#8217;utilise Simone Pheulpin est des plus simples : des bandes d&#8217;un coton brut traditionnel des Vosges. La mati\u00e8re est rendue m\u00e9connaissable par son fa\u00e7onnage en un empilement r\u00e9gulier et dense de plis tr\u00e8s fins maintenus sur l&#8217;int\u00e9rieur par une multiplicit\u00e9 d&#8217;\u00e9pingles \u00e0 l&#8217;exclusion de tout autre proc\u00e9d\u00e9. L&#8217;\u00e9tranget\u00e9 des ouvrages ainsi obtenus est [&hellip;]\" \/>\n<meta property=\"og:url\" content=\"https:\/\/librairie7l.com\/en\/produit\/simone-pheulpin-2\/\" \/>\n<meta property=\"og:site_name\" content=\"Librairie 7L\" \/>\n<meta property=\"article:modified_time\" content=\"2026-04-16T04:14:48+00:00\" \/>\n<meta property=\"og:image\" content=\"https:\/\/librairie7l.com\/wp-content\/uploads\/2022\/01\/9782702211267_1_75.jpg\" \/>\n\t<meta property=\"og:image:width\" content=\"400\" \/>\n\t<meta property=\"og:image:height\" content=\"511\" \/>\n\t<meta property=\"og:image:type\" content=\"image\/jpeg\" \/>\n<meta name=\"twitter:card\" content=\"summary_large_image\" \/>\n<meta name=\"twitter:label1\" content=\"Est. reading time\" \/>\n\t<meta name=\"twitter:data1\" content=\"1 minute\" \/>\n<script type=\"application\/ld+json\" class=\"yoast-schema-graph\">{\"@context\":\"https:\/\/schema.org\",\"@graph\":[{\"@type\":\"WebPage\",\"@id\":\"https:\/\/librairie7l.com\/en\/produit\/simone-pheulpin-2\/\",\"url\":\"https:\/\/librairie7l.com\/en\/produit\/simone-pheulpin-2\/\",\"name\":\"SIMONE PHEULPIN - Librairie 7L\",\"isPartOf\":{\"@id\":\"https:\/\/librairie7l.com\/en\/#website\"},\"datePublished\":\"2023-05-09T15:44:35+00:00\",\"dateModified\":\"2026-04-16T04:14:48+00:00\",\"breadcrumb\":{\"@id\":\"https:\/\/librairie7l.com\/en\/produit\/simone-pheulpin-2\/#breadcrumb\"},\"inLanguage\":\"en-US\",\"potentialAction\":[{\"@type\":\"ReadAction\",\"target\":[\"https:\/\/librairie7l.com\/en\/produit\/simone-pheulpin-2\/\"]}]},{\"@type\":\"BreadcrumbList\",\"@id\":\"https:\/\/librairie7l.com\/en\/produit\/simone-pheulpin-2\/#breadcrumb\",\"itemListElement\":[{\"@type\":\"ListItem\",\"position\":1,\"name\":\"Accueil\",\"item\":\"https:\/\/librairie7l.com\/en\/\"},{\"@type\":\"ListItem\",\"position\":2,\"name\":\"Shop\",\"item\":\"https:\/\/librairie7l.com\/en\/shop\/\"},{\"@type\":\"ListItem\",\"position\":3,\"name\":\"SIMONE PHEULPIN\"}]},{\"@type\":\"WebSite\",\"@id\":\"https:\/\/librairie7l.com\/en\/#website\",\"url\":\"https:\/\/librairie7l.com\/en\/\",\"name\":\"Librairie 7L\",\"description\":\"Librairie fond\u00e9e en 1999 par Karl Lagerfeld \u00e0 Paris\",\"publisher\":{\"@id\":\"https:\/\/librairie7l.com\/en\/#organization\"},\"potentialAction\":[{\"@type\":\"SearchAction\",\"target\":{\"@type\":\"EntryPoint\",\"urlTemplate\":\"https:\/\/librairie7l.com\/en\/?s={search_term_string}\"},\"query-input\":\"required name=search_term_string\"}],\"inLanguage\":\"en-US\"},{\"@type\":\"Organization\",\"@id\":\"https:\/\/librairie7l.com\/en\/#organization\",\"name\":\"Librairie 7L\",\"url\":\"https:\/\/librairie7l.com\/en\/\",\"logo\":{\"@type\":\"ImageObject\",\"inLanguage\":\"en-US\",\"@id\":\"https:\/\/librairie7l.com\/en\/#\/schema\/logo\/image\/\",\"url\":\"https:\/\/librairie7l.com\/wp-content\/uploads\/2022\/08\/logo-1.png\",\"contentUrl\":\"https:\/\/librairie7l.com\/wp-content\/uploads\/2022\/08\/logo-1.png\",\"width\":227,\"height\":301,\"caption\":\"Librairie 7L\"},\"image\":{\"@id\":\"https:\/\/librairie7l.com\/en\/#\/schema\/logo\/image\/\"}}]}<\/script>\n<!-- \/ Yoast SEO plugin. -->","yoast_head_json":{"title":"SIMONE PHEULPIN - Librairie 7L","robots":{"index":"index","follow":"follow","max-snippet":"max-snippet:-1","max-image-preview":"max-image-preview:large","max-video-preview":"max-video-preview:-1"},"canonical":"https:\/\/librairie7l.com\/en\/produit\/simone-pheulpin-2\/","og_locale":"en_US","og_type":"article","og_title":"SIMONE PHEULPIN - Librairie 7L","og_description":"Le mat\u00e9riau qu&#8217;utilise Simone Pheulpin est des plus simples : des bandes d&#8217;un coton brut traditionnel des Vosges. La mati\u00e8re est rendue m\u00e9connaissable par son fa\u00e7onnage en un empilement r\u00e9gulier et dense de plis tr\u00e8s fins maintenus sur l&#8217;int\u00e9rieur par une multiplicit\u00e9 d&#8217;\u00e9pingles \u00e0 l&#8217;exclusion de tout autre proc\u00e9d\u00e9. L&#8217;\u00e9tranget\u00e9 des ouvrages ainsi obtenus est [&hellip;]","og_url":"https:\/\/librairie7l.com\/en\/produit\/simone-pheulpin-2\/","og_site_name":"Librairie 7L","article_modified_time":"2026-04-16T04:14:48+00:00","og_image":[{"width":400,"height":511,"url":"https:\/\/librairie7l.com\/wp-content\/uploads\/2022\/01\/9782702211267_1_75.jpg","type":"image\/jpeg"}],"twitter_card":"summary_large_image","twitter_misc":{"Est. reading time":"1 minute"},"schema":{"@context":"https:\/\/schema.org","@graph":[{"@type":"WebPage","@id":"https:\/\/librairie7l.com\/en\/produit\/simone-pheulpin-2\/","url":"https:\/\/librairie7l.com\/en\/produit\/simone-pheulpin-2\/","name":"SIMONE PHEULPIN - Librairie 7L","isPartOf":{"@id":"https:\/\/librairie7l.com\/en\/#website"},"datePublished":"2023-05-09T15:44:35+00:00","dateModified":"2026-04-16T04:14:48+00:00","breadcrumb":{"@id":"https:\/\/librairie7l.com\/en\/produit\/simone-pheulpin-2\/#breadcrumb"},"inLanguage":"en-US","potentialAction":[{"@type":"ReadAction","target":["https:\/\/librairie7l.com\/en\/produit\/simone-pheulpin-2\/"]}]},{"@type":"BreadcrumbList","@id":"https:\/\/librairie7l.com\/en\/produit\/simone-pheulpin-2\/#breadcrumb","itemListElement":[{"@type":"ListItem","position":1,"name":"Accueil","item":"https:\/\/librairie7l.com\/en\/"},{"@type":"ListItem","position":2,"name":"Shop","item":"https:\/\/librairie7l.com\/en\/shop\/"},{"@type":"ListItem","position":3,"name":"SIMONE PHEULPIN"}]},{"@type":"WebSite","@id":"https:\/\/librairie7l.com\/en\/#website","url":"https:\/\/librairie7l.com\/en\/","name":"Librairie 7L","description":"Librairie fond\u00e9e en 1999 par Karl Lagerfeld \u00e0 Paris","publisher":{"@id":"https:\/\/librairie7l.com\/en\/#organization"},"potentialAction":[{"@type":"SearchAction","target":{"@type":"EntryPoint","urlTemplate":"https:\/\/librairie7l.com\/en\/?s={search_term_string}"},"query-input":"required name=search_term_string"}],"inLanguage":"en-US"},{"@type":"Organization","@id":"https:\/\/librairie7l.com\/en\/#organization","name":"Librairie 7L","url":"https:\/\/librairie7l.com\/en\/","logo":{"@type":"ImageObject","inLanguage":"en-US","@id":"https:\/\/librairie7l.com\/en\/#\/schema\/logo\/image\/","url":"https:\/\/librairie7l.com\/wp-content\/uploads\/2022\/08\/logo-1.png","contentUrl":"https:\/\/librairie7l.com\/wp-content\/uploads\/2022\/08\/logo-1.png","width":227,"height":301,"caption":"Librairie 7L"},"image":{"@id":"https:\/\/librairie7l.com\/en\/#\/schema\/logo\/image\/"}}]}},"_links":{"self":[{"href":"https:\/\/librairie7l.com\/en\/wp-json\/wp\/v2\/product\/18419"}],"collection":[{"href":"https:\/\/librairie7l.com\/en\/wp-json\/wp\/v2\/product"}],"about":[{"href":"https:\/\/librairie7l.com\/en\/wp-json\/wp\/v2\/types\/product"}],"wp:featuredmedia":[{"embeddable":true,"href":"https:\/\/librairie7l.com\/en\/wp-json\/wp\/v2\/media\/18417"}],"wp:attachment":[{"href":"https:\/\/librairie7l.com\/en\/wp-json\/wp\/v2\/media?parent=18419"}],"wp:term":[{"taxonomy":"product_cat","embeddable":true,"href":"https:\/\/librairie7l.com\/en\/wp-json\/wp\/v2\/product_cat?post=18419"},{"taxonomy":"product_tag","embeddable":true,"href":"https:\/\/librairie7l.com\/en\/wp-json\/wp\/v2\/product_tag?post=18419"}],"curies":[{"name":"wp","href":"https:\/\/api.w.org\/{rel}","templated":true}]}}