{"id":18427,"date":"2023-05-09T17:44:41","date_gmt":"2023-05-09T15:44:41","guid":{"rendered":"https:\/\/librairie7l.com\/?post_type=product&#038;p=18427"},"modified":"2026-04-16T19:06:32","modified_gmt":"2026-04-16T17:06:32","slug":"andree-putman-la-diva-du-design","status":"publish","type":"product","link":"https:\/\/librairie7l.com\/en\/produit\/andree-putman-la-diva-du-design\/","title":{"rendered":"ANDR\u00c9E PUTMAN ; LA DIVA DU DESIGN"},"content":{"rendered":"<p>Andr\u00e9e Putman (1925-2013) s&#8217;impose d\u00e8s la fin des ann\u00e9es 1970 comme l&#8217;ordonnatrice hors pair des int\u00e9rieurs, la f\u00e9e des logis chics.<br \/>\nConsacr\u00e9e \u00ab grande pr\u00eatresse de la d\u00e9coration \u00bb, elle \u00e9rige sa silhouette hi\u00e9ratique en image de marque d&#8217;un m\u00e9tier, architecte d&#8217;int\u00e9rieur, qu&#8217;elle s&#8217;invente \u00e0 53 ans. On vante la folle allure de sa m\u00e8che crant\u00e9e et de ses tailleurs cintr\u00e9s autant que son apologie du noir, du blanc, des beiges et des gris, de l&#8217;\u00e9pure domestique et des lignes sobres d&#8217;un mobilier Art d\u00e9co revisit\u00e9. Connue dans le monde entier, elle est l&#8217;incarnation d&#8217;un minimalisme \u00e9l\u00e9gant, \u00e0 la fran\u00e7aise.<br \/>\nMais qui \u00e9tait vraiment cette grande bourgeoise piqu\u00e9e de r\u00e9bellion, ex-jeune fille mutique mu\u00e9e en night-clubbeuse senior, musicienne d\u00e9froqu\u00e9e intronis\u00e9e \u00ab Coco Chanel du design \u00bb ?<br \/>\n\u00c0 la lumi\u00e8re de minutieuses recherches et de nombreux t\u00e9moignages, cette premi\u00e8re biographie d&#8217;Andr\u00e9e Putman r\u00e9vise l&#8217;histoire officielle d&#8217;une styliste de sa propre vie. Elle donne chair \u00e0 une ic\u00f4ne.<\/p>\n","protected":false},"excerpt":{"rendered":"<p>Andr\u00e9e Putman (1925-2013) s&#8217;impose d\u00e8s la fin des ann\u00e9es 1970 comme l&#8217;ordonnatrice hors pair des int\u00e9rieurs, la f\u00e9e des logis chics. Consacr\u00e9e \u00ab grande pr\u00eatresse de la d\u00e9coration \u00bb, elle \u00e9rige sa silhouette hi\u00e9ratique en image de marque d&#8217;un m\u00e9tier, architecte d&#8217;int\u00e9rieur, qu&#8217;elle s&#8217;invente \u00e0 53 ans. On vante la folle allure de sa m\u00e8che [&hellip;]<\/p>\n","protected":false},"featured_media":18425,"template":"","meta":[],"product_cat":[2948,2952],"product_tag":[],"acf":[],"yoast_head":"<!-- This site is optimized with the Yoast SEO plugin v20.11 - https:\/\/yoast.com\/wordpress\/plugins\/seo\/ -->\n<title>ANDR\u00c9E PUTMAN ; LA DIVA DU DESIGN - Librairie 7L<\/title>\n<meta name=\"robots\" content=\"index, follow, max-snippet:-1, max-image-preview:large, max-video-preview:-1\" \/>\n<link rel=\"canonical\" href=\"https:\/\/librairie7l.com\/en\/produit\/andree-putman-la-diva-du-design\/\" \/>\n<meta property=\"og:locale\" content=\"en_US\" \/>\n<meta property=\"og:type\" content=\"article\" \/>\n<meta property=\"og:title\" content=\"ANDR\u00c9E PUTMAN ; LA DIVA DU DESIGN - Librairie 7L\" \/>\n<meta property=\"og:description\" content=\"Andr\u00e9e Putman (1925-2013) s&#8217;impose d\u00e8s la fin des ann\u00e9es 1970 comme l&#8217;ordonnatrice hors pair des int\u00e9rieurs, la f\u00e9e des logis chics. Consacr\u00e9e \u00ab grande pr\u00eatresse de la d\u00e9coration \u00bb, elle \u00e9rige sa silhouette hi\u00e9ratique en image de marque d&#8217;un m\u00e9tier, architecte d&#8217;int\u00e9rieur, qu&#8217;elle s&#8217;invente \u00e0 53 ans. On vante la folle allure de sa m\u00e8che [&hellip;]\" \/>\n<meta property=\"og:url\" content=\"https:\/\/librairie7l.com\/en\/produit\/andree-putman-la-diva-du-design\/\" \/>\n<meta property=\"og:site_name\" content=\"Librairie 7L\" \/>\n<meta property=\"article:modified_time\" content=\"2026-04-16T17:06:32+00:00\" \/>\n<meta property=\"og:image\" content=\"https:\/\/librairie7l.com\/wp-content\/uploads\/2020\/03\/9791021031838_1_75.jpg\" \/>\n\t<meta property=\"og:image:width\" content=\"205\" \/>\n\t<meta property=\"og:image:height\" content=\"300\" \/>\n\t<meta property=\"og:image:type\" content=\"image\/jpeg\" \/>\n<meta name=\"twitter:card\" content=\"summary_large_image\" \/>\n<meta name=\"twitter:label1\" content=\"Est. reading time\" \/>\n\t<meta name=\"twitter:data1\" content=\"1 minute\" \/>\n<script type=\"application\/ld+json\" class=\"yoast-schema-graph\">{\"@context\":\"https:\/\/schema.org\",\"@graph\":[{\"@type\":\"WebPage\",\"@id\":\"https:\/\/librairie7l.com\/en\/produit\/andree-putman-la-diva-du-design\/\",\"url\":\"https:\/\/librairie7l.com\/en\/produit\/andree-putman-la-diva-du-design\/\",\"name\":\"ANDR\u00c9E PUTMAN ; LA DIVA DU DESIGN - Librairie 7L\",\"isPartOf\":{\"@id\":\"https:\/\/librairie7l.com\/en\/#website\"},\"datePublished\":\"2023-05-09T15:44:41+00:00\",\"dateModified\":\"2026-04-16T17:06:32+00:00\",\"breadcrumb\":{\"@id\":\"https:\/\/librairie7l.com\/en\/produit\/andree-putman-la-diva-du-design\/#breadcrumb\"},\"inLanguage\":\"en-US\",\"potentialAction\":[{\"@type\":\"ReadAction\",\"target\":[\"https:\/\/librairie7l.com\/en\/produit\/andree-putman-la-diva-du-design\/\"]}]},{\"@type\":\"BreadcrumbList\",\"@id\":\"https:\/\/librairie7l.com\/en\/produit\/andree-putman-la-diva-du-design\/#breadcrumb\",\"itemListElement\":[{\"@type\":\"ListItem\",\"position\":1,\"name\":\"Accueil\",\"item\":\"https:\/\/librairie7l.com\/en\/\"},{\"@type\":\"ListItem\",\"position\":2,\"name\":\"Shop\",\"item\":\"https:\/\/librairie7l.com\/en\/shop\/\"},{\"@type\":\"ListItem\",\"position\":3,\"name\":\"ANDR\u00c9E PUTMAN ; LA DIVA DU DESIGN\"}]},{\"@type\":\"WebSite\",\"@id\":\"https:\/\/librairie7l.com\/en\/#website\",\"url\":\"https:\/\/librairie7l.com\/en\/\",\"name\":\"Librairie 7L\",\"description\":\"Librairie fond\u00e9e en 1999 par Karl Lagerfeld \u00e0 Paris\",\"publisher\":{\"@id\":\"https:\/\/librairie7l.com\/en\/#organization\"},\"potentialAction\":[{\"@type\":\"SearchAction\",\"target\":{\"@type\":\"EntryPoint\",\"urlTemplate\":\"https:\/\/librairie7l.com\/en\/?s={search_term_string}\"},\"query-input\":\"required name=search_term_string\"}],\"inLanguage\":\"en-US\"},{\"@type\":\"Organization\",\"@id\":\"https:\/\/librairie7l.com\/en\/#organization\",\"name\":\"Librairie 7L\",\"url\":\"https:\/\/librairie7l.com\/en\/\",\"logo\":{\"@type\":\"ImageObject\",\"inLanguage\":\"en-US\",\"@id\":\"https:\/\/librairie7l.com\/en\/#\/schema\/logo\/image\/\",\"url\":\"https:\/\/librairie7l.com\/wp-content\/uploads\/2022\/08\/logo-1.png\",\"contentUrl\":\"https:\/\/librairie7l.com\/wp-content\/uploads\/2022\/08\/logo-1.png\",\"width\":227,\"height\":301,\"caption\":\"Librairie 7L\"},\"image\":{\"@id\":\"https:\/\/librairie7l.com\/en\/#\/schema\/logo\/image\/\"}}]}<\/script>\n<!-- \/ Yoast SEO plugin. -->","yoast_head_json":{"title":"ANDR\u00c9E PUTMAN ; LA DIVA DU DESIGN - Librairie 7L","robots":{"index":"index","follow":"follow","max-snippet":"max-snippet:-1","max-image-preview":"max-image-preview:large","max-video-preview":"max-video-preview:-1"},"canonical":"https:\/\/librairie7l.com\/en\/produit\/andree-putman-la-diva-du-design\/","og_locale":"en_US","og_type":"article","og_title":"ANDR\u00c9E PUTMAN ; LA DIVA DU DESIGN - Librairie 7L","og_description":"Andr\u00e9e Putman (1925-2013) s&#8217;impose d\u00e8s la fin des ann\u00e9es 1970 comme l&#8217;ordonnatrice hors pair des int\u00e9rieurs, la f\u00e9e des logis chics. Consacr\u00e9e \u00ab grande pr\u00eatresse de la d\u00e9coration \u00bb, elle \u00e9rige sa silhouette hi\u00e9ratique en image de marque d&#8217;un m\u00e9tier, architecte d&#8217;int\u00e9rieur, qu&#8217;elle s&#8217;invente \u00e0 53 ans. On vante la folle allure de sa m\u00e8che [&hellip;]","og_url":"https:\/\/librairie7l.com\/en\/produit\/andree-putman-la-diva-du-design\/","og_site_name":"Librairie 7L","article_modified_time":"2026-04-16T17:06:32+00:00","og_image":[{"width":205,"height":300,"url":"https:\/\/librairie7l.com\/wp-content\/uploads\/2020\/03\/9791021031838_1_75.jpg","type":"image\/jpeg"}],"twitter_card":"summary_large_image","twitter_misc":{"Est. reading time":"1 minute"},"schema":{"@context":"https:\/\/schema.org","@graph":[{"@type":"WebPage","@id":"https:\/\/librairie7l.com\/en\/produit\/andree-putman-la-diva-du-design\/","url":"https:\/\/librairie7l.com\/en\/produit\/andree-putman-la-diva-du-design\/","name":"ANDR\u00c9E PUTMAN ; LA DIVA DU DESIGN - Librairie 7L","isPartOf":{"@id":"https:\/\/librairie7l.com\/en\/#website"},"datePublished":"2023-05-09T15:44:41+00:00","dateModified":"2026-04-16T17:06:32+00:00","breadcrumb":{"@id":"https:\/\/librairie7l.com\/en\/produit\/andree-putman-la-diva-du-design\/#breadcrumb"},"inLanguage":"en-US","potentialAction":[{"@type":"ReadAction","target":["https:\/\/librairie7l.com\/en\/produit\/andree-putman-la-diva-du-design\/"]}]},{"@type":"BreadcrumbList","@id":"https:\/\/librairie7l.com\/en\/produit\/andree-putman-la-diva-du-design\/#breadcrumb","itemListElement":[{"@type":"ListItem","position":1,"name":"Accueil","item":"https:\/\/librairie7l.com\/en\/"},{"@type":"ListItem","position":2,"name":"Shop","item":"https:\/\/librairie7l.com\/en\/shop\/"},{"@type":"ListItem","position":3,"name":"ANDR\u00c9E PUTMAN ; LA DIVA DU DESIGN"}]},{"@type":"WebSite","@id":"https:\/\/librairie7l.com\/en\/#website","url":"https:\/\/librairie7l.com\/en\/","name":"Librairie 7L","description":"Librairie fond\u00e9e en 1999 par Karl Lagerfeld \u00e0 Paris","publisher":{"@id":"https:\/\/librairie7l.com\/en\/#organization"},"potentialAction":[{"@type":"SearchAction","target":{"@type":"EntryPoint","urlTemplate":"https:\/\/librairie7l.com\/en\/?s={search_term_string}"},"query-input":"required name=search_term_string"}],"inLanguage":"en-US"},{"@type":"Organization","@id":"https:\/\/librairie7l.com\/en\/#organization","name":"Librairie 7L","url":"https:\/\/librairie7l.com\/en\/","logo":{"@type":"ImageObject","inLanguage":"en-US","@id":"https:\/\/librairie7l.com\/en\/#\/schema\/logo\/image\/","url":"https:\/\/librairie7l.com\/wp-content\/uploads\/2022\/08\/logo-1.png","contentUrl":"https:\/\/librairie7l.com\/wp-content\/uploads\/2022\/08\/logo-1.png","width":227,"height":301,"caption":"Librairie 7L"},"image":{"@id":"https:\/\/librairie7l.com\/en\/#\/schema\/logo\/image\/"}}]}},"_links":{"self":[{"href":"https:\/\/librairie7l.com\/en\/wp-json\/wp\/v2\/product\/18427"}],"collection":[{"href":"https:\/\/librairie7l.com\/en\/wp-json\/wp\/v2\/product"}],"about":[{"href":"https:\/\/librairie7l.com\/en\/wp-json\/wp\/v2\/types\/product"}],"wp:featuredmedia":[{"embeddable":true,"href":"https:\/\/librairie7l.com\/en\/wp-json\/wp\/v2\/media\/18425"}],"wp:attachment":[{"href":"https:\/\/librairie7l.com\/en\/wp-json\/wp\/v2\/media?parent=18427"}],"wp:term":[{"taxonomy":"product_cat","embeddable":true,"href":"https:\/\/librairie7l.com\/en\/wp-json\/wp\/v2\/product_cat?post=18427"},{"taxonomy":"product_tag","embeddable":true,"href":"https:\/\/librairie7l.com\/en\/wp-json\/wp\/v2\/product_tag?post=18427"}],"curies":[{"name":"wp","href":"https:\/\/api.w.org\/{rel}","templated":true}]}}