{"id":18431,"date":"2023-05-09T17:44:44","date_gmt":"2023-05-09T15:44:44","guid":{"rendered":"https:\/\/librairie7l.com\/?post_type=product&#038;p=18431"},"modified":"2026-04-30T13:59:10","modified_gmt":"2026-04-30T11:59:10","slug":"pol-bury-livres-et-ecrits","status":"publish","type":"product","link":"https:\/\/librairie7l.com\/en\/produit\/pol-bury-livres-et-ecrits\/","title":{"rendered":"POL BURY, LIVRES ET \u00c9CRITS"},"content":{"rendered":"<p>Le propos de ce livre est de comprendre comment l&#8217;\u00e9criture de Pol Bury s&#8217;articule avec sa pratique artistique. Pol Bury ne m\u00e9lange pas les activit\u00e9s plastique et litt\u00e9raire. Pour lui, une sculpture est une sculpture, et un livre un livre. Dans son cas, l&#8217;\u00e9criture proc\u00e8de directement de la pratique de son art, qu&#8217;il traduit et transpose non pas litt\u00e9ralement, mais lat\u00e9ralement, par une invention constante dans la forme et le contenu de ses textes. Entre le caract\u00e8re po\u00e9tique de ses r\u00e9alisations plastiques et la mani\u00e8re d\u00e9cal\u00e9e dont il en use avec toutes les composantes du livre, s&#8217;instaure une circulation qui ne cesse de se renouveler. Pour le dire autrement: Pol Bury oeuvre en po\u00e8te et \u00e9crit en artiste. \u00abCette pens\u00e9e qu&#8217;il exerce comme une pratique intime, silencieuse, persistante, quotidienne, ne cesse de solliciter l&#8217;intelligence du lecteur avec laquelle elle entre en dialogue. En un mot, jamais l&#8217;on ne s&#8217;ennuie: Pol Bury a une plume f\u00e9roce, dr\u00f4le, pr\u00e9cise et d\u00e9concertante. M\u00e9ditative et philosophique. D\u00e9sinvolte et travaill\u00e9e. \u00c9trange, d\u00e9cal\u00e9e, d\u00e9viante, inattendue, originale.\u00bb (Fr\u00e9d\u00e9rique Martin-Scherrer).<\/p>\n","protected":false},"excerpt":{"rendered":"<p>Le propos de ce livre est de comprendre comment l&#8217;\u00e9criture de Pol Bury s&#8217;articule avec sa pratique artistique. Pol Bury ne m\u00e9lange pas les activit\u00e9s plastique et litt\u00e9raire. Pour lui, une sculpture est une sculpture, et un livre un livre. Dans son cas, l&#8217;\u00e9criture proc\u00e8de directement de la pratique de son art, qu&#8217;il traduit et [&hellip;]<\/p>\n","protected":false},"featured_media":18429,"template":"","meta":[],"product_cat":[2948,2953],"product_tag":[],"acf":[],"yoast_head":"<!-- This site is optimized with the Yoast SEO plugin v20.11 - https:\/\/yoast.com\/wordpress\/plugins\/seo\/ -->\n<title>POL BURY, LIVRES ET \u00c9CRITS - Librairie 7L<\/title>\n<meta name=\"robots\" content=\"index, follow, max-snippet:-1, max-image-preview:large, max-video-preview:-1\" \/>\n<link rel=\"canonical\" href=\"https:\/\/librairie7l.com\/en\/produit\/pol-bury-livres-et-ecrits\/\" \/>\n<meta property=\"og:locale\" content=\"en_US\" \/>\n<meta property=\"og:type\" content=\"article\" \/>\n<meta property=\"og:title\" content=\"POL BURY, LIVRES ET \u00c9CRITS - Librairie 7L\" \/>\n<meta property=\"og:description\" content=\"Le propos de ce livre est de comprendre comment l&#8217;\u00e9criture de Pol Bury s&#8217;articule avec sa pratique artistique. Pol Bury ne m\u00e9lange pas les activit\u00e9s plastique et litt\u00e9raire. Pour lui, une sculpture est une sculpture, et un livre un livre. Dans son cas, l&#8217;\u00e9criture proc\u00e8de directement de la pratique de son art, qu&#8217;il traduit et [&hellip;]\" \/>\n<meta property=\"og:url\" content=\"https:\/\/librairie7l.com\/en\/produit\/pol-bury-livres-et-ecrits\/\" \/>\n<meta property=\"og:site_name\" content=\"Librairie 7L\" \/>\n<meta property=\"article:modified_time\" content=\"2026-04-30T11:59:10+00:00\" \/>\n<meta property=\"og:image\" content=\"https:\/\/librairie7l.com\/wp-content\/uploads\/2022\/10\/9782875720801_1_75.jpg\" \/>\n\t<meta property=\"og:image:width\" content=\"351\" \/>\n\t<meta property=\"og:image:height\" content=\"500\" \/>\n\t<meta property=\"og:image:type\" content=\"image\/jpeg\" \/>\n<meta name=\"twitter:card\" content=\"summary_large_image\" \/>\n<meta name=\"twitter:label1\" content=\"Est. reading time\" \/>\n\t<meta name=\"twitter:data1\" content=\"1 minute\" \/>\n<script type=\"application\/ld+json\" class=\"yoast-schema-graph\">{\"@context\":\"https:\/\/schema.org\",\"@graph\":[{\"@type\":\"WebPage\",\"@id\":\"https:\/\/librairie7l.com\/en\/produit\/pol-bury-livres-et-ecrits\/\",\"url\":\"https:\/\/librairie7l.com\/en\/produit\/pol-bury-livres-et-ecrits\/\",\"name\":\"POL BURY, LIVRES ET \u00c9CRITS - Librairie 7L\",\"isPartOf\":{\"@id\":\"https:\/\/librairie7l.com\/en\/#website\"},\"datePublished\":\"2023-05-09T15:44:44+00:00\",\"dateModified\":\"2026-04-30T11:59:10+00:00\",\"breadcrumb\":{\"@id\":\"https:\/\/librairie7l.com\/en\/produit\/pol-bury-livres-et-ecrits\/#breadcrumb\"},\"inLanguage\":\"en-US\",\"potentialAction\":[{\"@type\":\"ReadAction\",\"target\":[\"https:\/\/librairie7l.com\/en\/produit\/pol-bury-livres-et-ecrits\/\"]}]},{\"@type\":\"BreadcrumbList\",\"@id\":\"https:\/\/librairie7l.com\/en\/produit\/pol-bury-livres-et-ecrits\/#breadcrumb\",\"itemListElement\":[{\"@type\":\"ListItem\",\"position\":1,\"name\":\"Accueil\",\"item\":\"https:\/\/librairie7l.com\/en\/\"},{\"@type\":\"ListItem\",\"position\":2,\"name\":\"Shop\",\"item\":\"https:\/\/librairie7l.com\/en\/shop\/\"},{\"@type\":\"ListItem\",\"position\":3,\"name\":\"POL BURY, LIVRES ET \u00c9CRITS\"}]},{\"@type\":\"WebSite\",\"@id\":\"https:\/\/librairie7l.com\/en\/#website\",\"url\":\"https:\/\/librairie7l.com\/en\/\",\"name\":\"Librairie 7L\",\"description\":\"Librairie fond\u00e9e en 1999 par Karl Lagerfeld \u00e0 Paris\",\"publisher\":{\"@id\":\"https:\/\/librairie7l.com\/en\/#organization\"},\"potentialAction\":[{\"@type\":\"SearchAction\",\"target\":{\"@type\":\"EntryPoint\",\"urlTemplate\":\"https:\/\/librairie7l.com\/en\/?s={search_term_string}\"},\"query-input\":\"required name=search_term_string\"}],\"inLanguage\":\"en-US\"},{\"@type\":\"Organization\",\"@id\":\"https:\/\/librairie7l.com\/en\/#organization\",\"name\":\"Librairie 7L\",\"url\":\"https:\/\/librairie7l.com\/en\/\",\"logo\":{\"@type\":\"ImageObject\",\"inLanguage\":\"en-US\",\"@id\":\"https:\/\/librairie7l.com\/en\/#\/schema\/logo\/image\/\",\"url\":\"https:\/\/librairie7l.com\/wp-content\/uploads\/2022\/08\/logo-1.png\",\"contentUrl\":\"https:\/\/librairie7l.com\/wp-content\/uploads\/2022\/08\/logo-1.png\",\"width\":227,\"height\":301,\"caption\":\"Librairie 7L\"},\"image\":{\"@id\":\"https:\/\/librairie7l.com\/en\/#\/schema\/logo\/image\/\"}}]}<\/script>\n<!-- \/ Yoast SEO plugin. -->","yoast_head_json":{"title":"POL BURY, LIVRES ET \u00c9CRITS - Librairie 7L","robots":{"index":"index","follow":"follow","max-snippet":"max-snippet:-1","max-image-preview":"max-image-preview:large","max-video-preview":"max-video-preview:-1"},"canonical":"https:\/\/librairie7l.com\/en\/produit\/pol-bury-livres-et-ecrits\/","og_locale":"en_US","og_type":"article","og_title":"POL BURY, LIVRES ET \u00c9CRITS - Librairie 7L","og_description":"Le propos de ce livre est de comprendre comment l&#8217;\u00e9criture de Pol Bury s&#8217;articule avec sa pratique artistique. Pol Bury ne m\u00e9lange pas les activit\u00e9s plastique et litt\u00e9raire. Pour lui, une sculpture est une sculpture, et un livre un livre. Dans son cas, l&#8217;\u00e9criture proc\u00e8de directement de la pratique de son art, qu&#8217;il traduit et [&hellip;]","og_url":"https:\/\/librairie7l.com\/en\/produit\/pol-bury-livres-et-ecrits\/","og_site_name":"Librairie 7L","article_modified_time":"2026-04-30T11:59:10+00:00","og_image":[{"width":351,"height":500,"url":"https:\/\/librairie7l.com\/wp-content\/uploads\/2022\/10\/9782875720801_1_75.jpg","type":"image\/jpeg"}],"twitter_card":"summary_large_image","twitter_misc":{"Est. reading time":"1 minute"},"schema":{"@context":"https:\/\/schema.org","@graph":[{"@type":"WebPage","@id":"https:\/\/librairie7l.com\/en\/produit\/pol-bury-livres-et-ecrits\/","url":"https:\/\/librairie7l.com\/en\/produit\/pol-bury-livres-et-ecrits\/","name":"POL BURY, LIVRES ET \u00c9CRITS - Librairie 7L","isPartOf":{"@id":"https:\/\/librairie7l.com\/en\/#website"},"datePublished":"2023-05-09T15:44:44+00:00","dateModified":"2026-04-30T11:59:10+00:00","breadcrumb":{"@id":"https:\/\/librairie7l.com\/en\/produit\/pol-bury-livres-et-ecrits\/#breadcrumb"},"inLanguage":"en-US","potentialAction":[{"@type":"ReadAction","target":["https:\/\/librairie7l.com\/en\/produit\/pol-bury-livres-et-ecrits\/"]}]},{"@type":"BreadcrumbList","@id":"https:\/\/librairie7l.com\/en\/produit\/pol-bury-livres-et-ecrits\/#breadcrumb","itemListElement":[{"@type":"ListItem","position":1,"name":"Accueil","item":"https:\/\/librairie7l.com\/en\/"},{"@type":"ListItem","position":2,"name":"Shop","item":"https:\/\/librairie7l.com\/en\/shop\/"},{"@type":"ListItem","position":3,"name":"POL BURY, LIVRES ET \u00c9CRITS"}]},{"@type":"WebSite","@id":"https:\/\/librairie7l.com\/en\/#website","url":"https:\/\/librairie7l.com\/en\/","name":"Librairie 7L","description":"Librairie fond\u00e9e en 1999 par Karl Lagerfeld \u00e0 Paris","publisher":{"@id":"https:\/\/librairie7l.com\/en\/#organization"},"potentialAction":[{"@type":"SearchAction","target":{"@type":"EntryPoint","urlTemplate":"https:\/\/librairie7l.com\/en\/?s={search_term_string}"},"query-input":"required name=search_term_string"}],"inLanguage":"en-US"},{"@type":"Organization","@id":"https:\/\/librairie7l.com\/en\/#organization","name":"Librairie 7L","url":"https:\/\/librairie7l.com\/en\/","logo":{"@type":"ImageObject","inLanguage":"en-US","@id":"https:\/\/librairie7l.com\/en\/#\/schema\/logo\/image\/","url":"https:\/\/librairie7l.com\/wp-content\/uploads\/2022\/08\/logo-1.png","contentUrl":"https:\/\/librairie7l.com\/wp-content\/uploads\/2022\/08\/logo-1.png","width":227,"height":301,"caption":"Librairie 7L"},"image":{"@id":"https:\/\/librairie7l.com\/en\/#\/schema\/logo\/image\/"}}]}},"_links":{"self":[{"href":"https:\/\/librairie7l.com\/en\/wp-json\/wp\/v2\/product\/18431"}],"collection":[{"href":"https:\/\/librairie7l.com\/en\/wp-json\/wp\/v2\/product"}],"about":[{"href":"https:\/\/librairie7l.com\/en\/wp-json\/wp\/v2\/types\/product"}],"wp:featuredmedia":[{"embeddable":true,"href":"https:\/\/librairie7l.com\/en\/wp-json\/wp\/v2\/media\/18429"}],"wp:attachment":[{"href":"https:\/\/librairie7l.com\/en\/wp-json\/wp\/v2\/media?parent=18431"}],"wp:term":[{"taxonomy":"product_cat","embeddable":true,"href":"https:\/\/librairie7l.com\/en\/wp-json\/wp\/v2\/product_cat?post=18431"},{"taxonomy":"product_tag","embeddable":true,"href":"https:\/\/librairie7l.com\/en\/wp-json\/wp\/v2\/product_tag?post=18431"}],"curies":[{"name":"wp","href":"https:\/\/api.w.org\/{rel}","templated":true}]}}