{"id":18443,"date":"2023-05-09T17:44:53","date_gmt":"2023-05-09T15:44:53","guid":{"rendered":"https:\/\/librairie7l.com\/?post_type=product&#038;p=18443"},"modified":"2026-04-28T19:06:01","modified_gmt":"2026-04-28T17:06:01","slug":"antti-lovag-la-maison-bernard-une-aventure-achitecturale","status":"publish","type":"product","link":"https:\/\/librairie7l.com\/en\/produit\/antti-lovag-la-maison-bernard-une-aventure-achitecturale\/","title":{"rendered":"ANTTI LOVAG ; LA MAISON BERNARD, UNE AVENTURE ACHITECTURALE"},"content":{"rendered":"<p>Antti Lovag (1920-2014) est un architecte hongrois, vivant dans le sud de la France, qui s&#8217;est sp\u00e9cialis\u00e9 dans les maisons \u00ab bulles \u00bb et une architecture dite \u00ab organique \u00bb.<br \/>\nIl a tr\u00e8s peu construit d&#8217;\u00e9difices (moins de dix). La Maison Bernard, sur la C\u00f4te d&#8217;Azur, est un des plus beaux exemples de ses r\u00e9alisations et relate une passionnante relation entre le commanditaire, Pierre Bernard, et l&#8217;architecte. Le livre retrace cette relation et donne une part belle aux photographies d&#8217;Yves Gellie.<br \/>\nQui est Pierre Bernard ? Alors qu&#8217;il s&#8217;appr\u00eatait \u00e0 construire une maison traditionnelle, cette rencontre le fait basculer et opter en moins de six mois pour une construction totalement novatrice avec Antti Lovag.<br \/>\nQui est Antti Lovag ? Une vie chaotique a profond\u00e9ment influenc\u00e9 les id\u00e9es de cet architecte autodidacte, son travail, ses affinit\u00e9s et ses amiti\u00e9s&#8230;<br \/>\nC&#8217;est avec la construction de la maison Bernard qu&#8217;Antti Lovag d\u00e9finit r\u00e9ellement ses id\u00e9es de ce que doit \u00eatre une maison en m\u00eame temps qu&#8217;il les met en pratique. Conception philosophique, mode constructif (abandon des plans pour la maquette), th\u00e8mes spatiaux et mat\u00e9riels&#8230;<br \/>\nAujourd&#8217;hui, la maison a \u00e9t\u00e9 r\u00e9nov\u00e9e avec l&#8217;intervention de l&#8217;architecte Odile Decq en collaboration avec Isabelle Bernard (la fille de Pierre Bernard), dans le respect des choix de l&#8217;architecte : le cahier des charges et le choix de r\u00e9nover par la couleur, de salarier des artisans comme l&#8217;avaient fait Antti Lovag et Pierre Bernard&#8230;<br \/>\nIl y a \u00e9t\u00e9 cr\u00e9\u00e9 un fonds de dotation, des r\u00e9sidences d&#8217;artistes.<\/p>\n","protected":false},"excerpt":{"rendered":"<p>Antti Lovag (1920-2014) est un architecte hongrois, vivant dans le sud de la France, qui s&#8217;est sp\u00e9cialis\u00e9 dans les maisons \u00ab bulles \u00bb et une architecture dite \u00ab organique \u00bb. Il a tr\u00e8s peu construit d&#8217;\u00e9difices (moins de dix). La Maison Bernard, sur la C\u00f4te d&#8217;Azur, est un des plus beaux exemples de ses r\u00e9alisations [&hellip;]<\/p>\n","protected":false},"featured_media":18441,"template":"","meta":[],"product_cat":[2948,2950],"product_tag":[],"acf":[],"yoast_head":"<!-- This site is optimized with the Yoast SEO plugin v20.11 - https:\/\/yoast.com\/wordpress\/plugins\/seo\/ -->\n<title>ANTTI LOVAG ; LA MAISON BERNARD, UNE AVENTURE ACHITECTURALE - Librairie 7L<\/title>\n<meta name=\"robots\" content=\"index, follow, max-snippet:-1, max-image-preview:large, max-video-preview:-1\" \/>\n<link rel=\"canonical\" href=\"https:\/\/librairie7l.com\/en\/produit\/antti-lovag-la-maison-bernard-une-aventure-achitecturale\/\" \/>\n<meta property=\"og:locale\" content=\"en_US\" \/>\n<meta property=\"og:type\" content=\"article\" \/>\n<meta property=\"og:title\" content=\"ANTTI LOVAG ; LA MAISON BERNARD, UNE AVENTURE ACHITECTURALE - Librairie 7L\" \/>\n<meta property=\"og:description\" content=\"Antti Lovag (1920-2014) est un architecte hongrois, vivant dans le sud de la France, qui s&#8217;est sp\u00e9cialis\u00e9 dans les maisons \u00ab bulles \u00bb et une architecture dite \u00ab organique \u00bb. Il a tr\u00e8s peu construit d&#8217;\u00e9difices (moins de dix). La Maison Bernard, sur la C\u00f4te d&#8217;Azur, est un des plus beaux exemples de ses r\u00e9alisations [&hellip;]\" \/>\n<meta property=\"og:url\" content=\"https:\/\/librairie7l.com\/en\/produit\/antti-lovag-la-maison-bernard-une-aventure-achitecturale\/\" \/>\n<meta property=\"og:site_name\" content=\"Librairie 7L\" \/>\n<meta property=\"article:modified_time\" content=\"2026-04-28T17:06:01+00:00\" \/>\n<meta property=\"og:image\" content=\"https:\/\/librairie7l.com\/wp-content\/uploads\/2021\/11\/9782843140525_1_75.jpg\" \/>\n\t<meta property=\"og:image:width\" content=\"298\" \/>\n\t<meta property=\"og:image:height\" content=\"334\" \/>\n\t<meta property=\"og:image:type\" content=\"image\/jpeg\" \/>\n<meta name=\"twitter:card\" content=\"summary_large_image\" \/>\n<meta name=\"twitter:label1\" content=\"Est. reading time\" \/>\n\t<meta name=\"twitter:data1\" content=\"1 minute\" \/>\n<script type=\"application\/ld+json\" class=\"yoast-schema-graph\">{\"@context\":\"https:\/\/schema.org\",\"@graph\":[{\"@type\":\"WebPage\",\"@id\":\"https:\/\/librairie7l.com\/en\/produit\/antti-lovag-la-maison-bernard-une-aventure-achitecturale\/\",\"url\":\"https:\/\/librairie7l.com\/en\/produit\/antti-lovag-la-maison-bernard-une-aventure-achitecturale\/\",\"name\":\"ANTTI LOVAG ; LA MAISON BERNARD, UNE AVENTURE ACHITECTURALE - Librairie 7L\",\"isPartOf\":{\"@id\":\"https:\/\/librairie7l.com\/en\/#website\"},\"datePublished\":\"2023-05-09T15:44:53+00:00\",\"dateModified\":\"2026-04-28T17:06:01+00:00\",\"breadcrumb\":{\"@id\":\"https:\/\/librairie7l.com\/en\/produit\/antti-lovag-la-maison-bernard-une-aventure-achitecturale\/#breadcrumb\"},\"inLanguage\":\"en-US\",\"potentialAction\":[{\"@type\":\"ReadAction\",\"target\":[\"https:\/\/librairie7l.com\/en\/produit\/antti-lovag-la-maison-bernard-une-aventure-achitecturale\/\"]}]},{\"@type\":\"BreadcrumbList\",\"@id\":\"https:\/\/librairie7l.com\/en\/produit\/antti-lovag-la-maison-bernard-une-aventure-achitecturale\/#breadcrumb\",\"itemListElement\":[{\"@type\":\"ListItem\",\"position\":1,\"name\":\"Accueil\",\"item\":\"https:\/\/librairie7l.com\/en\/\"},{\"@type\":\"ListItem\",\"position\":2,\"name\":\"Shop\",\"item\":\"https:\/\/librairie7l.com\/en\/shop\/\"},{\"@type\":\"ListItem\",\"position\":3,\"name\":\"ANTTI LOVAG ; LA MAISON BERNARD, UNE AVENTURE ACHITECTURALE\"}]},{\"@type\":\"WebSite\",\"@id\":\"https:\/\/librairie7l.com\/en\/#website\",\"url\":\"https:\/\/librairie7l.com\/en\/\",\"name\":\"Librairie 7L\",\"description\":\"Librairie fond\u00e9e en 1999 par Karl Lagerfeld \u00e0 Paris\",\"publisher\":{\"@id\":\"https:\/\/librairie7l.com\/en\/#organization\"},\"potentialAction\":[{\"@type\":\"SearchAction\",\"target\":{\"@type\":\"EntryPoint\",\"urlTemplate\":\"https:\/\/librairie7l.com\/en\/?s={search_term_string}\"},\"query-input\":\"required name=search_term_string\"}],\"inLanguage\":\"en-US\"},{\"@type\":\"Organization\",\"@id\":\"https:\/\/librairie7l.com\/en\/#organization\",\"name\":\"Librairie 7L\",\"url\":\"https:\/\/librairie7l.com\/en\/\",\"logo\":{\"@type\":\"ImageObject\",\"inLanguage\":\"en-US\",\"@id\":\"https:\/\/librairie7l.com\/en\/#\/schema\/logo\/image\/\",\"url\":\"https:\/\/librairie7l.com\/wp-content\/uploads\/2022\/08\/logo-1.png\",\"contentUrl\":\"https:\/\/librairie7l.com\/wp-content\/uploads\/2022\/08\/logo-1.png\",\"width\":227,\"height\":301,\"caption\":\"Librairie 7L\"},\"image\":{\"@id\":\"https:\/\/librairie7l.com\/en\/#\/schema\/logo\/image\/\"}}]}<\/script>\n<!-- \/ Yoast SEO plugin. -->","yoast_head_json":{"title":"ANTTI LOVAG ; LA MAISON BERNARD, UNE AVENTURE ACHITECTURALE - Librairie 7L","robots":{"index":"index","follow":"follow","max-snippet":"max-snippet:-1","max-image-preview":"max-image-preview:large","max-video-preview":"max-video-preview:-1"},"canonical":"https:\/\/librairie7l.com\/en\/produit\/antti-lovag-la-maison-bernard-une-aventure-achitecturale\/","og_locale":"en_US","og_type":"article","og_title":"ANTTI LOVAG ; LA MAISON BERNARD, UNE AVENTURE ACHITECTURALE - Librairie 7L","og_description":"Antti Lovag (1920-2014) est un architecte hongrois, vivant dans le sud de la France, qui s&#8217;est sp\u00e9cialis\u00e9 dans les maisons \u00ab bulles \u00bb et une architecture dite \u00ab organique \u00bb. Il a tr\u00e8s peu construit d&#8217;\u00e9difices (moins de dix). La Maison Bernard, sur la C\u00f4te d&#8217;Azur, est un des plus beaux exemples de ses r\u00e9alisations [&hellip;]","og_url":"https:\/\/librairie7l.com\/en\/produit\/antti-lovag-la-maison-bernard-une-aventure-achitecturale\/","og_site_name":"Librairie 7L","article_modified_time":"2026-04-28T17:06:01+00:00","og_image":[{"width":298,"height":334,"url":"https:\/\/librairie7l.com\/wp-content\/uploads\/2021\/11\/9782843140525_1_75.jpg","type":"image\/jpeg"}],"twitter_card":"summary_large_image","twitter_misc":{"Est. reading time":"1 minute"},"schema":{"@context":"https:\/\/schema.org","@graph":[{"@type":"WebPage","@id":"https:\/\/librairie7l.com\/en\/produit\/antti-lovag-la-maison-bernard-une-aventure-achitecturale\/","url":"https:\/\/librairie7l.com\/en\/produit\/antti-lovag-la-maison-bernard-une-aventure-achitecturale\/","name":"ANTTI LOVAG ; LA MAISON BERNARD, UNE AVENTURE ACHITECTURALE - Librairie 7L","isPartOf":{"@id":"https:\/\/librairie7l.com\/en\/#website"},"datePublished":"2023-05-09T15:44:53+00:00","dateModified":"2026-04-28T17:06:01+00:00","breadcrumb":{"@id":"https:\/\/librairie7l.com\/en\/produit\/antti-lovag-la-maison-bernard-une-aventure-achitecturale\/#breadcrumb"},"inLanguage":"en-US","potentialAction":[{"@type":"ReadAction","target":["https:\/\/librairie7l.com\/en\/produit\/antti-lovag-la-maison-bernard-une-aventure-achitecturale\/"]}]},{"@type":"BreadcrumbList","@id":"https:\/\/librairie7l.com\/en\/produit\/antti-lovag-la-maison-bernard-une-aventure-achitecturale\/#breadcrumb","itemListElement":[{"@type":"ListItem","position":1,"name":"Accueil","item":"https:\/\/librairie7l.com\/en\/"},{"@type":"ListItem","position":2,"name":"Shop","item":"https:\/\/librairie7l.com\/en\/shop\/"},{"@type":"ListItem","position":3,"name":"ANTTI LOVAG ; LA MAISON BERNARD, UNE AVENTURE ACHITECTURALE"}]},{"@type":"WebSite","@id":"https:\/\/librairie7l.com\/en\/#website","url":"https:\/\/librairie7l.com\/en\/","name":"Librairie 7L","description":"Librairie fond\u00e9e en 1999 par Karl Lagerfeld \u00e0 Paris","publisher":{"@id":"https:\/\/librairie7l.com\/en\/#organization"},"potentialAction":[{"@type":"SearchAction","target":{"@type":"EntryPoint","urlTemplate":"https:\/\/librairie7l.com\/en\/?s={search_term_string}"},"query-input":"required name=search_term_string"}],"inLanguage":"en-US"},{"@type":"Organization","@id":"https:\/\/librairie7l.com\/en\/#organization","name":"Librairie 7L","url":"https:\/\/librairie7l.com\/en\/","logo":{"@type":"ImageObject","inLanguage":"en-US","@id":"https:\/\/librairie7l.com\/en\/#\/schema\/logo\/image\/","url":"https:\/\/librairie7l.com\/wp-content\/uploads\/2022\/08\/logo-1.png","contentUrl":"https:\/\/librairie7l.com\/wp-content\/uploads\/2022\/08\/logo-1.png","width":227,"height":301,"caption":"Librairie 7L"},"image":{"@id":"https:\/\/librairie7l.com\/en\/#\/schema\/logo\/image\/"}}]}},"_links":{"self":[{"href":"https:\/\/librairie7l.com\/en\/wp-json\/wp\/v2\/product\/18443"}],"collection":[{"href":"https:\/\/librairie7l.com\/en\/wp-json\/wp\/v2\/product"}],"about":[{"href":"https:\/\/librairie7l.com\/en\/wp-json\/wp\/v2\/types\/product"}],"wp:featuredmedia":[{"embeddable":true,"href":"https:\/\/librairie7l.com\/en\/wp-json\/wp\/v2\/media\/18441"}],"wp:attachment":[{"href":"https:\/\/librairie7l.com\/en\/wp-json\/wp\/v2\/media?parent=18443"}],"wp:term":[{"taxonomy":"product_cat","embeddable":true,"href":"https:\/\/librairie7l.com\/en\/wp-json\/wp\/v2\/product_cat?post=18443"},{"taxonomy":"product_tag","embeddable":true,"href":"https:\/\/librairie7l.com\/en\/wp-json\/wp\/v2\/product_tag?post=18443"}],"curies":[{"name":"wp","href":"https:\/\/api.w.org\/{rel}","templated":true}]}}