{"id":18491,"date":"2023-05-09T17:45:32","date_gmt":"2023-05-09T15:45:32","guid":{"rendered":"https:\/\/librairie7l.com\/?post_type=product&#038;p=18491"},"modified":"2026-04-06T02:06:37","modified_gmt":"2026-04-06T00:06:37","slug":"vocabulaire-de-la-spatialite-japonaise","status":"publish","type":"product","link":"https:\/\/librairie7l.com\/en\/produit\/vocabulaire-de-la-spatialite-japonaise\/","title":{"rendered":"VOCABULAIRE DE LA SPATIALIT\u00c9 JAPONAISE"},"content":{"rendered":"<p>La civilisation japonaise a d\u00e9velopp\u00e9 une perception de son espace qui n\u0081&#8217;appartient qu\u0081&#8217;\u00e0 elle. Le cin\u00e9ma, les grandes marques de l\u0081&#8217;\u00e9lectronique ou de la mode l\u0081&#8217;ont popularis\u00e9e, en particulier en France. La sobri\u00e9t\u00e9, la patine du temps, le confort en sont les caract\u00e9ristiques constantes. L&#8217;organisation des int\u00e9rieurs domestiques r\u00e9pond ainsi \u00e0 des canons pratiques et esth\u00e9tiques qui font de la maison traditionnelle japonaise un espace de vie unique au monde avec son tokonoma, ses shojis ou sa pi\u00e8ce \u00e0 th\u00e9. Le jardin, souvent minuscule, r\u00e9pond lui aussi \u00e0 des codes pr\u00e9cis ou chaque \u00e9l\u00e9ment, l&#8217;eau, les fleurs, la rocaille, les mousses ont une place bien d\u00e9termin\u00e9e. L&#8217;urbanisme contemporain et ses espaces commerciaux b\u00e9n\u00e9ficie, lui aussi, d&#8217;une organisation spatiale pens\u00e9e avec rigueur qui prend en compte aussi bien les rythmes de vie que les normes de s\u00e9curit\u00e9 antisismiques ou le cheminement des foules. Sans parler des jardins de pierres, tel le fameux Ryan-ji de Kyoto, propice \u00e0 la m\u00e9ditation zen. Une conception de l&#8217;espace habit\u00e9 qui irrigue aujourd&#8217;hui toute la cr\u00e9ation architecturale, urbaine et paysagere actuelle.<br \/>\nC&#8217;est cet univers singulier, oscillant entre une tradition s\u00e9culaire et une modernit\u00e9 parfois exub\u00e9rante, entre nature et n\u00e9ons multicolores, que cet ouvrage r\u00e9v\u00e8le. Avec ses 240 notices r\u00e9dig\u00e9es par 64 sp\u00e9cialistes fran\u00e7ais et japonais, il offre \u00e0 tous les amoureux du Japon, mais aussi aux architectes, aux paysagistes, aux urbanistes, un dictionnaire unique en son genre ou la philosophie et l&#8217;art de vivre japonais se r\u00e9v\u00e8lent avec une science et un charme in\u00e9gal\u00e9s.<\/p>\n","protected":false},"excerpt":{"rendered":"<p>La civilisation japonaise a d\u00e9velopp\u00e9 une perception de son espace qui n\u0081&#8217;appartient qu\u0081&#8217;\u00e0 elle. Le cin\u00e9ma, les grandes marques de l\u0081&#8217;\u00e9lectronique ou de la mode l\u0081&#8217;ont popularis\u00e9e, en particulier en France. La sobri\u00e9t\u00e9, la patine du temps, le confort en sont les caract\u00e9ristiques constantes. L&#8217;organisation des int\u00e9rieurs domestiques r\u00e9pond ainsi \u00e0 des canons pratiques et [&hellip;]<\/p>\n","protected":false},"featured_media":18489,"template":"","meta":[],"product_cat":[2948,2956],"product_tag":[],"acf":[],"yoast_head":"<!-- This site is optimized with the Yoast SEO plugin v20.11 - https:\/\/yoast.com\/wordpress\/plugins\/seo\/ -->\n<title>VOCABULAIRE DE LA SPATIALIT\u00c9 JAPONAISE - Librairie 7L<\/title>\n<meta name=\"robots\" content=\"index, follow, max-snippet:-1, max-image-preview:large, max-video-preview:-1\" \/>\n<link rel=\"canonical\" href=\"https:\/\/librairie7l.com\/en\/produit\/vocabulaire-de-la-spatialite-japonaise\/\" \/>\n<meta property=\"og:locale\" content=\"en_US\" \/>\n<meta property=\"og:type\" content=\"article\" \/>\n<meta property=\"og:title\" content=\"VOCABULAIRE DE LA SPATIALIT\u00c9 JAPONAISE - Librairie 7L\" \/>\n<meta property=\"og:description\" content=\"La civilisation japonaise a d\u00e9velopp\u00e9 une perception de son espace qui n\u0081&#8217;appartient qu\u0081&#8217;\u00e0 elle. Le cin\u00e9ma, les grandes marques de l\u0081&#8217;\u00e9lectronique ou de la mode l\u0081&#8217;ont popularis\u00e9e, en particulier en France. La sobri\u00e9t\u00e9, la patine du temps, le confort en sont les caract\u00e9ristiques constantes. L&#8217;organisation des int\u00e9rieurs domestiques r\u00e9pond ainsi \u00e0 des canons pratiques et [&hellip;]\" \/>\n<meta property=\"og:url\" content=\"https:\/\/librairie7l.com\/en\/produit\/vocabulaire-de-la-spatialite-japonaise\/\" \/>\n<meta property=\"og:site_name\" content=\"Librairie 7L\" \/>\n<meta property=\"article:modified_time\" content=\"2026-04-06T00:06:37+00:00\" \/>\n<meta property=\"og:image\" content=\"https:\/\/librairie7l.com\/wp-content\/uploads\/2014\/03\/9782271080592_1_75.jpg\" \/>\n\t<meta property=\"og:image:width\" content=\"400\" \/>\n\t<meta property=\"og:image:height\" content=\"574\" \/>\n\t<meta property=\"og:image:type\" content=\"image\/jpeg\" \/>\n<meta name=\"twitter:card\" content=\"summary_large_image\" \/>\n<meta name=\"twitter:label1\" content=\"Est. reading time\" \/>\n\t<meta name=\"twitter:data1\" content=\"1 minute\" \/>\n<script type=\"application\/ld+json\" class=\"yoast-schema-graph\">{\"@context\":\"https:\/\/schema.org\",\"@graph\":[{\"@type\":\"WebPage\",\"@id\":\"https:\/\/librairie7l.com\/en\/produit\/vocabulaire-de-la-spatialite-japonaise\/\",\"url\":\"https:\/\/librairie7l.com\/en\/produit\/vocabulaire-de-la-spatialite-japonaise\/\",\"name\":\"VOCABULAIRE DE LA SPATIALIT\u00c9 JAPONAISE - Librairie 7L\",\"isPartOf\":{\"@id\":\"https:\/\/librairie7l.com\/en\/#website\"},\"datePublished\":\"2023-05-09T15:45:32+00:00\",\"dateModified\":\"2026-04-06T00:06:37+00:00\",\"breadcrumb\":{\"@id\":\"https:\/\/librairie7l.com\/en\/produit\/vocabulaire-de-la-spatialite-japonaise\/#breadcrumb\"},\"inLanguage\":\"en-US\",\"potentialAction\":[{\"@type\":\"ReadAction\",\"target\":[\"https:\/\/librairie7l.com\/en\/produit\/vocabulaire-de-la-spatialite-japonaise\/\"]}]},{\"@type\":\"BreadcrumbList\",\"@id\":\"https:\/\/librairie7l.com\/en\/produit\/vocabulaire-de-la-spatialite-japonaise\/#breadcrumb\",\"itemListElement\":[{\"@type\":\"ListItem\",\"position\":1,\"name\":\"Accueil\",\"item\":\"https:\/\/librairie7l.com\/en\/\"},{\"@type\":\"ListItem\",\"position\":2,\"name\":\"Shop\",\"item\":\"https:\/\/librairie7l.com\/en\/shop\/\"},{\"@type\":\"ListItem\",\"position\":3,\"name\":\"VOCABULAIRE DE LA SPATIALIT\u00c9 JAPONAISE\"}]},{\"@type\":\"WebSite\",\"@id\":\"https:\/\/librairie7l.com\/en\/#website\",\"url\":\"https:\/\/librairie7l.com\/en\/\",\"name\":\"Librairie 7L\",\"description\":\"Librairie fond\u00e9e en 1999 par Karl Lagerfeld \u00e0 Paris\",\"publisher\":{\"@id\":\"https:\/\/librairie7l.com\/en\/#organization\"},\"potentialAction\":[{\"@type\":\"SearchAction\",\"target\":{\"@type\":\"EntryPoint\",\"urlTemplate\":\"https:\/\/librairie7l.com\/en\/?s={search_term_string}\"},\"query-input\":\"required name=search_term_string\"}],\"inLanguage\":\"en-US\"},{\"@type\":\"Organization\",\"@id\":\"https:\/\/librairie7l.com\/en\/#organization\",\"name\":\"Librairie 7L\",\"url\":\"https:\/\/librairie7l.com\/en\/\",\"logo\":{\"@type\":\"ImageObject\",\"inLanguage\":\"en-US\",\"@id\":\"https:\/\/librairie7l.com\/en\/#\/schema\/logo\/image\/\",\"url\":\"https:\/\/librairie7l.com\/wp-content\/uploads\/2022\/08\/logo-1.png\",\"contentUrl\":\"https:\/\/librairie7l.com\/wp-content\/uploads\/2022\/08\/logo-1.png\",\"width\":227,\"height\":301,\"caption\":\"Librairie 7L\"},\"image\":{\"@id\":\"https:\/\/librairie7l.com\/en\/#\/schema\/logo\/image\/\"}}]}<\/script>\n<!-- \/ Yoast SEO plugin. -->","yoast_head_json":{"title":"VOCABULAIRE DE LA SPATIALIT\u00c9 JAPONAISE - Librairie 7L","robots":{"index":"index","follow":"follow","max-snippet":"max-snippet:-1","max-image-preview":"max-image-preview:large","max-video-preview":"max-video-preview:-1"},"canonical":"https:\/\/librairie7l.com\/en\/produit\/vocabulaire-de-la-spatialite-japonaise\/","og_locale":"en_US","og_type":"article","og_title":"VOCABULAIRE DE LA SPATIALIT\u00c9 JAPONAISE - Librairie 7L","og_description":"La civilisation japonaise a d\u00e9velopp\u00e9 une perception de son espace qui n\u0081&#8217;appartient qu\u0081&#8217;\u00e0 elle. Le cin\u00e9ma, les grandes marques de l\u0081&#8217;\u00e9lectronique ou de la mode l\u0081&#8217;ont popularis\u00e9e, en particulier en France. La sobri\u00e9t\u00e9, la patine du temps, le confort en sont les caract\u00e9ristiques constantes. L&#8217;organisation des int\u00e9rieurs domestiques r\u00e9pond ainsi \u00e0 des canons pratiques et [&hellip;]","og_url":"https:\/\/librairie7l.com\/en\/produit\/vocabulaire-de-la-spatialite-japonaise\/","og_site_name":"Librairie 7L","article_modified_time":"2026-04-06T00:06:37+00:00","og_image":[{"width":400,"height":574,"url":"https:\/\/librairie7l.com\/wp-content\/uploads\/2014\/03\/9782271080592_1_75.jpg","type":"image\/jpeg"}],"twitter_card":"summary_large_image","twitter_misc":{"Est. reading time":"1 minute"},"schema":{"@context":"https:\/\/schema.org","@graph":[{"@type":"WebPage","@id":"https:\/\/librairie7l.com\/en\/produit\/vocabulaire-de-la-spatialite-japonaise\/","url":"https:\/\/librairie7l.com\/en\/produit\/vocabulaire-de-la-spatialite-japonaise\/","name":"VOCABULAIRE DE LA SPATIALIT\u00c9 JAPONAISE - Librairie 7L","isPartOf":{"@id":"https:\/\/librairie7l.com\/en\/#website"},"datePublished":"2023-05-09T15:45:32+00:00","dateModified":"2026-04-06T00:06:37+00:00","breadcrumb":{"@id":"https:\/\/librairie7l.com\/en\/produit\/vocabulaire-de-la-spatialite-japonaise\/#breadcrumb"},"inLanguage":"en-US","potentialAction":[{"@type":"ReadAction","target":["https:\/\/librairie7l.com\/en\/produit\/vocabulaire-de-la-spatialite-japonaise\/"]}]},{"@type":"BreadcrumbList","@id":"https:\/\/librairie7l.com\/en\/produit\/vocabulaire-de-la-spatialite-japonaise\/#breadcrumb","itemListElement":[{"@type":"ListItem","position":1,"name":"Accueil","item":"https:\/\/librairie7l.com\/en\/"},{"@type":"ListItem","position":2,"name":"Shop","item":"https:\/\/librairie7l.com\/en\/shop\/"},{"@type":"ListItem","position":3,"name":"VOCABULAIRE DE LA SPATIALIT\u00c9 JAPONAISE"}]},{"@type":"WebSite","@id":"https:\/\/librairie7l.com\/en\/#website","url":"https:\/\/librairie7l.com\/en\/","name":"Librairie 7L","description":"Librairie fond\u00e9e en 1999 par Karl Lagerfeld \u00e0 Paris","publisher":{"@id":"https:\/\/librairie7l.com\/en\/#organization"},"potentialAction":[{"@type":"SearchAction","target":{"@type":"EntryPoint","urlTemplate":"https:\/\/librairie7l.com\/en\/?s={search_term_string}"},"query-input":"required name=search_term_string"}],"inLanguage":"en-US"},{"@type":"Organization","@id":"https:\/\/librairie7l.com\/en\/#organization","name":"Librairie 7L","url":"https:\/\/librairie7l.com\/en\/","logo":{"@type":"ImageObject","inLanguage":"en-US","@id":"https:\/\/librairie7l.com\/en\/#\/schema\/logo\/image\/","url":"https:\/\/librairie7l.com\/wp-content\/uploads\/2022\/08\/logo-1.png","contentUrl":"https:\/\/librairie7l.com\/wp-content\/uploads\/2022\/08\/logo-1.png","width":227,"height":301,"caption":"Librairie 7L"},"image":{"@id":"https:\/\/librairie7l.com\/en\/#\/schema\/logo\/image\/"}}]}},"_links":{"self":[{"href":"https:\/\/librairie7l.com\/en\/wp-json\/wp\/v2\/product\/18491"}],"collection":[{"href":"https:\/\/librairie7l.com\/en\/wp-json\/wp\/v2\/product"}],"about":[{"href":"https:\/\/librairie7l.com\/en\/wp-json\/wp\/v2\/types\/product"}],"wp:featuredmedia":[{"embeddable":true,"href":"https:\/\/librairie7l.com\/en\/wp-json\/wp\/v2\/media\/18489"}],"wp:attachment":[{"href":"https:\/\/librairie7l.com\/en\/wp-json\/wp\/v2\/media?parent=18491"}],"wp:term":[{"taxonomy":"product_cat","embeddable":true,"href":"https:\/\/librairie7l.com\/en\/wp-json\/wp\/v2\/product_cat?post=18491"},{"taxonomy":"product_tag","embeddable":true,"href":"https:\/\/librairie7l.com\/en\/wp-json\/wp\/v2\/product_tag?post=18491"}],"curies":[{"name":"wp","href":"https:\/\/api.w.org\/{rel}","templated":true}]}}