{"id":18503,"date":"2023-05-09T17:45:41","date_gmt":"2023-05-09T15:45:41","guid":{"rendered":"https:\/\/librairie7l.com\/?post_type=product&#038;p=18503"},"modified":"2026-04-22T05:25:30","modified_gmt":"2026-04-22T03:25:30","slug":"coco-chanel-5","status":"publish","type":"product","link":"https:\/\/librairie7l.com\/en\/produit\/coco-chanel-5\/","title":{"rendered":"COCO CHANEL"},"content":{"rendered":"<p>L&#8217;image du tailleur rose de Jackie Kennedy macul\u00e9 du sang de son \u00e9poux assassin\u00e9 a fait le tour du monde. Il \u00e9tait sign\u00e9 Chanel. Comment une petite orpheline abandonn\u00e9e par son p\u00e8re derri\u00e8re les hauts murs d&#8217;un couvent est-elle devenue la c\u00e9l\u00e8bre \u00ab Mademoiselle \u00bb \u00e0 la t\u00eate du \u00ab plus grand empire construit par une femme \u00bb ? Cr\u00e9atrice de la \u00ab petite robe noire \u00bb, du parfum \u00ab N\u00b0 5 \u00bb, du bijou fantaisie, de la marini\u00e8re, du sac matelass\u00e9 et de tant d&#8217;autres classiques, Coco Chanel fut \u00e9galement la discr\u00e8te m\u00e9c\u00e8ne de Cocteau, Radiguet, Stravinski, Reverdy. Elle eut la gloire, l&#8217;argent, des amants riches et c\u00e9l\u00e8bres, mais aussi des hommes aux engagements troubles. Comme troubles furent aussi les siens dans les ann\u00e9es 39-45, sous l&#8217;occupation allemande. Coco Chanel, dame de fer dans son genre, n&#8217;en reste pas moins une extraordinaire actrice et un t\u00e9moin de son temps.<\/p>\n","protected":false},"excerpt":{"rendered":"<p>L&#8217;image du tailleur rose de Jackie Kennedy macul\u00e9 du sang de son \u00e9poux assassin\u00e9 a fait le tour du monde. Il \u00e9tait sign\u00e9 Chanel. Comment une petite orpheline abandonn\u00e9e par son p\u00e8re derri\u00e8re les hauts murs d&#8217;un couvent est-elle devenue la c\u00e9l\u00e8bre \u00ab Mademoiselle \u00bb \u00e0 la t\u00eate du \u00ab plus grand empire construit par [&hellip;]<\/p>\n","protected":false},"featured_media":32177,"template":"","meta":[],"product_cat":[2948,2957],"product_tag":[],"acf":[],"yoast_head":"<!-- This site is optimized with the Yoast SEO plugin v20.11 - https:\/\/yoast.com\/wordpress\/plugins\/seo\/ -->\n<title>COCO CHANEL - Librairie 7L<\/title>\n<meta name=\"robots\" content=\"index, follow, max-snippet:-1, max-image-preview:large, max-video-preview:-1\" \/>\n<link rel=\"canonical\" href=\"https:\/\/librairie7l.com\/en\/produit\/coco-chanel-5\/\" \/>\n<meta property=\"og:locale\" content=\"en_US\" \/>\n<meta property=\"og:type\" content=\"article\" \/>\n<meta property=\"og:title\" content=\"COCO CHANEL - Librairie 7L\" \/>\n<meta property=\"og:description\" content=\"L&#8217;image du tailleur rose de Jackie Kennedy macul\u00e9 du sang de son \u00e9poux assassin\u00e9 a fait le tour du monde. Il \u00e9tait sign\u00e9 Chanel. Comment une petite orpheline abandonn\u00e9e par son p\u00e8re derri\u00e8re les hauts murs d&#8217;un couvent est-elle devenue la c\u00e9l\u00e8bre \u00ab Mademoiselle \u00bb \u00e0 la t\u00eate du \u00ab plus grand empire construit par [&hellip;]\" \/>\n<meta property=\"og:url\" content=\"https:\/\/librairie7l.com\/en\/produit\/coco-chanel-5\/\" \/>\n<meta property=\"og:site_name\" content=\"Librairie 7L\" \/>\n<meta property=\"article:modified_time\" content=\"2026-04-22T03:25:30+00:00\" \/>\n<meta property=\"og:image\" content=\"https:\/\/librairie7l.com\/wp-content\/uploads\/2013\/04\/9782369140245_1_75.jpg\" \/>\n\t<meta property=\"og:image:width\" content=\"667\" \/>\n\t<meta property=\"og:image:height\" content=\"1018\" \/>\n\t<meta property=\"og:image:type\" content=\"image\/jpeg\" \/>\n<meta name=\"twitter:card\" content=\"summary_large_image\" \/>\n<meta name=\"twitter:label1\" content=\"Est. reading time\" \/>\n\t<meta name=\"twitter:data1\" content=\"1 minute\" \/>\n<script type=\"application\/ld+json\" class=\"yoast-schema-graph\">{\"@context\":\"https:\/\/schema.org\",\"@graph\":[{\"@type\":\"WebPage\",\"@id\":\"https:\/\/librairie7l.com\/en\/produit\/coco-chanel-5\/\",\"url\":\"https:\/\/librairie7l.com\/en\/produit\/coco-chanel-5\/\",\"name\":\"COCO CHANEL - Librairie 7L\",\"isPartOf\":{\"@id\":\"https:\/\/librairie7l.com\/en\/#website\"},\"datePublished\":\"2023-05-09T15:45:41+00:00\",\"dateModified\":\"2026-04-22T03:25:30+00:00\",\"breadcrumb\":{\"@id\":\"https:\/\/librairie7l.com\/en\/produit\/coco-chanel-5\/#breadcrumb\"},\"inLanguage\":\"en-US\",\"potentialAction\":[{\"@type\":\"ReadAction\",\"target\":[\"https:\/\/librairie7l.com\/en\/produit\/coco-chanel-5\/\"]}]},{\"@type\":\"BreadcrumbList\",\"@id\":\"https:\/\/librairie7l.com\/en\/produit\/coco-chanel-5\/#breadcrumb\",\"itemListElement\":[{\"@type\":\"ListItem\",\"position\":1,\"name\":\"Accueil\",\"item\":\"https:\/\/librairie7l.com\/en\/\"},{\"@type\":\"ListItem\",\"position\":2,\"name\":\"Shop\",\"item\":\"https:\/\/librairie7l.com\/en\/shop\/\"},{\"@type\":\"ListItem\",\"position\":3,\"name\":\"COCO CHANEL\"}]},{\"@type\":\"WebSite\",\"@id\":\"https:\/\/librairie7l.com\/en\/#website\",\"url\":\"https:\/\/librairie7l.com\/en\/\",\"name\":\"Librairie 7L\",\"description\":\"Librairie fond\u00e9e en 1999 par Karl Lagerfeld \u00e0 Paris\",\"publisher\":{\"@id\":\"https:\/\/librairie7l.com\/en\/#organization\"},\"potentialAction\":[{\"@type\":\"SearchAction\",\"target\":{\"@type\":\"EntryPoint\",\"urlTemplate\":\"https:\/\/librairie7l.com\/en\/?s={search_term_string}\"},\"query-input\":\"required name=search_term_string\"}],\"inLanguage\":\"en-US\"},{\"@type\":\"Organization\",\"@id\":\"https:\/\/librairie7l.com\/en\/#organization\",\"name\":\"Librairie 7L\",\"url\":\"https:\/\/librairie7l.com\/en\/\",\"logo\":{\"@type\":\"ImageObject\",\"inLanguage\":\"en-US\",\"@id\":\"https:\/\/librairie7l.com\/en\/#\/schema\/logo\/image\/\",\"url\":\"https:\/\/librairie7l.com\/wp-content\/uploads\/2022\/08\/logo-1.png\",\"contentUrl\":\"https:\/\/librairie7l.com\/wp-content\/uploads\/2022\/08\/logo-1.png\",\"width\":227,\"height\":301,\"caption\":\"Librairie 7L\"},\"image\":{\"@id\":\"https:\/\/librairie7l.com\/en\/#\/schema\/logo\/image\/\"}}]}<\/script>\n<!-- \/ Yoast SEO plugin. -->","yoast_head_json":{"title":"COCO CHANEL - Librairie 7L","robots":{"index":"index","follow":"follow","max-snippet":"max-snippet:-1","max-image-preview":"max-image-preview:large","max-video-preview":"max-video-preview:-1"},"canonical":"https:\/\/librairie7l.com\/en\/produit\/coco-chanel-5\/","og_locale":"en_US","og_type":"article","og_title":"COCO CHANEL - Librairie 7L","og_description":"L&#8217;image du tailleur rose de Jackie Kennedy macul\u00e9 du sang de son \u00e9poux assassin\u00e9 a fait le tour du monde. Il \u00e9tait sign\u00e9 Chanel. Comment une petite orpheline abandonn\u00e9e par son p\u00e8re derri\u00e8re les hauts murs d&#8217;un couvent est-elle devenue la c\u00e9l\u00e8bre \u00ab Mademoiselle \u00bb \u00e0 la t\u00eate du \u00ab plus grand empire construit par [&hellip;]","og_url":"https:\/\/librairie7l.com\/en\/produit\/coco-chanel-5\/","og_site_name":"Librairie 7L","article_modified_time":"2026-04-22T03:25:30+00:00","og_image":[{"width":667,"height":1018,"url":"https:\/\/librairie7l.com\/wp-content\/uploads\/2013\/04\/9782369140245_1_75.jpg","type":"image\/jpeg"}],"twitter_card":"summary_large_image","twitter_misc":{"Est. reading time":"1 minute"},"schema":{"@context":"https:\/\/schema.org","@graph":[{"@type":"WebPage","@id":"https:\/\/librairie7l.com\/en\/produit\/coco-chanel-5\/","url":"https:\/\/librairie7l.com\/en\/produit\/coco-chanel-5\/","name":"COCO CHANEL - Librairie 7L","isPartOf":{"@id":"https:\/\/librairie7l.com\/en\/#website"},"datePublished":"2023-05-09T15:45:41+00:00","dateModified":"2026-04-22T03:25:30+00:00","breadcrumb":{"@id":"https:\/\/librairie7l.com\/en\/produit\/coco-chanel-5\/#breadcrumb"},"inLanguage":"en-US","potentialAction":[{"@type":"ReadAction","target":["https:\/\/librairie7l.com\/en\/produit\/coco-chanel-5\/"]}]},{"@type":"BreadcrumbList","@id":"https:\/\/librairie7l.com\/en\/produit\/coco-chanel-5\/#breadcrumb","itemListElement":[{"@type":"ListItem","position":1,"name":"Accueil","item":"https:\/\/librairie7l.com\/en\/"},{"@type":"ListItem","position":2,"name":"Shop","item":"https:\/\/librairie7l.com\/en\/shop\/"},{"@type":"ListItem","position":3,"name":"COCO CHANEL"}]},{"@type":"WebSite","@id":"https:\/\/librairie7l.com\/en\/#website","url":"https:\/\/librairie7l.com\/en\/","name":"Librairie 7L","description":"Librairie fond\u00e9e en 1999 par Karl Lagerfeld \u00e0 Paris","publisher":{"@id":"https:\/\/librairie7l.com\/en\/#organization"},"potentialAction":[{"@type":"SearchAction","target":{"@type":"EntryPoint","urlTemplate":"https:\/\/librairie7l.com\/en\/?s={search_term_string}"},"query-input":"required name=search_term_string"}],"inLanguage":"en-US"},{"@type":"Organization","@id":"https:\/\/librairie7l.com\/en\/#organization","name":"Librairie 7L","url":"https:\/\/librairie7l.com\/en\/","logo":{"@type":"ImageObject","inLanguage":"en-US","@id":"https:\/\/librairie7l.com\/en\/#\/schema\/logo\/image\/","url":"https:\/\/librairie7l.com\/wp-content\/uploads\/2022\/08\/logo-1.png","contentUrl":"https:\/\/librairie7l.com\/wp-content\/uploads\/2022\/08\/logo-1.png","width":227,"height":301,"caption":"Librairie 7L"},"image":{"@id":"https:\/\/librairie7l.com\/en\/#\/schema\/logo\/image\/"}}]}},"_links":{"self":[{"href":"https:\/\/librairie7l.com\/en\/wp-json\/wp\/v2\/product\/18503"}],"collection":[{"href":"https:\/\/librairie7l.com\/en\/wp-json\/wp\/v2\/product"}],"about":[{"href":"https:\/\/librairie7l.com\/en\/wp-json\/wp\/v2\/types\/product"}],"wp:featuredmedia":[{"embeddable":true,"href":"https:\/\/librairie7l.com\/en\/wp-json\/wp\/v2\/media\/32177"}],"wp:attachment":[{"href":"https:\/\/librairie7l.com\/en\/wp-json\/wp\/v2\/media?parent=18503"}],"wp:term":[{"taxonomy":"product_cat","embeddable":true,"href":"https:\/\/librairie7l.com\/en\/wp-json\/wp\/v2\/product_cat?post=18503"},{"taxonomy":"product_tag","embeddable":true,"href":"https:\/\/librairie7l.com\/en\/wp-json\/wp\/v2\/product_tag?post=18503"}],"curies":[{"name":"wp","href":"https:\/\/api.w.org\/{rel}","templated":true}]}}