{"id":18511,"date":"2023-05-09T17:45:48","date_gmt":"2023-05-09T15:45:48","guid":{"rendered":"https:\/\/librairie7l.com\/?post_type=product&#038;p=18511"},"modified":"2026-04-03T17:28:00","modified_gmt":"2026-04-03T15:28:00","slug":"habiter-lair","status":"publish","type":"product","link":"https:\/\/librairie7l.com\/en\/produit\/habiter-lair\/","title":{"rendered":"HABITER L&#8217;AIR"},"content":{"rendered":"<p>Dompter l&#8217;air pour cr\u00e9er de nouvelles architectures ! L&#8217;homme habite l&#8217;air de sa naissance jusqu&#8217;\u00e0 sa mort. On pourrait donc dire qu&#8217;habiter l&#8217;air est une lapalissade. La trentaine de projets internationaux pr\u00e9sent\u00e9s ici montre \u00e0 quel point ce mat\u00e9riau de construction offre de nouvelles possibilit\u00e9s en mati\u00e8re d&#8217;architecture. Si on conna\u00eet depuis longtemps les structures gonflables et pneumatiques, on sait moins qu&#8217;ils existent aujourd&#8217;hui des dispositifs ing\u00e9nieux permettant d&#8217;isoler, \u00e0 la mani\u00e8re de parois invisibles, des espaces ext\u00e9rieurs en ville comme en pleine nature. Dessiner l&#8217;environnement n&#8217;est plus une utopie ! L&#8217;air, savamment utilis\u00e9, permet donc d&#8217;isoler mais aussi de rafra\u00eechir et de cr\u00e9er des architectures bioclimatiques en phase avec les pr\u00e9occupations environnementales actuelles.<\/p>\n","protected":false},"excerpt":{"rendered":"<p>Dompter l&#8217;air pour cr\u00e9er de nouvelles architectures ! L&#8217;homme habite l&#8217;air de sa naissance jusqu&#8217;\u00e0 sa mort. On pourrait donc dire qu&#8217;habiter l&#8217;air est une lapalissade. La trentaine de projets internationaux pr\u00e9sent\u00e9s ici montre \u00e0 quel point ce mat\u00e9riau de construction offre de nouvelles possibilit\u00e9s en mati\u00e8re d&#8217;architecture. Si on conna\u00eet depuis longtemps les structures [&hellip;]<\/p>\n","protected":false},"featured_media":18509,"template":"","meta":[],"product_cat":[2948,2950],"product_tag":[],"acf":[],"yoast_head":"<!-- This site is optimized with the Yoast SEO plugin v20.11 - https:\/\/yoast.com\/wordpress\/plugins\/seo\/ -->\n<title>HABITER L&#039;AIR - Librairie 7L<\/title>\n<meta name=\"robots\" content=\"index, follow, max-snippet:-1, max-image-preview:large, max-video-preview:-1\" \/>\n<link rel=\"canonical\" href=\"https:\/\/librairie7l.com\/en\/produit\/habiter-lair\/\" \/>\n<meta property=\"og:locale\" content=\"en_US\" \/>\n<meta property=\"og:type\" content=\"article\" \/>\n<meta property=\"og:title\" content=\"HABITER L&#039;AIR - Librairie 7L\" \/>\n<meta property=\"og:description\" content=\"Dompter l&#8217;air pour cr\u00e9er de nouvelles architectures ! L&#8217;homme habite l&#8217;air de sa naissance jusqu&#8217;\u00e0 sa mort. On pourrait donc dire qu&#8217;habiter l&#8217;air est une lapalissade. La trentaine de projets internationaux pr\u00e9sent\u00e9s ici montre \u00e0 quel point ce mat\u00e9riau de construction offre de nouvelles possibilit\u00e9s en mati\u00e8re d&#8217;architecture. Si on conna\u00eet depuis longtemps les structures [&hellip;]\" \/>\n<meta property=\"og:url\" content=\"https:\/\/librairie7l.com\/en\/produit\/habiter-lair\/\" \/>\n<meta property=\"og:site_name\" content=\"Librairie 7L\" \/>\n<meta property=\"article:modified_time\" content=\"2026-04-03T15:28:00+00:00\" \/>\n<meta property=\"og:image\" content=\"https:\/\/librairie7l.com\/wp-content\/uploads\/2020\/09\/9782072851490_1_75.jpg\" \/>\n\t<meta property=\"og:image:width\" content=\"600\" \/>\n\t<meta property=\"og:image:height\" content=\"647\" \/>\n\t<meta property=\"og:image:type\" content=\"image\/jpeg\" \/>\n<meta name=\"twitter:card\" content=\"summary_large_image\" \/>\n<meta name=\"twitter:label1\" content=\"Est. reading time\" \/>\n\t<meta name=\"twitter:data1\" content=\"1 minute\" \/>\n<script type=\"application\/ld+json\" class=\"yoast-schema-graph\">{\"@context\":\"https:\/\/schema.org\",\"@graph\":[{\"@type\":\"WebPage\",\"@id\":\"https:\/\/librairie7l.com\/en\/produit\/habiter-lair\/\",\"url\":\"https:\/\/librairie7l.com\/en\/produit\/habiter-lair\/\",\"name\":\"HABITER L'AIR - Librairie 7L\",\"isPartOf\":{\"@id\":\"https:\/\/librairie7l.com\/en\/#website\"},\"datePublished\":\"2023-05-09T15:45:48+00:00\",\"dateModified\":\"2026-04-03T15:28:00+00:00\",\"breadcrumb\":{\"@id\":\"https:\/\/librairie7l.com\/en\/produit\/habiter-lair\/#breadcrumb\"},\"inLanguage\":\"en-US\",\"potentialAction\":[{\"@type\":\"ReadAction\",\"target\":[\"https:\/\/librairie7l.com\/en\/produit\/habiter-lair\/\"]}]},{\"@type\":\"BreadcrumbList\",\"@id\":\"https:\/\/librairie7l.com\/en\/produit\/habiter-lair\/#breadcrumb\",\"itemListElement\":[{\"@type\":\"ListItem\",\"position\":1,\"name\":\"Accueil\",\"item\":\"https:\/\/librairie7l.com\/en\/\"},{\"@type\":\"ListItem\",\"position\":2,\"name\":\"Shop\",\"item\":\"https:\/\/librairie7l.com\/en\/shop\/\"},{\"@type\":\"ListItem\",\"position\":3,\"name\":\"HABITER L&#8217;AIR\"}]},{\"@type\":\"WebSite\",\"@id\":\"https:\/\/librairie7l.com\/en\/#website\",\"url\":\"https:\/\/librairie7l.com\/en\/\",\"name\":\"Librairie 7L\",\"description\":\"Librairie fond\u00e9e en 1999 par Karl Lagerfeld \u00e0 Paris\",\"publisher\":{\"@id\":\"https:\/\/librairie7l.com\/en\/#organization\"},\"potentialAction\":[{\"@type\":\"SearchAction\",\"target\":{\"@type\":\"EntryPoint\",\"urlTemplate\":\"https:\/\/librairie7l.com\/en\/?s={search_term_string}\"},\"query-input\":\"required name=search_term_string\"}],\"inLanguage\":\"en-US\"},{\"@type\":\"Organization\",\"@id\":\"https:\/\/librairie7l.com\/en\/#organization\",\"name\":\"Librairie 7L\",\"url\":\"https:\/\/librairie7l.com\/en\/\",\"logo\":{\"@type\":\"ImageObject\",\"inLanguage\":\"en-US\",\"@id\":\"https:\/\/librairie7l.com\/en\/#\/schema\/logo\/image\/\",\"url\":\"https:\/\/librairie7l.com\/wp-content\/uploads\/2022\/08\/logo-1.png\",\"contentUrl\":\"https:\/\/librairie7l.com\/wp-content\/uploads\/2022\/08\/logo-1.png\",\"width\":227,\"height\":301,\"caption\":\"Librairie 7L\"},\"image\":{\"@id\":\"https:\/\/librairie7l.com\/en\/#\/schema\/logo\/image\/\"}}]}<\/script>\n<!-- \/ Yoast SEO plugin. -->","yoast_head_json":{"title":"HABITER L'AIR - Librairie 7L","robots":{"index":"index","follow":"follow","max-snippet":"max-snippet:-1","max-image-preview":"max-image-preview:large","max-video-preview":"max-video-preview:-1"},"canonical":"https:\/\/librairie7l.com\/en\/produit\/habiter-lair\/","og_locale":"en_US","og_type":"article","og_title":"HABITER L'AIR - Librairie 7L","og_description":"Dompter l&#8217;air pour cr\u00e9er de nouvelles architectures ! L&#8217;homme habite l&#8217;air de sa naissance jusqu&#8217;\u00e0 sa mort. On pourrait donc dire qu&#8217;habiter l&#8217;air est une lapalissade. La trentaine de projets internationaux pr\u00e9sent\u00e9s ici montre \u00e0 quel point ce mat\u00e9riau de construction offre de nouvelles possibilit\u00e9s en mati\u00e8re d&#8217;architecture. Si on conna\u00eet depuis longtemps les structures [&hellip;]","og_url":"https:\/\/librairie7l.com\/en\/produit\/habiter-lair\/","og_site_name":"Librairie 7L","article_modified_time":"2026-04-03T15:28:00+00:00","og_image":[{"width":600,"height":647,"url":"https:\/\/librairie7l.com\/wp-content\/uploads\/2020\/09\/9782072851490_1_75.jpg","type":"image\/jpeg"}],"twitter_card":"summary_large_image","twitter_misc":{"Est. reading time":"1 minute"},"schema":{"@context":"https:\/\/schema.org","@graph":[{"@type":"WebPage","@id":"https:\/\/librairie7l.com\/en\/produit\/habiter-lair\/","url":"https:\/\/librairie7l.com\/en\/produit\/habiter-lair\/","name":"HABITER L'AIR - Librairie 7L","isPartOf":{"@id":"https:\/\/librairie7l.com\/en\/#website"},"datePublished":"2023-05-09T15:45:48+00:00","dateModified":"2026-04-03T15:28:00+00:00","breadcrumb":{"@id":"https:\/\/librairie7l.com\/en\/produit\/habiter-lair\/#breadcrumb"},"inLanguage":"en-US","potentialAction":[{"@type":"ReadAction","target":["https:\/\/librairie7l.com\/en\/produit\/habiter-lair\/"]}]},{"@type":"BreadcrumbList","@id":"https:\/\/librairie7l.com\/en\/produit\/habiter-lair\/#breadcrumb","itemListElement":[{"@type":"ListItem","position":1,"name":"Accueil","item":"https:\/\/librairie7l.com\/en\/"},{"@type":"ListItem","position":2,"name":"Shop","item":"https:\/\/librairie7l.com\/en\/shop\/"},{"@type":"ListItem","position":3,"name":"HABITER L&#8217;AIR"}]},{"@type":"WebSite","@id":"https:\/\/librairie7l.com\/en\/#website","url":"https:\/\/librairie7l.com\/en\/","name":"Librairie 7L","description":"Librairie fond\u00e9e en 1999 par Karl Lagerfeld \u00e0 Paris","publisher":{"@id":"https:\/\/librairie7l.com\/en\/#organization"},"potentialAction":[{"@type":"SearchAction","target":{"@type":"EntryPoint","urlTemplate":"https:\/\/librairie7l.com\/en\/?s={search_term_string}"},"query-input":"required name=search_term_string"}],"inLanguage":"en-US"},{"@type":"Organization","@id":"https:\/\/librairie7l.com\/en\/#organization","name":"Librairie 7L","url":"https:\/\/librairie7l.com\/en\/","logo":{"@type":"ImageObject","inLanguage":"en-US","@id":"https:\/\/librairie7l.com\/en\/#\/schema\/logo\/image\/","url":"https:\/\/librairie7l.com\/wp-content\/uploads\/2022\/08\/logo-1.png","contentUrl":"https:\/\/librairie7l.com\/wp-content\/uploads\/2022\/08\/logo-1.png","width":227,"height":301,"caption":"Librairie 7L"},"image":{"@id":"https:\/\/librairie7l.com\/en\/#\/schema\/logo\/image\/"}}]}},"_links":{"self":[{"href":"https:\/\/librairie7l.com\/en\/wp-json\/wp\/v2\/product\/18511"}],"collection":[{"href":"https:\/\/librairie7l.com\/en\/wp-json\/wp\/v2\/product"}],"about":[{"href":"https:\/\/librairie7l.com\/en\/wp-json\/wp\/v2\/types\/product"}],"wp:featuredmedia":[{"embeddable":true,"href":"https:\/\/librairie7l.com\/en\/wp-json\/wp\/v2\/media\/18509"}],"wp:attachment":[{"href":"https:\/\/librairie7l.com\/en\/wp-json\/wp\/v2\/media?parent=18511"}],"wp:term":[{"taxonomy":"product_cat","embeddable":true,"href":"https:\/\/librairie7l.com\/en\/wp-json\/wp\/v2\/product_cat?post=18511"},{"taxonomy":"product_tag","embeddable":true,"href":"https:\/\/librairie7l.com\/en\/wp-json\/wp\/v2\/product_tag?post=18511"}],"curies":[{"name":"wp","href":"https:\/\/api.w.org\/{rel}","templated":true}]}}