{"id":18531,"date":"2023-05-09T17:46:05","date_gmt":"2023-05-09T15:46:05","guid":{"rendered":"https:\/\/librairie7l.com\/?post_type=product&#038;p=18531"},"modified":"2026-05-01T22:06:58","modified_gmt":"2026-05-01T20:06:58","slug":"yonel-lebovici","status":"publish","type":"product","link":"https:\/\/librairie7l.com\/en\/produit\/yonel-lebovici\/","title":{"rendered":"YONEL LEBOVICI"},"content":{"rendered":"<p>Premi\u00e8re monographie consacr\u00e9e \u00e0 l&#8217;oeuvre de Yonel Lebovici (1937-1998). Le projet est de d\u00e9finir les contours d&#8217;une oeuvre prot\u00e9iforme produite par un cr\u00e9ateur dont on cherche \u00e0 d\u00e9finir la nature : artiste ou designer ? Cet original \u00e9pouse son temps, il projette d\u00e8s les ann\u00e9es 60 son \u00e9nergie dans l&#8217;accomplissement artistique de ses comp\u00e9tences techniques. Passionn\u00e9 d&#8217;a\u00e9ronautique, il imagine des oeuvres ou plus exactement des sculptures utiles, audacieuses et ing\u00e9nieuses. Remarqu\u00e9 et \u00e9dit\u00e9 par Pierre Cardin, il entre sur la sc\u00e8ne artistique parisienne. Dans son travail, la fonction se drape d&#8217;un aspect ludique et se compose selon divers processus cr\u00e9atifs : la transposition, l&#8217;effet loupe, la r\u00e9versibilit\u00e9, la combinatoire et le modulaire. Sa qu\u00eate de beaut\u00e9 se d\u00e9ploie en suivant une logique de g\u00e9nial bricolage. Par un ph\u00e9nom\u00e8ne d&#8217;assemblage, d&#8217;association il usine des mati\u00e8res industrielles : les mati\u00e8res plastiques, l&#8217;aluminium, le plexiglass, par exemple. Esprit libre, il \u00e9voque ses passions par le biais d&#8217;objets m\u00e9tamorphos\u00e9s : le flotteur, le niveau du ma\u00e7on, la fiche \u00e9lectrique, le trombone, le code-barres, le masque de soudeur&#8230; Il transpose en sculptures ces objets anonymes, par une forte attention \u00e0 la forme, une fonction \u00e9quivoque, elles sont produites en s\u00e9ries limit\u00e9es. Lebovici les transfigure, m\u00fb par le d\u00e9sir de nous les faire regarder autrement. Cette oeuvre joyeuse et unique, s&#8217;inscrit dans la grande histoire des \u00ab objetistes \u00bb du XX\u00e8me si\u00e8cle.<\/p>\n","protected":false},"excerpt":{"rendered":"<p>Premi\u00e8re monographie consacr\u00e9e \u00e0 l&#8217;oeuvre de Yonel Lebovici (1937-1998). Le projet est de d\u00e9finir les contours d&#8217;une oeuvre prot\u00e9iforme produite par un cr\u00e9ateur dont on cherche \u00e0 d\u00e9finir la nature : artiste ou designer ? Cet original \u00e9pouse son temps, il projette d\u00e8s les ann\u00e9es 60 son \u00e9nergie dans l&#8217;accomplissement artistique de ses comp\u00e9tences techniques. [&hellip;]<\/p>\n","protected":false},"featured_media":18529,"template":"","meta":[],"product_cat":[2948,2952],"product_tag":[],"acf":[],"yoast_head":"<!-- This site is optimized with the Yoast SEO plugin v20.11 - https:\/\/yoast.com\/wordpress\/plugins\/seo\/ -->\n<title>YONEL LEBOVICI - Librairie 7L<\/title>\n<meta name=\"robots\" content=\"index, follow, max-snippet:-1, max-image-preview:large, max-video-preview:-1\" \/>\n<link rel=\"canonical\" href=\"https:\/\/librairie7l.com\/en\/produit\/yonel-lebovici\/\" \/>\n<meta property=\"og:locale\" content=\"en_US\" \/>\n<meta property=\"og:type\" content=\"article\" \/>\n<meta property=\"og:title\" content=\"YONEL LEBOVICI - Librairie 7L\" \/>\n<meta property=\"og:description\" content=\"Premi\u00e8re monographie consacr\u00e9e \u00e0 l&#8217;oeuvre de Yonel Lebovici (1937-1998). Le projet est de d\u00e9finir les contours d&#8217;une oeuvre prot\u00e9iforme produite par un cr\u00e9ateur dont on cherche \u00e0 d\u00e9finir la nature : artiste ou designer ? Cet original \u00e9pouse son temps, il projette d\u00e8s les ann\u00e9es 60 son \u00e9nergie dans l&#8217;accomplissement artistique de ses comp\u00e9tences techniques. [&hellip;]\" \/>\n<meta property=\"og:url\" content=\"https:\/\/librairie7l.com\/en\/produit\/yonel-lebovici\/\" \/>\n<meta property=\"og:site_name\" content=\"Librairie 7L\" \/>\n<meta property=\"article:modified_time\" content=\"2026-05-01T20:06:58+00:00\" \/>\n<meta property=\"og:image\" content=\"https:\/\/librairie7l.com\/wp-content\/uploads\/2022\/08\/9782841054053_1_75.jpg\" \/>\n\t<meta property=\"og:image:width\" content=\"600\" \/>\n\t<meta property=\"og:image:height\" content=\"742\" \/>\n\t<meta property=\"og:image:type\" content=\"image\/jpeg\" \/>\n<meta name=\"twitter:card\" content=\"summary_large_image\" \/>\n<meta name=\"twitter:label1\" content=\"Est. reading time\" \/>\n\t<meta name=\"twitter:data1\" content=\"1 minute\" \/>\n<script type=\"application\/ld+json\" class=\"yoast-schema-graph\">{\"@context\":\"https:\/\/schema.org\",\"@graph\":[{\"@type\":\"WebPage\",\"@id\":\"https:\/\/librairie7l.com\/en\/produit\/yonel-lebovici\/\",\"url\":\"https:\/\/librairie7l.com\/en\/produit\/yonel-lebovici\/\",\"name\":\"YONEL LEBOVICI - Librairie 7L\",\"isPartOf\":{\"@id\":\"https:\/\/librairie7l.com\/en\/#website\"},\"datePublished\":\"2023-05-09T15:46:05+00:00\",\"dateModified\":\"2026-05-01T20:06:58+00:00\",\"breadcrumb\":{\"@id\":\"https:\/\/librairie7l.com\/en\/produit\/yonel-lebovici\/#breadcrumb\"},\"inLanguage\":\"en-US\",\"potentialAction\":[{\"@type\":\"ReadAction\",\"target\":[\"https:\/\/librairie7l.com\/en\/produit\/yonel-lebovici\/\"]}]},{\"@type\":\"BreadcrumbList\",\"@id\":\"https:\/\/librairie7l.com\/en\/produit\/yonel-lebovici\/#breadcrumb\",\"itemListElement\":[{\"@type\":\"ListItem\",\"position\":1,\"name\":\"Accueil\",\"item\":\"https:\/\/librairie7l.com\/en\/\"},{\"@type\":\"ListItem\",\"position\":2,\"name\":\"Shop\",\"item\":\"https:\/\/librairie7l.com\/en\/shop\/\"},{\"@type\":\"ListItem\",\"position\":3,\"name\":\"YONEL LEBOVICI\"}]},{\"@type\":\"WebSite\",\"@id\":\"https:\/\/librairie7l.com\/en\/#website\",\"url\":\"https:\/\/librairie7l.com\/en\/\",\"name\":\"Librairie 7L\",\"description\":\"Librairie fond\u00e9e en 1999 par Karl Lagerfeld \u00e0 Paris\",\"publisher\":{\"@id\":\"https:\/\/librairie7l.com\/en\/#organization\"},\"potentialAction\":[{\"@type\":\"SearchAction\",\"target\":{\"@type\":\"EntryPoint\",\"urlTemplate\":\"https:\/\/librairie7l.com\/en\/?s={search_term_string}\"},\"query-input\":\"required name=search_term_string\"}],\"inLanguage\":\"en-US\"},{\"@type\":\"Organization\",\"@id\":\"https:\/\/librairie7l.com\/en\/#organization\",\"name\":\"Librairie 7L\",\"url\":\"https:\/\/librairie7l.com\/en\/\",\"logo\":{\"@type\":\"ImageObject\",\"inLanguage\":\"en-US\",\"@id\":\"https:\/\/librairie7l.com\/en\/#\/schema\/logo\/image\/\",\"url\":\"https:\/\/librairie7l.com\/wp-content\/uploads\/2022\/08\/logo-1.png\",\"contentUrl\":\"https:\/\/librairie7l.com\/wp-content\/uploads\/2022\/08\/logo-1.png\",\"width\":227,\"height\":301,\"caption\":\"Librairie 7L\"},\"image\":{\"@id\":\"https:\/\/librairie7l.com\/en\/#\/schema\/logo\/image\/\"}}]}<\/script>\n<!-- \/ Yoast SEO plugin. -->","yoast_head_json":{"title":"YONEL LEBOVICI - Librairie 7L","robots":{"index":"index","follow":"follow","max-snippet":"max-snippet:-1","max-image-preview":"max-image-preview:large","max-video-preview":"max-video-preview:-1"},"canonical":"https:\/\/librairie7l.com\/en\/produit\/yonel-lebovici\/","og_locale":"en_US","og_type":"article","og_title":"YONEL LEBOVICI - Librairie 7L","og_description":"Premi\u00e8re monographie consacr\u00e9e \u00e0 l&#8217;oeuvre de Yonel Lebovici (1937-1998). Le projet est de d\u00e9finir les contours d&#8217;une oeuvre prot\u00e9iforme produite par un cr\u00e9ateur dont on cherche \u00e0 d\u00e9finir la nature : artiste ou designer ? Cet original \u00e9pouse son temps, il projette d\u00e8s les ann\u00e9es 60 son \u00e9nergie dans l&#8217;accomplissement artistique de ses comp\u00e9tences techniques. [&hellip;]","og_url":"https:\/\/librairie7l.com\/en\/produit\/yonel-lebovici\/","og_site_name":"Librairie 7L","article_modified_time":"2026-05-01T20:06:58+00:00","og_image":[{"width":600,"height":742,"url":"https:\/\/librairie7l.com\/wp-content\/uploads\/2022\/08\/9782841054053_1_75.jpg","type":"image\/jpeg"}],"twitter_card":"summary_large_image","twitter_misc":{"Est. reading time":"1 minute"},"schema":{"@context":"https:\/\/schema.org","@graph":[{"@type":"WebPage","@id":"https:\/\/librairie7l.com\/en\/produit\/yonel-lebovici\/","url":"https:\/\/librairie7l.com\/en\/produit\/yonel-lebovici\/","name":"YONEL LEBOVICI - Librairie 7L","isPartOf":{"@id":"https:\/\/librairie7l.com\/en\/#website"},"datePublished":"2023-05-09T15:46:05+00:00","dateModified":"2026-05-01T20:06:58+00:00","breadcrumb":{"@id":"https:\/\/librairie7l.com\/en\/produit\/yonel-lebovici\/#breadcrumb"},"inLanguage":"en-US","potentialAction":[{"@type":"ReadAction","target":["https:\/\/librairie7l.com\/en\/produit\/yonel-lebovici\/"]}]},{"@type":"BreadcrumbList","@id":"https:\/\/librairie7l.com\/en\/produit\/yonel-lebovici\/#breadcrumb","itemListElement":[{"@type":"ListItem","position":1,"name":"Accueil","item":"https:\/\/librairie7l.com\/en\/"},{"@type":"ListItem","position":2,"name":"Shop","item":"https:\/\/librairie7l.com\/en\/shop\/"},{"@type":"ListItem","position":3,"name":"YONEL LEBOVICI"}]},{"@type":"WebSite","@id":"https:\/\/librairie7l.com\/en\/#website","url":"https:\/\/librairie7l.com\/en\/","name":"Librairie 7L","description":"Librairie fond\u00e9e en 1999 par Karl Lagerfeld \u00e0 Paris","publisher":{"@id":"https:\/\/librairie7l.com\/en\/#organization"},"potentialAction":[{"@type":"SearchAction","target":{"@type":"EntryPoint","urlTemplate":"https:\/\/librairie7l.com\/en\/?s={search_term_string}"},"query-input":"required name=search_term_string"}],"inLanguage":"en-US"},{"@type":"Organization","@id":"https:\/\/librairie7l.com\/en\/#organization","name":"Librairie 7L","url":"https:\/\/librairie7l.com\/en\/","logo":{"@type":"ImageObject","inLanguage":"en-US","@id":"https:\/\/librairie7l.com\/en\/#\/schema\/logo\/image\/","url":"https:\/\/librairie7l.com\/wp-content\/uploads\/2022\/08\/logo-1.png","contentUrl":"https:\/\/librairie7l.com\/wp-content\/uploads\/2022\/08\/logo-1.png","width":227,"height":301,"caption":"Librairie 7L"},"image":{"@id":"https:\/\/librairie7l.com\/en\/#\/schema\/logo\/image\/"}}]}},"_links":{"self":[{"href":"https:\/\/librairie7l.com\/en\/wp-json\/wp\/v2\/product\/18531"}],"collection":[{"href":"https:\/\/librairie7l.com\/en\/wp-json\/wp\/v2\/product"}],"about":[{"href":"https:\/\/librairie7l.com\/en\/wp-json\/wp\/v2\/types\/product"}],"wp:featuredmedia":[{"embeddable":true,"href":"https:\/\/librairie7l.com\/en\/wp-json\/wp\/v2\/media\/18529"}],"wp:attachment":[{"href":"https:\/\/librairie7l.com\/en\/wp-json\/wp\/v2\/media?parent=18531"}],"wp:term":[{"taxonomy":"product_cat","embeddable":true,"href":"https:\/\/librairie7l.com\/en\/wp-json\/wp\/v2\/product_cat?post=18531"},{"taxonomy":"product_tag","embeddable":true,"href":"https:\/\/librairie7l.com\/en\/wp-json\/wp\/v2\/product_tag?post=18531"}],"curies":[{"name":"wp","href":"https:\/\/api.w.org\/{rel}","templated":true}]}}