{"id":18539,"date":"2023-05-09T17:46:14","date_gmt":"2023-05-09T15:46:14","guid":{"rendered":"https:\/\/librairie7l.com\/?post_type=product&#038;p=18539"},"modified":"2026-04-16T12:14:32","modified_gmt":"2026-04-16T10:14:32","slug":"edmund-de-waal-au-musee-nissim-de-camondo-lettres-a-camondo","status":"publish","type":"product","link":"https:\/\/librairie7l.com\/en\/produit\/edmund-de-waal-au-musee-nissim-de-camondo-lettres-a-camondo\/","title":{"rendered":"EDMUND DE WAAL AU MUS\u00c9E NISSIM DE CAMONDO : LETTRES \u00c0 CAMONDO"},"content":{"rendered":"<p>\u00c9difi\u00e9 en 1911 par Mo\u00efse de Camondo puis l\u00e9gu\u00e9 \u00e0 l&#8217;\u00c9tat fran\u00e7ais en m\u00e9moire de son fils Nissim tomb\u00e9 au combat en 1917, le mus\u00e9e Nissim de Camondo accueille pour la premi\u00e8re fois l&#8217;intervention d&#8217;un artiste contemporain dans ses espaces. Le c\u00e9ramiste et \u00e9crivain Edmund de Waal a r\u00e9alis\u00e9 pour le mus\u00e9e une s\u00e9rie d&#8217;oeuvres en porcelaine extr\u00eamement sensibles et d\u00e9licates, qui s&#8217;int\u00e8grent discr\u00e8tement dans ce lieu charg\u00e9 d&#8217;histoire. Descendant de la dynastie des Ephrussi, qui s&#8217;\u00e9taient install\u00e9s dans un h\u00f4tel particulier de la rue de Monceau \u00e0,Paris \u00e0 quelques num\u00e9ros de celui de Mo\u00efse de Cmondo, Edmund de Waal fait cohabiter et dialoguer ses oeuvres avec les anciens occupants des lieux. Ce catalogue de l&#8217;exposition propose de d\u00e9couvrir les oeuvres d&#8217;Edmund de Waal gr\u00e2ce \u00e0 des photographies de leur installation in situ, afin de percevoir combien elles habitent l&#8217;espace avec toute leur retenue, gliss\u00e9es dans les recoins de la demeure et jusque dans des endroits inaccessibles au public. Les photographies laissent une grande place \u00e0 la lumi\u00e8re naturelle qui magnifie l&#8217;int\u00e9rieur feutr\u00e9 de l&#8217;h\u00f4tel Camondo, et permettent de saisir tout le myst\u00e8re qui entoure les vases et ces fragiles lettres de porcelaine, inspir\u00e9s par la Chine de l&#8217;\u00e9poque Song ou le Japon de l&#8217;\u00e8re Edo. Parfois \u00e9br\u00e9ch\u00e9es ou augment\u00e9es de dorures dans l&#8217;esprit du kintsugi, qui permet traditionnellement de r\u00e9parer certaines porcelaines bris\u00e9es avec des feuilles d&#8217;or ou de la laque, les c\u00e9ramiques d&#8217;Edmund de Waal sont comme de discr\u00e8tes st\u00e8les qui accompagnent la m\u00e9moire des Camondo et qui tissent entre le pass\u00e9 et le pr\u00e9sent des liens inalt\u00e9rables. Ce livre \u00e0 la mise en page raffin\u00e9e restitue l&#8217;atmosph\u00e8re des lieux et permet de saisir toute la d\u00e9licatesse de l&#8217;intervention d&#8217;Edmund de Waal au mus\u00e9e Nissim de Camondo.<\/p>\n","protected":false},"excerpt":{"rendered":"<p>\u00c9difi\u00e9 en 1911 par Mo\u00efse de Camondo puis l\u00e9gu\u00e9 \u00e0 l&#8217;\u00c9tat fran\u00e7ais en m\u00e9moire de son fils Nissim tomb\u00e9 au combat en 1917, le mus\u00e9e Nissim de Camondo accueille pour la premi\u00e8re fois l&#8217;intervention d&#8217;un artiste contemporain dans ses espaces. Le c\u00e9ramiste et \u00e9crivain Edmund de Waal a r\u00e9alis\u00e9 pour le mus\u00e9e une s\u00e9rie d&#8217;oeuvres [&hellip;]<\/p>\n","protected":false},"featured_media":18537,"template":"","meta":[],"product_cat":[2948,2952],"product_tag":[],"acf":[],"yoast_head":"<!-- This site is optimized with the Yoast SEO plugin v20.11 - https:\/\/yoast.com\/wordpress\/plugins\/seo\/ -->\n<title>EDMUND DE WAAL AU MUS\u00c9E NISSIM DE CAMONDO : LETTRES \u00c0 CAMONDO - Librairie 7L<\/title>\n<meta name=\"robots\" content=\"index, follow, max-snippet:-1, max-image-preview:large, max-video-preview:-1\" \/>\n<link rel=\"canonical\" href=\"https:\/\/librairie7l.com\/en\/produit\/edmund-de-waal-au-musee-nissim-de-camondo-lettres-a-camondo\/\" \/>\n<meta property=\"og:locale\" content=\"en_US\" \/>\n<meta property=\"og:type\" content=\"article\" \/>\n<meta property=\"og:title\" content=\"EDMUND DE WAAL AU MUS\u00c9E NISSIM DE CAMONDO : LETTRES \u00c0 CAMONDO - Librairie 7L\" \/>\n<meta property=\"og:description\" content=\"\u00c9difi\u00e9 en 1911 par Mo\u00efse de Camondo puis l\u00e9gu\u00e9 \u00e0 l&#8217;\u00c9tat fran\u00e7ais en m\u00e9moire de son fils Nissim tomb\u00e9 au combat en 1917, le mus\u00e9e Nissim de Camondo accueille pour la premi\u00e8re fois l&#8217;intervention d&#8217;un artiste contemporain dans ses espaces. Le c\u00e9ramiste et \u00e9crivain Edmund de Waal a r\u00e9alis\u00e9 pour le mus\u00e9e une s\u00e9rie d&#8217;oeuvres [&hellip;]\" \/>\n<meta property=\"og:url\" content=\"https:\/\/librairie7l.com\/en\/produit\/edmund-de-waal-au-musee-nissim-de-camondo-lettres-a-camondo\/\" \/>\n<meta property=\"og:site_name\" content=\"Librairie 7L\" \/>\n<meta property=\"article:modified_time\" content=\"2026-04-16T10:14:32+00:00\" \/>\n<meta property=\"og:image\" content=\"https:\/\/librairie7l.com\/wp-content\/uploads\/2022\/04\/9782383140016_1_75.jpg\" \/>\n\t<meta property=\"og:image:width\" content=\"400\" \/>\n\t<meta property=\"og:image:height\" content=\"563\" \/>\n\t<meta property=\"og:image:type\" content=\"image\/jpeg\" \/>\n<meta name=\"twitter:card\" content=\"summary_large_image\" \/>\n<meta name=\"twitter:label1\" content=\"Est. reading time\" \/>\n\t<meta name=\"twitter:data1\" content=\"2 minutes\" \/>\n<script type=\"application\/ld+json\" class=\"yoast-schema-graph\">{\"@context\":\"https:\/\/schema.org\",\"@graph\":[{\"@type\":\"WebPage\",\"@id\":\"https:\/\/librairie7l.com\/en\/produit\/edmund-de-waal-au-musee-nissim-de-camondo-lettres-a-camondo\/\",\"url\":\"https:\/\/librairie7l.com\/en\/produit\/edmund-de-waal-au-musee-nissim-de-camondo-lettres-a-camondo\/\",\"name\":\"EDMUND DE WAAL AU MUS\u00c9E NISSIM DE CAMONDO : LETTRES \u00c0 CAMONDO - Librairie 7L\",\"isPartOf\":{\"@id\":\"https:\/\/librairie7l.com\/en\/#website\"},\"datePublished\":\"2023-05-09T15:46:14+00:00\",\"dateModified\":\"2026-04-16T10:14:32+00:00\",\"breadcrumb\":{\"@id\":\"https:\/\/librairie7l.com\/en\/produit\/edmund-de-waal-au-musee-nissim-de-camondo-lettres-a-camondo\/#breadcrumb\"},\"inLanguage\":\"en-US\",\"potentialAction\":[{\"@type\":\"ReadAction\",\"target\":[\"https:\/\/librairie7l.com\/en\/produit\/edmund-de-waal-au-musee-nissim-de-camondo-lettres-a-camondo\/\"]}]},{\"@type\":\"BreadcrumbList\",\"@id\":\"https:\/\/librairie7l.com\/en\/produit\/edmund-de-waal-au-musee-nissim-de-camondo-lettres-a-camondo\/#breadcrumb\",\"itemListElement\":[{\"@type\":\"ListItem\",\"position\":1,\"name\":\"Accueil\",\"item\":\"https:\/\/librairie7l.com\/en\/\"},{\"@type\":\"ListItem\",\"position\":2,\"name\":\"Shop\",\"item\":\"https:\/\/librairie7l.com\/en\/shop\/\"},{\"@type\":\"ListItem\",\"position\":3,\"name\":\"EDMUND DE WAAL AU MUS\u00c9E NISSIM DE CAMONDO : LETTRES \u00c0 CAMONDO\"}]},{\"@type\":\"WebSite\",\"@id\":\"https:\/\/librairie7l.com\/en\/#website\",\"url\":\"https:\/\/librairie7l.com\/en\/\",\"name\":\"Librairie 7L\",\"description\":\"Librairie fond\u00e9e en 1999 par Karl Lagerfeld \u00e0 Paris\",\"publisher\":{\"@id\":\"https:\/\/librairie7l.com\/en\/#organization\"},\"potentialAction\":[{\"@type\":\"SearchAction\",\"target\":{\"@type\":\"EntryPoint\",\"urlTemplate\":\"https:\/\/librairie7l.com\/en\/?s={search_term_string}\"},\"query-input\":\"required name=search_term_string\"}],\"inLanguage\":\"en-US\"},{\"@type\":\"Organization\",\"@id\":\"https:\/\/librairie7l.com\/en\/#organization\",\"name\":\"Librairie 7L\",\"url\":\"https:\/\/librairie7l.com\/en\/\",\"logo\":{\"@type\":\"ImageObject\",\"inLanguage\":\"en-US\",\"@id\":\"https:\/\/librairie7l.com\/en\/#\/schema\/logo\/image\/\",\"url\":\"https:\/\/librairie7l.com\/wp-content\/uploads\/2022\/08\/logo-1.png\",\"contentUrl\":\"https:\/\/librairie7l.com\/wp-content\/uploads\/2022\/08\/logo-1.png\",\"width\":227,\"height\":301,\"caption\":\"Librairie 7L\"},\"image\":{\"@id\":\"https:\/\/librairie7l.com\/en\/#\/schema\/logo\/image\/\"}}]}<\/script>\n<!-- \/ Yoast SEO plugin. -->","yoast_head_json":{"title":"EDMUND DE WAAL AU MUS\u00c9E NISSIM DE CAMONDO : LETTRES \u00c0 CAMONDO - Librairie 7L","robots":{"index":"index","follow":"follow","max-snippet":"max-snippet:-1","max-image-preview":"max-image-preview:large","max-video-preview":"max-video-preview:-1"},"canonical":"https:\/\/librairie7l.com\/en\/produit\/edmund-de-waal-au-musee-nissim-de-camondo-lettres-a-camondo\/","og_locale":"en_US","og_type":"article","og_title":"EDMUND DE WAAL AU MUS\u00c9E NISSIM DE CAMONDO : LETTRES \u00c0 CAMONDO - Librairie 7L","og_description":"\u00c9difi\u00e9 en 1911 par Mo\u00efse de Camondo puis l\u00e9gu\u00e9 \u00e0 l&#8217;\u00c9tat fran\u00e7ais en m\u00e9moire de son fils Nissim tomb\u00e9 au combat en 1917, le mus\u00e9e Nissim de Camondo accueille pour la premi\u00e8re fois l&#8217;intervention d&#8217;un artiste contemporain dans ses espaces. Le c\u00e9ramiste et \u00e9crivain Edmund de Waal a r\u00e9alis\u00e9 pour le mus\u00e9e une s\u00e9rie d&#8217;oeuvres [&hellip;]","og_url":"https:\/\/librairie7l.com\/en\/produit\/edmund-de-waal-au-musee-nissim-de-camondo-lettres-a-camondo\/","og_site_name":"Librairie 7L","article_modified_time":"2026-04-16T10:14:32+00:00","og_image":[{"width":400,"height":563,"url":"https:\/\/librairie7l.com\/wp-content\/uploads\/2022\/04\/9782383140016_1_75.jpg","type":"image\/jpeg"}],"twitter_card":"summary_large_image","twitter_misc":{"Est. reading time":"2 minutes"},"schema":{"@context":"https:\/\/schema.org","@graph":[{"@type":"WebPage","@id":"https:\/\/librairie7l.com\/en\/produit\/edmund-de-waal-au-musee-nissim-de-camondo-lettres-a-camondo\/","url":"https:\/\/librairie7l.com\/en\/produit\/edmund-de-waal-au-musee-nissim-de-camondo-lettres-a-camondo\/","name":"EDMUND DE WAAL AU MUS\u00c9E NISSIM DE CAMONDO : LETTRES \u00c0 CAMONDO - Librairie 7L","isPartOf":{"@id":"https:\/\/librairie7l.com\/en\/#website"},"datePublished":"2023-05-09T15:46:14+00:00","dateModified":"2026-04-16T10:14:32+00:00","breadcrumb":{"@id":"https:\/\/librairie7l.com\/en\/produit\/edmund-de-waal-au-musee-nissim-de-camondo-lettres-a-camondo\/#breadcrumb"},"inLanguage":"en-US","potentialAction":[{"@type":"ReadAction","target":["https:\/\/librairie7l.com\/en\/produit\/edmund-de-waal-au-musee-nissim-de-camondo-lettres-a-camondo\/"]}]},{"@type":"BreadcrumbList","@id":"https:\/\/librairie7l.com\/en\/produit\/edmund-de-waal-au-musee-nissim-de-camondo-lettres-a-camondo\/#breadcrumb","itemListElement":[{"@type":"ListItem","position":1,"name":"Accueil","item":"https:\/\/librairie7l.com\/en\/"},{"@type":"ListItem","position":2,"name":"Shop","item":"https:\/\/librairie7l.com\/en\/shop\/"},{"@type":"ListItem","position":3,"name":"EDMUND DE WAAL AU MUS\u00c9E NISSIM DE CAMONDO : LETTRES \u00c0 CAMONDO"}]},{"@type":"WebSite","@id":"https:\/\/librairie7l.com\/en\/#website","url":"https:\/\/librairie7l.com\/en\/","name":"Librairie 7L","description":"Librairie fond\u00e9e en 1999 par Karl Lagerfeld \u00e0 Paris","publisher":{"@id":"https:\/\/librairie7l.com\/en\/#organization"},"potentialAction":[{"@type":"SearchAction","target":{"@type":"EntryPoint","urlTemplate":"https:\/\/librairie7l.com\/en\/?s={search_term_string}"},"query-input":"required name=search_term_string"}],"inLanguage":"en-US"},{"@type":"Organization","@id":"https:\/\/librairie7l.com\/en\/#organization","name":"Librairie 7L","url":"https:\/\/librairie7l.com\/en\/","logo":{"@type":"ImageObject","inLanguage":"en-US","@id":"https:\/\/librairie7l.com\/en\/#\/schema\/logo\/image\/","url":"https:\/\/librairie7l.com\/wp-content\/uploads\/2022\/08\/logo-1.png","contentUrl":"https:\/\/librairie7l.com\/wp-content\/uploads\/2022\/08\/logo-1.png","width":227,"height":301,"caption":"Librairie 7L"},"image":{"@id":"https:\/\/librairie7l.com\/en\/#\/schema\/logo\/image\/"}}]}},"_links":{"self":[{"href":"https:\/\/librairie7l.com\/en\/wp-json\/wp\/v2\/product\/18539"}],"collection":[{"href":"https:\/\/librairie7l.com\/en\/wp-json\/wp\/v2\/product"}],"about":[{"href":"https:\/\/librairie7l.com\/en\/wp-json\/wp\/v2\/types\/product"}],"wp:featuredmedia":[{"embeddable":true,"href":"https:\/\/librairie7l.com\/en\/wp-json\/wp\/v2\/media\/18537"}],"wp:attachment":[{"href":"https:\/\/librairie7l.com\/en\/wp-json\/wp\/v2\/media?parent=18539"}],"wp:term":[{"taxonomy":"product_cat","embeddable":true,"href":"https:\/\/librairie7l.com\/en\/wp-json\/wp\/v2\/product_cat?post=18539"},{"taxonomy":"product_tag","embeddable":true,"href":"https:\/\/librairie7l.com\/en\/wp-json\/wp\/v2\/product_tag?post=18539"}],"curies":[{"name":"wp","href":"https:\/\/api.w.org\/{rel}","templated":true}]}}