{"id":18547,"date":"2023-05-09T17:46:21","date_gmt":"2023-05-09T15:46:21","guid":{"rendered":"https:\/\/librairie7l.com\/?post_type=product&#038;p=18547"},"modified":"2026-04-03T18:54:55","modified_gmt":"2026-04-03T16:54:55","slug":"les-nouvelles-tendances-du-marche-de-lart-les-ventes-aux-encheres-en-france-e","status":"publish","type":"product","link":"https:\/\/librairie7l.com\/en\/produit\/les-nouvelles-tendances-du-marche-de-lart-les-ventes-aux-encheres-en-france-e\/","title":{"rendered":"LES NOUVELLES TENDANCES DU MARCH\u00c9 DE L&#8217;ART : LES VENTES AUX ENCH\u00c8RES EN FRANCE ET \u00c0 L&#8217;INTERNATIONAL"},"content":{"rendered":"<p>Qu&#8217;ont en commun les ventes de dinosaures, de pi\u00e8ces de haute couture dessin\u00e9es par Chantal Thomass, ou encore de NFT ? Certainement l&#8217;engouement qu&#8217;elles suscitent aupr\u00e8s des collectionneurs et du public ! \u00c0 travers de multiples enqu\u00eates, ce nouveau panorama du march\u00e9 de l&#8217;art en France et \u00e0 l&#8217;international se penche sur les principales tendances du secteur. C&#8217;est l&#8217;occasion de confirmer qu&#8217;au-del\u00e0 des confinements, l&#8217;explosion des ventes en ligne est un ph\u00e9nom\u00e8ne durable, qui r\u00e9v\u00e8le une mutation profonde des pratiques des maisns de ventes et de leurs clients. Et pour s\u00e9duire des consommateurs qui se tournent d\u00e9sormais spontan\u00e9ment vers le canal num\u00e9rique, les maisons de ventes ont plus d&#8217;un atout. Notre ouvrage apporte ainsi un \u00e9clairage sur la formation singuli\u00e8re des commissairespriseurs qui, dot\u00e9s d&#8217;une vaste culture artistique, sont capables d&#8217;exhumer et de valoriser des tr\u00e9sors en tous genres. La pratique de la pr\u00e9emption, sp\u00e9cificit\u00e9 du march\u00e9 fran\u00e7ais permettant d&#8217;enrichir les collections fran\u00e7aises, est \u00e9galement d\u00e9crypt\u00e9e. Par ailleurs, les nouvelles th\u00e9matiques sur lesquelles se concentrent les ventes aux ench\u00e8res, comme les femmes artistes ou \u00e0 l&#8217;art africain contemporain, sont autant de marqueurs de l&#8217;inscription des ventes aux ench\u00e8res dans les questions de soci\u00e9t\u00e9. L&#8217;analyse propos\u00e9e par le Conseil des Ventes Volontaires et Beaux Arts \u00c9ditions apporte ainsi une mise en lumi\u00e8re globale sur ce secteur fascinant.<\/p>\n","protected":false},"excerpt":{"rendered":"<p>Qu&#8217;ont en commun les ventes de dinosaures, de pi\u00e8ces de haute couture dessin\u00e9es par Chantal Thomass, ou encore de NFT ? Certainement l&#8217;engouement qu&#8217;elles suscitent aupr\u00e8s des collectionneurs et du public ! \u00c0 travers de multiples enqu\u00eates, ce nouveau panorama du march\u00e9 de l&#8217;art en France et \u00e0 l&#8217;international se penche sur les principales tendances [&hellip;]<\/p>\n","protected":false},"featured_media":18545,"template":"","meta":[],"product_cat":[2948,2953],"product_tag":[],"acf":[],"yoast_head":"<!-- This site is optimized with the Yoast SEO plugin v20.11 - https:\/\/yoast.com\/wordpress\/plugins\/seo\/ -->\n<title>LES NOUVELLES TENDANCES DU MARCH\u00c9 DE L&#039;ART : LES VENTES AUX ENCH\u00c8RES EN FRANCE ET \u00c0 L&#039;INTERNATIONAL - Librairie 7L<\/title>\n<meta name=\"robots\" content=\"index, follow, max-snippet:-1, max-image-preview:large, max-video-preview:-1\" \/>\n<link rel=\"canonical\" href=\"https:\/\/librairie7l.com\/en\/produit\/les-nouvelles-tendances-du-marche-de-lart-les-ventes-aux-encheres-en-france-e\/\" \/>\n<meta property=\"og:locale\" content=\"en_US\" \/>\n<meta property=\"og:type\" content=\"article\" \/>\n<meta property=\"og:title\" content=\"LES NOUVELLES TENDANCES DU MARCH\u00c9 DE L&#039;ART : LES VENTES AUX ENCH\u00c8RES EN FRANCE ET \u00c0 L&#039;INTERNATIONAL - Librairie 7L\" \/>\n<meta property=\"og:description\" content=\"Qu&#8217;ont en commun les ventes de dinosaures, de pi\u00e8ces de haute couture dessin\u00e9es par Chantal Thomass, ou encore de NFT ? Certainement l&#8217;engouement qu&#8217;elles suscitent aupr\u00e8s des collectionneurs et du public ! \u00c0 travers de multiples enqu\u00eates, ce nouveau panorama du march\u00e9 de l&#8217;art en France et \u00e0 l&#8217;international se penche sur les principales tendances [&hellip;]\" \/>\n<meta property=\"og:url\" content=\"https:\/\/librairie7l.com\/en\/produit\/les-nouvelles-tendances-du-marche-de-lart-les-ventes-aux-encheres-en-france-e\/\" \/>\n<meta property=\"og:site_name\" content=\"Librairie 7L\" \/>\n<meta property=\"article:modified_time\" content=\"2026-04-03T16:54:55+00:00\" \/>\n<meta property=\"og:image\" content=\"https:\/\/librairie7l.com\/wp-content\/uploads\/2022\/07\/9791020407443_1_75.jpg\" \/>\n\t<meta property=\"og:image:width\" content=\"600\" \/>\n\t<meta property=\"og:image:height\" content=\"778\" \/>\n\t<meta property=\"og:image:type\" content=\"image\/jpeg\" \/>\n<meta name=\"twitter:card\" content=\"summary_large_image\" \/>\n<meta name=\"twitter:label1\" content=\"Est. reading time\" \/>\n\t<meta name=\"twitter:data1\" content=\"1 minute\" \/>\n<script type=\"application\/ld+json\" class=\"yoast-schema-graph\">{\"@context\":\"https:\/\/schema.org\",\"@graph\":[{\"@type\":\"WebPage\",\"@id\":\"https:\/\/librairie7l.com\/en\/produit\/les-nouvelles-tendances-du-marche-de-lart-les-ventes-aux-encheres-en-france-e\/\",\"url\":\"https:\/\/librairie7l.com\/en\/produit\/les-nouvelles-tendances-du-marche-de-lart-les-ventes-aux-encheres-en-france-e\/\",\"name\":\"LES NOUVELLES TENDANCES DU MARCH\u00c9 DE L'ART : LES VENTES AUX ENCH\u00c8RES EN FRANCE ET \u00c0 L'INTERNATIONAL - Librairie 7L\",\"isPartOf\":{\"@id\":\"https:\/\/librairie7l.com\/en\/#website\"},\"datePublished\":\"2023-05-09T15:46:21+00:00\",\"dateModified\":\"2026-04-03T16:54:55+00:00\",\"breadcrumb\":{\"@id\":\"https:\/\/librairie7l.com\/en\/produit\/les-nouvelles-tendances-du-marche-de-lart-les-ventes-aux-encheres-en-france-e\/#breadcrumb\"},\"inLanguage\":\"en-US\",\"potentialAction\":[{\"@type\":\"ReadAction\",\"target\":[\"https:\/\/librairie7l.com\/en\/produit\/les-nouvelles-tendances-du-marche-de-lart-les-ventes-aux-encheres-en-france-e\/\"]}]},{\"@type\":\"BreadcrumbList\",\"@id\":\"https:\/\/librairie7l.com\/en\/produit\/les-nouvelles-tendances-du-marche-de-lart-les-ventes-aux-encheres-en-france-e\/#breadcrumb\",\"itemListElement\":[{\"@type\":\"ListItem\",\"position\":1,\"name\":\"Accueil\",\"item\":\"https:\/\/librairie7l.com\/en\/\"},{\"@type\":\"ListItem\",\"position\":2,\"name\":\"Shop\",\"item\":\"https:\/\/librairie7l.com\/en\/shop\/\"},{\"@type\":\"ListItem\",\"position\":3,\"name\":\"LES NOUVELLES TENDANCES DU MARCH\u00c9 DE L&#8217;ART : LES VENTES AUX ENCH\u00c8RES EN FRANCE ET \u00c0 L&#8217;INTERNATIONAL\"}]},{\"@type\":\"WebSite\",\"@id\":\"https:\/\/librairie7l.com\/en\/#website\",\"url\":\"https:\/\/librairie7l.com\/en\/\",\"name\":\"Librairie 7L\",\"description\":\"Librairie fond\u00e9e en 1999 par Karl Lagerfeld \u00e0 Paris\",\"publisher\":{\"@id\":\"https:\/\/librairie7l.com\/en\/#organization\"},\"potentialAction\":[{\"@type\":\"SearchAction\",\"target\":{\"@type\":\"EntryPoint\",\"urlTemplate\":\"https:\/\/librairie7l.com\/en\/?s={search_term_string}\"},\"query-input\":\"required name=search_term_string\"}],\"inLanguage\":\"en-US\"},{\"@type\":\"Organization\",\"@id\":\"https:\/\/librairie7l.com\/en\/#organization\",\"name\":\"Librairie 7L\",\"url\":\"https:\/\/librairie7l.com\/en\/\",\"logo\":{\"@type\":\"ImageObject\",\"inLanguage\":\"en-US\",\"@id\":\"https:\/\/librairie7l.com\/en\/#\/schema\/logo\/image\/\",\"url\":\"https:\/\/librairie7l.com\/wp-content\/uploads\/2022\/08\/logo-1.png\",\"contentUrl\":\"https:\/\/librairie7l.com\/wp-content\/uploads\/2022\/08\/logo-1.png\",\"width\":227,\"height\":301,\"caption\":\"Librairie 7L\"},\"image\":{\"@id\":\"https:\/\/librairie7l.com\/en\/#\/schema\/logo\/image\/\"}}]}<\/script>\n<!-- \/ Yoast SEO plugin. -->","yoast_head_json":{"title":"LES NOUVELLES TENDANCES DU MARCH\u00c9 DE L'ART : LES VENTES AUX ENCH\u00c8RES EN FRANCE ET \u00c0 L'INTERNATIONAL - Librairie 7L","robots":{"index":"index","follow":"follow","max-snippet":"max-snippet:-1","max-image-preview":"max-image-preview:large","max-video-preview":"max-video-preview:-1"},"canonical":"https:\/\/librairie7l.com\/en\/produit\/les-nouvelles-tendances-du-marche-de-lart-les-ventes-aux-encheres-en-france-e\/","og_locale":"en_US","og_type":"article","og_title":"LES NOUVELLES TENDANCES DU MARCH\u00c9 DE L'ART : LES VENTES AUX ENCH\u00c8RES EN FRANCE ET \u00c0 L'INTERNATIONAL - Librairie 7L","og_description":"Qu&#8217;ont en commun les ventes de dinosaures, de pi\u00e8ces de haute couture dessin\u00e9es par Chantal Thomass, ou encore de NFT ? Certainement l&#8217;engouement qu&#8217;elles suscitent aupr\u00e8s des collectionneurs et du public ! \u00c0 travers de multiples enqu\u00eates, ce nouveau panorama du march\u00e9 de l&#8217;art en France et \u00e0 l&#8217;international se penche sur les principales tendances [&hellip;]","og_url":"https:\/\/librairie7l.com\/en\/produit\/les-nouvelles-tendances-du-marche-de-lart-les-ventes-aux-encheres-en-france-e\/","og_site_name":"Librairie 7L","article_modified_time":"2026-04-03T16:54:55+00:00","og_image":[{"width":600,"height":778,"url":"https:\/\/librairie7l.com\/wp-content\/uploads\/2022\/07\/9791020407443_1_75.jpg","type":"image\/jpeg"}],"twitter_card":"summary_large_image","twitter_misc":{"Est. reading time":"1 minute"},"schema":{"@context":"https:\/\/schema.org","@graph":[{"@type":"WebPage","@id":"https:\/\/librairie7l.com\/en\/produit\/les-nouvelles-tendances-du-marche-de-lart-les-ventes-aux-encheres-en-france-e\/","url":"https:\/\/librairie7l.com\/en\/produit\/les-nouvelles-tendances-du-marche-de-lart-les-ventes-aux-encheres-en-france-e\/","name":"LES NOUVELLES TENDANCES DU MARCH\u00c9 DE L'ART : LES VENTES AUX ENCH\u00c8RES EN FRANCE ET \u00c0 L'INTERNATIONAL - Librairie 7L","isPartOf":{"@id":"https:\/\/librairie7l.com\/en\/#website"},"datePublished":"2023-05-09T15:46:21+00:00","dateModified":"2026-04-03T16:54:55+00:00","breadcrumb":{"@id":"https:\/\/librairie7l.com\/en\/produit\/les-nouvelles-tendances-du-marche-de-lart-les-ventes-aux-encheres-en-france-e\/#breadcrumb"},"inLanguage":"en-US","potentialAction":[{"@type":"ReadAction","target":["https:\/\/librairie7l.com\/en\/produit\/les-nouvelles-tendances-du-marche-de-lart-les-ventes-aux-encheres-en-france-e\/"]}]},{"@type":"BreadcrumbList","@id":"https:\/\/librairie7l.com\/en\/produit\/les-nouvelles-tendances-du-marche-de-lart-les-ventes-aux-encheres-en-france-e\/#breadcrumb","itemListElement":[{"@type":"ListItem","position":1,"name":"Accueil","item":"https:\/\/librairie7l.com\/en\/"},{"@type":"ListItem","position":2,"name":"Shop","item":"https:\/\/librairie7l.com\/en\/shop\/"},{"@type":"ListItem","position":3,"name":"LES NOUVELLES TENDANCES DU MARCH\u00c9 DE L&#8217;ART : LES VENTES AUX ENCH\u00c8RES EN FRANCE ET \u00c0 L&#8217;INTERNATIONAL"}]},{"@type":"WebSite","@id":"https:\/\/librairie7l.com\/en\/#website","url":"https:\/\/librairie7l.com\/en\/","name":"Librairie 7L","description":"Librairie fond\u00e9e en 1999 par Karl Lagerfeld \u00e0 Paris","publisher":{"@id":"https:\/\/librairie7l.com\/en\/#organization"},"potentialAction":[{"@type":"SearchAction","target":{"@type":"EntryPoint","urlTemplate":"https:\/\/librairie7l.com\/en\/?s={search_term_string}"},"query-input":"required name=search_term_string"}],"inLanguage":"en-US"},{"@type":"Organization","@id":"https:\/\/librairie7l.com\/en\/#organization","name":"Librairie 7L","url":"https:\/\/librairie7l.com\/en\/","logo":{"@type":"ImageObject","inLanguage":"en-US","@id":"https:\/\/librairie7l.com\/en\/#\/schema\/logo\/image\/","url":"https:\/\/librairie7l.com\/wp-content\/uploads\/2022\/08\/logo-1.png","contentUrl":"https:\/\/librairie7l.com\/wp-content\/uploads\/2022\/08\/logo-1.png","width":227,"height":301,"caption":"Librairie 7L"},"image":{"@id":"https:\/\/librairie7l.com\/en\/#\/schema\/logo\/image\/"}}]}},"_links":{"self":[{"href":"https:\/\/librairie7l.com\/en\/wp-json\/wp\/v2\/product\/18547"}],"collection":[{"href":"https:\/\/librairie7l.com\/en\/wp-json\/wp\/v2\/product"}],"about":[{"href":"https:\/\/librairie7l.com\/en\/wp-json\/wp\/v2\/types\/product"}],"wp:featuredmedia":[{"embeddable":true,"href":"https:\/\/librairie7l.com\/en\/wp-json\/wp\/v2\/media\/18545"}],"wp:attachment":[{"href":"https:\/\/librairie7l.com\/en\/wp-json\/wp\/v2\/media?parent=18547"}],"wp:term":[{"taxonomy":"product_cat","embeddable":true,"href":"https:\/\/librairie7l.com\/en\/wp-json\/wp\/v2\/product_cat?post=18547"},{"taxonomy":"product_tag","embeddable":true,"href":"https:\/\/librairie7l.com\/en\/wp-json\/wp\/v2\/product_tag?post=18547"}],"curies":[{"name":"wp","href":"https:\/\/api.w.org\/{rel}","templated":true}]}}