{"id":18563,"date":"2023-05-09T17:46:33","date_gmt":"2023-05-09T15:46:33","guid":{"rendered":"https:\/\/librairie7l.com\/?post_type=product&#038;p=18563"},"modified":"2026-04-18T11:18:43","modified_gmt":"2026-04-18T09:18:43","slug":"faire-lhistoire-de-lart-en-france-1890-1950-pratiques-ecritures-enjeux","status":"publish","type":"product","link":"https:\/\/librairie7l.com\/en\/produit\/faire-lhistoire-de-lart-en-france-1890-1950-pratiques-ecritures-enjeux\/","title":{"rendered":"FAIRE L&#8217;HISTOIRE DE L&#8217;ART EN FRANCE (1890-1950) : PRATIQUES, \u00c9CRITURES, ENJEUX"},"content":{"rendered":"<p>L&#8217;histoire de l&#8217;art produite en France pendant la premi\u00e8re partie du xxe si\u00e8cle est assez peu pr\u00e9sente dans les ouvrages classiques \u00e9tudiant l&#8217;\u00e9volution de la discipline. Au-del\u00e0 de quelques figures pionni\u00e8res, et d&#8217;oeuvres fondatrices, comme celles d&#8217;\u00c9mile M\u00e2le ou d&#8217;Henri Focillon, la production historiographique des ann\u00e9es 1890- 1950 n&#8217;est pas r\u00e9put\u00e9e avoir produit de mutations d\u00e9cisives, ni dans la m\u00e9thodologie de l&#8217;histoire de l&#8217;art, ni m\u00eame dans la d\u00e9finition de son objet.<br \/>\nLes ann\u00e9es 1890-1950 sont pourtant marqu\u00e9es par un foisonnement intellectuel sans pr\u00e9c\u00e9dent, qui a inspir\u00e9 une large gamme de publications savantes, d&#8217;ouvrages de vulgarisation et d&#8217;expositions.<br \/>\nEn explorant \u00e0 la fois les modalit\u00e9s concr\u00e8tes de cette production, le parcours de ses acteurs, les concepts fondamentaux de la discipline, et la diversit\u00e9 de ses publics, cet ouvrage r\u00e9v\u00e8le l&#8217;image d&#8217;une histoire de l&#8217;art plus ouverte, plus exp\u00e9rimentale, et en un mot plus moderne que celle qu&#8217;on connaissait jusqu&#8217;\u00e0 pr\u00e9sent.<\/p>\n","protected":false},"excerpt":{"rendered":"<p>L&#8217;histoire de l&#8217;art produite en France pendant la premi\u00e8re partie du xxe si\u00e8cle est assez peu pr\u00e9sente dans les ouvrages classiques \u00e9tudiant l&#8217;\u00e9volution de la discipline. Au-del\u00e0 de quelques figures pionni\u00e8res, et d&#8217;oeuvres fondatrices, comme celles d&#8217;\u00c9mile M\u00e2le ou d&#8217;Henri Focillon, la production historiographique des ann\u00e9es 1890- 1950 n&#8217;est pas r\u00e9put\u00e9e avoir produit de mutations [&hellip;]<\/p>\n","protected":false},"featured_media":18561,"template":"","meta":[],"product_cat":[2948,2953],"product_tag":[],"acf":[],"yoast_head":"<!-- This site is optimized with the Yoast SEO plugin v20.11 - https:\/\/yoast.com\/wordpress\/plugins\/seo\/ -->\n<title>FAIRE L&#039;HISTOIRE DE L&#039;ART EN FRANCE (1890-1950) : PRATIQUES, \u00c9CRITURES, ENJEUX - Librairie 7L<\/title>\n<meta name=\"robots\" content=\"index, follow, max-snippet:-1, max-image-preview:large, max-video-preview:-1\" \/>\n<link rel=\"canonical\" href=\"https:\/\/librairie7l.com\/en\/produit\/faire-lhistoire-de-lart-en-france-1890-1950-pratiques-ecritures-enjeux\/\" \/>\n<meta property=\"og:locale\" content=\"en_US\" \/>\n<meta property=\"og:type\" content=\"article\" \/>\n<meta property=\"og:title\" content=\"FAIRE L&#039;HISTOIRE DE L&#039;ART EN FRANCE (1890-1950) : PRATIQUES, \u00c9CRITURES, ENJEUX - Librairie 7L\" \/>\n<meta property=\"og:description\" content=\"L&#8217;histoire de l&#8217;art produite en France pendant la premi\u00e8re partie du xxe si\u00e8cle est assez peu pr\u00e9sente dans les ouvrages classiques \u00e9tudiant l&#8217;\u00e9volution de la discipline. Au-del\u00e0 de quelques figures pionni\u00e8res, et d&#8217;oeuvres fondatrices, comme celles d&#8217;\u00c9mile M\u00e2le ou d&#8217;Henri Focillon, la production historiographique des ann\u00e9es 1890- 1950 n&#8217;est pas r\u00e9put\u00e9e avoir produit de mutations [&hellip;]\" \/>\n<meta property=\"og:url\" content=\"https:\/\/librairie7l.com\/en\/produit\/faire-lhistoire-de-lart-en-france-1890-1950-pratiques-ecritures-enjeux\/\" \/>\n<meta property=\"og:site_name\" content=\"Librairie 7L\" \/>\n<meta property=\"article:modified_time\" content=\"2026-04-18T09:18:43+00:00\" \/>\n<meta property=\"og:image\" content=\"https:\/\/librairie7l.com\/wp-content\/uploads\/2023\/02\/9791034401468_1_75.jpg\" \/>\n\t<meta property=\"og:image:width\" content=\"600\" \/>\n\t<meta property=\"og:image:height\" content=\"879\" \/>\n\t<meta property=\"og:image:type\" content=\"image\/jpeg\" \/>\n<meta name=\"twitter:card\" content=\"summary_large_image\" \/>\n<meta name=\"twitter:label1\" content=\"Est. reading time\" \/>\n\t<meta name=\"twitter:data1\" content=\"1 minute\" \/>\n<script type=\"application\/ld+json\" class=\"yoast-schema-graph\">{\"@context\":\"https:\/\/schema.org\",\"@graph\":[{\"@type\":\"WebPage\",\"@id\":\"https:\/\/librairie7l.com\/en\/produit\/faire-lhistoire-de-lart-en-france-1890-1950-pratiques-ecritures-enjeux\/\",\"url\":\"https:\/\/librairie7l.com\/en\/produit\/faire-lhistoire-de-lart-en-france-1890-1950-pratiques-ecritures-enjeux\/\",\"name\":\"FAIRE L'HISTOIRE DE L'ART EN FRANCE (1890-1950) : PRATIQUES, \u00c9CRITURES, ENJEUX - Librairie 7L\",\"isPartOf\":{\"@id\":\"https:\/\/librairie7l.com\/en\/#website\"},\"datePublished\":\"2023-05-09T15:46:33+00:00\",\"dateModified\":\"2026-04-18T09:18:43+00:00\",\"breadcrumb\":{\"@id\":\"https:\/\/librairie7l.com\/en\/produit\/faire-lhistoire-de-lart-en-france-1890-1950-pratiques-ecritures-enjeux\/#breadcrumb\"},\"inLanguage\":\"en-US\",\"potentialAction\":[{\"@type\":\"ReadAction\",\"target\":[\"https:\/\/librairie7l.com\/en\/produit\/faire-lhistoire-de-lart-en-france-1890-1950-pratiques-ecritures-enjeux\/\"]}]},{\"@type\":\"BreadcrumbList\",\"@id\":\"https:\/\/librairie7l.com\/en\/produit\/faire-lhistoire-de-lart-en-france-1890-1950-pratiques-ecritures-enjeux\/#breadcrumb\",\"itemListElement\":[{\"@type\":\"ListItem\",\"position\":1,\"name\":\"Accueil\",\"item\":\"https:\/\/librairie7l.com\/en\/\"},{\"@type\":\"ListItem\",\"position\":2,\"name\":\"Shop\",\"item\":\"https:\/\/librairie7l.com\/en\/shop\/\"},{\"@type\":\"ListItem\",\"position\":3,\"name\":\"FAIRE L&#8217;HISTOIRE DE L&#8217;ART EN FRANCE (1890-1950) : PRATIQUES, \u00c9CRITURES, ENJEUX\"}]},{\"@type\":\"WebSite\",\"@id\":\"https:\/\/librairie7l.com\/en\/#website\",\"url\":\"https:\/\/librairie7l.com\/en\/\",\"name\":\"Librairie 7L\",\"description\":\"Librairie fond\u00e9e en 1999 par Karl Lagerfeld \u00e0 Paris\",\"publisher\":{\"@id\":\"https:\/\/librairie7l.com\/en\/#organization\"},\"potentialAction\":[{\"@type\":\"SearchAction\",\"target\":{\"@type\":\"EntryPoint\",\"urlTemplate\":\"https:\/\/librairie7l.com\/en\/?s={search_term_string}\"},\"query-input\":\"required name=search_term_string\"}],\"inLanguage\":\"en-US\"},{\"@type\":\"Organization\",\"@id\":\"https:\/\/librairie7l.com\/en\/#organization\",\"name\":\"Librairie 7L\",\"url\":\"https:\/\/librairie7l.com\/en\/\",\"logo\":{\"@type\":\"ImageObject\",\"inLanguage\":\"en-US\",\"@id\":\"https:\/\/librairie7l.com\/en\/#\/schema\/logo\/image\/\",\"url\":\"https:\/\/librairie7l.com\/wp-content\/uploads\/2022\/08\/logo-1.png\",\"contentUrl\":\"https:\/\/librairie7l.com\/wp-content\/uploads\/2022\/08\/logo-1.png\",\"width\":227,\"height\":301,\"caption\":\"Librairie 7L\"},\"image\":{\"@id\":\"https:\/\/librairie7l.com\/en\/#\/schema\/logo\/image\/\"}}]}<\/script>\n<!-- \/ Yoast SEO plugin. -->","yoast_head_json":{"title":"FAIRE L'HISTOIRE DE L'ART EN FRANCE (1890-1950) : PRATIQUES, \u00c9CRITURES, ENJEUX - Librairie 7L","robots":{"index":"index","follow":"follow","max-snippet":"max-snippet:-1","max-image-preview":"max-image-preview:large","max-video-preview":"max-video-preview:-1"},"canonical":"https:\/\/librairie7l.com\/en\/produit\/faire-lhistoire-de-lart-en-france-1890-1950-pratiques-ecritures-enjeux\/","og_locale":"en_US","og_type":"article","og_title":"FAIRE L'HISTOIRE DE L'ART EN FRANCE (1890-1950) : PRATIQUES, \u00c9CRITURES, ENJEUX - Librairie 7L","og_description":"L&#8217;histoire de l&#8217;art produite en France pendant la premi\u00e8re partie du xxe si\u00e8cle est assez peu pr\u00e9sente dans les ouvrages classiques \u00e9tudiant l&#8217;\u00e9volution de la discipline. Au-del\u00e0 de quelques figures pionni\u00e8res, et d&#8217;oeuvres fondatrices, comme celles d&#8217;\u00c9mile M\u00e2le ou d&#8217;Henri Focillon, la production historiographique des ann\u00e9es 1890- 1950 n&#8217;est pas r\u00e9put\u00e9e avoir produit de mutations [&hellip;]","og_url":"https:\/\/librairie7l.com\/en\/produit\/faire-lhistoire-de-lart-en-france-1890-1950-pratiques-ecritures-enjeux\/","og_site_name":"Librairie 7L","article_modified_time":"2026-04-18T09:18:43+00:00","og_image":[{"width":600,"height":879,"url":"https:\/\/librairie7l.com\/wp-content\/uploads\/2023\/02\/9791034401468_1_75.jpg","type":"image\/jpeg"}],"twitter_card":"summary_large_image","twitter_misc":{"Est. reading time":"1 minute"},"schema":{"@context":"https:\/\/schema.org","@graph":[{"@type":"WebPage","@id":"https:\/\/librairie7l.com\/en\/produit\/faire-lhistoire-de-lart-en-france-1890-1950-pratiques-ecritures-enjeux\/","url":"https:\/\/librairie7l.com\/en\/produit\/faire-lhistoire-de-lart-en-france-1890-1950-pratiques-ecritures-enjeux\/","name":"FAIRE L'HISTOIRE DE L'ART EN FRANCE (1890-1950) : PRATIQUES, \u00c9CRITURES, ENJEUX - Librairie 7L","isPartOf":{"@id":"https:\/\/librairie7l.com\/en\/#website"},"datePublished":"2023-05-09T15:46:33+00:00","dateModified":"2026-04-18T09:18:43+00:00","breadcrumb":{"@id":"https:\/\/librairie7l.com\/en\/produit\/faire-lhistoire-de-lart-en-france-1890-1950-pratiques-ecritures-enjeux\/#breadcrumb"},"inLanguage":"en-US","potentialAction":[{"@type":"ReadAction","target":["https:\/\/librairie7l.com\/en\/produit\/faire-lhistoire-de-lart-en-france-1890-1950-pratiques-ecritures-enjeux\/"]}]},{"@type":"BreadcrumbList","@id":"https:\/\/librairie7l.com\/en\/produit\/faire-lhistoire-de-lart-en-france-1890-1950-pratiques-ecritures-enjeux\/#breadcrumb","itemListElement":[{"@type":"ListItem","position":1,"name":"Accueil","item":"https:\/\/librairie7l.com\/en\/"},{"@type":"ListItem","position":2,"name":"Shop","item":"https:\/\/librairie7l.com\/en\/shop\/"},{"@type":"ListItem","position":3,"name":"FAIRE L&#8217;HISTOIRE DE L&#8217;ART EN FRANCE (1890-1950) : PRATIQUES, \u00c9CRITURES, ENJEUX"}]},{"@type":"WebSite","@id":"https:\/\/librairie7l.com\/en\/#website","url":"https:\/\/librairie7l.com\/en\/","name":"Librairie 7L","description":"Librairie fond\u00e9e en 1999 par Karl Lagerfeld \u00e0 Paris","publisher":{"@id":"https:\/\/librairie7l.com\/en\/#organization"},"potentialAction":[{"@type":"SearchAction","target":{"@type":"EntryPoint","urlTemplate":"https:\/\/librairie7l.com\/en\/?s={search_term_string}"},"query-input":"required name=search_term_string"}],"inLanguage":"en-US"},{"@type":"Organization","@id":"https:\/\/librairie7l.com\/en\/#organization","name":"Librairie 7L","url":"https:\/\/librairie7l.com\/en\/","logo":{"@type":"ImageObject","inLanguage":"en-US","@id":"https:\/\/librairie7l.com\/en\/#\/schema\/logo\/image\/","url":"https:\/\/librairie7l.com\/wp-content\/uploads\/2022\/08\/logo-1.png","contentUrl":"https:\/\/librairie7l.com\/wp-content\/uploads\/2022\/08\/logo-1.png","width":227,"height":301,"caption":"Librairie 7L"},"image":{"@id":"https:\/\/librairie7l.com\/en\/#\/schema\/logo\/image\/"}}]}},"_links":{"self":[{"href":"https:\/\/librairie7l.com\/en\/wp-json\/wp\/v2\/product\/18563"}],"collection":[{"href":"https:\/\/librairie7l.com\/en\/wp-json\/wp\/v2\/product"}],"about":[{"href":"https:\/\/librairie7l.com\/en\/wp-json\/wp\/v2\/types\/product"}],"wp:featuredmedia":[{"embeddable":true,"href":"https:\/\/librairie7l.com\/en\/wp-json\/wp\/v2\/media\/18561"}],"wp:attachment":[{"href":"https:\/\/librairie7l.com\/en\/wp-json\/wp\/v2\/media?parent=18563"}],"wp:term":[{"taxonomy":"product_cat","embeddable":true,"href":"https:\/\/librairie7l.com\/en\/wp-json\/wp\/v2\/product_cat?post=18563"},{"taxonomy":"product_tag","embeddable":true,"href":"https:\/\/librairie7l.com\/en\/wp-json\/wp\/v2\/product_tag?post=18563"}],"curies":[{"name":"wp","href":"https:\/\/api.w.org\/{rel}","templated":true}]}}