{"id":18567,"date":"2023-05-09T17:46:36","date_gmt":"2023-05-09T15:46:36","guid":{"rendered":"https:\/\/librairie7l.com\/?post_type=product&#038;p=18567"},"modified":"2026-04-03T20:29:43","modified_gmt":"2026-04-03T18:29:43","slug":"serendipity","status":"publish","type":"product","link":"https:\/\/librairie7l.com\/en\/produit\/serendipity\/","title":{"rendered":"SERENDIPITY (2E \u00c9DITION)"},"content":{"rendered":"<p>La notion de &#8220;serendipity&#8221; qui recouvre l&#8217;art de trouver quelque chose que l&#8217;on ne cherchait pas initialement est le fil conducteur de cet ouvrage. &#8220;Ce qui est distinctif dans l&#8217;oeuvre de Prune, c&#8217;est qu&#8217;elle avance des repr\u00e9sentations tr\u00e8s fortes : elle joue avec des mythes, mis en sc\u00e8ne \u00e0 travers des images tr\u00e8s directes, qui interpellent et qui bousculent. Pourtant, ce qu&#8217;elle construit va au-del\u00e0. Elle suscite d&#8217;autres repr\u00e9sentations que celles qu&#8217;elle offre en premier lieu.&#8221; Fran\u00e7ois Ansermet, psychanaliste. Ce livre met en lumi\u00e8re 10 ann\u00e9es d&#8217;une pratique artistique riche, inspir\u00e9e de voyages, d&#8217;observations, de rencontres et de recherches et qui a donn\u00e9 naissance \u00e0 des projets aussi vari\u00e9s que les B\u00e9b\u00e9s domestiques, Process, le triptyque sacr\u00e9 Holy Daughters-Holy River-Terracotta Daughters, dernier projet retentissant qui a voyag\u00e9 de Paris \u00e0 Shanghai, Mexico, New York, Zurich.<\/p>\n","protected":false},"excerpt":{"rendered":"<p>La notion de &#8220;serendipity&#8221; qui recouvre l&#8217;art de trouver quelque chose que l&#8217;on ne cherchait pas initialement est le fil conducteur de cet ouvrage. &#8220;Ce qui est distinctif dans l&#8217;oeuvre de Prune, c&#8217;est qu&#8217;elle avance des repr\u00e9sentations tr\u00e8s fortes : elle joue avec des mythes, mis en sc\u00e8ne \u00e0 travers des images tr\u00e8s directes, qui [&hellip;]<\/p>\n","protected":false},"featured_media":18566,"template":"","meta":[],"product_cat":[2948,2953],"product_tag":[],"acf":[],"yoast_head":"<!-- This site is optimized with the Yoast SEO plugin v20.11 - https:\/\/yoast.com\/wordpress\/plugins\/seo\/ -->\n<title>SERENDIPITY (2E \u00c9DITION) - Librairie 7L<\/title>\n<meta name=\"robots\" content=\"index, follow, max-snippet:-1, max-image-preview:large, max-video-preview:-1\" \/>\n<link rel=\"canonical\" href=\"https:\/\/librairie7l.com\/en\/produit\/serendipity\/\" \/>\n<meta property=\"og:locale\" content=\"en_US\" \/>\n<meta property=\"og:type\" content=\"article\" \/>\n<meta property=\"og:title\" content=\"SERENDIPITY (2E \u00c9DITION) - Librairie 7L\" \/>\n<meta property=\"og:description\" content=\"La notion de &#8220;serendipity&#8221; qui recouvre l&#8217;art de trouver quelque chose que l&#8217;on ne cherchait pas initialement est le fil conducteur de cet ouvrage. &#8220;Ce qui est distinctif dans l&#8217;oeuvre de Prune, c&#8217;est qu&#8217;elle avance des repr\u00e9sentations tr\u00e8s fortes : elle joue avec des mythes, mis en sc\u00e8ne \u00e0 travers des images tr\u00e8s directes, qui [&hellip;]\" \/>\n<meta property=\"og:url\" content=\"https:\/\/librairie7l.com\/en\/produit\/serendipity\/\" \/>\n<meta property=\"og:site_name\" content=\"Librairie 7L\" \/>\n<meta property=\"article:modified_time\" content=\"2026-04-03T18:29:43+00:00\" \/>\n<meta property=\"og:image\" content=\"https:\/\/librairie7l.com\/wp-content\/uploads\/2018\/07\/9782330110833_1_75.jpg\" \/>\n\t<meta property=\"og:image:width\" content=\"600\" \/>\n\t<meta property=\"og:image:height\" content=\"804\" \/>\n\t<meta property=\"og:image:type\" content=\"image\/jpeg\" \/>\n<meta name=\"twitter:card\" content=\"summary_large_image\" \/>\n<meta name=\"twitter:label1\" content=\"Est. reading time\" \/>\n\t<meta name=\"twitter:data1\" content=\"1 minute\" \/>\n<script type=\"application\/ld+json\" class=\"yoast-schema-graph\">{\"@context\":\"https:\/\/schema.org\",\"@graph\":[{\"@type\":\"WebPage\",\"@id\":\"https:\/\/librairie7l.com\/en\/produit\/serendipity\/\",\"url\":\"https:\/\/librairie7l.com\/en\/produit\/serendipity\/\",\"name\":\"SERENDIPITY (2E \u00c9DITION) - Librairie 7L\",\"isPartOf\":{\"@id\":\"https:\/\/librairie7l.com\/en\/#website\"},\"datePublished\":\"2023-05-09T15:46:36+00:00\",\"dateModified\":\"2026-04-03T18:29:43+00:00\",\"breadcrumb\":{\"@id\":\"https:\/\/librairie7l.com\/en\/produit\/serendipity\/#breadcrumb\"},\"inLanguage\":\"en-US\",\"potentialAction\":[{\"@type\":\"ReadAction\",\"target\":[\"https:\/\/librairie7l.com\/en\/produit\/serendipity\/\"]}]},{\"@type\":\"BreadcrumbList\",\"@id\":\"https:\/\/librairie7l.com\/en\/produit\/serendipity\/#breadcrumb\",\"itemListElement\":[{\"@type\":\"ListItem\",\"position\":1,\"name\":\"Accueil\",\"item\":\"https:\/\/librairie7l.com\/en\/\"},{\"@type\":\"ListItem\",\"position\":2,\"name\":\"Shop\",\"item\":\"https:\/\/librairie7l.com\/en\/shop\/\"},{\"@type\":\"ListItem\",\"position\":3,\"name\":\"SERENDIPITY (2E \u00c9DITION)\"}]},{\"@type\":\"WebSite\",\"@id\":\"https:\/\/librairie7l.com\/en\/#website\",\"url\":\"https:\/\/librairie7l.com\/en\/\",\"name\":\"Librairie 7L\",\"description\":\"Librairie fond\u00e9e en 1999 par Karl Lagerfeld \u00e0 Paris\",\"publisher\":{\"@id\":\"https:\/\/librairie7l.com\/en\/#organization\"},\"potentialAction\":[{\"@type\":\"SearchAction\",\"target\":{\"@type\":\"EntryPoint\",\"urlTemplate\":\"https:\/\/librairie7l.com\/en\/?s={search_term_string}\"},\"query-input\":\"required name=search_term_string\"}],\"inLanguage\":\"en-US\"},{\"@type\":\"Organization\",\"@id\":\"https:\/\/librairie7l.com\/en\/#organization\",\"name\":\"Librairie 7L\",\"url\":\"https:\/\/librairie7l.com\/en\/\",\"logo\":{\"@type\":\"ImageObject\",\"inLanguage\":\"en-US\",\"@id\":\"https:\/\/librairie7l.com\/en\/#\/schema\/logo\/image\/\",\"url\":\"https:\/\/librairie7l.com\/wp-content\/uploads\/2022\/08\/logo-1.png\",\"contentUrl\":\"https:\/\/librairie7l.com\/wp-content\/uploads\/2022\/08\/logo-1.png\",\"width\":227,\"height\":301,\"caption\":\"Librairie 7L\"},\"image\":{\"@id\":\"https:\/\/librairie7l.com\/en\/#\/schema\/logo\/image\/\"}}]}<\/script>\n<!-- \/ Yoast SEO plugin. -->","yoast_head_json":{"title":"SERENDIPITY (2E \u00c9DITION) - Librairie 7L","robots":{"index":"index","follow":"follow","max-snippet":"max-snippet:-1","max-image-preview":"max-image-preview:large","max-video-preview":"max-video-preview:-1"},"canonical":"https:\/\/librairie7l.com\/en\/produit\/serendipity\/","og_locale":"en_US","og_type":"article","og_title":"SERENDIPITY (2E \u00c9DITION) - Librairie 7L","og_description":"La notion de &#8220;serendipity&#8221; qui recouvre l&#8217;art de trouver quelque chose que l&#8217;on ne cherchait pas initialement est le fil conducteur de cet ouvrage. &#8220;Ce qui est distinctif dans l&#8217;oeuvre de Prune, c&#8217;est qu&#8217;elle avance des repr\u00e9sentations tr\u00e8s fortes : elle joue avec des mythes, mis en sc\u00e8ne \u00e0 travers des images tr\u00e8s directes, qui [&hellip;]","og_url":"https:\/\/librairie7l.com\/en\/produit\/serendipity\/","og_site_name":"Librairie 7L","article_modified_time":"2026-04-03T18:29:43+00:00","og_image":[{"width":600,"height":804,"url":"https:\/\/librairie7l.com\/wp-content\/uploads\/2018\/07\/9782330110833_1_75.jpg","type":"image\/jpeg"}],"twitter_card":"summary_large_image","twitter_misc":{"Est. reading time":"1 minute"},"schema":{"@context":"https:\/\/schema.org","@graph":[{"@type":"WebPage","@id":"https:\/\/librairie7l.com\/en\/produit\/serendipity\/","url":"https:\/\/librairie7l.com\/en\/produit\/serendipity\/","name":"SERENDIPITY (2E \u00c9DITION) - Librairie 7L","isPartOf":{"@id":"https:\/\/librairie7l.com\/en\/#website"},"datePublished":"2023-05-09T15:46:36+00:00","dateModified":"2026-04-03T18:29:43+00:00","breadcrumb":{"@id":"https:\/\/librairie7l.com\/en\/produit\/serendipity\/#breadcrumb"},"inLanguage":"en-US","potentialAction":[{"@type":"ReadAction","target":["https:\/\/librairie7l.com\/en\/produit\/serendipity\/"]}]},{"@type":"BreadcrumbList","@id":"https:\/\/librairie7l.com\/en\/produit\/serendipity\/#breadcrumb","itemListElement":[{"@type":"ListItem","position":1,"name":"Accueil","item":"https:\/\/librairie7l.com\/en\/"},{"@type":"ListItem","position":2,"name":"Shop","item":"https:\/\/librairie7l.com\/en\/shop\/"},{"@type":"ListItem","position":3,"name":"SERENDIPITY (2E \u00c9DITION)"}]},{"@type":"WebSite","@id":"https:\/\/librairie7l.com\/en\/#website","url":"https:\/\/librairie7l.com\/en\/","name":"Librairie 7L","description":"Librairie fond\u00e9e en 1999 par Karl Lagerfeld \u00e0 Paris","publisher":{"@id":"https:\/\/librairie7l.com\/en\/#organization"},"potentialAction":[{"@type":"SearchAction","target":{"@type":"EntryPoint","urlTemplate":"https:\/\/librairie7l.com\/en\/?s={search_term_string}"},"query-input":"required name=search_term_string"}],"inLanguage":"en-US"},{"@type":"Organization","@id":"https:\/\/librairie7l.com\/en\/#organization","name":"Librairie 7L","url":"https:\/\/librairie7l.com\/en\/","logo":{"@type":"ImageObject","inLanguage":"en-US","@id":"https:\/\/librairie7l.com\/en\/#\/schema\/logo\/image\/","url":"https:\/\/librairie7l.com\/wp-content\/uploads\/2022\/08\/logo-1.png","contentUrl":"https:\/\/librairie7l.com\/wp-content\/uploads\/2022\/08\/logo-1.png","width":227,"height":301,"caption":"Librairie 7L"},"image":{"@id":"https:\/\/librairie7l.com\/en\/#\/schema\/logo\/image\/"}}]}},"_links":{"self":[{"href":"https:\/\/librairie7l.com\/en\/wp-json\/wp\/v2\/product\/18567"}],"collection":[{"href":"https:\/\/librairie7l.com\/en\/wp-json\/wp\/v2\/product"}],"about":[{"href":"https:\/\/librairie7l.com\/en\/wp-json\/wp\/v2\/types\/product"}],"wp:featuredmedia":[{"embeddable":true,"href":"https:\/\/librairie7l.com\/en\/wp-json\/wp\/v2\/media\/18566"}],"wp:attachment":[{"href":"https:\/\/librairie7l.com\/en\/wp-json\/wp\/v2\/media?parent=18567"}],"wp:term":[{"taxonomy":"product_cat","embeddable":true,"href":"https:\/\/librairie7l.com\/en\/wp-json\/wp\/v2\/product_cat?post=18567"},{"taxonomy":"product_tag","embeddable":true,"href":"https:\/\/librairie7l.com\/en\/wp-json\/wp\/v2\/product_tag?post=18567"}],"curies":[{"name":"wp","href":"https:\/\/api.w.org\/{rel}","templated":true}]}}