{"id":18583,"date":"2023-05-09T17:46:50","date_gmt":"2023-05-09T15:46:50","guid":{"rendered":"https:\/\/librairie7l.com\/?post_type=product&#038;p=18583"},"modified":"2026-04-08T19:54:15","modified_gmt":"2026-04-08T17:54:15","slug":"less-is-enough-sur-larchitecture-et-lascetisme","status":"publish","type":"product","link":"https:\/\/librairie7l.com\/en\/produit\/less-is-enough-sur-larchitecture-et-lascetisme\/","title":{"rendered":"LESS IS ENOUGH : SUR L&#8217;ARCHITECTURE ET L&#8217;ASC\u00c9TISME"},"content":{"rendered":"<p>Une r\u00e9flexion sur l&#8217;asc\u00e9tisme en architecture.<br \/>\n\u00ab Less is more \u00bb, dit le dicton moderniste. Mais est-ce bien le cas ? \u00c0 une \u00e9poque o\u00f9 l&#8217;on nous exhorte sans cesse \u00e0 faire \u00ab plus avec moins \u00bb, pouvons-nous encore romantiser les pr\u00e9tentions du minimalisme ? Le propos d&#8217;Aureli s&#8217;exprime dans toute son actualit\u00e9, alors que presque dix ans se sont \u00e9coul\u00e9s depuis sa premi\u00e8re publication : il offre un regard critique sur la pratique architecturale et sur les questions fondamentales de la discipline, que ce soit dans le pass\u00e9 ou pour notre avenir, en d\u00e9masquant habilement l&#8217;hypocrisie du capitalisme latent qui esth\u00e9tise l&#8217;asc\u00e9tisme, tout en continuant de regarder avec espoir la possibilit\u00e9 de conserver l&#8217;id\u00e9e du \u00ab less \u00bb comme point de d\u00e9part. Il se veut donc le t\u00e9moin d&#8217;une \u00e9poque o\u00f9 le cadre th\u00e9orique et critique de l&#8217;architecture n\u00e9cessitent une profonde reconfiguration.<\/p>\n","protected":false},"excerpt":{"rendered":"<p>Une r\u00e9flexion sur l&#8217;asc\u00e9tisme en architecture. \u00ab Less is more \u00bb, dit le dicton moderniste. Mais est-ce bien le cas ? \u00c0 une \u00e9poque o\u00f9 l&#8217;on nous exhorte sans cesse \u00e0 faire \u00ab plus avec moins \u00bb, pouvons-nous encore romantiser les pr\u00e9tentions du minimalisme ? Le propos d&#8217;Aureli s&#8217;exprime dans toute son actualit\u00e9, alors que [&hellip;]<\/p>\n","protected":false},"featured_media":18581,"template":"","meta":[],"product_cat":[2948,2950],"product_tag":[],"acf":[],"yoast_head":"<!-- This site is optimized with the Yoast SEO plugin v20.11 - https:\/\/yoast.com\/wordpress\/plugins\/seo\/ -->\n<title>LESS IS ENOUGH : SUR L&#039;ARCHITECTURE ET L&#039;ASC\u00c9TISME - Librairie 7L<\/title>\n<meta name=\"robots\" content=\"index, follow, max-snippet:-1, max-image-preview:large, max-video-preview:-1\" \/>\n<link rel=\"canonical\" href=\"https:\/\/librairie7l.com\/en\/produit\/less-is-enough-sur-larchitecture-et-lascetisme\/\" \/>\n<meta property=\"og:locale\" content=\"en_US\" \/>\n<meta property=\"og:type\" content=\"article\" \/>\n<meta property=\"og:title\" content=\"LESS IS ENOUGH : SUR L&#039;ARCHITECTURE ET L&#039;ASC\u00c9TISME - Librairie 7L\" \/>\n<meta property=\"og:description\" content=\"Une r\u00e9flexion sur l&#8217;asc\u00e9tisme en architecture. \u00ab Less is more \u00bb, dit le dicton moderniste. Mais est-ce bien le cas ? \u00c0 une \u00e9poque o\u00f9 l&#8217;on nous exhorte sans cesse \u00e0 faire \u00ab plus avec moins \u00bb, pouvons-nous encore romantiser les pr\u00e9tentions du minimalisme ? Le propos d&#8217;Aureli s&#8217;exprime dans toute son actualit\u00e9, alors que [&hellip;]\" \/>\n<meta property=\"og:url\" content=\"https:\/\/librairie7l.com\/en\/produit\/less-is-enough-sur-larchitecture-et-lascetisme\/\" \/>\n<meta property=\"og:site_name\" content=\"Librairie 7L\" \/>\n<meta property=\"article:modified_time\" content=\"2026-04-08T17:54:15+00:00\" \/>\n<meta property=\"og:image\" content=\"https:\/\/librairie7l.com\/wp-content\/uploads\/2022\/09\/9782378963354_1_75.jpg\" \/>\n\t<meta property=\"og:image:width\" content=\"600\" \/>\n\t<meta property=\"og:image:height\" content=\"1104\" \/>\n\t<meta property=\"og:image:type\" content=\"image\/jpeg\" \/>\n<meta name=\"twitter:card\" content=\"summary_large_image\" \/>\n<meta name=\"twitter:label1\" content=\"Est. reading time\" \/>\n\t<meta name=\"twitter:data1\" content=\"1 minute\" \/>\n<script type=\"application\/ld+json\" class=\"yoast-schema-graph\">{\"@context\":\"https:\/\/schema.org\",\"@graph\":[{\"@type\":\"WebPage\",\"@id\":\"https:\/\/librairie7l.com\/en\/produit\/less-is-enough-sur-larchitecture-et-lascetisme\/\",\"url\":\"https:\/\/librairie7l.com\/en\/produit\/less-is-enough-sur-larchitecture-et-lascetisme\/\",\"name\":\"LESS IS ENOUGH : SUR L'ARCHITECTURE ET L'ASC\u00c9TISME - Librairie 7L\",\"isPartOf\":{\"@id\":\"https:\/\/librairie7l.com\/en\/#website\"},\"datePublished\":\"2023-05-09T15:46:50+00:00\",\"dateModified\":\"2026-04-08T17:54:15+00:00\",\"breadcrumb\":{\"@id\":\"https:\/\/librairie7l.com\/en\/produit\/less-is-enough-sur-larchitecture-et-lascetisme\/#breadcrumb\"},\"inLanguage\":\"en-US\",\"potentialAction\":[{\"@type\":\"ReadAction\",\"target\":[\"https:\/\/librairie7l.com\/en\/produit\/less-is-enough-sur-larchitecture-et-lascetisme\/\"]}]},{\"@type\":\"BreadcrumbList\",\"@id\":\"https:\/\/librairie7l.com\/en\/produit\/less-is-enough-sur-larchitecture-et-lascetisme\/#breadcrumb\",\"itemListElement\":[{\"@type\":\"ListItem\",\"position\":1,\"name\":\"Accueil\",\"item\":\"https:\/\/librairie7l.com\/en\/\"},{\"@type\":\"ListItem\",\"position\":2,\"name\":\"Shop\",\"item\":\"https:\/\/librairie7l.com\/en\/shop\/\"},{\"@type\":\"ListItem\",\"position\":3,\"name\":\"LESS IS ENOUGH : SUR L&#8217;ARCHITECTURE ET L&#8217;ASC\u00c9TISME\"}]},{\"@type\":\"WebSite\",\"@id\":\"https:\/\/librairie7l.com\/en\/#website\",\"url\":\"https:\/\/librairie7l.com\/en\/\",\"name\":\"Librairie 7L\",\"description\":\"Librairie fond\u00e9e en 1999 par Karl Lagerfeld \u00e0 Paris\",\"publisher\":{\"@id\":\"https:\/\/librairie7l.com\/en\/#organization\"},\"potentialAction\":[{\"@type\":\"SearchAction\",\"target\":{\"@type\":\"EntryPoint\",\"urlTemplate\":\"https:\/\/librairie7l.com\/en\/?s={search_term_string}\"},\"query-input\":\"required name=search_term_string\"}],\"inLanguage\":\"en-US\"},{\"@type\":\"Organization\",\"@id\":\"https:\/\/librairie7l.com\/en\/#organization\",\"name\":\"Librairie 7L\",\"url\":\"https:\/\/librairie7l.com\/en\/\",\"logo\":{\"@type\":\"ImageObject\",\"inLanguage\":\"en-US\",\"@id\":\"https:\/\/librairie7l.com\/en\/#\/schema\/logo\/image\/\",\"url\":\"https:\/\/librairie7l.com\/wp-content\/uploads\/2022\/08\/logo-1.png\",\"contentUrl\":\"https:\/\/librairie7l.com\/wp-content\/uploads\/2022\/08\/logo-1.png\",\"width\":227,\"height\":301,\"caption\":\"Librairie 7L\"},\"image\":{\"@id\":\"https:\/\/librairie7l.com\/en\/#\/schema\/logo\/image\/\"}}]}<\/script>\n<!-- \/ Yoast SEO plugin. -->","yoast_head_json":{"title":"LESS IS ENOUGH : SUR L'ARCHITECTURE ET L'ASC\u00c9TISME - Librairie 7L","robots":{"index":"index","follow":"follow","max-snippet":"max-snippet:-1","max-image-preview":"max-image-preview:large","max-video-preview":"max-video-preview:-1"},"canonical":"https:\/\/librairie7l.com\/en\/produit\/less-is-enough-sur-larchitecture-et-lascetisme\/","og_locale":"en_US","og_type":"article","og_title":"LESS IS ENOUGH : SUR L'ARCHITECTURE ET L'ASC\u00c9TISME - Librairie 7L","og_description":"Une r\u00e9flexion sur l&#8217;asc\u00e9tisme en architecture. \u00ab Less is more \u00bb, dit le dicton moderniste. Mais est-ce bien le cas ? \u00c0 une \u00e9poque o\u00f9 l&#8217;on nous exhorte sans cesse \u00e0 faire \u00ab plus avec moins \u00bb, pouvons-nous encore romantiser les pr\u00e9tentions du minimalisme ? Le propos d&#8217;Aureli s&#8217;exprime dans toute son actualit\u00e9, alors que [&hellip;]","og_url":"https:\/\/librairie7l.com\/en\/produit\/less-is-enough-sur-larchitecture-et-lascetisme\/","og_site_name":"Librairie 7L","article_modified_time":"2026-04-08T17:54:15+00:00","og_image":[{"width":600,"height":1104,"url":"https:\/\/librairie7l.com\/wp-content\/uploads\/2022\/09\/9782378963354_1_75.jpg","type":"image\/jpeg"}],"twitter_card":"summary_large_image","twitter_misc":{"Est. reading time":"1 minute"},"schema":{"@context":"https:\/\/schema.org","@graph":[{"@type":"WebPage","@id":"https:\/\/librairie7l.com\/en\/produit\/less-is-enough-sur-larchitecture-et-lascetisme\/","url":"https:\/\/librairie7l.com\/en\/produit\/less-is-enough-sur-larchitecture-et-lascetisme\/","name":"LESS IS ENOUGH : SUR L'ARCHITECTURE ET L'ASC\u00c9TISME - Librairie 7L","isPartOf":{"@id":"https:\/\/librairie7l.com\/en\/#website"},"datePublished":"2023-05-09T15:46:50+00:00","dateModified":"2026-04-08T17:54:15+00:00","breadcrumb":{"@id":"https:\/\/librairie7l.com\/en\/produit\/less-is-enough-sur-larchitecture-et-lascetisme\/#breadcrumb"},"inLanguage":"en-US","potentialAction":[{"@type":"ReadAction","target":["https:\/\/librairie7l.com\/en\/produit\/less-is-enough-sur-larchitecture-et-lascetisme\/"]}]},{"@type":"BreadcrumbList","@id":"https:\/\/librairie7l.com\/en\/produit\/less-is-enough-sur-larchitecture-et-lascetisme\/#breadcrumb","itemListElement":[{"@type":"ListItem","position":1,"name":"Accueil","item":"https:\/\/librairie7l.com\/en\/"},{"@type":"ListItem","position":2,"name":"Shop","item":"https:\/\/librairie7l.com\/en\/shop\/"},{"@type":"ListItem","position":3,"name":"LESS IS ENOUGH : SUR L&#8217;ARCHITECTURE ET L&#8217;ASC\u00c9TISME"}]},{"@type":"WebSite","@id":"https:\/\/librairie7l.com\/en\/#website","url":"https:\/\/librairie7l.com\/en\/","name":"Librairie 7L","description":"Librairie fond\u00e9e en 1999 par Karl Lagerfeld \u00e0 Paris","publisher":{"@id":"https:\/\/librairie7l.com\/en\/#organization"},"potentialAction":[{"@type":"SearchAction","target":{"@type":"EntryPoint","urlTemplate":"https:\/\/librairie7l.com\/en\/?s={search_term_string}"},"query-input":"required name=search_term_string"}],"inLanguage":"en-US"},{"@type":"Organization","@id":"https:\/\/librairie7l.com\/en\/#organization","name":"Librairie 7L","url":"https:\/\/librairie7l.com\/en\/","logo":{"@type":"ImageObject","inLanguage":"en-US","@id":"https:\/\/librairie7l.com\/en\/#\/schema\/logo\/image\/","url":"https:\/\/librairie7l.com\/wp-content\/uploads\/2022\/08\/logo-1.png","contentUrl":"https:\/\/librairie7l.com\/wp-content\/uploads\/2022\/08\/logo-1.png","width":227,"height":301,"caption":"Librairie 7L"},"image":{"@id":"https:\/\/librairie7l.com\/en\/#\/schema\/logo\/image\/"}}]}},"_links":{"self":[{"href":"https:\/\/librairie7l.com\/en\/wp-json\/wp\/v2\/product\/18583"}],"collection":[{"href":"https:\/\/librairie7l.com\/en\/wp-json\/wp\/v2\/product"}],"about":[{"href":"https:\/\/librairie7l.com\/en\/wp-json\/wp\/v2\/types\/product"}],"wp:featuredmedia":[{"embeddable":true,"href":"https:\/\/librairie7l.com\/en\/wp-json\/wp\/v2\/media\/18581"}],"wp:attachment":[{"href":"https:\/\/librairie7l.com\/en\/wp-json\/wp\/v2\/media?parent=18583"}],"wp:term":[{"taxonomy":"product_cat","embeddable":true,"href":"https:\/\/librairie7l.com\/en\/wp-json\/wp\/v2\/product_cat?post=18583"},{"taxonomy":"product_tag","embeddable":true,"href":"https:\/\/librairie7l.com\/en\/wp-json\/wp\/v2\/product_tag?post=18583"}],"curies":[{"name":"wp","href":"https:\/\/api.w.org\/{rel}","templated":true}]}}