{"id":18623,"date":"2023-05-09T17:47:24","date_gmt":"2023-05-09T15:47:24","guid":{"rendered":"https:\/\/librairie7l.com\/?post_type=product&#038;p=18623"},"modified":"2026-04-18T16:58:13","modified_gmt":"2026-04-18T14:58:13","slug":"alec-soth-i-know-how-furiously-your-heart-is-beating","status":"publish","type":"product","link":"https:\/\/librairie7l.com\/en\/produit\/alec-soth-i-know-how-furiously-your-heart-is-beating\/","title":{"rendered":"ALEC SOTH I KNOW HOW FURIOUSLY YOUR HEART IS BEATING"},"content":{"rendered":"<p>Cette nouvelle s\u00e9rie d?Alec Soth tire son nom d?un po\u00e8me de Wallace Stevens, \u00abGray Room\u00bb. Apr\u00e8s son exploration r\u00e9cente de la vie sociale am\u00e9ricaine dans Songbook, il propose ici une s\u00e9rie de portraits grand format en couleur. Toujours saisis dans des lieux clos mais partout dans le monde, il y explore la notion d?intimit\u00e9 de mani\u00e8re lyrique, avec une volont\u00e9 de se mettre en retrait de l?agitation.<\/p>\n","protected":false},"excerpt":{"rendered":"<p>Cette nouvelle s\u00e9rie d?Alec Soth tire son nom d?un po\u00e8me de Wallace Stevens, \u00abGray Room\u00bb. Apr\u00e8s son exploration r\u00e9cente de la vie sociale am\u00e9ricaine dans Songbook, il propose ici une s\u00e9rie de portraits grand format en couleur. Toujours saisis dans des lieux clos mais partout dans le monde, il y explore la notion d?intimit\u00e9 de [&hellip;]<\/p>\n","protected":false},"featured_media":18621,"template":"","meta":[],"product_cat":[2948,2958],"product_tag":[],"acf":[],"yoast_head":"<!-- This site is optimized with the Yoast SEO plugin v20.11 - https:\/\/yoast.com\/wordpress\/plugins\/seo\/ -->\n<title>ALEC SOTH I KNOW HOW FURIOUSLY YOUR HEART IS BEATING - Librairie 7L<\/title>\n<meta name=\"robots\" content=\"index, follow, max-snippet:-1, max-image-preview:large, max-video-preview:-1\" \/>\n<link rel=\"canonical\" href=\"https:\/\/librairie7l.com\/en\/produit\/alec-soth-i-know-how-furiously-your-heart-is-beating\/\" \/>\n<meta property=\"og:locale\" content=\"en_US\" \/>\n<meta property=\"og:type\" content=\"article\" \/>\n<meta property=\"og:title\" content=\"ALEC SOTH I KNOW HOW FURIOUSLY YOUR HEART IS BEATING - Librairie 7L\" \/>\n<meta property=\"og:description\" content=\"Cette nouvelle s\u00e9rie d?Alec Soth tire son nom d?un po\u00e8me de Wallace Stevens, \u00abGray Room\u00bb. Apr\u00e8s son exploration r\u00e9cente de la vie sociale am\u00e9ricaine dans Songbook, il propose ici une s\u00e9rie de portraits grand format en couleur. Toujours saisis dans des lieux clos mais partout dans le monde, il y explore la notion d?intimit\u00e9 de [&hellip;]\" \/>\n<meta property=\"og:url\" content=\"https:\/\/librairie7l.com\/en\/produit\/alec-soth-i-know-how-furiously-your-heart-is-beating\/\" \/>\n<meta property=\"og:site_name\" content=\"Librairie 7L\" \/>\n<meta property=\"article:modified_time\" content=\"2026-04-18T14:58:13+00:00\" \/>\n<meta property=\"og:image\" content=\"https:\/\/librairie7l.com\/wp-content\/uploads\/2019\/03\/9781912339310_1_75.jpg\" \/>\n\t<meta property=\"og:image:width\" content=\"448\" \/>\n\t<meta property=\"og:image:height\" content=\"500\" \/>\n\t<meta property=\"og:image:type\" content=\"image\/jpeg\" \/>\n<meta name=\"twitter:card\" content=\"summary_large_image\" \/>\n<script type=\"application\/ld+json\" class=\"yoast-schema-graph\">{\"@context\":\"https:\/\/schema.org\",\"@graph\":[{\"@type\":\"WebPage\",\"@id\":\"https:\/\/librairie7l.com\/en\/produit\/alec-soth-i-know-how-furiously-your-heart-is-beating\/\",\"url\":\"https:\/\/librairie7l.com\/en\/produit\/alec-soth-i-know-how-furiously-your-heart-is-beating\/\",\"name\":\"ALEC SOTH I KNOW HOW FURIOUSLY YOUR HEART IS BEATING - Librairie 7L\",\"isPartOf\":{\"@id\":\"https:\/\/librairie7l.com\/en\/#website\"},\"datePublished\":\"2023-05-09T15:47:24+00:00\",\"dateModified\":\"2026-04-18T14:58:13+00:00\",\"breadcrumb\":{\"@id\":\"https:\/\/librairie7l.com\/en\/produit\/alec-soth-i-know-how-furiously-your-heart-is-beating\/#breadcrumb\"},\"inLanguage\":\"en-US\",\"potentialAction\":[{\"@type\":\"ReadAction\",\"target\":[\"https:\/\/librairie7l.com\/en\/produit\/alec-soth-i-know-how-furiously-your-heart-is-beating\/\"]}]},{\"@type\":\"BreadcrumbList\",\"@id\":\"https:\/\/librairie7l.com\/en\/produit\/alec-soth-i-know-how-furiously-your-heart-is-beating\/#breadcrumb\",\"itemListElement\":[{\"@type\":\"ListItem\",\"position\":1,\"name\":\"Accueil\",\"item\":\"https:\/\/librairie7l.com\/en\/\"},{\"@type\":\"ListItem\",\"position\":2,\"name\":\"Shop\",\"item\":\"https:\/\/librairie7l.com\/en\/shop\/\"},{\"@type\":\"ListItem\",\"position\":3,\"name\":\"ALEC SOTH I KNOW HOW FURIOUSLY YOUR HEART IS BEATING\"}]},{\"@type\":\"WebSite\",\"@id\":\"https:\/\/librairie7l.com\/en\/#website\",\"url\":\"https:\/\/librairie7l.com\/en\/\",\"name\":\"Librairie 7L\",\"description\":\"Librairie fond\u00e9e en 1999 par Karl Lagerfeld \u00e0 Paris\",\"publisher\":{\"@id\":\"https:\/\/librairie7l.com\/en\/#organization\"},\"potentialAction\":[{\"@type\":\"SearchAction\",\"target\":{\"@type\":\"EntryPoint\",\"urlTemplate\":\"https:\/\/librairie7l.com\/en\/?s={search_term_string}\"},\"query-input\":\"required name=search_term_string\"}],\"inLanguage\":\"en-US\"},{\"@type\":\"Organization\",\"@id\":\"https:\/\/librairie7l.com\/en\/#organization\",\"name\":\"Librairie 7L\",\"url\":\"https:\/\/librairie7l.com\/en\/\",\"logo\":{\"@type\":\"ImageObject\",\"inLanguage\":\"en-US\",\"@id\":\"https:\/\/librairie7l.com\/en\/#\/schema\/logo\/image\/\",\"url\":\"https:\/\/librairie7l.com\/wp-content\/uploads\/2022\/08\/logo-1.png\",\"contentUrl\":\"https:\/\/librairie7l.com\/wp-content\/uploads\/2022\/08\/logo-1.png\",\"width\":227,\"height\":301,\"caption\":\"Librairie 7L\"},\"image\":{\"@id\":\"https:\/\/librairie7l.com\/en\/#\/schema\/logo\/image\/\"}}]}<\/script>\n<!-- \/ Yoast SEO plugin. -->","yoast_head_json":{"title":"ALEC SOTH I KNOW HOW FURIOUSLY YOUR HEART IS BEATING - Librairie 7L","robots":{"index":"index","follow":"follow","max-snippet":"max-snippet:-1","max-image-preview":"max-image-preview:large","max-video-preview":"max-video-preview:-1"},"canonical":"https:\/\/librairie7l.com\/en\/produit\/alec-soth-i-know-how-furiously-your-heart-is-beating\/","og_locale":"en_US","og_type":"article","og_title":"ALEC SOTH I KNOW HOW FURIOUSLY YOUR HEART IS BEATING - Librairie 7L","og_description":"Cette nouvelle s\u00e9rie d?Alec Soth tire son nom d?un po\u00e8me de Wallace Stevens, \u00abGray Room\u00bb. Apr\u00e8s son exploration r\u00e9cente de la vie sociale am\u00e9ricaine dans Songbook, il propose ici une s\u00e9rie de portraits grand format en couleur. Toujours saisis dans des lieux clos mais partout dans le monde, il y explore la notion d?intimit\u00e9 de [&hellip;]","og_url":"https:\/\/librairie7l.com\/en\/produit\/alec-soth-i-know-how-furiously-your-heart-is-beating\/","og_site_name":"Librairie 7L","article_modified_time":"2026-04-18T14:58:13+00:00","og_image":[{"width":448,"height":500,"url":"https:\/\/librairie7l.com\/wp-content\/uploads\/2019\/03\/9781912339310_1_75.jpg","type":"image\/jpeg"}],"twitter_card":"summary_large_image","schema":{"@context":"https:\/\/schema.org","@graph":[{"@type":"WebPage","@id":"https:\/\/librairie7l.com\/en\/produit\/alec-soth-i-know-how-furiously-your-heart-is-beating\/","url":"https:\/\/librairie7l.com\/en\/produit\/alec-soth-i-know-how-furiously-your-heart-is-beating\/","name":"ALEC SOTH I KNOW HOW FURIOUSLY YOUR HEART IS BEATING - Librairie 7L","isPartOf":{"@id":"https:\/\/librairie7l.com\/en\/#website"},"datePublished":"2023-05-09T15:47:24+00:00","dateModified":"2026-04-18T14:58:13+00:00","breadcrumb":{"@id":"https:\/\/librairie7l.com\/en\/produit\/alec-soth-i-know-how-furiously-your-heart-is-beating\/#breadcrumb"},"inLanguage":"en-US","potentialAction":[{"@type":"ReadAction","target":["https:\/\/librairie7l.com\/en\/produit\/alec-soth-i-know-how-furiously-your-heart-is-beating\/"]}]},{"@type":"BreadcrumbList","@id":"https:\/\/librairie7l.com\/en\/produit\/alec-soth-i-know-how-furiously-your-heart-is-beating\/#breadcrumb","itemListElement":[{"@type":"ListItem","position":1,"name":"Accueil","item":"https:\/\/librairie7l.com\/en\/"},{"@type":"ListItem","position":2,"name":"Shop","item":"https:\/\/librairie7l.com\/en\/shop\/"},{"@type":"ListItem","position":3,"name":"ALEC SOTH I KNOW HOW FURIOUSLY YOUR HEART IS BEATING"}]},{"@type":"WebSite","@id":"https:\/\/librairie7l.com\/en\/#website","url":"https:\/\/librairie7l.com\/en\/","name":"Librairie 7L","description":"Librairie fond\u00e9e en 1999 par Karl Lagerfeld \u00e0 Paris","publisher":{"@id":"https:\/\/librairie7l.com\/en\/#organization"},"potentialAction":[{"@type":"SearchAction","target":{"@type":"EntryPoint","urlTemplate":"https:\/\/librairie7l.com\/en\/?s={search_term_string}"},"query-input":"required name=search_term_string"}],"inLanguage":"en-US"},{"@type":"Organization","@id":"https:\/\/librairie7l.com\/en\/#organization","name":"Librairie 7L","url":"https:\/\/librairie7l.com\/en\/","logo":{"@type":"ImageObject","inLanguage":"en-US","@id":"https:\/\/librairie7l.com\/en\/#\/schema\/logo\/image\/","url":"https:\/\/librairie7l.com\/wp-content\/uploads\/2022\/08\/logo-1.png","contentUrl":"https:\/\/librairie7l.com\/wp-content\/uploads\/2022\/08\/logo-1.png","width":227,"height":301,"caption":"Librairie 7L"},"image":{"@id":"https:\/\/librairie7l.com\/en\/#\/schema\/logo\/image\/"}}]}},"_links":{"self":[{"href":"https:\/\/librairie7l.com\/en\/wp-json\/wp\/v2\/product\/18623"}],"collection":[{"href":"https:\/\/librairie7l.com\/en\/wp-json\/wp\/v2\/product"}],"about":[{"href":"https:\/\/librairie7l.com\/en\/wp-json\/wp\/v2\/types\/product"}],"wp:featuredmedia":[{"embeddable":true,"href":"https:\/\/librairie7l.com\/en\/wp-json\/wp\/v2\/media\/18621"}],"wp:attachment":[{"href":"https:\/\/librairie7l.com\/en\/wp-json\/wp\/v2\/media?parent=18623"}],"wp:term":[{"taxonomy":"product_cat","embeddable":true,"href":"https:\/\/librairie7l.com\/en\/wp-json\/wp\/v2\/product_cat?post=18623"},{"taxonomy":"product_tag","embeddable":true,"href":"https:\/\/librairie7l.com\/en\/wp-json\/wp\/v2\/product_tag?post=18623"}],"curies":[{"name":"wp","href":"https:\/\/api.w.org\/{rel}","templated":true}]}}