{"id":18667,"date":"2023-05-09T17:47:58","date_gmt":"2023-05-09T15:47:58","guid":{"rendered":"https:\/\/librairie7l.com\/?post_type=product&#038;p=18667"},"modified":"2026-05-09T06:42:05","modified_gmt":"2026-05-09T04:42:05","slug":"transbordeur-photographie-histoire-societe-limage-verticale-politiques-de","status":"publish","type":"product","link":"https:\/\/librairie7l.com\/en\/produit\/transbordeur-photographie-histoire-societe-limage-verticale-politiques-de\/","title":{"rendered":"TRANSBORDEUR ; PHOTOGRAPHIE HISTOIRE SOCI\u00c9T\u00c9 : L&#8217;IMAGE VERTICALE : POLITIQUES DE LA VUE A\u00c9RIENNE"},"content":{"rendered":"<p>L&#8217;histoire des vues a\u00e9riennes est li\u00e9e au d\u00e9veloppement des moyens de locomotion a\u00e9riens qui, depuis le XVIIIe si\u00e8cle, produisent de nouveaux points de vue fixes et mobiles sur la terre. Des premi\u00e8res montgolfi\u00e8res aux drones contemporains, les dispositifs de vision a\u00e9rienne g\u00e9n\u00e8rent une iconographie au croisement de l&#8217;exp\u00e9rimentation militaire, scientifique et artistique qui nourrit depuis longtemps la culture populaire.<br \/>\nLe num\u00e9ro 6 de la revue Transbordeur revisite cette histoire de la vue d&#8217;en haut en \u00e9clairant en particulier sa dimension politique et \u00e9pist\u00e9mologique. Dans cette perspective, nous privil\u00e9gions la notion d&#8217;\u00ab image verticale \u00bb \u00e0 celle, plus g\u00e9n\u00e9rique, de vue a\u00e9rienne. Cette notion permet non seulement de renvoyer \u00e0 un arrangement spatial sp\u00e9cifique, mais \u00e9galement de souligner les relations de pouvoir qui le soutiennent et le mod\u00e9lisent. \u00c0 la fois repr\u00e9sentation et mat\u00e9rialisation de rapports de domination coloniale et imp\u00e9rialiste ou de politiques de surveillance polici\u00e8re et militaire, l&#8217;image verticale est productrice d&#8217;un savoir qui forge ces rapports et les rend possibles. \u00c0 l&#8217;inverse, dans une d\u00e9marche militante ou citoyenne, elle peut fournir une preuve permettant d&#8217;exposer et de d\u00e9noncer la violence et l&#8217;ill\u00e9galit\u00e9 des agressions commises par des acteurs \u00e9tatiques et institutionnels.<\/p>\n","protected":false},"excerpt":{"rendered":"<p>L&#8217;histoire des vues a\u00e9riennes est li\u00e9e au d\u00e9veloppement des moyens de locomotion a\u00e9riens qui, depuis le XVIIIe si\u00e8cle, produisent de nouveaux points de vue fixes et mobiles sur la terre. Des premi\u00e8res montgolfi\u00e8res aux drones contemporains, les dispositifs de vision a\u00e9rienne g\u00e9n\u00e8rent une iconographie au croisement de l&#8217;exp\u00e9rimentation militaire, scientifique et artistique qui nourrit depuis [&hellip;]<\/p>\n","protected":false},"featured_media":41132,"template":"","meta":[],"product_cat":[2948,2958],"product_tag":[],"acf":[],"yoast_head":"<!-- This site is optimized with the Yoast SEO plugin v20.11 - https:\/\/yoast.com\/wordpress\/plugins\/seo\/ -->\n<title>TRANSBORDEUR ; PHOTOGRAPHIE HISTOIRE SOCI\u00c9T\u00c9 : L&#039;IMAGE VERTICALE : POLITIQUES DE LA VUE A\u00c9RIENNE - Librairie 7L<\/title>\n<meta name=\"robots\" content=\"index, follow, max-snippet:-1, max-image-preview:large, max-video-preview:-1\" \/>\n<link rel=\"canonical\" href=\"https:\/\/librairie7l.com\/en\/produit\/transbordeur-photographie-histoire-societe-limage-verticale-politiques-de\/\" \/>\n<meta property=\"og:locale\" content=\"en_US\" \/>\n<meta property=\"og:type\" content=\"article\" \/>\n<meta property=\"og:title\" content=\"TRANSBORDEUR ; PHOTOGRAPHIE HISTOIRE SOCI\u00c9T\u00c9 : L&#039;IMAGE VERTICALE : POLITIQUES DE LA VUE A\u00c9RIENNE - Librairie 7L\" \/>\n<meta property=\"og:description\" content=\"L&#8217;histoire des vues a\u00e9riennes est li\u00e9e au d\u00e9veloppement des moyens de locomotion a\u00e9riens qui, depuis le XVIIIe si\u00e8cle, produisent de nouveaux points de vue fixes et mobiles sur la terre. Des premi\u00e8res montgolfi\u00e8res aux drones contemporains, les dispositifs de vision a\u00e9rienne g\u00e9n\u00e8rent une iconographie au croisement de l&#8217;exp\u00e9rimentation militaire, scientifique et artistique qui nourrit depuis [&hellip;]\" \/>\n<meta property=\"og:url\" content=\"https:\/\/librairie7l.com\/en\/produit\/transbordeur-photographie-histoire-societe-limage-verticale-politiques-de\/\" \/>\n<meta property=\"og:site_name\" content=\"Librairie 7L\" \/>\n<meta property=\"article:modified_time\" content=\"2026-05-09T04:42:05+00:00\" \/>\n<meta property=\"og:image\" content=\"https:\/\/librairie7l.com\/wp-content\/uploads\/2024\/05\/9782865891368_1_75.jpg\" \/>\n\t<meta property=\"og:image:width\" content=\"600\" \/>\n\t<meta property=\"og:image:height\" content=\"776\" \/>\n\t<meta property=\"og:image:type\" content=\"image\/jpeg\" \/>\n<meta name=\"twitter:card\" content=\"summary_large_image\" \/>\n<meta name=\"twitter:label1\" content=\"Est. reading time\" \/>\n\t<meta name=\"twitter:data1\" content=\"1 minute\" \/>\n<script type=\"application\/ld+json\" class=\"yoast-schema-graph\">{\"@context\":\"https:\/\/schema.org\",\"@graph\":[{\"@type\":\"WebPage\",\"@id\":\"https:\/\/librairie7l.com\/en\/produit\/transbordeur-photographie-histoire-societe-limage-verticale-politiques-de\/\",\"url\":\"https:\/\/librairie7l.com\/en\/produit\/transbordeur-photographie-histoire-societe-limage-verticale-politiques-de\/\",\"name\":\"TRANSBORDEUR ; PHOTOGRAPHIE HISTOIRE SOCI\u00c9T\u00c9 : L'IMAGE VERTICALE : POLITIQUES DE LA VUE A\u00c9RIENNE - Librairie 7L\",\"isPartOf\":{\"@id\":\"https:\/\/librairie7l.com\/en\/#website\"},\"datePublished\":\"2023-05-09T15:47:58+00:00\",\"dateModified\":\"2026-05-09T04:42:05+00:00\",\"breadcrumb\":{\"@id\":\"https:\/\/librairie7l.com\/en\/produit\/transbordeur-photographie-histoire-societe-limage-verticale-politiques-de\/#breadcrumb\"},\"inLanguage\":\"en-US\",\"potentialAction\":[{\"@type\":\"ReadAction\",\"target\":[\"https:\/\/librairie7l.com\/en\/produit\/transbordeur-photographie-histoire-societe-limage-verticale-politiques-de\/\"]}]},{\"@type\":\"BreadcrumbList\",\"@id\":\"https:\/\/librairie7l.com\/en\/produit\/transbordeur-photographie-histoire-societe-limage-verticale-politiques-de\/#breadcrumb\",\"itemListElement\":[{\"@type\":\"ListItem\",\"position\":1,\"name\":\"Accueil\",\"item\":\"https:\/\/librairie7l.com\/en\/\"},{\"@type\":\"ListItem\",\"position\":2,\"name\":\"Shop\",\"item\":\"https:\/\/librairie7l.com\/en\/shop\/\"},{\"@type\":\"ListItem\",\"position\":3,\"name\":\"TRANSBORDEUR ; PHOTOGRAPHIE HISTOIRE SOCI\u00c9T\u00c9 : L&#8217;IMAGE VERTICALE : POLITIQUES DE LA VUE A\u00c9RIENNE\"}]},{\"@type\":\"WebSite\",\"@id\":\"https:\/\/librairie7l.com\/en\/#website\",\"url\":\"https:\/\/librairie7l.com\/en\/\",\"name\":\"Librairie 7L\",\"description\":\"Librairie fond\u00e9e en 1999 par Karl Lagerfeld \u00e0 Paris\",\"publisher\":{\"@id\":\"https:\/\/librairie7l.com\/en\/#organization\"},\"potentialAction\":[{\"@type\":\"SearchAction\",\"target\":{\"@type\":\"EntryPoint\",\"urlTemplate\":\"https:\/\/librairie7l.com\/en\/?s={search_term_string}\"},\"query-input\":\"required name=search_term_string\"}],\"inLanguage\":\"en-US\"},{\"@type\":\"Organization\",\"@id\":\"https:\/\/librairie7l.com\/en\/#organization\",\"name\":\"Librairie 7L\",\"url\":\"https:\/\/librairie7l.com\/en\/\",\"logo\":{\"@type\":\"ImageObject\",\"inLanguage\":\"en-US\",\"@id\":\"https:\/\/librairie7l.com\/en\/#\/schema\/logo\/image\/\",\"url\":\"https:\/\/librairie7l.com\/wp-content\/uploads\/2022\/08\/logo-1.png\",\"contentUrl\":\"https:\/\/librairie7l.com\/wp-content\/uploads\/2022\/08\/logo-1.png\",\"width\":227,\"height\":301,\"caption\":\"Librairie 7L\"},\"image\":{\"@id\":\"https:\/\/librairie7l.com\/en\/#\/schema\/logo\/image\/\"}}]}<\/script>\n<!-- \/ Yoast SEO plugin. -->","yoast_head_json":{"title":"TRANSBORDEUR ; PHOTOGRAPHIE HISTOIRE SOCI\u00c9T\u00c9 : L'IMAGE VERTICALE : POLITIQUES DE LA VUE A\u00c9RIENNE - Librairie 7L","robots":{"index":"index","follow":"follow","max-snippet":"max-snippet:-1","max-image-preview":"max-image-preview:large","max-video-preview":"max-video-preview:-1"},"canonical":"https:\/\/librairie7l.com\/en\/produit\/transbordeur-photographie-histoire-societe-limage-verticale-politiques-de\/","og_locale":"en_US","og_type":"article","og_title":"TRANSBORDEUR ; PHOTOGRAPHIE HISTOIRE SOCI\u00c9T\u00c9 : L'IMAGE VERTICALE : POLITIQUES DE LA VUE A\u00c9RIENNE - Librairie 7L","og_description":"L&#8217;histoire des vues a\u00e9riennes est li\u00e9e au d\u00e9veloppement des moyens de locomotion a\u00e9riens qui, depuis le XVIIIe si\u00e8cle, produisent de nouveaux points de vue fixes et mobiles sur la terre. Des premi\u00e8res montgolfi\u00e8res aux drones contemporains, les dispositifs de vision a\u00e9rienne g\u00e9n\u00e8rent une iconographie au croisement de l&#8217;exp\u00e9rimentation militaire, scientifique et artistique qui nourrit depuis [&hellip;]","og_url":"https:\/\/librairie7l.com\/en\/produit\/transbordeur-photographie-histoire-societe-limage-verticale-politiques-de\/","og_site_name":"Librairie 7L","article_modified_time":"2026-05-09T04:42:05+00:00","og_image":[{"width":600,"height":776,"url":"https:\/\/librairie7l.com\/wp-content\/uploads\/2024\/05\/9782865891368_1_75.jpg","type":"image\/jpeg"}],"twitter_card":"summary_large_image","twitter_misc":{"Est. reading time":"1 minute"},"schema":{"@context":"https:\/\/schema.org","@graph":[{"@type":"WebPage","@id":"https:\/\/librairie7l.com\/en\/produit\/transbordeur-photographie-histoire-societe-limage-verticale-politiques-de\/","url":"https:\/\/librairie7l.com\/en\/produit\/transbordeur-photographie-histoire-societe-limage-verticale-politiques-de\/","name":"TRANSBORDEUR ; PHOTOGRAPHIE HISTOIRE SOCI\u00c9T\u00c9 : L'IMAGE VERTICALE : POLITIQUES DE LA VUE A\u00c9RIENNE - Librairie 7L","isPartOf":{"@id":"https:\/\/librairie7l.com\/en\/#website"},"datePublished":"2023-05-09T15:47:58+00:00","dateModified":"2026-05-09T04:42:05+00:00","breadcrumb":{"@id":"https:\/\/librairie7l.com\/en\/produit\/transbordeur-photographie-histoire-societe-limage-verticale-politiques-de\/#breadcrumb"},"inLanguage":"en-US","potentialAction":[{"@type":"ReadAction","target":["https:\/\/librairie7l.com\/en\/produit\/transbordeur-photographie-histoire-societe-limage-verticale-politiques-de\/"]}]},{"@type":"BreadcrumbList","@id":"https:\/\/librairie7l.com\/en\/produit\/transbordeur-photographie-histoire-societe-limage-verticale-politiques-de\/#breadcrumb","itemListElement":[{"@type":"ListItem","position":1,"name":"Accueil","item":"https:\/\/librairie7l.com\/en\/"},{"@type":"ListItem","position":2,"name":"Shop","item":"https:\/\/librairie7l.com\/en\/shop\/"},{"@type":"ListItem","position":3,"name":"TRANSBORDEUR ; PHOTOGRAPHIE HISTOIRE SOCI\u00c9T\u00c9 : L&#8217;IMAGE VERTICALE : POLITIQUES DE LA VUE A\u00c9RIENNE"}]},{"@type":"WebSite","@id":"https:\/\/librairie7l.com\/en\/#website","url":"https:\/\/librairie7l.com\/en\/","name":"Librairie 7L","description":"Librairie fond\u00e9e en 1999 par Karl Lagerfeld \u00e0 Paris","publisher":{"@id":"https:\/\/librairie7l.com\/en\/#organization"},"potentialAction":[{"@type":"SearchAction","target":{"@type":"EntryPoint","urlTemplate":"https:\/\/librairie7l.com\/en\/?s={search_term_string}"},"query-input":"required name=search_term_string"}],"inLanguage":"en-US"},{"@type":"Organization","@id":"https:\/\/librairie7l.com\/en\/#organization","name":"Librairie 7L","url":"https:\/\/librairie7l.com\/en\/","logo":{"@type":"ImageObject","inLanguage":"en-US","@id":"https:\/\/librairie7l.com\/en\/#\/schema\/logo\/image\/","url":"https:\/\/librairie7l.com\/wp-content\/uploads\/2022\/08\/logo-1.png","contentUrl":"https:\/\/librairie7l.com\/wp-content\/uploads\/2022\/08\/logo-1.png","width":227,"height":301,"caption":"Librairie 7L"},"image":{"@id":"https:\/\/librairie7l.com\/en\/#\/schema\/logo\/image\/"}}]}},"_links":{"self":[{"href":"https:\/\/librairie7l.com\/en\/wp-json\/wp\/v2\/product\/18667"}],"collection":[{"href":"https:\/\/librairie7l.com\/en\/wp-json\/wp\/v2\/product"}],"about":[{"href":"https:\/\/librairie7l.com\/en\/wp-json\/wp\/v2\/types\/product"}],"wp:featuredmedia":[{"embeddable":true,"href":"https:\/\/librairie7l.com\/en\/wp-json\/wp\/v2\/media\/41132"}],"wp:attachment":[{"href":"https:\/\/librairie7l.com\/en\/wp-json\/wp\/v2\/media?parent=18667"}],"wp:term":[{"taxonomy":"product_cat","embeddable":true,"href":"https:\/\/librairie7l.com\/en\/wp-json\/wp\/v2\/product_cat?post=18667"},{"taxonomy":"product_tag","embeddable":true,"href":"https:\/\/librairie7l.com\/en\/wp-json\/wp\/v2\/product_tag?post=18667"}],"curies":[{"name":"wp","href":"https:\/\/api.w.org\/{rel}","templated":true}]}}