{"id":18695,"date":"2023-05-09T17:48:23","date_gmt":"2023-05-09T15:48:23","guid":{"rendered":"https:\/\/librairie7l.com\/?post_type=product&#038;p=18695"},"modified":"2026-04-18T14:46:04","modified_gmt":"2026-04-18T12:46:04","slug":"warhol","status":"publish","type":"product","link":"https:\/\/librairie7l.com\/en\/produit\/warhol\/","title":{"rendered":"WARHOL"},"content":{"rendered":"<p>Andy Warhol (1928-1987), un g\u00e9ant de l&#8217;art du XXe si\u00e8cle, est connu de la plupart des gens pour ses images embl\u00e9matiques de bo\u00eetes de soupe, de bouteilles de Coca-Cola et de Marilyn Monroe. Avant de conna\u00eetre une ascension fulgurante au d\u00e9but des ann\u00e9es 1960 en tant que superstar du Pop Art, Warhol \u00e9tait un artiste commercial tr\u00e8s prosp\u00e8re \u00e0 New York. Le regrett\u00e9 Matt Wrbican, ancien archiviste en chef du Warhol Museum de Pittsburgh, a dit un jour &#8220;il reste tr\u00e8s peu d&#8217;histoires \u00e0 raconter sur Warhol, mais les textiles en sont une&#8221;. Cet ouvrage est le premier consacr\u00e9 aux cr\u00e9ations textiles commerciales de cette figure majeure de l&#8217;histoire de l&#8217;art. Gr\u00e2ce \u00e0 de nouvelles photographies \u00e9poustouflantes, dont des images in\u00e9dites de textiles nouvellement d\u00e9couverts, ce livre jette un nouvel \u00e9clairage sur un aspect important mais jusqu&#8217;ici peu document\u00e9 de l&#8217;oeuvre de Warhol. Avec plus de 30 textiles diff\u00e9rents, des sundaes \u00e0 la cr\u00e8me glac\u00e9e aux clowns acrobatiques, Warhol : The Textiles offre un t\u00e9moignage unique sur les d\u00e9buts de l&#8217;un des plus grands artistes du vingti\u00e8me si\u00e8cle. Publi\u00e9 en association avec le Mus\u00e9e de la mode et du textile.<\/p>\n","protected":false},"excerpt":{"rendered":"<p>Andy Warhol (1928-1987), un g\u00e9ant de l&#8217;art du XXe si\u00e8cle, est connu de la plupart des gens pour ses images embl\u00e9matiques de bo\u00eetes de soupe, de bouteilles de Coca-Cola et de Marilyn Monroe. Avant de conna\u00eetre une ascension fulgurante au d\u00e9but des ann\u00e9es 1960 en tant que superstar du Pop Art, Warhol \u00e9tait un artiste [&hellip;]<\/p>\n","protected":false},"featured_media":18694,"template":"","meta":[],"product_cat":[2948,2953],"product_tag":[],"acf":[],"yoast_head":"<!-- This site is optimized with the Yoast SEO plugin v20.11 - https:\/\/yoast.com\/wordpress\/plugins\/seo\/ -->\n<title>WARHOL - Librairie 7L<\/title>\n<meta name=\"robots\" content=\"index, follow, max-snippet:-1, max-image-preview:large, max-video-preview:-1\" \/>\n<link rel=\"canonical\" href=\"https:\/\/librairie7l.com\/en\/produit\/warhol\/\" \/>\n<meta property=\"og:locale\" content=\"en_US\" \/>\n<meta property=\"og:type\" content=\"article\" \/>\n<meta property=\"og:title\" content=\"WARHOL - Librairie 7L\" \/>\n<meta property=\"og:description\" content=\"Andy Warhol (1928-1987), un g\u00e9ant de l&#8217;art du XXe si\u00e8cle, est connu de la plupart des gens pour ses images embl\u00e9matiques de bo\u00eetes de soupe, de bouteilles de Coca-Cola et de Marilyn Monroe. Avant de conna\u00eetre une ascension fulgurante au d\u00e9but des ann\u00e9es 1960 en tant que superstar du Pop Art, Warhol \u00e9tait un artiste [&hellip;]\" \/>\n<meta property=\"og:url\" content=\"https:\/\/librairie7l.com\/en\/produit\/warhol\/\" \/>\n<meta property=\"og:site_name\" content=\"Librairie 7L\" \/>\n<meta property=\"article:modified_time\" content=\"2026-04-18T12:46:04+00:00\" \/>\n<meta property=\"og:image\" content=\"https:\/\/librairie7l.com\/wp-content\/uploads\/2023\/03\/9780300270518_1_75.jpg\" \/>\n\t<meta property=\"og:image:width\" content=\"391\" \/>\n\t<meta property=\"og:image:height\" content=\"500\" \/>\n\t<meta property=\"og:image:type\" content=\"image\/jpeg\" \/>\n<meta name=\"twitter:card\" content=\"summary_large_image\" \/>\n<meta name=\"twitter:label1\" content=\"Est. reading time\" \/>\n\t<meta name=\"twitter:data1\" content=\"1 minute\" \/>\n<script type=\"application\/ld+json\" class=\"yoast-schema-graph\">{\"@context\":\"https:\/\/schema.org\",\"@graph\":[{\"@type\":\"WebPage\",\"@id\":\"https:\/\/librairie7l.com\/en\/produit\/warhol\/\",\"url\":\"https:\/\/librairie7l.com\/en\/produit\/warhol\/\",\"name\":\"WARHOL - Librairie 7L\",\"isPartOf\":{\"@id\":\"https:\/\/librairie7l.com\/en\/#website\"},\"datePublished\":\"2023-05-09T15:48:23+00:00\",\"dateModified\":\"2026-04-18T12:46:04+00:00\",\"breadcrumb\":{\"@id\":\"https:\/\/librairie7l.com\/en\/produit\/warhol\/#breadcrumb\"},\"inLanguage\":\"en-US\",\"potentialAction\":[{\"@type\":\"ReadAction\",\"target\":[\"https:\/\/librairie7l.com\/en\/produit\/warhol\/\"]}]},{\"@type\":\"BreadcrumbList\",\"@id\":\"https:\/\/librairie7l.com\/en\/produit\/warhol\/#breadcrumb\",\"itemListElement\":[{\"@type\":\"ListItem\",\"position\":1,\"name\":\"Accueil\",\"item\":\"https:\/\/librairie7l.com\/en\/\"},{\"@type\":\"ListItem\",\"position\":2,\"name\":\"Shop\",\"item\":\"https:\/\/librairie7l.com\/en\/shop\/\"},{\"@type\":\"ListItem\",\"position\":3,\"name\":\"WARHOL\"}]},{\"@type\":\"WebSite\",\"@id\":\"https:\/\/librairie7l.com\/en\/#website\",\"url\":\"https:\/\/librairie7l.com\/en\/\",\"name\":\"Librairie 7L\",\"description\":\"Librairie fond\u00e9e en 1999 par Karl Lagerfeld \u00e0 Paris\",\"publisher\":{\"@id\":\"https:\/\/librairie7l.com\/en\/#organization\"},\"potentialAction\":[{\"@type\":\"SearchAction\",\"target\":{\"@type\":\"EntryPoint\",\"urlTemplate\":\"https:\/\/librairie7l.com\/en\/?s={search_term_string}\"},\"query-input\":\"required name=search_term_string\"}],\"inLanguage\":\"en-US\"},{\"@type\":\"Organization\",\"@id\":\"https:\/\/librairie7l.com\/en\/#organization\",\"name\":\"Librairie 7L\",\"url\":\"https:\/\/librairie7l.com\/en\/\",\"logo\":{\"@type\":\"ImageObject\",\"inLanguage\":\"en-US\",\"@id\":\"https:\/\/librairie7l.com\/en\/#\/schema\/logo\/image\/\",\"url\":\"https:\/\/librairie7l.com\/wp-content\/uploads\/2022\/08\/logo-1.png\",\"contentUrl\":\"https:\/\/librairie7l.com\/wp-content\/uploads\/2022\/08\/logo-1.png\",\"width\":227,\"height\":301,\"caption\":\"Librairie 7L\"},\"image\":{\"@id\":\"https:\/\/librairie7l.com\/en\/#\/schema\/logo\/image\/\"}}]}<\/script>\n<!-- \/ Yoast SEO plugin. -->","yoast_head_json":{"title":"WARHOL - Librairie 7L","robots":{"index":"index","follow":"follow","max-snippet":"max-snippet:-1","max-image-preview":"max-image-preview:large","max-video-preview":"max-video-preview:-1"},"canonical":"https:\/\/librairie7l.com\/en\/produit\/warhol\/","og_locale":"en_US","og_type":"article","og_title":"WARHOL - Librairie 7L","og_description":"Andy Warhol (1928-1987), un g\u00e9ant de l&#8217;art du XXe si\u00e8cle, est connu de la plupart des gens pour ses images embl\u00e9matiques de bo\u00eetes de soupe, de bouteilles de Coca-Cola et de Marilyn Monroe. Avant de conna\u00eetre une ascension fulgurante au d\u00e9but des ann\u00e9es 1960 en tant que superstar du Pop Art, Warhol \u00e9tait un artiste [&hellip;]","og_url":"https:\/\/librairie7l.com\/en\/produit\/warhol\/","og_site_name":"Librairie 7L","article_modified_time":"2026-04-18T12:46:04+00:00","og_image":[{"width":391,"height":500,"url":"https:\/\/librairie7l.com\/wp-content\/uploads\/2023\/03\/9780300270518_1_75.jpg","type":"image\/jpeg"}],"twitter_card":"summary_large_image","twitter_misc":{"Est. reading time":"1 minute"},"schema":{"@context":"https:\/\/schema.org","@graph":[{"@type":"WebPage","@id":"https:\/\/librairie7l.com\/en\/produit\/warhol\/","url":"https:\/\/librairie7l.com\/en\/produit\/warhol\/","name":"WARHOL - Librairie 7L","isPartOf":{"@id":"https:\/\/librairie7l.com\/en\/#website"},"datePublished":"2023-05-09T15:48:23+00:00","dateModified":"2026-04-18T12:46:04+00:00","breadcrumb":{"@id":"https:\/\/librairie7l.com\/en\/produit\/warhol\/#breadcrumb"},"inLanguage":"en-US","potentialAction":[{"@type":"ReadAction","target":["https:\/\/librairie7l.com\/en\/produit\/warhol\/"]}]},{"@type":"BreadcrumbList","@id":"https:\/\/librairie7l.com\/en\/produit\/warhol\/#breadcrumb","itemListElement":[{"@type":"ListItem","position":1,"name":"Accueil","item":"https:\/\/librairie7l.com\/en\/"},{"@type":"ListItem","position":2,"name":"Shop","item":"https:\/\/librairie7l.com\/en\/shop\/"},{"@type":"ListItem","position":3,"name":"WARHOL"}]},{"@type":"WebSite","@id":"https:\/\/librairie7l.com\/en\/#website","url":"https:\/\/librairie7l.com\/en\/","name":"Librairie 7L","description":"Librairie fond\u00e9e en 1999 par Karl Lagerfeld \u00e0 Paris","publisher":{"@id":"https:\/\/librairie7l.com\/en\/#organization"},"potentialAction":[{"@type":"SearchAction","target":{"@type":"EntryPoint","urlTemplate":"https:\/\/librairie7l.com\/en\/?s={search_term_string}"},"query-input":"required name=search_term_string"}],"inLanguage":"en-US"},{"@type":"Organization","@id":"https:\/\/librairie7l.com\/en\/#organization","name":"Librairie 7L","url":"https:\/\/librairie7l.com\/en\/","logo":{"@type":"ImageObject","inLanguage":"en-US","@id":"https:\/\/librairie7l.com\/en\/#\/schema\/logo\/image\/","url":"https:\/\/librairie7l.com\/wp-content\/uploads\/2022\/08\/logo-1.png","contentUrl":"https:\/\/librairie7l.com\/wp-content\/uploads\/2022\/08\/logo-1.png","width":227,"height":301,"caption":"Librairie 7L"},"image":{"@id":"https:\/\/librairie7l.com\/en\/#\/schema\/logo\/image\/"}}]}},"_links":{"self":[{"href":"https:\/\/librairie7l.com\/en\/wp-json\/wp\/v2\/product\/18695"}],"collection":[{"href":"https:\/\/librairie7l.com\/en\/wp-json\/wp\/v2\/product"}],"about":[{"href":"https:\/\/librairie7l.com\/en\/wp-json\/wp\/v2\/types\/product"}],"wp:featuredmedia":[{"embeddable":true,"href":"https:\/\/librairie7l.com\/en\/wp-json\/wp\/v2\/media\/18694"}],"wp:attachment":[{"href":"https:\/\/librairie7l.com\/en\/wp-json\/wp\/v2\/media?parent=18695"}],"wp:term":[{"taxonomy":"product_cat","embeddable":true,"href":"https:\/\/librairie7l.com\/en\/wp-json\/wp\/v2\/product_cat?post=18695"},{"taxonomy":"product_tag","embeddable":true,"href":"https:\/\/librairie7l.com\/en\/wp-json\/wp\/v2\/product_tag?post=18695"}],"curies":[{"name":"wp","href":"https:\/\/api.w.org\/{rel}","templated":true}]}}