{"id":18731,"date":"2023-05-09T17:48:52","date_gmt":"2023-05-09T15:48:52","guid":{"rendered":"https:\/\/librairie7l.com\/?post_type=product&#038;p=18731"},"modified":"2026-04-17T02:49:40","modified_gmt":"2026-04-17T00:49:40","slug":"les-saisons-de-dom-robert-tapisseries-edition-2018","status":"publish","type":"product","link":"https:\/\/librairie7l.com\/en\/produit\/les-saisons-de-dom-robert-tapisseries-edition-2018\/","title":{"rendered":"LES SAISONS DE DOM ROBERT ; TAPISSERIES (\u00c9DITION 2018)"},"content":{"rendered":"<p>Guy de Chaunac-Lanzac (Dom Robert) est n\u00e9 dans le Poitou le 15 d\u00e9cembre 1907. Apr\u00e8s ses \u00e9tudes aux Arts d\u00e9coratifs puis son service militaire au Maroc o\u00f9 il d\u00e9veloppe sa technique de l&#8217;aquarelle qui fournira la mati\u00e8re \u00e0 une exposition chez Bernheim Jeune, il entre \u00e0 l&#8217;abbaye d&#8217;En Calcat  en septembre 1930. Il est ordonn\u00e9 pr\u00eatre en 1937.<br \/>\nLorsque Jean Lur\u00e7at, de passage \u00e0 l&#8217;abbaye b\u00e9n\u00e9dictine d&#8217;En Calcat dans le Tarn en 1941, d\u00e9couvre les aquarelles et enluminures de Dom Robert, il est touch\u00e9 par la puissance et l&#8217;originalit\u00e9 de ces oeuvres et le fait d\u00e9couvrir au monde de l&#8217;art. Il rencontre imm\u00e9diatement le succ\u00e8s et devient un des cartonniers les plus f\u00e9conds et les plus admir\u00e9s du xxe si\u00e8cle.<br \/>\nDom Robert a centr\u00e9 toute son oeuvre sur la nature : les chevaux, les fleurs, les poules, les herbes, les canards &#8230;<br \/>\nC&#8217;est particuli\u00e8rement son travail sur les saisons (printemps, \u00e9t\u00e9, automne) que l&#8217;ouvrage met en lumi\u00e8re en pr\u00e9sentant une cinquantaine de tapisseries auxquelles sont associ\u00e9es dessins pr\u00e9paratoires, aquarelles, cartons.<\/p>\n","protected":false},"excerpt":{"rendered":"<p>Guy de Chaunac-Lanzac (Dom Robert) est n\u00e9 dans le Poitou le 15 d\u00e9cembre 1907. Apr\u00e8s ses \u00e9tudes aux Arts d\u00e9coratifs puis son service militaire au Maroc o\u00f9 il d\u00e9veloppe sa technique de l&#8217;aquarelle qui fournira la mati\u00e8re \u00e0 une exposition chez Bernheim Jeune, il entre \u00e0 l&#8217;abbaye d&#8217;En Calcat en septembre 1930. Il est ordonn\u00e9 [&hellip;]<\/p>\n","protected":false},"featured_media":18729,"template":"","meta":[],"product_cat":[2948,2952],"product_tag":[],"acf":[],"yoast_head":"<!-- This site is optimized with the Yoast SEO plugin v20.11 - https:\/\/yoast.com\/wordpress\/plugins\/seo\/ -->\n<title>LES SAISONS DE DOM ROBERT ; TAPISSERIES (\u00c9DITION 2018) - Librairie 7L<\/title>\n<meta name=\"robots\" content=\"index, follow, max-snippet:-1, max-image-preview:large, max-video-preview:-1\" \/>\n<link rel=\"canonical\" href=\"https:\/\/librairie7l.com\/en\/produit\/les-saisons-de-dom-robert-tapisseries-edition-2018\/\" \/>\n<meta property=\"og:locale\" content=\"en_US\" \/>\n<meta property=\"og:type\" content=\"article\" \/>\n<meta property=\"og:title\" content=\"LES SAISONS DE DOM ROBERT ; TAPISSERIES (\u00c9DITION 2018) - Librairie 7L\" \/>\n<meta property=\"og:description\" content=\"Guy de Chaunac-Lanzac (Dom Robert) est n\u00e9 dans le Poitou le 15 d\u00e9cembre 1907. Apr\u00e8s ses \u00e9tudes aux Arts d\u00e9coratifs puis son service militaire au Maroc o\u00f9 il d\u00e9veloppe sa technique de l&#8217;aquarelle qui fournira la mati\u00e8re \u00e0 une exposition chez Bernheim Jeune, il entre \u00e0 l&#8217;abbaye d&#8217;En Calcat en septembre 1930. Il est ordonn\u00e9 [&hellip;]\" \/>\n<meta property=\"og:url\" content=\"https:\/\/librairie7l.com\/en\/produit\/les-saisons-de-dom-robert-tapisseries-edition-2018\/\" \/>\n<meta property=\"og:site_name\" content=\"Librairie 7L\" \/>\n<meta property=\"article:modified_time\" content=\"2026-04-17T00:49:40+00:00\" \/>\n<meta property=\"og:image\" content=\"https:\/\/librairie7l.com\/wp-content\/uploads\/2018\/10\/9782754110556_1_75.jpg\" \/>\n\t<meta property=\"og:image:width\" content=\"600\" \/>\n\t<meta property=\"og:image:height\" content=\"705\" \/>\n\t<meta property=\"og:image:type\" content=\"image\/jpeg\" \/>\n<meta name=\"twitter:card\" content=\"summary_large_image\" \/>\n<meta name=\"twitter:label1\" content=\"Est. reading time\" \/>\n\t<meta name=\"twitter:data1\" content=\"1 minute\" \/>\n<script type=\"application\/ld+json\" class=\"yoast-schema-graph\">{\"@context\":\"https:\/\/schema.org\",\"@graph\":[{\"@type\":\"WebPage\",\"@id\":\"https:\/\/librairie7l.com\/en\/produit\/les-saisons-de-dom-robert-tapisseries-edition-2018\/\",\"url\":\"https:\/\/librairie7l.com\/en\/produit\/les-saisons-de-dom-robert-tapisseries-edition-2018\/\",\"name\":\"LES SAISONS DE DOM ROBERT ; TAPISSERIES (\u00c9DITION 2018) - Librairie 7L\",\"isPartOf\":{\"@id\":\"https:\/\/librairie7l.com\/en\/#website\"},\"datePublished\":\"2023-05-09T15:48:52+00:00\",\"dateModified\":\"2026-04-17T00:49:40+00:00\",\"breadcrumb\":{\"@id\":\"https:\/\/librairie7l.com\/en\/produit\/les-saisons-de-dom-robert-tapisseries-edition-2018\/#breadcrumb\"},\"inLanguage\":\"en-US\",\"potentialAction\":[{\"@type\":\"ReadAction\",\"target\":[\"https:\/\/librairie7l.com\/en\/produit\/les-saisons-de-dom-robert-tapisseries-edition-2018\/\"]}]},{\"@type\":\"BreadcrumbList\",\"@id\":\"https:\/\/librairie7l.com\/en\/produit\/les-saisons-de-dom-robert-tapisseries-edition-2018\/#breadcrumb\",\"itemListElement\":[{\"@type\":\"ListItem\",\"position\":1,\"name\":\"Accueil\",\"item\":\"https:\/\/librairie7l.com\/en\/\"},{\"@type\":\"ListItem\",\"position\":2,\"name\":\"Shop\",\"item\":\"https:\/\/librairie7l.com\/en\/shop\/\"},{\"@type\":\"ListItem\",\"position\":3,\"name\":\"LES SAISONS DE DOM ROBERT ; TAPISSERIES (\u00c9DITION 2018)\"}]},{\"@type\":\"WebSite\",\"@id\":\"https:\/\/librairie7l.com\/en\/#website\",\"url\":\"https:\/\/librairie7l.com\/en\/\",\"name\":\"Librairie 7L\",\"description\":\"Librairie fond\u00e9e en 1999 par Karl Lagerfeld \u00e0 Paris\",\"publisher\":{\"@id\":\"https:\/\/librairie7l.com\/en\/#organization\"},\"potentialAction\":[{\"@type\":\"SearchAction\",\"target\":{\"@type\":\"EntryPoint\",\"urlTemplate\":\"https:\/\/librairie7l.com\/en\/?s={search_term_string}\"},\"query-input\":\"required name=search_term_string\"}],\"inLanguage\":\"en-US\"},{\"@type\":\"Organization\",\"@id\":\"https:\/\/librairie7l.com\/en\/#organization\",\"name\":\"Librairie 7L\",\"url\":\"https:\/\/librairie7l.com\/en\/\",\"logo\":{\"@type\":\"ImageObject\",\"inLanguage\":\"en-US\",\"@id\":\"https:\/\/librairie7l.com\/en\/#\/schema\/logo\/image\/\",\"url\":\"https:\/\/librairie7l.com\/wp-content\/uploads\/2022\/08\/logo-1.png\",\"contentUrl\":\"https:\/\/librairie7l.com\/wp-content\/uploads\/2022\/08\/logo-1.png\",\"width\":227,\"height\":301,\"caption\":\"Librairie 7L\"},\"image\":{\"@id\":\"https:\/\/librairie7l.com\/en\/#\/schema\/logo\/image\/\"}}]}<\/script>\n<!-- \/ Yoast SEO plugin. -->","yoast_head_json":{"title":"LES SAISONS DE DOM ROBERT ; TAPISSERIES (\u00c9DITION 2018) - Librairie 7L","robots":{"index":"index","follow":"follow","max-snippet":"max-snippet:-1","max-image-preview":"max-image-preview:large","max-video-preview":"max-video-preview:-1"},"canonical":"https:\/\/librairie7l.com\/en\/produit\/les-saisons-de-dom-robert-tapisseries-edition-2018\/","og_locale":"en_US","og_type":"article","og_title":"LES SAISONS DE DOM ROBERT ; TAPISSERIES (\u00c9DITION 2018) - Librairie 7L","og_description":"Guy de Chaunac-Lanzac (Dom Robert) est n\u00e9 dans le Poitou le 15 d\u00e9cembre 1907. Apr\u00e8s ses \u00e9tudes aux Arts d\u00e9coratifs puis son service militaire au Maroc o\u00f9 il d\u00e9veloppe sa technique de l&#8217;aquarelle qui fournira la mati\u00e8re \u00e0 une exposition chez Bernheim Jeune, il entre \u00e0 l&#8217;abbaye d&#8217;En Calcat en septembre 1930. Il est ordonn\u00e9 [&hellip;]","og_url":"https:\/\/librairie7l.com\/en\/produit\/les-saisons-de-dom-robert-tapisseries-edition-2018\/","og_site_name":"Librairie 7L","article_modified_time":"2026-04-17T00:49:40+00:00","og_image":[{"width":600,"height":705,"url":"https:\/\/librairie7l.com\/wp-content\/uploads\/2018\/10\/9782754110556_1_75.jpg","type":"image\/jpeg"}],"twitter_card":"summary_large_image","twitter_misc":{"Est. reading time":"1 minute"},"schema":{"@context":"https:\/\/schema.org","@graph":[{"@type":"WebPage","@id":"https:\/\/librairie7l.com\/en\/produit\/les-saisons-de-dom-robert-tapisseries-edition-2018\/","url":"https:\/\/librairie7l.com\/en\/produit\/les-saisons-de-dom-robert-tapisseries-edition-2018\/","name":"LES SAISONS DE DOM ROBERT ; TAPISSERIES (\u00c9DITION 2018) - Librairie 7L","isPartOf":{"@id":"https:\/\/librairie7l.com\/en\/#website"},"datePublished":"2023-05-09T15:48:52+00:00","dateModified":"2026-04-17T00:49:40+00:00","breadcrumb":{"@id":"https:\/\/librairie7l.com\/en\/produit\/les-saisons-de-dom-robert-tapisseries-edition-2018\/#breadcrumb"},"inLanguage":"en-US","potentialAction":[{"@type":"ReadAction","target":["https:\/\/librairie7l.com\/en\/produit\/les-saisons-de-dom-robert-tapisseries-edition-2018\/"]}]},{"@type":"BreadcrumbList","@id":"https:\/\/librairie7l.com\/en\/produit\/les-saisons-de-dom-robert-tapisseries-edition-2018\/#breadcrumb","itemListElement":[{"@type":"ListItem","position":1,"name":"Accueil","item":"https:\/\/librairie7l.com\/en\/"},{"@type":"ListItem","position":2,"name":"Shop","item":"https:\/\/librairie7l.com\/en\/shop\/"},{"@type":"ListItem","position":3,"name":"LES SAISONS DE DOM ROBERT ; TAPISSERIES (\u00c9DITION 2018)"}]},{"@type":"WebSite","@id":"https:\/\/librairie7l.com\/en\/#website","url":"https:\/\/librairie7l.com\/en\/","name":"Librairie 7L","description":"Librairie fond\u00e9e en 1999 par Karl Lagerfeld \u00e0 Paris","publisher":{"@id":"https:\/\/librairie7l.com\/en\/#organization"},"potentialAction":[{"@type":"SearchAction","target":{"@type":"EntryPoint","urlTemplate":"https:\/\/librairie7l.com\/en\/?s={search_term_string}"},"query-input":"required name=search_term_string"}],"inLanguage":"en-US"},{"@type":"Organization","@id":"https:\/\/librairie7l.com\/en\/#organization","name":"Librairie 7L","url":"https:\/\/librairie7l.com\/en\/","logo":{"@type":"ImageObject","inLanguage":"en-US","@id":"https:\/\/librairie7l.com\/en\/#\/schema\/logo\/image\/","url":"https:\/\/librairie7l.com\/wp-content\/uploads\/2022\/08\/logo-1.png","contentUrl":"https:\/\/librairie7l.com\/wp-content\/uploads\/2022\/08\/logo-1.png","width":227,"height":301,"caption":"Librairie 7L"},"image":{"@id":"https:\/\/librairie7l.com\/en\/#\/schema\/logo\/image\/"}}]}},"_links":{"self":[{"href":"https:\/\/librairie7l.com\/en\/wp-json\/wp\/v2\/product\/18731"}],"collection":[{"href":"https:\/\/librairie7l.com\/en\/wp-json\/wp\/v2\/product"}],"about":[{"href":"https:\/\/librairie7l.com\/en\/wp-json\/wp\/v2\/types\/product"}],"wp:featuredmedia":[{"embeddable":true,"href":"https:\/\/librairie7l.com\/en\/wp-json\/wp\/v2\/media\/18729"}],"wp:attachment":[{"href":"https:\/\/librairie7l.com\/en\/wp-json\/wp\/v2\/media?parent=18731"}],"wp:term":[{"taxonomy":"product_cat","embeddable":true,"href":"https:\/\/librairie7l.com\/en\/wp-json\/wp\/v2\/product_cat?post=18731"},{"taxonomy":"product_tag","embeddable":true,"href":"https:\/\/librairie7l.com\/en\/wp-json\/wp\/v2\/product_tag?post=18731"}],"curies":[{"name":"wp","href":"https:\/\/api.w.org\/{rel}","templated":true}]}}