{"id":18755,"date":"2023-05-09T17:49:12","date_gmt":"2023-05-09T15:49:12","guid":{"rendered":"https:\/\/librairie7l.com\/?post_type=product&#038;p=18755"},"modified":"2026-04-15T08:47:21","modified_gmt":"2026-04-15T06:47:21","slug":"residences-presidentielles","status":"publish","type":"product","link":"https:\/\/librairie7l.com\/en\/produit\/residences-presidentielles\/","title":{"rendered":"R\u00c9SIDENCES PR\u00c9SIDENTIELLES"},"content":{"rendered":"<p>Cet ouvrage propose une visite des principales r\u00e9sidences pr\u00e9sidentielles : le palais de l&#8217;\u00c9lys\u00e9e, l&#8217;h\u00f4tel de Marigny voisin, le pavillon de la Lanterne au fond du parc de Versailles, le palais de l&#8217;Alma et le fort de Br\u00e9gan\u00e7on. C&#8217;est l\u00e0 que se d\u00e9ploie aujourd&#8217;hui l&#8217;excellence des artisans fran\u00e7ais, des restaurateurs d&#8217;oeuvres d&#8217;art, des tapissiers, des jardiniers aussi&#8230; On d\u00e9couvrira au fil des pages les r\u00e9ussites des artistes qui travaillent pour les manufactures et le Mobilier national, dans ces lieux o\u00f9 se perp\u00e9tuent la grande tradition fran\u00e7aise des arts d\u00e9coratifs.<\/p>\n","protected":false},"excerpt":{"rendered":"<p>Cet ouvrage propose une visite des principales r\u00e9sidences pr\u00e9sidentielles : le palais de l&#8217;\u00c9lys\u00e9e, l&#8217;h\u00f4tel de Marigny voisin, le pavillon de la Lanterne au fond du parc de Versailles, le palais de l&#8217;Alma et le fort de Br\u00e9gan\u00e7on. C&#8217;est l\u00e0 que se d\u00e9ploie aujourd&#8217;hui l&#8217;excellence des artisans fran\u00e7ais, des restaurateurs d&#8217;oeuvres d&#8217;art, des tapissiers, des [&hellip;]<\/p>\n","protected":false},"featured_media":18753,"template":"","meta":[],"product_cat":[2948,2951],"product_tag":[],"acf":[],"yoast_head":"<!-- This site is optimized with the Yoast SEO plugin v20.11 - https:\/\/yoast.com\/wordpress\/plugins\/seo\/ -->\n<title>R\u00c9SIDENCES PR\u00c9SIDENTIELLES - Librairie 7L<\/title>\n<meta name=\"robots\" content=\"index, follow, max-snippet:-1, max-image-preview:large, max-video-preview:-1\" \/>\n<link rel=\"canonical\" href=\"https:\/\/librairie7l.com\/en\/produit\/residences-presidentielles\/\" \/>\n<meta property=\"og:locale\" content=\"en_US\" \/>\n<meta property=\"og:type\" content=\"article\" \/>\n<meta property=\"og:title\" content=\"R\u00c9SIDENCES PR\u00c9SIDENTIELLES - Librairie 7L\" \/>\n<meta property=\"og:description\" content=\"Cet ouvrage propose une visite des principales r\u00e9sidences pr\u00e9sidentielles : le palais de l&#8217;\u00c9lys\u00e9e, l&#8217;h\u00f4tel de Marigny voisin, le pavillon de la Lanterne au fond du parc de Versailles, le palais de l&#8217;Alma et le fort de Br\u00e9gan\u00e7on. C&#8217;est l\u00e0 que se d\u00e9ploie aujourd&#8217;hui l&#8217;excellence des artisans fran\u00e7ais, des restaurateurs d&#8217;oeuvres d&#8217;art, des tapissiers, des [&hellip;]\" \/>\n<meta property=\"og:url\" content=\"https:\/\/librairie7l.com\/en\/produit\/residences-presidentielles\/\" \/>\n<meta property=\"og:site_name\" content=\"Librairie 7L\" \/>\n<meta property=\"article:modified_time\" content=\"2026-04-15T06:47:21+00:00\" \/>\n<meta property=\"og:image\" content=\"https:\/\/librairie7l.com\/wp-content\/uploads\/2021\/09\/9782080250414_1_75.jpg\" \/>\n\t<meta property=\"og:image:width\" content=\"600\" \/>\n\t<meta property=\"og:image:height\" content=\"735\" \/>\n\t<meta property=\"og:image:type\" content=\"image\/jpeg\" \/>\n<meta name=\"twitter:card\" content=\"summary_large_image\" \/>\n<meta name=\"twitter:label1\" content=\"Est. reading time\" \/>\n\t<meta name=\"twitter:data1\" content=\"1 minute\" \/>\n<script type=\"application\/ld+json\" class=\"yoast-schema-graph\">{\"@context\":\"https:\/\/schema.org\",\"@graph\":[{\"@type\":\"WebPage\",\"@id\":\"https:\/\/librairie7l.com\/en\/produit\/residences-presidentielles\/\",\"url\":\"https:\/\/librairie7l.com\/en\/produit\/residences-presidentielles\/\",\"name\":\"R\u00c9SIDENCES PR\u00c9SIDENTIELLES - Librairie 7L\",\"isPartOf\":{\"@id\":\"https:\/\/librairie7l.com\/en\/#website\"},\"datePublished\":\"2023-05-09T15:49:12+00:00\",\"dateModified\":\"2026-04-15T06:47:21+00:00\",\"breadcrumb\":{\"@id\":\"https:\/\/librairie7l.com\/en\/produit\/residences-presidentielles\/#breadcrumb\"},\"inLanguage\":\"en-US\",\"potentialAction\":[{\"@type\":\"ReadAction\",\"target\":[\"https:\/\/librairie7l.com\/en\/produit\/residences-presidentielles\/\"]}]},{\"@type\":\"BreadcrumbList\",\"@id\":\"https:\/\/librairie7l.com\/en\/produit\/residences-presidentielles\/#breadcrumb\",\"itemListElement\":[{\"@type\":\"ListItem\",\"position\":1,\"name\":\"Accueil\",\"item\":\"https:\/\/librairie7l.com\/en\/\"},{\"@type\":\"ListItem\",\"position\":2,\"name\":\"Shop\",\"item\":\"https:\/\/librairie7l.com\/en\/shop\/\"},{\"@type\":\"ListItem\",\"position\":3,\"name\":\"R\u00c9SIDENCES PR\u00c9SIDENTIELLES\"}]},{\"@type\":\"WebSite\",\"@id\":\"https:\/\/librairie7l.com\/en\/#website\",\"url\":\"https:\/\/librairie7l.com\/en\/\",\"name\":\"Librairie 7L\",\"description\":\"Librairie fond\u00e9e en 1999 par Karl Lagerfeld \u00e0 Paris\",\"publisher\":{\"@id\":\"https:\/\/librairie7l.com\/en\/#organization\"},\"potentialAction\":[{\"@type\":\"SearchAction\",\"target\":{\"@type\":\"EntryPoint\",\"urlTemplate\":\"https:\/\/librairie7l.com\/en\/?s={search_term_string}\"},\"query-input\":\"required name=search_term_string\"}],\"inLanguage\":\"en-US\"},{\"@type\":\"Organization\",\"@id\":\"https:\/\/librairie7l.com\/en\/#organization\",\"name\":\"Librairie 7L\",\"url\":\"https:\/\/librairie7l.com\/en\/\",\"logo\":{\"@type\":\"ImageObject\",\"inLanguage\":\"en-US\",\"@id\":\"https:\/\/librairie7l.com\/en\/#\/schema\/logo\/image\/\",\"url\":\"https:\/\/librairie7l.com\/wp-content\/uploads\/2022\/08\/logo-1.png\",\"contentUrl\":\"https:\/\/librairie7l.com\/wp-content\/uploads\/2022\/08\/logo-1.png\",\"width\":227,\"height\":301,\"caption\":\"Librairie 7L\"},\"image\":{\"@id\":\"https:\/\/librairie7l.com\/en\/#\/schema\/logo\/image\/\"}}]}<\/script>\n<!-- \/ Yoast SEO plugin. -->","yoast_head_json":{"title":"R\u00c9SIDENCES PR\u00c9SIDENTIELLES - Librairie 7L","robots":{"index":"index","follow":"follow","max-snippet":"max-snippet:-1","max-image-preview":"max-image-preview:large","max-video-preview":"max-video-preview:-1"},"canonical":"https:\/\/librairie7l.com\/en\/produit\/residences-presidentielles\/","og_locale":"en_US","og_type":"article","og_title":"R\u00c9SIDENCES PR\u00c9SIDENTIELLES - Librairie 7L","og_description":"Cet ouvrage propose une visite des principales r\u00e9sidences pr\u00e9sidentielles : le palais de l&#8217;\u00c9lys\u00e9e, l&#8217;h\u00f4tel de Marigny voisin, le pavillon de la Lanterne au fond du parc de Versailles, le palais de l&#8217;Alma et le fort de Br\u00e9gan\u00e7on. C&#8217;est l\u00e0 que se d\u00e9ploie aujourd&#8217;hui l&#8217;excellence des artisans fran\u00e7ais, des restaurateurs d&#8217;oeuvres d&#8217;art, des tapissiers, des [&hellip;]","og_url":"https:\/\/librairie7l.com\/en\/produit\/residences-presidentielles\/","og_site_name":"Librairie 7L","article_modified_time":"2026-04-15T06:47:21+00:00","og_image":[{"width":600,"height":735,"url":"https:\/\/librairie7l.com\/wp-content\/uploads\/2021\/09\/9782080250414_1_75.jpg","type":"image\/jpeg"}],"twitter_card":"summary_large_image","twitter_misc":{"Est. reading time":"1 minute"},"schema":{"@context":"https:\/\/schema.org","@graph":[{"@type":"WebPage","@id":"https:\/\/librairie7l.com\/en\/produit\/residences-presidentielles\/","url":"https:\/\/librairie7l.com\/en\/produit\/residences-presidentielles\/","name":"R\u00c9SIDENCES PR\u00c9SIDENTIELLES - Librairie 7L","isPartOf":{"@id":"https:\/\/librairie7l.com\/en\/#website"},"datePublished":"2023-05-09T15:49:12+00:00","dateModified":"2026-04-15T06:47:21+00:00","breadcrumb":{"@id":"https:\/\/librairie7l.com\/en\/produit\/residences-presidentielles\/#breadcrumb"},"inLanguage":"en-US","potentialAction":[{"@type":"ReadAction","target":["https:\/\/librairie7l.com\/en\/produit\/residences-presidentielles\/"]}]},{"@type":"BreadcrumbList","@id":"https:\/\/librairie7l.com\/en\/produit\/residences-presidentielles\/#breadcrumb","itemListElement":[{"@type":"ListItem","position":1,"name":"Accueil","item":"https:\/\/librairie7l.com\/en\/"},{"@type":"ListItem","position":2,"name":"Shop","item":"https:\/\/librairie7l.com\/en\/shop\/"},{"@type":"ListItem","position":3,"name":"R\u00c9SIDENCES PR\u00c9SIDENTIELLES"}]},{"@type":"WebSite","@id":"https:\/\/librairie7l.com\/en\/#website","url":"https:\/\/librairie7l.com\/en\/","name":"Librairie 7L","description":"Librairie fond\u00e9e en 1999 par Karl Lagerfeld \u00e0 Paris","publisher":{"@id":"https:\/\/librairie7l.com\/en\/#organization"},"potentialAction":[{"@type":"SearchAction","target":{"@type":"EntryPoint","urlTemplate":"https:\/\/librairie7l.com\/en\/?s={search_term_string}"},"query-input":"required name=search_term_string"}],"inLanguage":"en-US"},{"@type":"Organization","@id":"https:\/\/librairie7l.com\/en\/#organization","name":"Librairie 7L","url":"https:\/\/librairie7l.com\/en\/","logo":{"@type":"ImageObject","inLanguage":"en-US","@id":"https:\/\/librairie7l.com\/en\/#\/schema\/logo\/image\/","url":"https:\/\/librairie7l.com\/wp-content\/uploads\/2022\/08\/logo-1.png","contentUrl":"https:\/\/librairie7l.com\/wp-content\/uploads\/2022\/08\/logo-1.png","width":227,"height":301,"caption":"Librairie 7L"},"image":{"@id":"https:\/\/librairie7l.com\/en\/#\/schema\/logo\/image\/"}}]}},"_links":{"self":[{"href":"https:\/\/librairie7l.com\/en\/wp-json\/wp\/v2\/product\/18755"}],"collection":[{"href":"https:\/\/librairie7l.com\/en\/wp-json\/wp\/v2\/product"}],"about":[{"href":"https:\/\/librairie7l.com\/en\/wp-json\/wp\/v2\/types\/product"}],"wp:featuredmedia":[{"embeddable":true,"href":"https:\/\/librairie7l.com\/en\/wp-json\/wp\/v2\/media\/18753"}],"wp:attachment":[{"href":"https:\/\/librairie7l.com\/en\/wp-json\/wp\/v2\/media?parent=18755"}],"wp:term":[{"taxonomy":"product_cat","embeddable":true,"href":"https:\/\/librairie7l.com\/en\/wp-json\/wp\/v2\/product_cat?post=18755"},{"taxonomy":"product_tag","embeddable":true,"href":"https:\/\/librairie7l.com\/en\/wp-json\/wp\/v2\/product_tag?post=18755"}],"curies":[{"name":"wp","href":"https:\/\/api.w.org\/{rel}","templated":true}]}}