{"id":18763,"date":"2023-05-09T17:49:19","date_gmt":"2023-05-09T15:49:19","guid":{"rendered":"https:\/\/librairie7l.com\/?post_type=product&#038;p=18763"},"modified":"2026-05-05T04:34:54","modified_gmt":"2026-05-05T02:34:54","slug":"what-a-beautiful-world-2","status":"publish","type":"product","link":"https:\/\/librairie7l.com\/en\/produit\/what-a-beautiful-world-2\/","title":{"rendered":"WHAT A BEAUTIFUL WORLD !"},"content":{"rendered":"<p>Dans ce bel ouvrage tr\u00e8s illustr\u00e9, Isabelle d&#8217;Ornano, co-fondatrice de la marque de phyto-cosm\u00e9tologie fran\u00e7aise Sisley, nous invite \u00e0 explorer les lieux de vie qu&#8217;elle a cr\u00e9\u00e9s au fil des ans. Pour la premi\u00e8re fois, elle ouvre les portes de ses int\u00e9rieurs personnels, familiaux et professionnels. Autant singuliers qu&#8217;exceptionnels.<\/p>\n<p>Au fil des pages, le lecteur plonge avec d\u00e9lectation dans l&#8217;univers d&#8217;Ornano : au coeur d&#8217;un appartement parisien, \u00ab un monde profond et chatoyant o\u00f9 se marient portraits anciens et oeuvres contemporaines \u00bb, puis dans celui de La Renaudi\u00e8re, maison de campagne et lieu de rassemblement familial, v\u00e9ritable paradis de nature dans les Pays de la Loire. Ce voyage intimiste se poursuit \u00e0 Londres et s&#8217;ach\u00e8ve \u00e0 Paris au sein du Si\u00e8ge de la marque Sisley, cr\u00e9\u00e9e avec son \u00e9poux Hubert d&#8217;Ornano, et des Maisons Sisley, qu&#8217;elle a voulues toutes uniques et diff\u00e9rentes, \u00e0 Paris et dans le monde.<\/p>\n<p>Dans chacun de ces lieux, la magie op\u00e8re, entre luxe et spectaculaire, nous faisant voyager \u00e0 la rencontre des artistes et des personnalit\u00e9s dont les amiti\u00e9s ont jalonn\u00e9 l&#8217;existence d&#8217;Isabelle d&#8217;Ornano. Ici, le beau r\u00e8gne en ma\u00eetre et se d\u00e9cline au travers des collages et des peintures, des aquarelles et des sculptures, des tableaux anim\u00e9s et des bronzes sculpt\u00e9s &#8230; Mais aussi au travers des coussins porteurs de messages, qu&#8217;Isabelle brode, un par un, comme elle \u00e9crirait des cartes postales pour l&#8217;amour des mots et des couleurs&#8230;<\/p>\n<p>Cet ouvrage est \u00e9galement ponctu\u00e9 de mots d&#8217;Isabelle d&#8217;Ornano et de mantras de personnalit\u00e9s. Une formidable source d&#8217;inspiration pour les amateurs de d\u00e9coration et pour tous ceux qui seront sensibles \u00e0 cette alliance n\u00e9e de contrastes, d&#8217;audace et de talent.<\/p>\n","protected":false},"excerpt":{"rendered":"<p>Dans ce bel ouvrage tr\u00e8s illustr\u00e9, Isabelle d&#8217;Ornano, co-fondatrice de la marque de phyto-cosm\u00e9tologie fran\u00e7aise Sisley, nous invite \u00e0 explorer les lieux de vie qu&#8217;elle a cr\u00e9\u00e9s au fil des ans. Pour la premi\u00e8re fois, elle ouvre les portes de ses int\u00e9rieurs personnels, familiaux et professionnels. Autant singuliers qu&#8217;exceptionnels. Au fil des pages, le lecteur [&hellip;]<\/p>\n","protected":false},"featured_media":18761,"template":"","meta":[],"product_cat":[2948,2951],"product_tag":[],"acf":[],"yoast_head":"<!-- This site is optimized with the Yoast SEO plugin v20.11 - https:\/\/yoast.com\/wordpress\/plugins\/seo\/ -->\n<title>WHAT A BEAUTIFUL WORLD ! - Librairie 7L<\/title>\n<meta name=\"robots\" content=\"index, follow, max-snippet:-1, max-image-preview:large, max-video-preview:-1\" \/>\n<link rel=\"canonical\" href=\"https:\/\/librairie7l.com\/en\/produit\/what-a-beautiful-world-2\/\" \/>\n<meta property=\"og:locale\" content=\"en_US\" \/>\n<meta property=\"og:type\" content=\"article\" \/>\n<meta property=\"og:title\" content=\"WHAT A BEAUTIFUL WORLD ! - Librairie 7L\" \/>\n<meta property=\"og:description\" content=\"Dans ce bel ouvrage tr\u00e8s illustr\u00e9, Isabelle d&#8217;Ornano, co-fondatrice de la marque de phyto-cosm\u00e9tologie fran\u00e7aise Sisley, nous invite \u00e0 explorer les lieux de vie qu&#8217;elle a cr\u00e9\u00e9s au fil des ans. Pour la premi\u00e8re fois, elle ouvre les portes de ses int\u00e9rieurs personnels, familiaux et professionnels. Autant singuliers qu&#8217;exceptionnels. Au fil des pages, le lecteur [&hellip;]\" \/>\n<meta property=\"og:url\" content=\"https:\/\/librairie7l.com\/en\/produit\/what-a-beautiful-world-2\/\" \/>\n<meta property=\"og:site_name\" content=\"Librairie 7L\" \/>\n<meta property=\"article:modified_time\" content=\"2026-05-05T02:34:54+00:00\" \/>\n<meta property=\"og:image\" content=\"https:\/\/librairie7l.com\/wp-content\/uploads\/2021\/10\/9782732499529_1_75.jpg\" \/>\n\t<meta property=\"og:image:width\" content=\"400\" \/>\n\t<meta property=\"og:image:height\" content=\"535\" \/>\n\t<meta property=\"og:image:type\" content=\"image\/jpeg\" \/>\n<meta name=\"twitter:card\" content=\"summary_large_image\" \/>\n<meta name=\"twitter:label1\" content=\"Est. reading time\" \/>\n\t<meta name=\"twitter:data1\" content=\"1 minute\" \/>\n<script type=\"application\/ld+json\" class=\"yoast-schema-graph\">{\"@context\":\"https:\/\/schema.org\",\"@graph\":[{\"@type\":\"WebPage\",\"@id\":\"https:\/\/librairie7l.com\/en\/produit\/what-a-beautiful-world-2\/\",\"url\":\"https:\/\/librairie7l.com\/en\/produit\/what-a-beautiful-world-2\/\",\"name\":\"WHAT A BEAUTIFUL WORLD ! - Librairie 7L\",\"isPartOf\":{\"@id\":\"https:\/\/librairie7l.com\/en\/#website\"},\"datePublished\":\"2023-05-09T15:49:19+00:00\",\"dateModified\":\"2026-05-05T02:34:54+00:00\",\"breadcrumb\":{\"@id\":\"https:\/\/librairie7l.com\/en\/produit\/what-a-beautiful-world-2\/#breadcrumb\"},\"inLanguage\":\"en-US\",\"potentialAction\":[{\"@type\":\"ReadAction\",\"target\":[\"https:\/\/librairie7l.com\/en\/produit\/what-a-beautiful-world-2\/\"]}]},{\"@type\":\"BreadcrumbList\",\"@id\":\"https:\/\/librairie7l.com\/en\/produit\/what-a-beautiful-world-2\/#breadcrumb\",\"itemListElement\":[{\"@type\":\"ListItem\",\"position\":1,\"name\":\"Accueil\",\"item\":\"https:\/\/librairie7l.com\/en\/\"},{\"@type\":\"ListItem\",\"position\":2,\"name\":\"Shop\",\"item\":\"https:\/\/librairie7l.com\/en\/shop\/\"},{\"@type\":\"ListItem\",\"position\":3,\"name\":\"WHAT A BEAUTIFUL WORLD !\"}]},{\"@type\":\"WebSite\",\"@id\":\"https:\/\/librairie7l.com\/en\/#website\",\"url\":\"https:\/\/librairie7l.com\/en\/\",\"name\":\"Librairie 7L\",\"description\":\"Librairie fond\u00e9e en 1999 par Karl Lagerfeld \u00e0 Paris\",\"publisher\":{\"@id\":\"https:\/\/librairie7l.com\/en\/#organization\"},\"potentialAction\":[{\"@type\":\"SearchAction\",\"target\":{\"@type\":\"EntryPoint\",\"urlTemplate\":\"https:\/\/librairie7l.com\/en\/?s={search_term_string}\"},\"query-input\":\"required name=search_term_string\"}],\"inLanguage\":\"en-US\"},{\"@type\":\"Organization\",\"@id\":\"https:\/\/librairie7l.com\/en\/#organization\",\"name\":\"Librairie 7L\",\"url\":\"https:\/\/librairie7l.com\/en\/\",\"logo\":{\"@type\":\"ImageObject\",\"inLanguage\":\"en-US\",\"@id\":\"https:\/\/librairie7l.com\/en\/#\/schema\/logo\/image\/\",\"url\":\"https:\/\/librairie7l.com\/wp-content\/uploads\/2022\/08\/logo-1.png\",\"contentUrl\":\"https:\/\/librairie7l.com\/wp-content\/uploads\/2022\/08\/logo-1.png\",\"width\":227,\"height\":301,\"caption\":\"Librairie 7L\"},\"image\":{\"@id\":\"https:\/\/librairie7l.com\/en\/#\/schema\/logo\/image\/\"}}]}<\/script>\n<!-- \/ Yoast SEO plugin. -->","yoast_head_json":{"title":"WHAT A BEAUTIFUL WORLD ! - Librairie 7L","robots":{"index":"index","follow":"follow","max-snippet":"max-snippet:-1","max-image-preview":"max-image-preview:large","max-video-preview":"max-video-preview:-1"},"canonical":"https:\/\/librairie7l.com\/en\/produit\/what-a-beautiful-world-2\/","og_locale":"en_US","og_type":"article","og_title":"WHAT A BEAUTIFUL WORLD ! - Librairie 7L","og_description":"Dans ce bel ouvrage tr\u00e8s illustr\u00e9, Isabelle d&#8217;Ornano, co-fondatrice de la marque de phyto-cosm\u00e9tologie fran\u00e7aise Sisley, nous invite \u00e0 explorer les lieux de vie qu&#8217;elle a cr\u00e9\u00e9s au fil des ans. Pour la premi\u00e8re fois, elle ouvre les portes de ses int\u00e9rieurs personnels, familiaux et professionnels. Autant singuliers qu&#8217;exceptionnels. Au fil des pages, le lecteur [&hellip;]","og_url":"https:\/\/librairie7l.com\/en\/produit\/what-a-beautiful-world-2\/","og_site_name":"Librairie 7L","article_modified_time":"2026-05-05T02:34:54+00:00","og_image":[{"width":400,"height":535,"url":"https:\/\/librairie7l.com\/wp-content\/uploads\/2021\/10\/9782732499529_1_75.jpg","type":"image\/jpeg"}],"twitter_card":"summary_large_image","twitter_misc":{"Est. reading time":"1 minute"},"schema":{"@context":"https:\/\/schema.org","@graph":[{"@type":"WebPage","@id":"https:\/\/librairie7l.com\/en\/produit\/what-a-beautiful-world-2\/","url":"https:\/\/librairie7l.com\/en\/produit\/what-a-beautiful-world-2\/","name":"WHAT A BEAUTIFUL WORLD ! - Librairie 7L","isPartOf":{"@id":"https:\/\/librairie7l.com\/en\/#website"},"datePublished":"2023-05-09T15:49:19+00:00","dateModified":"2026-05-05T02:34:54+00:00","breadcrumb":{"@id":"https:\/\/librairie7l.com\/en\/produit\/what-a-beautiful-world-2\/#breadcrumb"},"inLanguage":"en-US","potentialAction":[{"@type":"ReadAction","target":["https:\/\/librairie7l.com\/en\/produit\/what-a-beautiful-world-2\/"]}]},{"@type":"BreadcrumbList","@id":"https:\/\/librairie7l.com\/en\/produit\/what-a-beautiful-world-2\/#breadcrumb","itemListElement":[{"@type":"ListItem","position":1,"name":"Accueil","item":"https:\/\/librairie7l.com\/en\/"},{"@type":"ListItem","position":2,"name":"Shop","item":"https:\/\/librairie7l.com\/en\/shop\/"},{"@type":"ListItem","position":3,"name":"WHAT A BEAUTIFUL WORLD !"}]},{"@type":"WebSite","@id":"https:\/\/librairie7l.com\/en\/#website","url":"https:\/\/librairie7l.com\/en\/","name":"Librairie 7L","description":"Librairie fond\u00e9e en 1999 par Karl Lagerfeld \u00e0 Paris","publisher":{"@id":"https:\/\/librairie7l.com\/en\/#organization"},"potentialAction":[{"@type":"SearchAction","target":{"@type":"EntryPoint","urlTemplate":"https:\/\/librairie7l.com\/en\/?s={search_term_string}"},"query-input":"required name=search_term_string"}],"inLanguage":"en-US"},{"@type":"Organization","@id":"https:\/\/librairie7l.com\/en\/#organization","name":"Librairie 7L","url":"https:\/\/librairie7l.com\/en\/","logo":{"@type":"ImageObject","inLanguage":"en-US","@id":"https:\/\/librairie7l.com\/en\/#\/schema\/logo\/image\/","url":"https:\/\/librairie7l.com\/wp-content\/uploads\/2022\/08\/logo-1.png","contentUrl":"https:\/\/librairie7l.com\/wp-content\/uploads\/2022\/08\/logo-1.png","width":227,"height":301,"caption":"Librairie 7L"},"image":{"@id":"https:\/\/librairie7l.com\/en\/#\/schema\/logo\/image\/"}}]}},"_links":{"self":[{"href":"https:\/\/librairie7l.com\/en\/wp-json\/wp\/v2\/product\/18763"}],"collection":[{"href":"https:\/\/librairie7l.com\/en\/wp-json\/wp\/v2\/product"}],"about":[{"href":"https:\/\/librairie7l.com\/en\/wp-json\/wp\/v2\/types\/product"}],"wp:featuredmedia":[{"embeddable":true,"href":"https:\/\/librairie7l.com\/en\/wp-json\/wp\/v2\/media\/18761"}],"wp:attachment":[{"href":"https:\/\/librairie7l.com\/en\/wp-json\/wp\/v2\/media?parent=18763"}],"wp:term":[{"taxonomy":"product_cat","embeddable":true,"href":"https:\/\/librairie7l.com\/en\/wp-json\/wp\/v2\/product_cat?post=18763"},{"taxonomy":"product_tag","embeddable":true,"href":"https:\/\/librairie7l.com\/en\/wp-json\/wp\/v2\/product_tag?post=18763"}],"curies":[{"name":"wp","href":"https:\/\/api.w.org\/{rel}","templated":true}]}}