{"id":18783,"date":"2023-05-09T17:49:36","date_gmt":"2023-05-09T15:49:36","guid":{"rendered":"https:\/\/librairie7l.com\/?post_type=product&#038;p=18783"},"modified":"2026-04-05T19:03:44","modified_gmt":"2026-04-05T17:03:44","slug":"dictionnaire-encyclopedique-des-textiles","status":"publish","type":"product","link":"https:\/\/librairie7l.com\/en\/produit\/dictionnaire-encyclopedique-des-textiles\/","title":{"rendered":"DICTIONNAIRE ENCYCLOP\u00c9DIQUE DES TEXTILES"},"content":{"rendered":"<p>H\u00e9ritier d&#8217;un riche pass\u00e9 universel, le monde du textile s&#8217;est largement ouvert, en ce d\u00e9but de XXIe si\u00e8cle, \u00e0 toutes les nouvelles technologies. La cr\u00e9ation, l&#8217;artisanat, l&#8217;industrie, la grande distribution, les institutions, les mus\u00e9es et les \u00e9coles sont amen\u00e9s \u00e0 travailler ensemble, solidaires dans leur d\u00e9marche, mais sans toujours se comprendre faute d&#8217;un vocabulaire partag\u00e9.Deux personnalit\u00e9s issues de l&#8217;industrie du textile et de la mode ont relev\u00e9 le d\u00e9fi d&#8217;offrir \u00e0 tous ceux que le textile concerne -professionnels, amateurs, chercheurs ou \u00e9tudiants- cet outil p\u00e9dagogique de r\u00e9f\u00e9rence. D&#8217;une rigueur scientifique dans les propositions de termes et leurs d\u00e9finitions, il a aussi l&#8217;originalit\u00e9 de restituer toute l&#8217;\u00e9paisseur de l&#8217;aventure humaine li\u00e9e au textile \u00e0 travers la description de l&#8217;\u00e9volution des m\u00e9tiers et des savoir-faire.Le reprint de cet ouvrage, qui \u00e9tait devenu introuvable, facilite ainsi la transmission de la culture d&#8217;un des fleurons de l&#8217;industrie fran\u00e7aise. Il d\u00e9fend une cause patrimoniale tout en contribuant, \u00e0 sa mesure, \u00e0 la fabrique de l&#8217;avenir.Exploration de 40 domaines, des fibres aux fils et des fils aux produits finis: filature, teinture, impression, tissage, ennoblissement, tricotage, broderie, tapisserie, dentelle, passementerie, couture, v\u00eatement, accessoire, textiles techniques&#8230;8000 d\u00e9finitions, 200 dessins et photos.Lexique fran\u00e7ais-anglais des termes principaux de l&#8217;ouvrage.<\/p>\n","protected":false},"excerpt":{"rendered":"<p>H\u00e9ritier d&#8217;un riche pass\u00e9 universel, le monde du textile s&#8217;est largement ouvert, en ce d\u00e9but de XXIe si\u00e8cle, \u00e0 toutes les nouvelles technologies. La cr\u00e9ation, l&#8217;artisanat, l&#8217;industrie, la grande distribution, les institutions, les mus\u00e9es et les \u00e9coles sont amen\u00e9s \u00e0 travailler ensemble, solidaires dans leur d\u00e9marche, mais sans toujours se comprendre faute d&#8217;un vocabulaire partag\u00e9.Deux [&hellip;]<\/p>\n","protected":false},"featured_media":18781,"template":"","meta":[],"product_cat":[2948,2957],"product_tag":[],"acf":[],"yoast_head":"<!-- This site is optimized with the Yoast SEO plugin v20.11 - https:\/\/yoast.com\/wordpress\/plugins\/seo\/ -->\n<title>DICTIONNAIRE ENCYCLOP\u00c9DIQUE DES TEXTILES - Librairie 7L<\/title>\n<meta name=\"robots\" content=\"index, follow, max-snippet:-1, max-image-preview:large, max-video-preview:-1\" \/>\n<link rel=\"canonical\" href=\"https:\/\/librairie7l.com\/en\/produit\/dictionnaire-encyclopedique-des-textiles\/\" \/>\n<meta property=\"og:locale\" content=\"en_US\" \/>\n<meta property=\"og:type\" content=\"article\" \/>\n<meta property=\"og:title\" content=\"DICTIONNAIRE ENCYCLOP\u00c9DIQUE DES TEXTILES - Librairie 7L\" \/>\n<meta property=\"og:description\" content=\"H\u00e9ritier d&#8217;un riche pass\u00e9 universel, le monde du textile s&#8217;est largement ouvert, en ce d\u00e9but de XXIe si\u00e8cle, \u00e0 toutes les nouvelles technologies. La cr\u00e9ation, l&#8217;artisanat, l&#8217;industrie, la grande distribution, les institutions, les mus\u00e9es et les \u00e9coles sont amen\u00e9s \u00e0 travailler ensemble, solidaires dans leur d\u00e9marche, mais sans toujours se comprendre faute d&#8217;un vocabulaire partag\u00e9.Deux [&hellip;]\" \/>\n<meta property=\"og:url\" content=\"https:\/\/librairie7l.com\/en\/produit\/dictionnaire-encyclopedique-des-textiles\/\" \/>\n<meta property=\"og:site_name\" content=\"Librairie 7L\" \/>\n<meta property=\"article:modified_time\" content=\"2026-04-05T17:03:44+00:00\" \/>\n<meta property=\"og:image\" content=\"https:\/\/librairie7l.com\/wp-content\/uploads\/2018\/03\/9782212675887_1_75.jpg\" \/>\n\t<meta property=\"og:image:width\" content=\"600\" \/>\n\t<meta property=\"og:image:height\" content=\"830\" \/>\n\t<meta property=\"og:image:type\" content=\"image\/jpeg\" \/>\n<meta name=\"twitter:card\" content=\"summary_large_image\" \/>\n<meta name=\"twitter:label1\" content=\"Est. reading time\" \/>\n\t<meta name=\"twitter:data1\" content=\"1 minute\" \/>\n<script type=\"application\/ld+json\" class=\"yoast-schema-graph\">{\"@context\":\"https:\/\/schema.org\",\"@graph\":[{\"@type\":\"WebPage\",\"@id\":\"https:\/\/librairie7l.com\/en\/produit\/dictionnaire-encyclopedique-des-textiles\/\",\"url\":\"https:\/\/librairie7l.com\/en\/produit\/dictionnaire-encyclopedique-des-textiles\/\",\"name\":\"DICTIONNAIRE ENCYCLOP\u00c9DIQUE DES TEXTILES - Librairie 7L\",\"isPartOf\":{\"@id\":\"https:\/\/librairie7l.com\/en\/#website\"},\"datePublished\":\"2023-05-09T15:49:36+00:00\",\"dateModified\":\"2026-04-05T17:03:44+00:00\",\"breadcrumb\":{\"@id\":\"https:\/\/librairie7l.com\/en\/produit\/dictionnaire-encyclopedique-des-textiles\/#breadcrumb\"},\"inLanguage\":\"en-US\",\"potentialAction\":[{\"@type\":\"ReadAction\",\"target\":[\"https:\/\/librairie7l.com\/en\/produit\/dictionnaire-encyclopedique-des-textiles\/\"]}]},{\"@type\":\"BreadcrumbList\",\"@id\":\"https:\/\/librairie7l.com\/en\/produit\/dictionnaire-encyclopedique-des-textiles\/#breadcrumb\",\"itemListElement\":[{\"@type\":\"ListItem\",\"position\":1,\"name\":\"Accueil\",\"item\":\"https:\/\/librairie7l.com\/en\/\"},{\"@type\":\"ListItem\",\"position\":2,\"name\":\"Shop\",\"item\":\"https:\/\/librairie7l.com\/en\/shop\/\"},{\"@type\":\"ListItem\",\"position\":3,\"name\":\"DICTIONNAIRE ENCYCLOP\u00c9DIQUE DES TEXTILES\"}]},{\"@type\":\"WebSite\",\"@id\":\"https:\/\/librairie7l.com\/en\/#website\",\"url\":\"https:\/\/librairie7l.com\/en\/\",\"name\":\"Librairie 7L\",\"description\":\"Librairie fond\u00e9e en 1999 par Karl Lagerfeld \u00e0 Paris\",\"publisher\":{\"@id\":\"https:\/\/librairie7l.com\/en\/#organization\"},\"potentialAction\":[{\"@type\":\"SearchAction\",\"target\":{\"@type\":\"EntryPoint\",\"urlTemplate\":\"https:\/\/librairie7l.com\/en\/?s={search_term_string}\"},\"query-input\":\"required name=search_term_string\"}],\"inLanguage\":\"en-US\"},{\"@type\":\"Organization\",\"@id\":\"https:\/\/librairie7l.com\/en\/#organization\",\"name\":\"Librairie 7L\",\"url\":\"https:\/\/librairie7l.com\/en\/\",\"logo\":{\"@type\":\"ImageObject\",\"inLanguage\":\"en-US\",\"@id\":\"https:\/\/librairie7l.com\/en\/#\/schema\/logo\/image\/\",\"url\":\"https:\/\/librairie7l.com\/wp-content\/uploads\/2022\/08\/logo-1.png\",\"contentUrl\":\"https:\/\/librairie7l.com\/wp-content\/uploads\/2022\/08\/logo-1.png\",\"width\":227,\"height\":301,\"caption\":\"Librairie 7L\"},\"image\":{\"@id\":\"https:\/\/librairie7l.com\/en\/#\/schema\/logo\/image\/\"}}]}<\/script>\n<!-- \/ Yoast SEO plugin. -->","yoast_head_json":{"title":"DICTIONNAIRE ENCYCLOP\u00c9DIQUE DES TEXTILES - Librairie 7L","robots":{"index":"index","follow":"follow","max-snippet":"max-snippet:-1","max-image-preview":"max-image-preview:large","max-video-preview":"max-video-preview:-1"},"canonical":"https:\/\/librairie7l.com\/en\/produit\/dictionnaire-encyclopedique-des-textiles\/","og_locale":"en_US","og_type":"article","og_title":"DICTIONNAIRE ENCYCLOP\u00c9DIQUE DES TEXTILES - Librairie 7L","og_description":"H\u00e9ritier d&#8217;un riche pass\u00e9 universel, le monde du textile s&#8217;est largement ouvert, en ce d\u00e9but de XXIe si\u00e8cle, \u00e0 toutes les nouvelles technologies. La cr\u00e9ation, l&#8217;artisanat, l&#8217;industrie, la grande distribution, les institutions, les mus\u00e9es et les \u00e9coles sont amen\u00e9s \u00e0 travailler ensemble, solidaires dans leur d\u00e9marche, mais sans toujours se comprendre faute d&#8217;un vocabulaire partag\u00e9.Deux [&hellip;]","og_url":"https:\/\/librairie7l.com\/en\/produit\/dictionnaire-encyclopedique-des-textiles\/","og_site_name":"Librairie 7L","article_modified_time":"2026-04-05T17:03:44+00:00","og_image":[{"width":600,"height":830,"url":"https:\/\/librairie7l.com\/wp-content\/uploads\/2018\/03\/9782212675887_1_75.jpg","type":"image\/jpeg"}],"twitter_card":"summary_large_image","twitter_misc":{"Est. reading time":"1 minute"},"schema":{"@context":"https:\/\/schema.org","@graph":[{"@type":"WebPage","@id":"https:\/\/librairie7l.com\/en\/produit\/dictionnaire-encyclopedique-des-textiles\/","url":"https:\/\/librairie7l.com\/en\/produit\/dictionnaire-encyclopedique-des-textiles\/","name":"DICTIONNAIRE ENCYCLOP\u00c9DIQUE DES TEXTILES - Librairie 7L","isPartOf":{"@id":"https:\/\/librairie7l.com\/en\/#website"},"datePublished":"2023-05-09T15:49:36+00:00","dateModified":"2026-04-05T17:03:44+00:00","breadcrumb":{"@id":"https:\/\/librairie7l.com\/en\/produit\/dictionnaire-encyclopedique-des-textiles\/#breadcrumb"},"inLanguage":"en-US","potentialAction":[{"@type":"ReadAction","target":["https:\/\/librairie7l.com\/en\/produit\/dictionnaire-encyclopedique-des-textiles\/"]}]},{"@type":"BreadcrumbList","@id":"https:\/\/librairie7l.com\/en\/produit\/dictionnaire-encyclopedique-des-textiles\/#breadcrumb","itemListElement":[{"@type":"ListItem","position":1,"name":"Accueil","item":"https:\/\/librairie7l.com\/en\/"},{"@type":"ListItem","position":2,"name":"Shop","item":"https:\/\/librairie7l.com\/en\/shop\/"},{"@type":"ListItem","position":3,"name":"DICTIONNAIRE ENCYCLOP\u00c9DIQUE DES TEXTILES"}]},{"@type":"WebSite","@id":"https:\/\/librairie7l.com\/en\/#website","url":"https:\/\/librairie7l.com\/en\/","name":"Librairie 7L","description":"Librairie fond\u00e9e en 1999 par Karl Lagerfeld \u00e0 Paris","publisher":{"@id":"https:\/\/librairie7l.com\/en\/#organization"},"potentialAction":[{"@type":"SearchAction","target":{"@type":"EntryPoint","urlTemplate":"https:\/\/librairie7l.com\/en\/?s={search_term_string}"},"query-input":"required name=search_term_string"}],"inLanguage":"en-US"},{"@type":"Organization","@id":"https:\/\/librairie7l.com\/en\/#organization","name":"Librairie 7L","url":"https:\/\/librairie7l.com\/en\/","logo":{"@type":"ImageObject","inLanguage":"en-US","@id":"https:\/\/librairie7l.com\/en\/#\/schema\/logo\/image\/","url":"https:\/\/librairie7l.com\/wp-content\/uploads\/2022\/08\/logo-1.png","contentUrl":"https:\/\/librairie7l.com\/wp-content\/uploads\/2022\/08\/logo-1.png","width":227,"height":301,"caption":"Librairie 7L"},"image":{"@id":"https:\/\/librairie7l.com\/en\/#\/schema\/logo\/image\/"}}]}},"_links":{"self":[{"href":"https:\/\/librairie7l.com\/en\/wp-json\/wp\/v2\/product\/18783"}],"collection":[{"href":"https:\/\/librairie7l.com\/en\/wp-json\/wp\/v2\/product"}],"about":[{"href":"https:\/\/librairie7l.com\/en\/wp-json\/wp\/v2\/types\/product"}],"wp:featuredmedia":[{"embeddable":true,"href":"https:\/\/librairie7l.com\/en\/wp-json\/wp\/v2\/media\/18781"}],"wp:attachment":[{"href":"https:\/\/librairie7l.com\/en\/wp-json\/wp\/v2\/media?parent=18783"}],"wp:term":[{"taxonomy":"product_cat","embeddable":true,"href":"https:\/\/librairie7l.com\/en\/wp-json\/wp\/v2\/product_cat?post=18783"},{"taxonomy":"product_tag","embeddable":true,"href":"https:\/\/librairie7l.com\/en\/wp-json\/wp\/v2\/product_tag?post=18783"}],"curies":[{"name":"wp","href":"https:\/\/api.w.org\/{rel}","templated":true}]}}