{"id":18791,"date":"2023-05-09T17:49:43","date_gmt":"2023-05-09T15:49:43","guid":{"rendered":"https:\/\/librairie7l.com\/?post_type=product&#038;p=18791"},"modified":"2026-04-05T19:06:28","modified_gmt":"2026-04-05T17:06:28","slug":"eileen-gray-sa-vie-et-son-oeuvre","status":"publish","type":"product","link":"https:\/\/librairie7l.com\/en\/produit\/eileen-gray-sa-vie-et-son-oeuvre\/","title":{"rendered":"EILEEN GRAY : SA VIE ET SON OEUVRE"},"content":{"rendered":"<p>Ce livre constitue la biographie de r\u00e9f\u00e9rence sur Eileen Gray, l&#8217;une des premi\u00e8res femmes \u00e0 atteindre la c\u00e9l\u00e9brit\u00e9 dans un monde du design alors largement domin\u00e9 par les hommes. Le texte r\u00e9dig\u00e9 par Peter Adam, ami intime de Eileen Gray, fait ici l&#8217;objet d&#8217;une nouvelle traduction fran\u00e7aise et d&#8217;une mise \u00e0 jour.<\/p>\n","protected":false},"excerpt":{"rendered":"<p>Ce livre constitue la biographie de r\u00e9f\u00e9rence sur Eileen Gray, l&#8217;une des premi\u00e8res femmes \u00e0 atteindre la c\u00e9l\u00e9brit\u00e9 dans un monde du design alors largement domin\u00e9 par les hommes. Le texte r\u00e9dig\u00e9 par Peter Adam, ami intime de Eileen Gray, fait ici l&#8217;objet d&#8217;une nouvelle traduction fran\u00e7aise et d&#8217;une mise \u00e0 jour.<\/p>\n","protected":false},"featured_media":18789,"template":"","meta":[],"product_cat":[2948,2952],"product_tag":[],"acf":[],"yoast_head":"<!-- This site is optimized with the Yoast SEO plugin v20.11 - https:\/\/yoast.com\/wordpress\/plugins\/seo\/ -->\n<title>EILEEN GRAY : SA VIE ET SON OEUVRE - Librairie 7L<\/title>\n<meta name=\"robots\" content=\"index, follow, max-snippet:-1, max-image-preview:large, max-video-preview:-1\" \/>\n<link rel=\"canonical\" href=\"https:\/\/librairie7l.com\/en\/produit\/eileen-gray-sa-vie-et-son-oeuvre\/\" \/>\n<meta property=\"og:locale\" content=\"en_US\" \/>\n<meta property=\"og:type\" content=\"article\" \/>\n<meta property=\"og:title\" content=\"EILEEN GRAY : SA VIE ET SON OEUVRE - Librairie 7L\" \/>\n<meta property=\"og:description\" content=\"Ce livre constitue la biographie de r\u00e9f\u00e9rence sur Eileen Gray, l&#8217;une des premi\u00e8res femmes \u00e0 atteindre la c\u00e9l\u00e9brit\u00e9 dans un monde du design alors largement domin\u00e9 par les hommes. Le texte r\u00e9dig\u00e9 par Peter Adam, ami intime de Eileen Gray, fait ici l&#8217;objet d&#8217;une nouvelle traduction fran\u00e7aise et d&#8217;une mise \u00e0 jour.\" \/>\n<meta property=\"og:url\" content=\"https:\/\/librairie7l.com\/en\/produit\/eileen-gray-sa-vie-et-son-oeuvre\/\" \/>\n<meta property=\"og:site_name\" content=\"Librairie 7L\" \/>\n<meta property=\"article:modified_time\" content=\"2026-04-05T17:06:28+00:00\" \/>\n<meta property=\"og:image\" content=\"https:\/\/librairie7l.com\/wp-content\/uploads\/2019\/09\/9780500343623_1_75.jpg\" \/>\n\t<meta property=\"og:image:width\" content=\"568\" \/>\n\t<meta property=\"og:image:height\" content=\"735\" \/>\n\t<meta property=\"og:image:type\" content=\"image\/jpeg\" \/>\n<meta name=\"twitter:card\" content=\"summary_large_image\" \/>\n<script type=\"application\/ld+json\" class=\"yoast-schema-graph\">{\"@context\":\"https:\/\/schema.org\",\"@graph\":[{\"@type\":\"WebPage\",\"@id\":\"https:\/\/librairie7l.com\/en\/produit\/eileen-gray-sa-vie-et-son-oeuvre\/\",\"url\":\"https:\/\/librairie7l.com\/en\/produit\/eileen-gray-sa-vie-et-son-oeuvre\/\",\"name\":\"EILEEN GRAY : SA VIE ET SON OEUVRE - Librairie 7L\",\"isPartOf\":{\"@id\":\"https:\/\/librairie7l.com\/en\/#website\"},\"datePublished\":\"2023-05-09T15:49:43+00:00\",\"dateModified\":\"2026-04-05T17:06:28+00:00\",\"breadcrumb\":{\"@id\":\"https:\/\/librairie7l.com\/en\/produit\/eileen-gray-sa-vie-et-son-oeuvre\/#breadcrumb\"},\"inLanguage\":\"en-US\",\"potentialAction\":[{\"@type\":\"ReadAction\",\"target\":[\"https:\/\/librairie7l.com\/en\/produit\/eileen-gray-sa-vie-et-son-oeuvre\/\"]}]},{\"@type\":\"BreadcrumbList\",\"@id\":\"https:\/\/librairie7l.com\/en\/produit\/eileen-gray-sa-vie-et-son-oeuvre\/#breadcrumb\",\"itemListElement\":[{\"@type\":\"ListItem\",\"position\":1,\"name\":\"Accueil\",\"item\":\"https:\/\/librairie7l.com\/en\/\"},{\"@type\":\"ListItem\",\"position\":2,\"name\":\"Shop\",\"item\":\"https:\/\/librairie7l.com\/en\/shop\/\"},{\"@type\":\"ListItem\",\"position\":3,\"name\":\"EILEEN GRAY : SA VIE ET SON OEUVRE\"}]},{\"@type\":\"WebSite\",\"@id\":\"https:\/\/librairie7l.com\/en\/#website\",\"url\":\"https:\/\/librairie7l.com\/en\/\",\"name\":\"Librairie 7L\",\"description\":\"Librairie fond\u00e9e en 1999 par Karl Lagerfeld \u00e0 Paris\",\"publisher\":{\"@id\":\"https:\/\/librairie7l.com\/en\/#organization\"},\"potentialAction\":[{\"@type\":\"SearchAction\",\"target\":{\"@type\":\"EntryPoint\",\"urlTemplate\":\"https:\/\/librairie7l.com\/en\/?s={search_term_string}\"},\"query-input\":\"required name=search_term_string\"}],\"inLanguage\":\"en-US\"},{\"@type\":\"Organization\",\"@id\":\"https:\/\/librairie7l.com\/en\/#organization\",\"name\":\"Librairie 7L\",\"url\":\"https:\/\/librairie7l.com\/en\/\",\"logo\":{\"@type\":\"ImageObject\",\"inLanguage\":\"en-US\",\"@id\":\"https:\/\/librairie7l.com\/en\/#\/schema\/logo\/image\/\",\"url\":\"https:\/\/librairie7l.com\/wp-content\/uploads\/2022\/08\/logo-1.png\",\"contentUrl\":\"https:\/\/librairie7l.com\/wp-content\/uploads\/2022\/08\/logo-1.png\",\"width\":227,\"height\":301,\"caption\":\"Librairie 7L\"},\"image\":{\"@id\":\"https:\/\/librairie7l.com\/en\/#\/schema\/logo\/image\/\"}}]}<\/script>\n<!-- \/ Yoast SEO plugin. -->","yoast_head_json":{"title":"EILEEN GRAY : SA VIE ET SON OEUVRE - Librairie 7L","robots":{"index":"index","follow":"follow","max-snippet":"max-snippet:-1","max-image-preview":"max-image-preview:large","max-video-preview":"max-video-preview:-1"},"canonical":"https:\/\/librairie7l.com\/en\/produit\/eileen-gray-sa-vie-et-son-oeuvre\/","og_locale":"en_US","og_type":"article","og_title":"EILEEN GRAY : SA VIE ET SON OEUVRE - Librairie 7L","og_description":"Ce livre constitue la biographie de r\u00e9f\u00e9rence sur Eileen Gray, l&#8217;une des premi\u00e8res femmes \u00e0 atteindre la c\u00e9l\u00e9brit\u00e9 dans un monde du design alors largement domin\u00e9 par les hommes. Le texte r\u00e9dig\u00e9 par Peter Adam, ami intime de Eileen Gray, fait ici l&#8217;objet d&#8217;une nouvelle traduction fran\u00e7aise et d&#8217;une mise \u00e0 jour.","og_url":"https:\/\/librairie7l.com\/en\/produit\/eileen-gray-sa-vie-et-son-oeuvre\/","og_site_name":"Librairie 7L","article_modified_time":"2026-04-05T17:06:28+00:00","og_image":[{"width":568,"height":735,"url":"https:\/\/librairie7l.com\/wp-content\/uploads\/2019\/09\/9780500343623_1_75.jpg","type":"image\/jpeg"}],"twitter_card":"summary_large_image","schema":{"@context":"https:\/\/schema.org","@graph":[{"@type":"WebPage","@id":"https:\/\/librairie7l.com\/en\/produit\/eileen-gray-sa-vie-et-son-oeuvre\/","url":"https:\/\/librairie7l.com\/en\/produit\/eileen-gray-sa-vie-et-son-oeuvre\/","name":"EILEEN GRAY : SA VIE ET SON OEUVRE - Librairie 7L","isPartOf":{"@id":"https:\/\/librairie7l.com\/en\/#website"},"datePublished":"2023-05-09T15:49:43+00:00","dateModified":"2026-04-05T17:06:28+00:00","breadcrumb":{"@id":"https:\/\/librairie7l.com\/en\/produit\/eileen-gray-sa-vie-et-son-oeuvre\/#breadcrumb"},"inLanguage":"en-US","potentialAction":[{"@type":"ReadAction","target":["https:\/\/librairie7l.com\/en\/produit\/eileen-gray-sa-vie-et-son-oeuvre\/"]}]},{"@type":"BreadcrumbList","@id":"https:\/\/librairie7l.com\/en\/produit\/eileen-gray-sa-vie-et-son-oeuvre\/#breadcrumb","itemListElement":[{"@type":"ListItem","position":1,"name":"Accueil","item":"https:\/\/librairie7l.com\/en\/"},{"@type":"ListItem","position":2,"name":"Shop","item":"https:\/\/librairie7l.com\/en\/shop\/"},{"@type":"ListItem","position":3,"name":"EILEEN GRAY : SA VIE ET SON OEUVRE"}]},{"@type":"WebSite","@id":"https:\/\/librairie7l.com\/en\/#website","url":"https:\/\/librairie7l.com\/en\/","name":"Librairie 7L","description":"Librairie fond\u00e9e en 1999 par Karl Lagerfeld \u00e0 Paris","publisher":{"@id":"https:\/\/librairie7l.com\/en\/#organization"},"potentialAction":[{"@type":"SearchAction","target":{"@type":"EntryPoint","urlTemplate":"https:\/\/librairie7l.com\/en\/?s={search_term_string}"},"query-input":"required name=search_term_string"}],"inLanguage":"en-US"},{"@type":"Organization","@id":"https:\/\/librairie7l.com\/en\/#organization","name":"Librairie 7L","url":"https:\/\/librairie7l.com\/en\/","logo":{"@type":"ImageObject","inLanguage":"en-US","@id":"https:\/\/librairie7l.com\/en\/#\/schema\/logo\/image\/","url":"https:\/\/librairie7l.com\/wp-content\/uploads\/2022\/08\/logo-1.png","contentUrl":"https:\/\/librairie7l.com\/wp-content\/uploads\/2022\/08\/logo-1.png","width":227,"height":301,"caption":"Librairie 7L"},"image":{"@id":"https:\/\/librairie7l.com\/en\/#\/schema\/logo\/image\/"}}]}},"_links":{"self":[{"href":"https:\/\/librairie7l.com\/en\/wp-json\/wp\/v2\/product\/18791"}],"collection":[{"href":"https:\/\/librairie7l.com\/en\/wp-json\/wp\/v2\/product"}],"about":[{"href":"https:\/\/librairie7l.com\/en\/wp-json\/wp\/v2\/types\/product"}],"wp:featuredmedia":[{"embeddable":true,"href":"https:\/\/librairie7l.com\/en\/wp-json\/wp\/v2\/media\/18789"}],"wp:attachment":[{"href":"https:\/\/librairie7l.com\/en\/wp-json\/wp\/v2\/media?parent=18791"}],"wp:term":[{"taxonomy":"product_cat","embeddable":true,"href":"https:\/\/librairie7l.com\/en\/wp-json\/wp\/v2\/product_cat?post=18791"},{"taxonomy":"product_tag","embeddable":true,"href":"https:\/\/librairie7l.com\/en\/wp-json\/wp\/v2\/product_tag?post=18791"}],"curies":[{"name":"wp","href":"https:\/\/api.w.org\/{rel}","templated":true}]}}