{"id":18811,"date":"2023-05-09T17:50:01","date_gmt":"2023-05-09T15:50:01","guid":{"rendered":"https:\/\/librairie7l.com\/?post_type=product&#038;p=18811"},"modified":"2026-05-02T22:32:14","modified_gmt":"2026-05-02T20:32:14","slug":"identification-des-bois-esthetique-singularites","status":"publish","type":"product","link":"https:\/\/librairie7l.com\/en\/produit\/identification-des-bois-esthetique-singularites\/","title":{"rendered":"IDENTIFICATION DES BOIS : ESTH\u00c9TIQUE &AMP; SINGULARIT\u00c9S"},"content":{"rendered":"<p>Le lecteur est convi\u00e9 \u00e0 un voyage \u00e0 la fois technique et po\u00e9tique au coeur du bois. Technique, car le livre veut avant tout aider \u00e0 la reconnaissance du bois. Po\u00e9tique gr\u00e2ce \u00e0 ses centaines de magnifiques photographies.<br \/>\nLes auteurs, deux grands sp\u00e9cialistes du bois, commencent par une premi\u00e8re partie \u00e0 caract\u00e8re botanique pour expliquer comment l&#8217;arbre grandit et grossit, ses rapports avec la lumi\u00e8re, le cycle de la s\u00e8ve, la structure du bois, etc. Ces donn\u00e9es servent \u00e0 mieux comprendre le bois, mais aussi ses particularit\u00e9s esth\u00e9tiques : sont abord\u00e9s l&#8217;influence des veines et de la maille, les couleurs, les noeuds, les bois ond\u00e9s, ruban\u00e9s, moir\u00e9s, pommel\u00e9s, drap\u00e9s, \u00e9chauff\u00e9s, guitt\u00e9s, les ronces, les loupes, les picots et les broussins.<br \/>\nLa deuxi\u00e8me partie se pr\u00e9sente comme un r\u00e9pertoire des diff\u00e9rentes esp\u00e8ces de bois, avec plus de 800 photographies pour 420 esp\u00e8ces de bois locaux, am\u00e9ricains ou tropicaux. Les photographies sont \u00e0 l&#8217;\u00e9chelle 1, sauf les bois de bout qui ont \u00e9t\u00e9 agrandis quatre fois pour mieux les observer. Pour chaque essence, la beaut\u00e9 du veinage a \u00e9t\u00e9 privil\u00e9gi\u00e9e : le lecteur pourra ainsi admirer de nombreux \u00e9chantillons ronceux, ond\u00e9s ou \u00e9chauff\u00e9s.<br \/>\nUn ouvrage tr\u00e8s complet pour apprendre \u00e0 identifier les essences de bois qui nous entourent.<\/p>\n","protected":false},"excerpt":{"rendered":"<p>Le lecteur est convi\u00e9 \u00e0 un voyage \u00e0 la fois technique et po\u00e9tique au coeur du bois. Technique, car le livre veut avant tout aider \u00e0 la reconnaissance du bois. Po\u00e9tique gr\u00e2ce \u00e0 ses centaines de magnifiques photographies. Les auteurs, deux grands sp\u00e9cialistes du bois, commencent par une premi\u00e8re partie \u00e0 caract\u00e8re botanique pour expliquer [&hellip;]<\/p>\n","protected":false},"featured_media":18809,"template":"","meta":[],"product_cat":[2948,2952],"product_tag":[],"acf":[],"yoast_head":"<!-- This site is optimized with the Yoast SEO plugin v20.11 - https:\/\/yoast.com\/wordpress\/plugins\/seo\/ -->\n<title>IDENTIFICATION DES BOIS : ESTH\u00c9TIQUE &amp; SINGULARIT\u00c9S - Librairie 7L<\/title>\n<meta name=\"robots\" content=\"index, follow, max-snippet:-1, max-image-preview:large, max-video-preview:-1\" \/>\n<link rel=\"canonical\" href=\"https:\/\/librairie7l.com\/en\/produit\/identification-des-bois-esthetique-singularites\/\" \/>\n<meta property=\"og:locale\" content=\"en_US\" \/>\n<meta property=\"og:type\" content=\"article\" \/>\n<meta property=\"og:title\" content=\"IDENTIFICATION DES BOIS : ESTH\u00c9TIQUE &amp; SINGULARIT\u00c9S - Librairie 7L\" \/>\n<meta property=\"og:description\" content=\"Le lecteur est convi\u00e9 \u00e0 un voyage \u00e0 la fois technique et po\u00e9tique au coeur du bois. Technique, car le livre veut avant tout aider \u00e0 la reconnaissance du bois. Po\u00e9tique gr\u00e2ce \u00e0 ses centaines de magnifiques photographies. Les auteurs, deux grands sp\u00e9cialistes du bois, commencent par une premi\u00e8re partie \u00e0 caract\u00e8re botanique pour expliquer [&hellip;]\" \/>\n<meta property=\"og:url\" content=\"https:\/\/librairie7l.com\/en\/produit\/identification-des-bois-esthetique-singularites\/\" \/>\n<meta property=\"og:site_name\" content=\"Librairie 7L\" \/>\n<meta property=\"article:modified_time\" content=\"2026-05-02T20:32:14+00:00\" \/>\n<meta property=\"og:image\" content=\"https:\/\/librairie7l.com\/wp-content\/uploads\/2021\/12\/9782851012524_1_75.jpg\" \/>\n\t<meta property=\"og:image:width\" content=\"576\" \/>\n\t<meta property=\"og:image:height\" content=\"800\" \/>\n\t<meta property=\"og:image:type\" content=\"image\/jpeg\" \/>\n<meta name=\"twitter:card\" content=\"summary_large_image\" \/>\n<meta name=\"twitter:label1\" content=\"Est. reading time\" \/>\n\t<meta name=\"twitter:data1\" content=\"1 minute\" \/>\n<script type=\"application\/ld+json\" class=\"yoast-schema-graph\">{\"@context\":\"https:\/\/schema.org\",\"@graph\":[{\"@type\":\"WebPage\",\"@id\":\"https:\/\/librairie7l.com\/en\/produit\/identification-des-bois-esthetique-singularites\/\",\"url\":\"https:\/\/librairie7l.com\/en\/produit\/identification-des-bois-esthetique-singularites\/\",\"name\":\"IDENTIFICATION DES BOIS : ESTH\u00c9TIQUE &amp; SINGULARIT\u00c9S - Librairie 7L\",\"isPartOf\":{\"@id\":\"https:\/\/librairie7l.com\/en\/#website\"},\"datePublished\":\"2023-05-09T15:50:01+00:00\",\"dateModified\":\"2026-05-02T20:32:14+00:00\",\"breadcrumb\":{\"@id\":\"https:\/\/librairie7l.com\/en\/produit\/identification-des-bois-esthetique-singularites\/#breadcrumb\"},\"inLanguage\":\"en-US\",\"potentialAction\":[{\"@type\":\"ReadAction\",\"target\":[\"https:\/\/librairie7l.com\/en\/produit\/identification-des-bois-esthetique-singularites\/\"]}]},{\"@type\":\"BreadcrumbList\",\"@id\":\"https:\/\/librairie7l.com\/en\/produit\/identification-des-bois-esthetique-singularites\/#breadcrumb\",\"itemListElement\":[{\"@type\":\"ListItem\",\"position\":1,\"name\":\"Accueil\",\"item\":\"https:\/\/librairie7l.com\/en\/\"},{\"@type\":\"ListItem\",\"position\":2,\"name\":\"Shop\",\"item\":\"https:\/\/librairie7l.com\/en\/shop\/\"},{\"@type\":\"ListItem\",\"position\":3,\"name\":\"IDENTIFICATION DES BOIS : ESTH\u00c9TIQUE &AMP; SINGULARIT\u00c9S\"}]},{\"@type\":\"WebSite\",\"@id\":\"https:\/\/librairie7l.com\/en\/#website\",\"url\":\"https:\/\/librairie7l.com\/en\/\",\"name\":\"Librairie 7L\",\"description\":\"Librairie fond\u00e9e en 1999 par Karl Lagerfeld \u00e0 Paris\",\"publisher\":{\"@id\":\"https:\/\/librairie7l.com\/en\/#organization\"},\"potentialAction\":[{\"@type\":\"SearchAction\",\"target\":{\"@type\":\"EntryPoint\",\"urlTemplate\":\"https:\/\/librairie7l.com\/en\/?s={search_term_string}\"},\"query-input\":\"required name=search_term_string\"}],\"inLanguage\":\"en-US\"},{\"@type\":\"Organization\",\"@id\":\"https:\/\/librairie7l.com\/en\/#organization\",\"name\":\"Librairie 7L\",\"url\":\"https:\/\/librairie7l.com\/en\/\",\"logo\":{\"@type\":\"ImageObject\",\"inLanguage\":\"en-US\",\"@id\":\"https:\/\/librairie7l.com\/en\/#\/schema\/logo\/image\/\",\"url\":\"https:\/\/librairie7l.com\/wp-content\/uploads\/2022\/08\/logo-1.png\",\"contentUrl\":\"https:\/\/librairie7l.com\/wp-content\/uploads\/2022\/08\/logo-1.png\",\"width\":227,\"height\":301,\"caption\":\"Librairie 7L\"},\"image\":{\"@id\":\"https:\/\/librairie7l.com\/en\/#\/schema\/logo\/image\/\"}}]}<\/script>\n<!-- \/ Yoast SEO plugin. -->","yoast_head_json":{"title":"IDENTIFICATION DES BOIS : ESTH\u00c9TIQUE &amp; SINGULARIT\u00c9S - Librairie 7L","robots":{"index":"index","follow":"follow","max-snippet":"max-snippet:-1","max-image-preview":"max-image-preview:large","max-video-preview":"max-video-preview:-1"},"canonical":"https:\/\/librairie7l.com\/en\/produit\/identification-des-bois-esthetique-singularites\/","og_locale":"en_US","og_type":"article","og_title":"IDENTIFICATION DES BOIS : ESTH\u00c9TIQUE &amp; SINGULARIT\u00c9S - Librairie 7L","og_description":"Le lecteur est convi\u00e9 \u00e0 un voyage \u00e0 la fois technique et po\u00e9tique au coeur du bois. Technique, car le livre veut avant tout aider \u00e0 la reconnaissance du bois. Po\u00e9tique gr\u00e2ce \u00e0 ses centaines de magnifiques photographies. Les auteurs, deux grands sp\u00e9cialistes du bois, commencent par une premi\u00e8re partie \u00e0 caract\u00e8re botanique pour expliquer [&hellip;]","og_url":"https:\/\/librairie7l.com\/en\/produit\/identification-des-bois-esthetique-singularites\/","og_site_name":"Librairie 7L","article_modified_time":"2026-05-02T20:32:14+00:00","og_image":[{"width":576,"height":800,"url":"https:\/\/librairie7l.com\/wp-content\/uploads\/2021\/12\/9782851012524_1_75.jpg","type":"image\/jpeg"}],"twitter_card":"summary_large_image","twitter_misc":{"Est. reading time":"1 minute"},"schema":{"@context":"https:\/\/schema.org","@graph":[{"@type":"WebPage","@id":"https:\/\/librairie7l.com\/en\/produit\/identification-des-bois-esthetique-singularites\/","url":"https:\/\/librairie7l.com\/en\/produit\/identification-des-bois-esthetique-singularites\/","name":"IDENTIFICATION DES BOIS : ESTH\u00c9TIQUE &amp; SINGULARIT\u00c9S - Librairie 7L","isPartOf":{"@id":"https:\/\/librairie7l.com\/en\/#website"},"datePublished":"2023-05-09T15:50:01+00:00","dateModified":"2026-05-02T20:32:14+00:00","breadcrumb":{"@id":"https:\/\/librairie7l.com\/en\/produit\/identification-des-bois-esthetique-singularites\/#breadcrumb"},"inLanguage":"en-US","potentialAction":[{"@type":"ReadAction","target":["https:\/\/librairie7l.com\/en\/produit\/identification-des-bois-esthetique-singularites\/"]}]},{"@type":"BreadcrumbList","@id":"https:\/\/librairie7l.com\/en\/produit\/identification-des-bois-esthetique-singularites\/#breadcrumb","itemListElement":[{"@type":"ListItem","position":1,"name":"Accueil","item":"https:\/\/librairie7l.com\/en\/"},{"@type":"ListItem","position":2,"name":"Shop","item":"https:\/\/librairie7l.com\/en\/shop\/"},{"@type":"ListItem","position":3,"name":"IDENTIFICATION DES BOIS : ESTH\u00c9TIQUE &AMP; SINGULARIT\u00c9S"}]},{"@type":"WebSite","@id":"https:\/\/librairie7l.com\/en\/#website","url":"https:\/\/librairie7l.com\/en\/","name":"Librairie 7L","description":"Librairie fond\u00e9e en 1999 par Karl Lagerfeld \u00e0 Paris","publisher":{"@id":"https:\/\/librairie7l.com\/en\/#organization"},"potentialAction":[{"@type":"SearchAction","target":{"@type":"EntryPoint","urlTemplate":"https:\/\/librairie7l.com\/en\/?s={search_term_string}"},"query-input":"required name=search_term_string"}],"inLanguage":"en-US"},{"@type":"Organization","@id":"https:\/\/librairie7l.com\/en\/#organization","name":"Librairie 7L","url":"https:\/\/librairie7l.com\/en\/","logo":{"@type":"ImageObject","inLanguage":"en-US","@id":"https:\/\/librairie7l.com\/en\/#\/schema\/logo\/image\/","url":"https:\/\/librairie7l.com\/wp-content\/uploads\/2022\/08\/logo-1.png","contentUrl":"https:\/\/librairie7l.com\/wp-content\/uploads\/2022\/08\/logo-1.png","width":227,"height":301,"caption":"Librairie 7L"},"image":{"@id":"https:\/\/librairie7l.com\/en\/#\/schema\/logo\/image\/"}}]}},"_links":{"self":[{"href":"https:\/\/librairie7l.com\/en\/wp-json\/wp\/v2\/product\/18811"}],"collection":[{"href":"https:\/\/librairie7l.com\/en\/wp-json\/wp\/v2\/product"}],"about":[{"href":"https:\/\/librairie7l.com\/en\/wp-json\/wp\/v2\/types\/product"}],"wp:featuredmedia":[{"embeddable":true,"href":"https:\/\/librairie7l.com\/en\/wp-json\/wp\/v2\/media\/18809"}],"wp:attachment":[{"href":"https:\/\/librairie7l.com\/en\/wp-json\/wp\/v2\/media?parent=18811"}],"wp:term":[{"taxonomy":"product_cat","embeddable":true,"href":"https:\/\/librairie7l.com\/en\/wp-json\/wp\/v2\/product_cat?post=18811"},{"taxonomy":"product_tag","embeddable":true,"href":"https:\/\/librairie7l.com\/en\/wp-json\/wp\/v2\/product_tag?post=18811"}],"curies":[{"name":"wp","href":"https:\/\/api.w.org\/{rel}","templated":true}]}}