{"id":18831,"date":"2023-05-09T17:50:18","date_gmt":"2023-05-09T15:50:18","guid":{"rendered":"https:\/\/librairie7l.com\/?post_type=product&#038;p=18831"},"modified":"2026-05-13T22:08:18","modified_gmt":"2026-05-13T20:08:18","slug":"claudia-andujar-la-lutte-yanomami","status":"publish","type":"product","link":"https:\/\/librairie7l.com\/en\/produit\/claudia-andujar-la-lutte-yanomami\/","title":{"rendered":"CLAUDIA ANDUJAR, LA LUTTE YANOMAMI"},"content":{"rendered":"<p>Du 12 d\u00e9cembre 2019 au 10 mai 2020, la Fondation Cartier pour l&#8217;art contemporain accueille une grande exposition personnelle de Claudia Andujar con\u00e7ue par Thyago Nogueira, qui dirige le d\u00e9partement de photographie contemporaine de l&#8217;Institut Moreira Salles de S\u00e3o Paulo, o\u00f9 elle a \u00e9t\u00e9 initialement pr\u00e9sent\u00e9e. Consid\u00e9r\u00e9e comme l&#8217;une des plus talentueuses photographes br\u00e9siliennes, Claudia Andujar a, tant par son engagement qu&#8217;\u00e0 travers son oeuvre, jou\u00e9 un r\u00f4le fondamental pour la reconnaissance et la protection des Indiens Yanomami qui, au coeur de la for\u00eat amazonienne, tentent de pr\u00e9server leur mode de vie et leurs traditions chamaniques.<\/p>\n","protected":false},"excerpt":{"rendered":"<p>Du 12 d\u00e9cembre 2019 au 10 mai 2020, la Fondation Cartier pour l&#8217;art contemporain accueille une grande exposition personnelle de Claudia Andujar con\u00e7ue par Thyago Nogueira, qui dirige le d\u00e9partement de photographie contemporaine de l&#8217;Institut Moreira Salles de S\u00e3o Paulo, o\u00f9 elle a \u00e9t\u00e9 initialement pr\u00e9sent\u00e9e. Consid\u00e9r\u00e9e comme l&#8217;une des plus talentueuses photographes br\u00e9siliennes, Claudia [&hellip;]<\/p>\n","protected":false},"featured_media":18829,"template":"","meta":[],"product_cat":[2948,2953],"product_tag":[],"acf":[],"yoast_head":"<!-- This site is optimized with the Yoast SEO plugin v20.11 - https:\/\/yoast.com\/wordpress\/plugins\/seo\/ -->\n<title>CLAUDIA ANDUJAR, LA LUTTE YANOMAMI - Librairie 7L<\/title>\n<meta name=\"robots\" content=\"index, follow, max-snippet:-1, max-image-preview:large, max-video-preview:-1\" \/>\n<link rel=\"canonical\" href=\"https:\/\/librairie7l.com\/en\/produit\/claudia-andujar-la-lutte-yanomami\/\" \/>\n<meta property=\"og:locale\" content=\"en_US\" \/>\n<meta property=\"og:type\" content=\"article\" \/>\n<meta property=\"og:title\" content=\"CLAUDIA ANDUJAR, LA LUTTE YANOMAMI - Librairie 7L\" \/>\n<meta property=\"og:description\" content=\"Du 12 d\u00e9cembre 2019 au 10 mai 2020, la Fondation Cartier pour l&#8217;art contemporain accueille une grande exposition personnelle de Claudia Andujar con\u00e7ue par Thyago Nogueira, qui dirige le d\u00e9partement de photographie contemporaine de l&#8217;Institut Moreira Salles de S\u00e3o Paulo, o\u00f9 elle a \u00e9t\u00e9 initialement pr\u00e9sent\u00e9e. Consid\u00e9r\u00e9e comme l&#8217;une des plus talentueuses photographes br\u00e9siliennes, Claudia [&hellip;]\" \/>\n<meta property=\"og:url\" content=\"https:\/\/librairie7l.com\/en\/produit\/claudia-andujar-la-lutte-yanomami\/\" \/>\n<meta property=\"og:site_name\" content=\"Librairie 7L\" \/>\n<meta property=\"article:modified_time\" content=\"2026-05-13T20:08:18+00:00\" \/>\n<meta property=\"og:image\" content=\"https:\/\/librairie7l.com\/wp-content\/uploads\/2020\/01\/9782869251533_1_75.jpg\" \/>\n\t<meta property=\"og:image:width\" content=\"600\" \/>\n\t<meta property=\"og:image:height\" content=\"769\" \/>\n\t<meta property=\"og:image:type\" content=\"image\/jpeg\" \/>\n<meta name=\"twitter:card\" content=\"summary_large_image\" \/>\n<meta name=\"twitter:label1\" content=\"Est. reading time\" \/>\n\t<meta name=\"twitter:data1\" content=\"1 minute\" \/>\n<script type=\"application\/ld+json\" class=\"yoast-schema-graph\">{\"@context\":\"https:\/\/schema.org\",\"@graph\":[{\"@type\":\"WebPage\",\"@id\":\"https:\/\/librairie7l.com\/en\/produit\/claudia-andujar-la-lutte-yanomami\/\",\"url\":\"https:\/\/librairie7l.com\/en\/produit\/claudia-andujar-la-lutte-yanomami\/\",\"name\":\"CLAUDIA ANDUJAR, LA LUTTE YANOMAMI - Librairie 7L\",\"isPartOf\":{\"@id\":\"https:\/\/librairie7l.com\/en\/#website\"},\"datePublished\":\"2023-05-09T15:50:18+00:00\",\"dateModified\":\"2026-05-13T20:08:18+00:00\",\"breadcrumb\":{\"@id\":\"https:\/\/librairie7l.com\/en\/produit\/claudia-andujar-la-lutte-yanomami\/#breadcrumb\"},\"inLanguage\":\"en-US\",\"potentialAction\":[{\"@type\":\"ReadAction\",\"target\":[\"https:\/\/librairie7l.com\/en\/produit\/claudia-andujar-la-lutte-yanomami\/\"]}]},{\"@type\":\"BreadcrumbList\",\"@id\":\"https:\/\/librairie7l.com\/en\/produit\/claudia-andujar-la-lutte-yanomami\/#breadcrumb\",\"itemListElement\":[{\"@type\":\"ListItem\",\"position\":1,\"name\":\"Accueil\",\"item\":\"https:\/\/librairie7l.com\/en\/\"},{\"@type\":\"ListItem\",\"position\":2,\"name\":\"Shop\",\"item\":\"https:\/\/librairie7l.com\/en\/shop\/\"},{\"@type\":\"ListItem\",\"position\":3,\"name\":\"CLAUDIA ANDUJAR, LA LUTTE YANOMAMI\"}]},{\"@type\":\"WebSite\",\"@id\":\"https:\/\/librairie7l.com\/en\/#website\",\"url\":\"https:\/\/librairie7l.com\/en\/\",\"name\":\"Librairie 7L\",\"description\":\"Librairie fond\u00e9e en 1999 par Karl Lagerfeld \u00e0 Paris\",\"publisher\":{\"@id\":\"https:\/\/librairie7l.com\/en\/#organization\"},\"potentialAction\":[{\"@type\":\"SearchAction\",\"target\":{\"@type\":\"EntryPoint\",\"urlTemplate\":\"https:\/\/librairie7l.com\/en\/?s={search_term_string}\"},\"query-input\":\"required name=search_term_string\"}],\"inLanguage\":\"en-US\"},{\"@type\":\"Organization\",\"@id\":\"https:\/\/librairie7l.com\/en\/#organization\",\"name\":\"Librairie 7L\",\"url\":\"https:\/\/librairie7l.com\/en\/\",\"logo\":{\"@type\":\"ImageObject\",\"inLanguage\":\"en-US\",\"@id\":\"https:\/\/librairie7l.com\/en\/#\/schema\/logo\/image\/\",\"url\":\"https:\/\/librairie7l.com\/wp-content\/uploads\/2022\/08\/logo-1.png\",\"contentUrl\":\"https:\/\/librairie7l.com\/wp-content\/uploads\/2022\/08\/logo-1.png\",\"width\":227,\"height\":301,\"caption\":\"Librairie 7L\"},\"image\":{\"@id\":\"https:\/\/librairie7l.com\/en\/#\/schema\/logo\/image\/\"}}]}<\/script>\n<!-- \/ Yoast SEO plugin. -->","yoast_head_json":{"title":"CLAUDIA ANDUJAR, LA LUTTE YANOMAMI - Librairie 7L","robots":{"index":"index","follow":"follow","max-snippet":"max-snippet:-1","max-image-preview":"max-image-preview:large","max-video-preview":"max-video-preview:-1"},"canonical":"https:\/\/librairie7l.com\/en\/produit\/claudia-andujar-la-lutte-yanomami\/","og_locale":"en_US","og_type":"article","og_title":"CLAUDIA ANDUJAR, LA LUTTE YANOMAMI - Librairie 7L","og_description":"Du 12 d\u00e9cembre 2019 au 10 mai 2020, la Fondation Cartier pour l&#8217;art contemporain accueille une grande exposition personnelle de Claudia Andujar con\u00e7ue par Thyago Nogueira, qui dirige le d\u00e9partement de photographie contemporaine de l&#8217;Institut Moreira Salles de S\u00e3o Paulo, o\u00f9 elle a \u00e9t\u00e9 initialement pr\u00e9sent\u00e9e. Consid\u00e9r\u00e9e comme l&#8217;une des plus talentueuses photographes br\u00e9siliennes, Claudia [&hellip;]","og_url":"https:\/\/librairie7l.com\/en\/produit\/claudia-andujar-la-lutte-yanomami\/","og_site_name":"Librairie 7L","article_modified_time":"2026-05-13T20:08:18+00:00","og_image":[{"width":600,"height":769,"url":"https:\/\/librairie7l.com\/wp-content\/uploads\/2020\/01\/9782869251533_1_75.jpg","type":"image\/jpeg"}],"twitter_card":"summary_large_image","twitter_misc":{"Est. reading time":"1 minute"},"schema":{"@context":"https:\/\/schema.org","@graph":[{"@type":"WebPage","@id":"https:\/\/librairie7l.com\/en\/produit\/claudia-andujar-la-lutte-yanomami\/","url":"https:\/\/librairie7l.com\/en\/produit\/claudia-andujar-la-lutte-yanomami\/","name":"CLAUDIA ANDUJAR, LA LUTTE YANOMAMI - Librairie 7L","isPartOf":{"@id":"https:\/\/librairie7l.com\/en\/#website"},"datePublished":"2023-05-09T15:50:18+00:00","dateModified":"2026-05-13T20:08:18+00:00","breadcrumb":{"@id":"https:\/\/librairie7l.com\/en\/produit\/claudia-andujar-la-lutte-yanomami\/#breadcrumb"},"inLanguage":"en-US","potentialAction":[{"@type":"ReadAction","target":["https:\/\/librairie7l.com\/en\/produit\/claudia-andujar-la-lutte-yanomami\/"]}]},{"@type":"BreadcrumbList","@id":"https:\/\/librairie7l.com\/en\/produit\/claudia-andujar-la-lutte-yanomami\/#breadcrumb","itemListElement":[{"@type":"ListItem","position":1,"name":"Accueil","item":"https:\/\/librairie7l.com\/en\/"},{"@type":"ListItem","position":2,"name":"Shop","item":"https:\/\/librairie7l.com\/en\/shop\/"},{"@type":"ListItem","position":3,"name":"CLAUDIA ANDUJAR, LA LUTTE YANOMAMI"}]},{"@type":"WebSite","@id":"https:\/\/librairie7l.com\/en\/#website","url":"https:\/\/librairie7l.com\/en\/","name":"Librairie 7L","description":"Librairie fond\u00e9e en 1999 par Karl Lagerfeld \u00e0 Paris","publisher":{"@id":"https:\/\/librairie7l.com\/en\/#organization"},"potentialAction":[{"@type":"SearchAction","target":{"@type":"EntryPoint","urlTemplate":"https:\/\/librairie7l.com\/en\/?s={search_term_string}"},"query-input":"required name=search_term_string"}],"inLanguage":"en-US"},{"@type":"Organization","@id":"https:\/\/librairie7l.com\/en\/#organization","name":"Librairie 7L","url":"https:\/\/librairie7l.com\/en\/","logo":{"@type":"ImageObject","inLanguage":"en-US","@id":"https:\/\/librairie7l.com\/en\/#\/schema\/logo\/image\/","url":"https:\/\/librairie7l.com\/wp-content\/uploads\/2022\/08\/logo-1.png","contentUrl":"https:\/\/librairie7l.com\/wp-content\/uploads\/2022\/08\/logo-1.png","width":227,"height":301,"caption":"Librairie 7L"},"image":{"@id":"https:\/\/librairie7l.com\/en\/#\/schema\/logo\/image\/"}}]}},"_links":{"self":[{"href":"https:\/\/librairie7l.com\/en\/wp-json\/wp\/v2\/product\/18831"}],"collection":[{"href":"https:\/\/librairie7l.com\/en\/wp-json\/wp\/v2\/product"}],"about":[{"href":"https:\/\/librairie7l.com\/en\/wp-json\/wp\/v2\/types\/product"}],"wp:featuredmedia":[{"embeddable":true,"href":"https:\/\/librairie7l.com\/en\/wp-json\/wp\/v2\/media\/18829"}],"wp:attachment":[{"href":"https:\/\/librairie7l.com\/en\/wp-json\/wp\/v2\/media?parent=18831"}],"wp:term":[{"taxonomy":"product_cat","embeddable":true,"href":"https:\/\/librairie7l.com\/en\/wp-json\/wp\/v2\/product_cat?post=18831"},{"taxonomy":"product_tag","embeddable":true,"href":"https:\/\/librairie7l.com\/en\/wp-json\/wp\/v2\/product_tag?post=18831"}],"curies":[{"name":"wp","href":"https:\/\/api.w.org\/{rel}","templated":true}]}}