{"id":18835,"date":"2023-05-09T17:50:22","date_gmt":"2023-05-09T15:50:22","guid":{"rendered":"https:\/\/librairie7l.com\/?post_type=product&#038;p=18835"},"modified":"2026-04-05T20:46:01","modified_gmt":"2026-04-05T18:46:01","slug":"pierre-guariche","status":"publish","type":"product","link":"https:\/\/librairie7l.com\/en\/produit\/pierre-guariche\/","title":{"rendered":"PIERRE GUARICHE"},"content":{"rendered":"<p>L&#8217;oeuvre foisonnante de PIERRE GUARICHE (1926-1995) accompagne les Trente Glorieuses, comme les grands changements administratifs et soci\u00e9taux des ann\u00e9es 1980.<br \/>\nForm\u00e9 par Marcel Gascoin, Guariche d\u00e9bute en 1950 comme d\u00e9corateur-cr\u00e9ateur d&#8217;ensembles ind\u00e9pendant. Il con\u00e7oit pendant plus de dix ans un mobilier adapt\u00e9 aux logements de la reconstruction et \u00e0 la production s\u00e9rielle, s&#8217;appuyant sur des \u00e9diteurs novateurs, tels qu&#8217;Airborne, la galerie MAI, Steiner, Les Huchers-Minvielle puis Meurop, ou encore Pierre Disderot pour les luminaires. Revisitant les formes utiles \u00e0 l&#8217;aune de nouveaux mat\u00e9riaux, il fonde en 1954 l&#8217;Atelier de recherche plastique (ARP) avec Michel Mortier et Joseph- Andr\u00e9 Motte, premier collectif fran\u00e7ais de cr\u00e9ateurs, qui durera trois ans.<br \/>\n\u00c0 partir des ann\u00e9es 1960, il privil\u00e9gie l&#8217;architecture int\u00e9rieure, o\u00f9 sa ma\u00eetrise de l&#8217;espace, des mati\u00e8res et de leur mise en oeuvre l&#8217;impose sur de nombreux de projets. Proche de l&#8217;ancien ministre de la Reconstruction et de l&#8217;Urbanisme Eug\u00e8ne Claudius-Petit, il participe au chantier de Firminy aux c\u00f4t\u00e9s de Le Corbusier. Devan\u00e7ant Charlotte Perriand aux Arcs et Marcel Breuer \u00e0 Flaine, il collabore avec l&#8217;architecte Michel Bezan\u00e7on \u00e0 la cr\u00e9ation de La Plagne, premi\u00e8re station de sports d&#8217;hiver int\u00e9gr\u00e9e fran\u00e7aise. Avec Jean Dubuisson, il concourt \u00e0 la transposition baln\u00e9aire du concept de r\u00e9sidence-h\u00f4tel \u00e0 Bandol. Sollicit\u00e9 pour de nombreux grands chantiers de l&#8217;\u00c9tat, il am\u00e9nage la pr\u00e9fecture et le conseil g\u00e9n\u00e9ral de l&#8217;Essonne \u00e0 \u00c9vry et le tribunal de grande instance de Cr\u00e9teil.<br \/>\nS&#8217;appuyant sur des archives in\u00e9dites, cet ouvrage revient sur un parcours riche de plus de 200 am\u00e9nagements, presque autant de meubles et une s\u00e9rie de luminaires remarquables, aujourd&#8217;hui r\u00e9\u00e9dit\u00e9s par Sammode, qui mettent en lumi\u00e8re la modernit\u00e9 et l&#8217;\u00e9l\u00e9gance intemporelle de ce cr\u00e9ateur remarquable.<\/p>\n","protected":false},"excerpt":{"rendered":"<p>L&#8217;oeuvre foisonnante de PIERRE GUARICHE (1926-1995) accompagne les Trente Glorieuses, comme les grands changements administratifs et soci\u00e9taux des ann\u00e9es 1980. Form\u00e9 par Marcel Gascoin, Guariche d\u00e9bute en 1950 comme d\u00e9corateur-cr\u00e9ateur d&#8217;ensembles ind\u00e9pendant. Il con\u00e7oit pendant plus de dix ans un mobilier adapt\u00e9 aux logements de la reconstruction et \u00e0 la production s\u00e9rielle, s&#8217;appuyant sur des [&hellip;]<\/p>\n","protected":false},"featured_media":18833,"template":"","meta":[],"product_cat":[2948,2952],"product_tag":[],"acf":[],"yoast_head":"<!-- This site is optimized with the Yoast SEO plugin v20.11 - https:\/\/yoast.com\/wordpress\/plugins\/seo\/ -->\n<title>PIERRE GUARICHE - Librairie 7L<\/title>\n<meta name=\"robots\" content=\"index, follow, max-snippet:-1, max-image-preview:large, max-video-preview:-1\" \/>\n<link rel=\"canonical\" href=\"https:\/\/librairie7l.com\/en\/produit\/pierre-guariche\/\" \/>\n<meta property=\"og:locale\" content=\"en_US\" \/>\n<meta property=\"og:type\" content=\"article\" \/>\n<meta property=\"og:title\" content=\"PIERRE GUARICHE - Librairie 7L\" \/>\n<meta property=\"og:description\" content=\"L&#8217;oeuvre foisonnante de PIERRE GUARICHE (1926-1995) accompagne les Trente Glorieuses, comme les grands changements administratifs et soci\u00e9taux des ann\u00e9es 1980. Form\u00e9 par Marcel Gascoin, Guariche d\u00e9bute en 1950 comme d\u00e9corateur-cr\u00e9ateur d&#8217;ensembles ind\u00e9pendant. Il con\u00e7oit pendant plus de dix ans un mobilier adapt\u00e9 aux logements de la reconstruction et \u00e0 la production s\u00e9rielle, s&#8217;appuyant sur des [&hellip;]\" \/>\n<meta property=\"og:url\" content=\"https:\/\/librairie7l.com\/en\/produit\/pierre-guariche\/\" \/>\n<meta property=\"og:site_name\" content=\"Librairie 7L\" \/>\n<meta property=\"article:modified_time\" content=\"2026-04-05T18:46:01+00:00\" \/>\n<meta property=\"og:image\" content=\"https:\/\/librairie7l.com\/wp-content\/uploads\/2020\/10\/9782376660286_1_75.jpg\" \/>\n\t<meta property=\"og:image:width\" content=\"400\" \/>\n\t<meta property=\"og:image:height\" content=\"496\" \/>\n\t<meta property=\"og:image:type\" content=\"image\/jpeg\" \/>\n<meta name=\"twitter:card\" content=\"summary_large_image\" \/>\n<meta name=\"twitter:label1\" content=\"Est. reading time\" \/>\n\t<meta name=\"twitter:data1\" content=\"2 minutes\" \/>\n<script type=\"application\/ld+json\" class=\"yoast-schema-graph\">{\"@context\":\"https:\/\/schema.org\",\"@graph\":[{\"@type\":\"WebPage\",\"@id\":\"https:\/\/librairie7l.com\/en\/produit\/pierre-guariche\/\",\"url\":\"https:\/\/librairie7l.com\/en\/produit\/pierre-guariche\/\",\"name\":\"PIERRE GUARICHE - Librairie 7L\",\"isPartOf\":{\"@id\":\"https:\/\/librairie7l.com\/en\/#website\"},\"datePublished\":\"2023-05-09T15:50:22+00:00\",\"dateModified\":\"2026-04-05T18:46:01+00:00\",\"breadcrumb\":{\"@id\":\"https:\/\/librairie7l.com\/en\/produit\/pierre-guariche\/#breadcrumb\"},\"inLanguage\":\"en-US\",\"potentialAction\":[{\"@type\":\"ReadAction\",\"target\":[\"https:\/\/librairie7l.com\/en\/produit\/pierre-guariche\/\"]}]},{\"@type\":\"BreadcrumbList\",\"@id\":\"https:\/\/librairie7l.com\/en\/produit\/pierre-guariche\/#breadcrumb\",\"itemListElement\":[{\"@type\":\"ListItem\",\"position\":1,\"name\":\"Accueil\",\"item\":\"https:\/\/librairie7l.com\/en\/\"},{\"@type\":\"ListItem\",\"position\":2,\"name\":\"Shop\",\"item\":\"https:\/\/librairie7l.com\/en\/shop\/\"},{\"@type\":\"ListItem\",\"position\":3,\"name\":\"PIERRE GUARICHE\"}]},{\"@type\":\"WebSite\",\"@id\":\"https:\/\/librairie7l.com\/en\/#website\",\"url\":\"https:\/\/librairie7l.com\/en\/\",\"name\":\"Librairie 7L\",\"description\":\"Librairie fond\u00e9e en 1999 par Karl Lagerfeld \u00e0 Paris\",\"publisher\":{\"@id\":\"https:\/\/librairie7l.com\/en\/#organization\"},\"potentialAction\":[{\"@type\":\"SearchAction\",\"target\":{\"@type\":\"EntryPoint\",\"urlTemplate\":\"https:\/\/librairie7l.com\/en\/?s={search_term_string}\"},\"query-input\":\"required name=search_term_string\"}],\"inLanguage\":\"en-US\"},{\"@type\":\"Organization\",\"@id\":\"https:\/\/librairie7l.com\/en\/#organization\",\"name\":\"Librairie 7L\",\"url\":\"https:\/\/librairie7l.com\/en\/\",\"logo\":{\"@type\":\"ImageObject\",\"inLanguage\":\"en-US\",\"@id\":\"https:\/\/librairie7l.com\/en\/#\/schema\/logo\/image\/\",\"url\":\"https:\/\/librairie7l.com\/wp-content\/uploads\/2022\/08\/logo-1.png\",\"contentUrl\":\"https:\/\/librairie7l.com\/wp-content\/uploads\/2022\/08\/logo-1.png\",\"width\":227,\"height\":301,\"caption\":\"Librairie 7L\"},\"image\":{\"@id\":\"https:\/\/librairie7l.com\/en\/#\/schema\/logo\/image\/\"}}]}<\/script>\n<!-- \/ Yoast SEO plugin. -->","yoast_head_json":{"title":"PIERRE GUARICHE - Librairie 7L","robots":{"index":"index","follow":"follow","max-snippet":"max-snippet:-1","max-image-preview":"max-image-preview:large","max-video-preview":"max-video-preview:-1"},"canonical":"https:\/\/librairie7l.com\/en\/produit\/pierre-guariche\/","og_locale":"en_US","og_type":"article","og_title":"PIERRE GUARICHE - Librairie 7L","og_description":"L&#8217;oeuvre foisonnante de PIERRE GUARICHE (1926-1995) accompagne les Trente Glorieuses, comme les grands changements administratifs et soci\u00e9taux des ann\u00e9es 1980. Form\u00e9 par Marcel Gascoin, Guariche d\u00e9bute en 1950 comme d\u00e9corateur-cr\u00e9ateur d&#8217;ensembles ind\u00e9pendant. Il con\u00e7oit pendant plus de dix ans un mobilier adapt\u00e9 aux logements de la reconstruction et \u00e0 la production s\u00e9rielle, s&#8217;appuyant sur des [&hellip;]","og_url":"https:\/\/librairie7l.com\/en\/produit\/pierre-guariche\/","og_site_name":"Librairie 7L","article_modified_time":"2026-04-05T18:46:01+00:00","og_image":[{"width":400,"height":496,"url":"https:\/\/librairie7l.com\/wp-content\/uploads\/2020\/10\/9782376660286_1_75.jpg","type":"image\/jpeg"}],"twitter_card":"summary_large_image","twitter_misc":{"Est. reading time":"2 minutes"},"schema":{"@context":"https:\/\/schema.org","@graph":[{"@type":"WebPage","@id":"https:\/\/librairie7l.com\/en\/produit\/pierre-guariche\/","url":"https:\/\/librairie7l.com\/en\/produit\/pierre-guariche\/","name":"PIERRE GUARICHE - Librairie 7L","isPartOf":{"@id":"https:\/\/librairie7l.com\/en\/#website"},"datePublished":"2023-05-09T15:50:22+00:00","dateModified":"2026-04-05T18:46:01+00:00","breadcrumb":{"@id":"https:\/\/librairie7l.com\/en\/produit\/pierre-guariche\/#breadcrumb"},"inLanguage":"en-US","potentialAction":[{"@type":"ReadAction","target":["https:\/\/librairie7l.com\/en\/produit\/pierre-guariche\/"]}]},{"@type":"BreadcrumbList","@id":"https:\/\/librairie7l.com\/en\/produit\/pierre-guariche\/#breadcrumb","itemListElement":[{"@type":"ListItem","position":1,"name":"Accueil","item":"https:\/\/librairie7l.com\/en\/"},{"@type":"ListItem","position":2,"name":"Shop","item":"https:\/\/librairie7l.com\/en\/shop\/"},{"@type":"ListItem","position":3,"name":"PIERRE GUARICHE"}]},{"@type":"WebSite","@id":"https:\/\/librairie7l.com\/en\/#website","url":"https:\/\/librairie7l.com\/en\/","name":"Librairie 7L","description":"Librairie fond\u00e9e en 1999 par Karl Lagerfeld \u00e0 Paris","publisher":{"@id":"https:\/\/librairie7l.com\/en\/#organization"},"potentialAction":[{"@type":"SearchAction","target":{"@type":"EntryPoint","urlTemplate":"https:\/\/librairie7l.com\/en\/?s={search_term_string}"},"query-input":"required name=search_term_string"}],"inLanguage":"en-US"},{"@type":"Organization","@id":"https:\/\/librairie7l.com\/en\/#organization","name":"Librairie 7L","url":"https:\/\/librairie7l.com\/en\/","logo":{"@type":"ImageObject","inLanguage":"en-US","@id":"https:\/\/librairie7l.com\/en\/#\/schema\/logo\/image\/","url":"https:\/\/librairie7l.com\/wp-content\/uploads\/2022\/08\/logo-1.png","contentUrl":"https:\/\/librairie7l.com\/wp-content\/uploads\/2022\/08\/logo-1.png","width":227,"height":301,"caption":"Librairie 7L"},"image":{"@id":"https:\/\/librairie7l.com\/en\/#\/schema\/logo\/image\/"}}]}},"_links":{"self":[{"href":"https:\/\/librairie7l.com\/en\/wp-json\/wp\/v2\/product\/18835"}],"collection":[{"href":"https:\/\/librairie7l.com\/en\/wp-json\/wp\/v2\/product"}],"about":[{"href":"https:\/\/librairie7l.com\/en\/wp-json\/wp\/v2\/types\/product"}],"wp:featuredmedia":[{"embeddable":true,"href":"https:\/\/librairie7l.com\/en\/wp-json\/wp\/v2\/media\/18833"}],"wp:attachment":[{"href":"https:\/\/librairie7l.com\/en\/wp-json\/wp\/v2\/media?parent=18835"}],"wp:term":[{"taxonomy":"product_cat","embeddable":true,"href":"https:\/\/librairie7l.com\/en\/wp-json\/wp\/v2\/product_cat?post=18835"},{"taxonomy":"product_tag","embeddable":true,"href":"https:\/\/librairie7l.com\/en\/wp-json\/wp\/v2\/product_tag?post=18835"}],"curies":[{"name":"wp","href":"https:\/\/api.w.org\/{rel}","templated":true}]}}