{"id":18863,"date":"2023-05-09T17:50:42","date_gmt":"2023-05-09T15:50:42","guid":{"rendered":"https:\/\/librairie7l.com\/?post_type=product&#038;p=18863"},"modified":"2026-04-29T20:07:00","modified_gmt":"2026-04-29T18:07:00","slug":"cyprien-gaillard-humpty-dumpty","status":"publish","type":"product","link":"https:\/\/librairie7l.com\/en\/produit\/cyprien-gaillard-humpty-dumpty\/","title":{"rendered":"CYPRIEN GAILLARD : HUMPTY  DUMPTY"},"content":{"rendered":"<p>COFFRET EN DEUX VOLUMES HUMPTY  DUMPTY, projet in\u00e9dit de Cyprien Gaillard \u00e0 l&#8217;automne 2022, est une exposition en deux chapitres pr\u00e9sent\u00e9s au m\u00eame moment au Palais de Tokyo et \u00e0 Lafayette Anticipations. C&#8217;est autour d&#8217;une r\u00e9flexion sur le temps, ses traces, ses effets, et les relations que l&#8217;humain noue avec lui, que l&#8217;artiste imagine cette proposition. Inspir\u00e9 par l&#8217;\u00e9poque, alors que Paris restaure fr\u00e9n\u00e9tiquement ses monuments les plus prestigieux et en efface les marques d&#8217;usure en pr\u00e9paration des Jeux Olympiques, Gaillard r\u00e9v\u00e8le comment la ville constitue un terrain privil\u00e9gi\u00e9 d&#8217;expression du d\u00e9sordre, et comment, en retour, l&#8217;humain lutte contre ses traces et ses effets. C&#8217;est dans les marges, les recoins, et les espaces de dissidence que l&#8217;artiste sonde nos d\u00e9sirs d&#8217;ordre, de permanence et de constance et trouve les r\u00e9cits de nouveaux \u00e9quilibres possibles. HUMPTY  DUMPTY, titre tir\u00e9 d&#8217;une comptine anglaise du XVIII\u00e8me si\u00e8cle, popularis\u00e9e par le roman De l&#8217;autre c\u00f4t\u00e9 du miroir de Lewis Carroll, fait r\u00e9f\u00e9rence \u00e0 ce personnage en forme d&#8217;oeuf tomb\u00e9 d&#8217;un mur, et qui, malgr\u00e9 de multiples tentatives, ne pourra retrouver son \u00e9tat originel. Le catalogue de l&#8217;exposition comprend un volume de photos pr\u00e9sentant les oeuvres in situ dans les deux lieux d&#8217;exposition et un volume de texte explorant la d\u00e9marche de Cyprien Gaillard et pr\u00e9sentant des notices des oeuvres&#8221;.<\/p>\n","protected":false},"excerpt":{"rendered":"<p>COFFRET EN DEUX VOLUMES HUMPTY DUMPTY, projet in\u00e9dit de Cyprien Gaillard \u00e0 l&#8217;automne 2022, est une exposition en deux chapitres pr\u00e9sent\u00e9s au m\u00eame moment au Palais de Tokyo et \u00e0 Lafayette Anticipations. C&#8217;est autour d&#8217;une r\u00e9flexion sur le temps, ses traces, ses effets, et les relations que l&#8217;humain noue avec lui, que l&#8217;artiste imagine cette [&hellip;]<\/p>\n","protected":false},"featured_media":18861,"template":"","meta":[],"product_cat":[2948,2953],"product_tag":[],"acf":[],"yoast_head":"<!-- This site is optimized with the Yoast SEO plugin v20.11 - https:\/\/yoast.com\/wordpress\/plugins\/seo\/ -->\n<title>CYPRIEN GAILLARD : HUMPTY DUMPTY - Librairie 7L<\/title>\n<meta name=\"robots\" content=\"index, follow, max-snippet:-1, max-image-preview:large, max-video-preview:-1\" \/>\n<link rel=\"canonical\" href=\"https:\/\/librairie7l.com\/en\/produit\/cyprien-gaillard-humpty-dumpty\/\" \/>\n<meta property=\"og:locale\" content=\"en_US\" \/>\n<meta property=\"og:type\" content=\"article\" \/>\n<meta property=\"og:title\" content=\"CYPRIEN GAILLARD : HUMPTY DUMPTY - Librairie 7L\" \/>\n<meta property=\"og:description\" content=\"COFFRET EN DEUX VOLUMES HUMPTY DUMPTY, projet in\u00e9dit de Cyprien Gaillard \u00e0 l&#8217;automne 2022, est une exposition en deux chapitres pr\u00e9sent\u00e9s au m\u00eame moment au Palais de Tokyo et \u00e0 Lafayette Anticipations. C&#8217;est autour d&#8217;une r\u00e9flexion sur le temps, ses traces, ses effets, et les relations que l&#8217;humain noue avec lui, que l&#8217;artiste imagine cette [&hellip;]\" \/>\n<meta property=\"og:url\" content=\"https:\/\/librairie7l.com\/en\/produit\/cyprien-gaillard-humpty-dumpty\/\" \/>\n<meta property=\"og:site_name\" content=\"Librairie 7L\" \/>\n<meta property=\"article:modified_time\" content=\"2026-04-29T18:07:00+00:00\" \/>\n<meta property=\"og:image\" content=\"https:\/\/librairie7l.com\/wp-content\/uploads\/2023\/01\/9782490862238_1_75.jpg\" \/>\n\t<meta property=\"og:image:width\" content=\"600\" \/>\n\t<meta property=\"og:image:height\" content=\"836\" \/>\n\t<meta property=\"og:image:type\" content=\"image\/jpeg\" \/>\n<meta name=\"twitter:card\" content=\"summary_large_image\" \/>\n<meta name=\"twitter:label1\" content=\"Est. reading time\" \/>\n\t<meta name=\"twitter:data1\" content=\"1 minute\" \/>\n<script type=\"application\/ld+json\" class=\"yoast-schema-graph\">{\"@context\":\"https:\/\/schema.org\",\"@graph\":[{\"@type\":\"WebPage\",\"@id\":\"https:\/\/librairie7l.com\/en\/produit\/cyprien-gaillard-humpty-dumpty\/\",\"url\":\"https:\/\/librairie7l.com\/en\/produit\/cyprien-gaillard-humpty-dumpty\/\",\"name\":\"CYPRIEN GAILLARD : HUMPTY DUMPTY - Librairie 7L\",\"isPartOf\":{\"@id\":\"https:\/\/librairie7l.com\/en\/#website\"},\"datePublished\":\"2023-05-09T15:50:42+00:00\",\"dateModified\":\"2026-04-29T18:07:00+00:00\",\"breadcrumb\":{\"@id\":\"https:\/\/librairie7l.com\/en\/produit\/cyprien-gaillard-humpty-dumpty\/#breadcrumb\"},\"inLanguage\":\"en-US\",\"potentialAction\":[{\"@type\":\"ReadAction\",\"target\":[\"https:\/\/librairie7l.com\/en\/produit\/cyprien-gaillard-humpty-dumpty\/\"]}]},{\"@type\":\"BreadcrumbList\",\"@id\":\"https:\/\/librairie7l.com\/en\/produit\/cyprien-gaillard-humpty-dumpty\/#breadcrumb\",\"itemListElement\":[{\"@type\":\"ListItem\",\"position\":1,\"name\":\"Accueil\",\"item\":\"https:\/\/librairie7l.com\/en\/\"},{\"@type\":\"ListItem\",\"position\":2,\"name\":\"Shop\",\"item\":\"https:\/\/librairie7l.com\/en\/shop\/\"},{\"@type\":\"ListItem\",\"position\":3,\"name\":\"CYPRIEN GAILLARD : HUMPTY DUMPTY\"}]},{\"@type\":\"WebSite\",\"@id\":\"https:\/\/librairie7l.com\/en\/#website\",\"url\":\"https:\/\/librairie7l.com\/en\/\",\"name\":\"Librairie 7L\",\"description\":\"Librairie fond\u00e9e en 1999 par Karl Lagerfeld \u00e0 Paris\",\"publisher\":{\"@id\":\"https:\/\/librairie7l.com\/en\/#organization\"},\"potentialAction\":[{\"@type\":\"SearchAction\",\"target\":{\"@type\":\"EntryPoint\",\"urlTemplate\":\"https:\/\/librairie7l.com\/en\/?s={search_term_string}\"},\"query-input\":\"required name=search_term_string\"}],\"inLanguage\":\"en-US\"},{\"@type\":\"Organization\",\"@id\":\"https:\/\/librairie7l.com\/en\/#organization\",\"name\":\"Librairie 7L\",\"url\":\"https:\/\/librairie7l.com\/en\/\",\"logo\":{\"@type\":\"ImageObject\",\"inLanguage\":\"en-US\",\"@id\":\"https:\/\/librairie7l.com\/en\/#\/schema\/logo\/image\/\",\"url\":\"https:\/\/librairie7l.com\/wp-content\/uploads\/2022\/08\/logo-1.png\",\"contentUrl\":\"https:\/\/librairie7l.com\/wp-content\/uploads\/2022\/08\/logo-1.png\",\"width\":227,\"height\":301,\"caption\":\"Librairie 7L\"},\"image\":{\"@id\":\"https:\/\/librairie7l.com\/en\/#\/schema\/logo\/image\/\"}}]}<\/script>\n<!-- \/ Yoast SEO plugin. -->","yoast_head_json":{"title":"CYPRIEN GAILLARD : HUMPTY DUMPTY - Librairie 7L","robots":{"index":"index","follow":"follow","max-snippet":"max-snippet:-1","max-image-preview":"max-image-preview:large","max-video-preview":"max-video-preview:-1"},"canonical":"https:\/\/librairie7l.com\/en\/produit\/cyprien-gaillard-humpty-dumpty\/","og_locale":"en_US","og_type":"article","og_title":"CYPRIEN GAILLARD : HUMPTY DUMPTY - Librairie 7L","og_description":"COFFRET EN DEUX VOLUMES HUMPTY DUMPTY, projet in\u00e9dit de Cyprien Gaillard \u00e0 l&#8217;automne 2022, est une exposition en deux chapitres pr\u00e9sent\u00e9s au m\u00eame moment au Palais de Tokyo et \u00e0 Lafayette Anticipations. C&#8217;est autour d&#8217;une r\u00e9flexion sur le temps, ses traces, ses effets, et les relations que l&#8217;humain noue avec lui, que l&#8217;artiste imagine cette [&hellip;]","og_url":"https:\/\/librairie7l.com\/en\/produit\/cyprien-gaillard-humpty-dumpty\/","og_site_name":"Librairie 7L","article_modified_time":"2026-04-29T18:07:00+00:00","og_image":[{"width":600,"height":836,"url":"https:\/\/librairie7l.com\/wp-content\/uploads\/2023\/01\/9782490862238_1_75.jpg","type":"image\/jpeg"}],"twitter_card":"summary_large_image","twitter_misc":{"Est. reading time":"1 minute"},"schema":{"@context":"https:\/\/schema.org","@graph":[{"@type":"WebPage","@id":"https:\/\/librairie7l.com\/en\/produit\/cyprien-gaillard-humpty-dumpty\/","url":"https:\/\/librairie7l.com\/en\/produit\/cyprien-gaillard-humpty-dumpty\/","name":"CYPRIEN GAILLARD : HUMPTY DUMPTY - Librairie 7L","isPartOf":{"@id":"https:\/\/librairie7l.com\/en\/#website"},"datePublished":"2023-05-09T15:50:42+00:00","dateModified":"2026-04-29T18:07:00+00:00","breadcrumb":{"@id":"https:\/\/librairie7l.com\/en\/produit\/cyprien-gaillard-humpty-dumpty\/#breadcrumb"},"inLanguage":"en-US","potentialAction":[{"@type":"ReadAction","target":["https:\/\/librairie7l.com\/en\/produit\/cyprien-gaillard-humpty-dumpty\/"]}]},{"@type":"BreadcrumbList","@id":"https:\/\/librairie7l.com\/en\/produit\/cyprien-gaillard-humpty-dumpty\/#breadcrumb","itemListElement":[{"@type":"ListItem","position":1,"name":"Accueil","item":"https:\/\/librairie7l.com\/en\/"},{"@type":"ListItem","position":2,"name":"Shop","item":"https:\/\/librairie7l.com\/en\/shop\/"},{"@type":"ListItem","position":3,"name":"CYPRIEN GAILLARD : HUMPTY DUMPTY"}]},{"@type":"WebSite","@id":"https:\/\/librairie7l.com\/en\/#website","url":"https:\/\/librairie7l.com\/en\/","name":"Librairie 7L","description":"Librairie fond\u00e9e en 1999 par Karl Lagerfeld \u00e0 Paris","publisher":{"@id":"https:\/\/librairie7l.com\/en\/#organization"},"potentialAction":[{"@type":"SearchAction","target":{"@type":"EntryPoint","urlTemplate":"https:\/\/librairie7l.com\/en\/?s={search_term_string}"},"query-input":"required name=search_term_string"}],"inLanguage":"en-US"},{"@type":"Organization","@id":"https:\/\/librairie7l.com\/en\/#organization","name":"Librairie 7L","url":"https:\/\/librairie7l.com\/en\/","logo":{"@type":"ImageObject","inLanguage":"en-US","@id":"https:\/\/librairie7l.com\/en\/#\/schema\/logo\/image\/","url":"https:\/\/librairie7l.com\/wp-content\/uploads\/2022\/08\/logo-1.png","contentUrl":"https:\/\/librairie7l.com\/wp-content\/uploads\/2022\/08\/logo-1.png","width":227,"height":301,"caption":"Librairie 7L"},"image":{"@id":"https:\/\/librairie7l.com\/en\/#\/schema\/logo\/image\/"}}]}},"_links":{"self":[{"href":"https:\/\/librairie7l.com\/en\/wp-json\/wp\/v2\/product\/18863"}],"collection":[{"href":"https:\/\/librairie7l.com\/en\/wp-json\/wp\/v2\/product"}],"about":[{"href":"https:\/\/librairie7l.com\/en\/wp-json\/wp\/v2\/types\/product"}],"wp:featuredmedia":[{"embeddable":true,"href":"https:\/\/librairie7l.com\/en\/wp-json\/wp\/v2\/media\/18861"}],"wp:attachment":[{"href":"https:\/\/librairie7l.com\/en\/wp-json\/wp\/v2\/media?parent=18863"}],"wp:term":[{"taxonomy":"product_cat","embeddable":true,"href":"https:\/\/librairie7l.com\/en\/wp-json\/wp\/v2\/product_cat?post=18863"},{"taxonomy":"product_tag","embeddable":true,"href":"https:\/\/librairie7l.com\/en\/wp-json\/wp\/v2\/product_tag?post=18863"}],"curies":[{"name":"wp","href":"https:\/\/api.w.org\/{rel}","templated":true}]}}