{"id":18903,"date":"2023-05-09T17:51:16","date_gmt":"2023-05-09T15:51:16","guid":{"rendered":"https:\/\/librairie7l.com\/?post_type=product&#038;p=18903"},"modified":"2026-04-18T16:55:18","modified_gmt":"2026-04-18T14:55:18","slug":"francoise-huguier-1991","status":"publish","type":"product","link":"https:\/\/librairie7l.com\/en\/produit\/francoise-huguier-1991\/","title":{"rendered":"FRANCOISE HUGUIER 1991"},"content":{"rendered":"<p>\u00ab Dans ce livre, Fran\u00e7oise Huguier nous invite dans cette Russie oubli\u00e9e, au d\u00e9but des ann\u00e9es 90. Elle qui n&#8217;avait qu&#8217;une id\u00e9e en t\u00eate &#8211; rejoindre le d\u00e9troit de Behring &#8211; a saisi l&#8217;essence m\u00eame d&#8217;une Sib\u00e9rie au bord du gouffre. Tout est cru, \u00e0 vif : le sang, la crasse, les portraits saisissants d&#8217;un monde qui tangue. Rien n&#8217;y est jamais vertical ni horizontal. Tout para\u00eet p\u00e9trifi\u00e9 dans la boue et la rouille : pneus abandonn\u00e9s, b\u00e2timents en ruine, carcasses sanguinolentes, terre \u00e9ventr\u00e9e par de profondes orni\u00e8res, voil\u00e0 la vie la vraie. Peu de sourires dans cet univers. Pourtant, on ne peut qu&#8217;\u00eatre emport\u00e9 par ces images puissantes et cette humanit\u00e9 \u00e0 fleur de neige sale et de baraques \u00e9corch\u00e9es. C&#8217;est toute la force de Fran\u00e7oise Huguier de savoir nous livrer les cl\u00e9s de ce monde en cours de d\u00e9labrement, servie par une maitrise plastique implacable. Oui, vraiment, Fran\u00e7oise Huguier est une grande dame de la photographie. \u00bb Yann Arthus-Bertrand Photographe fran\u00e7aise, membre de l&#8217;Agence VU&#8217;, Fran\u00e7oise Huguier documente les mondes de la politique, de la culture et la mode. \u00c0 partir des ann\u00e9es 80, elle commence \u00e0 voyager autour du monde et photographier ses rencontres, elle y porte un oeil singulier et graphique qui ne manque jamais d&#8217;humour. Elle fonde la premi\u00e8re Biennale de la photographie de Bamako en 1994. Elle est laur\u00e9ate de la Villa M\u00e9dicis hors les murs en, 1990 et 1993 et remporte \u00e9galement un Word Press Photo en 1993.<\/p>\n","protected":false},"excerpt":{"rendered":"<p>\u00ab Dans ce livre, Fran\u00e7oise Huguier nous invite dans cette Russie oubli\u00e9e, au d\u00e9but des ann\u00e9es 90. Elle qui n&#8217;avait qu&#8217;une id\u00e9e en t\u00eate &#8211; rejoindre le d\u00e9troit de Behring &#8211; a saisi l&#8217;essence m\u00eame d&#8217;une Sib\u00e9rie au bord du gouffre. Tout est cru, \u00e0 vif : le sang, la crasse, les portraits saisissants d&#8217;un [&hellip;]<\/p>\n","protected":false},"featured_media":36330,"template":"","meta":[],"product_cat":[2948,2958],"product_tag":[],"acf":[],"yoast_head":"<!-- This site is optimized with the Yoast SEO plugin v20.11 - https:\/\/yoast.com\/wordpress\/plugins\/seo\/ -->\n<title>FRANCOISE HUGUIER 1991 - Librairie 7L<\/title>\n<meta name=\"robots\" content=\"index, follow, max-snippet:-1, max-image-preview:large, max-video-preview:-1\" \/>\n<link rel=\"canonical\" href=\"https:\/\/librairie7l.com\/en\/produit\/francoise-huguier-1991\/\" \/>\n<meta property=\"og:locale\" content=\"en_US\" \/>\n<meta property=\"og:type\" content=\"article\" \/>\n<meta property=\"og:title\" content=\"FRANCOISE HUGUIER 1991 - Librairie 7L\" \/>\n<meta property=\"og:description\" content=\"\u00ab Dans ce livre, Fran\u00e7oise Huguier nous invite dans cette Russie oubli\u00e9e, au d\u00e9but des ann\u00e9es 90. Elle qui n&#8217;avait qu&#8217;une id\u00e9e en t\u00eate &#8211; rejoindre le d\u00e9troit de Behring &#8211; a saisi l&#8217;essence m\u00eame d&#8217;une Sib\u00e9rie au bord du gouffre. Tout est cru, \u00e0 vif : le sang, la crasse, les portraits saisissants d&#8217;un [&hellip;]\" \/>\n<meta property=\"og:url\" content=\"https:\/\/librairie7l.com\/en\/produit\/francoise-huguier-1991\/\" \/>\n<meta property=\"og:site_name\" content=\"Librairie 7L\" \/>\n<meta property=\"article:modified_time\" content=\"2026-04-18T14:55:18+00:00\" \/>\n<meta property=\"og:image\" content=\"https:\/\/librairie7l.com\/wp-content\/uploads\/2023\/02\/9782909478609_1_75.jpg\" \/>\n\t<meta property=\"og:image:width\" content=\"242\" \/>\n\t<meta property=\"og:image:height\" content=\"314\" \/>\n\t<meta property=\"og:image:type\" content=\"image\/jpeg\" \/>\n<meta name=\"twitter:card\" content=\"summary_large_image\" \/>\n<meta name=\"twitter:label1\" content=\"Est. reading time\" \/>\n\t<meta name=\"twitter:data1\" content=\"1 minute\" \/>\n<script type=\"application\/ld+json\" class=\"yoast-schema-graph\">{\"@context\":\"https:\/\/schema.org\",\"@graph\":[{\"@type\":\"WebPage\",\"@id\":\"https:\/\/librairie7l.com\/en\/produit\/francoise-huguier-1991\/\",\"url\":\"https:\/\/librairie7l.com\/en\/produit\/francoise-huguier-1991\/\",\"name\":\"FRANCOISE HUGUIER 1991 - Librairie 7L\",\"isPartOf\":{\"@id\":\"https:\/\/librairie7l.com\/en\/#website\"},\"datePublished\":\"2023-05-09T15:51:16+00:00\",\"dateModified\":\"2026-04-18T14:55:18+00:00\",\"breadcrumb\":{\"@id\":\"https:\/\/librairie7l.com\/en\/produit\/francoise-huguier-1991\/#breadcrumb\"},\"inLanguage\":\"en-US\",\"potentialAction\":[{\"@type\":\"ReadAction\",\"target\":[\"https:\/\/librairie7l.com\/en\/produit\/francoise-huguier-1991\/\"]}]},{\"@type\":\"BreadcrumbList\",\"@id\":\"https:\/\/librairie7l.com\/en\/produit\/francoise-huguier-1991\/#breadcrumb\",\"itemListElement\":[{\"@type\":\"ListItem\",\"position\":1,\"name\":\"Accueil\",\"item\":\"https:\/\/librairie7l.com\/en\/\"},{\"@type\":\"ListItem\",\"position\":2,\"name\":\"Shop\",\"item\":\"https:\/\/librairie7l.com\/en\/shop\/\"},{\"@type\":\"ListItem\",\"position\":3,\"name\":\"FRANCOISE HUGUIER 1991\"}]},{\"@type\":\"WebSite\",\"@id\":\"https:\/\/librairie7l.com\/en\/#website\",\"url\":\"https:\/\/librairie7l.com\/en\/\",\"name\":\"Librairie 7L\",\"description\":\"Librairie fond\u00e9e en 1999 par Karl Lagerfeld \u00e0 Paris\",\"publisher\":{\"@id\":\"https:\/\/librairie7l.com\/en\/#organization\"},\"potentialAction\":[{\"@type\":\"SearchAction\",\"target\":{\"@type\":\"EntryPoint\",\"urlTemplate\":\"https:\/\/librairie7l.com\/en\/?s={search_term_string}\"},\"query-input\":\"required name=search_term_string\"}],\"inLanguage\":\"en-US\"},{\"@type\":\"Organization\",\"@id\":\"https:\/\/librairie7l.com\/en\/#organization\",\"name\":\"Librairie 7L\",\"url\":\"https:\/\/librairie7l.com\/en\/\",\"logo\":{\"@type\":\"ImageObject\",\"inLanguage\":\"en-US\",\"@id\":\"https:\/\/librairie7l.com\/en\/#\/schema\/logo\/image\/\",\"url\":\"https:\/\/librairie7l.com\/wp-content\/uploads\/2022\/08\/logo-1.png\",\"contentUrl\":\"https:\/\/librairie7l.com\/wp-content\/uploads\/2022\/08\/logo-1.png\",\"width\":227,\"height\":301,\"caption\":\"Librairie 7L\"},\"image\":{\"@id\":\"https:\/\/librairie7l.com\/en\/#\/schema\/logo\/image\/\"}}]}<\/script>\n<!-- \/ Yoast SEO plugin. -->","yoast_head_json":{"title":"FRANCOISE HUGUIER 1991 - Librairie 7L","robots":{"index":"index","follow":"follow","max-snippet":"max-snippet:-1","max-image-preview":"max-image-preview:large","max-video-preview":"max-video-preview:-1"},"canonical":"https:\/\/librairie7l.com\/en\/produit\/francoise-huguier-1991\/","og_locale":"en_US","og_type":"article","og_title":"FRANCOISE HUGUIER 1991 - Librairie 7L","og_description":"\u00ab Dans ce livre, Fran\u00e7oise Huguier nous invite dans cette Russie oubli\u00e9e, au d\u00e9but des ann\u00e9es 90. Elle qui n&#8217;avait qu&#8217;une id\u00e9e en t\u00eate &#8211; rejoindre le d\u00e9troit de Behring &#8211; a saisi l&#8217;essence m\u00eame d&#8217;une Sib\u00e9rie au bord du gouffre. Tout est cru, \u00e0 vif : le sang, la crasse, les portraits saisissants d&#8217;un [&hellip;]","og_url":"https:\/\/librairie7l.com\/en\/produit\/francoise-huguier-1991\/","og_site_name":"Librairie 7L","article_modified_time":"2026-04-18T14:55:18+00:00","og_image":[{"width":242,"height":314,"url":"https:\/\/librairie7l.com\/wp-content\/uploads\/2023\/02\/9782909478609_1_75.jpg","type":"image\/jpeg"}],"twitter_card":"summary_large_image","twitter_misc":{"Est. reading time":"1 minute"},"schema":{"@context":"https:\/\/schema.org","@graph":[{"@type":"WebPage","@id":"https:\/\/librairie7l.com\/en\/produit\/francoise-huguier-1991\/","url":"https:\/\/librairie7l.com\/en\/produit\/francoise-huguier-1991\/","name":"FRANCOISE HUGUIER 1991 - Librairie 7L","isPartOf":{"@id":"https:\/\/librairie7l.com\/en\/#website"},"datePublished":"2023-05-09T15:51:16+00:00","dateModified":"2026-04-18T14:55:18+00:00","breadcrumb":{"@id":"https:\/\/librairie7l.com\/en\/produit\/francoise-huguier-1991\/#breadcrumb"},"inLanguage":"en-US","potentialAction":[{"@type":"ReadAction","target":["https:\/\/librairie7l.com\/en\/produit\/francoise-huguier-1991\/"]}]},{"@type":"BreadcrumbList","@id":"https:\/\/librairie7l.com\/en\/produit\/francoise-huguier-1991\/#breadcrumb","itemListElement":[{"@type":"ListItem","position":1,"name":"Accueil","item":"https:\/\/librairie7l.com\/en\/"},{"@type":"ListItem","position":2,"name":"Shop","item":"https:\/\/librairie7l.com\/en\/shop\/"},{"@type":"ListItem","position":3,"name":"FRANCOISE HUGUIER 1991"}]},{"@type":"WebSite","@id":"https:\/\/librairie7l.com\/en\/#website","url":"https:\/\/librairie7l.com\/en\/","name":"Librairie 7L","description":"Librairie fond\u00e9e en 1999 par Karl Lagerfeld \u00e0 Paris","publisher":{"@id":"https:\/\/librairie7l.com\/en\/#organization"},"potentialAction":[{"@type":"SearchAction","target":{"@type":"EntryPoint","urlTemplate":"https:\/\/librairie7l.com\/en\/?s={search_term_string}"},"query-input":"required name=search_term_string"}],"inLanguage":"en-US"},{"@type":"Organization","@id":"https:\/\/librairie7l.com\/en\/#organization","name":"Librairie 7L","url":"https:\/\/librairie7l.com\/en\/","logo":{"@type":"ImageObject","inLanguage":"en-US","@id":"https:\/\/librairie7l.com\/en\/#\/schema\/logo\/image\/","url":"https:\/\/librairie7l.com\/wp-content\/uploads\/2022\/08\/logo-1.png","contentUrl":"https:\/\/librairie7l.com\/wp-content\/uploads\/2022\/08\/logo-1.png","width":227,"height":301,"caption":"Librairie 7L"},"image":{"@id":"https:\/\/librairie7l.com\/en\/#\/schema\/logo\/image\/"}}]}},"_links":{"self":[{"href":"https:\/\/librairie7l.com\/en\/wp-json\/wp\/v2\/product\/18903"}],"collection":[{"href":"https:\/\/librairie7l.com\/en\/wp-json\/wp\/v2\/product"}],"about":[{"href":"https:\/\/librairie7l.com\/en\/wp-json\/wp\/v2\/types\/product"}],"wp:featuredmedia":[{"embeddable":true,"href":"https:\/\/librairie7l.com\/en\/wp-json\/wp\/v2\/media\/36330"}],"wp:attachment":[{"href":"https:\/\/librairie7l.com\/en\/wp-json\/wp\/v2\/media?parent=18903"}],"wp:term":[{"taxonomy":"product_cat","embeddable":true,"href":"https:\/\/librairie7l.com\/en\/wp-json\/wp\/v2\/product_cat?post=18903"},{"taxonomy":"product_tag","embeddable":true,"href":"https:\/\/librairie7l.com\/en\/wp-json\/wp\/v2\/product_tag?post=18903"}],"curies":[{"name":"wp","href":"https:\/\/api.w.org\/{rel}","templated":true}]}}