{"id":18939,"date":"2023-05-09T17:51:42","date_gmt":"2023-05-09T15:51:42","guid":{"rendered":"https:\/\/librairie7l.com\/?post_type=product&#038;p=18939"},"modified":"2026-04-16T14:06:02","modified_gmt":"2026-04-16T12:06:02","slug":"living-with-charlotte-perriand","status":"publish","type":"product","link":"https:\/\/librairie7l.com\/en\/produit\/living-with-charlotte-perriand\/","title":{"rendered":"LIVING WITH CHARLOTTE PERRIAND"},"content":{"rendered":"<p>Cet ouvrge pr\u00e9sente un catalogue du travail de Charlotte Perriand (1903 -1999), architecte et designer fran\u00e7aise, que l&#8217;on d\u00e9couvre objet par objet. Ses chaises, ses tables, ses biblioth\u00e8ques, etc., dans leurs diff\u00e9rentes it\u00e9rations et formes, sont vues \u00e0 la fois de pr\u00e8s et \u00ab \u00e0 la maison \u00bb comme faisant partie de l&#8217;espace de vie des collectionneurs.<br \/>\nDes essais permettent de mieux apr\u00e9hender l&#8217;oeuvre de Perriand et de retracer sa vie et sa collaboration avec d&#8217;autres grands artistes, designers et architectes de son temps, tels que Le Corbusier et Jean Prouv\u00e9. De plus, des citations de l&#8217;artiste et des collectionneurs qui vivent avec ses cr\u00e9ations ponctuent le livre.<br \/>\nSon travail visait \u00e0 cr\u00e9er des espaces de vie fonctionnels en croyant qu&#8217;un meilleur design contribue \u00e0 cr\u00e9er une soci\u00e9t\u00e9 meilleure. Dans son article \u00ab L&#8217;Art de Vivre \u00bb de 1981, elle d\u00e9clare : \u00ab L&#8217;extension de l&#8217;art d&#8217;habiter est l&#8217;art de vivre &#8211; vivre en harmonie avec les pulsions les plus profondes de l&#8217;homme et avec son environnement adopt\u00e9 ou fabriqu\u00e9 \u00bb.<br \/>\nPerriand est bien connue pour la fa\u00e7on ludique dont elle a m\u00e9lang\u00e9 et superpos\u00e9 les mat\u00e9riaux et les styles dans la plupart des meubles qu&#8217;elle a cr\u00e9\u00e9s durant sa carri\u00e8re.<br \/>\nN\u00e9anmoins, l&#8217;une des influences les plus essentielles sur l&#8217;ensemble de son travail a \u00e9t\u00e9 l&#8217;artisanat japonais qui n&#8217;a cess\u00e9 de l&#8217;inspirer.<\/p>\n","protected":false},"excerpt":{"rendered":"<p>Cet ouvrge pr\u00e9sente un catalogue du travail de Charlotte Perriand (1903 -1999), architecte et designer fran\u00e7aise, que l&#8217;on d\u00e9couvre objet par objet. Ses chaises, ses tables, ses biblioth\u00e8ques, etc., dans leurs diff\u00e9rentes it\u00e9rations et formes, sont vues \u00e0 la fois de pr\u00e8s et \u00ab \u00e0 la maison \u00bb comme faisant partie de l&#8217;espace de vie [&hellip;]<\/p>\n","protected":false},"featured_media":18937,"template":"","meta":[],"product_cat":[2948,2952],"product_tag":[],"acf":[],"yoast_head":"<!-- This site is optimized with the Yoast SEO plugin v20.11 - https:\/\/yoast.com\/wordpress\/plugins\/seo\/ -->\n<title>LIVING WITH CHARLOTTE PERRIAND - Librairie 7L<\/title>\n<meta name=\"robots\" content=\"index, follow, max-snippet:-1, max-image-preview:large, max-video-preview:-1\" \/>\n<link rel=\"canonical\" href=\"https:\/\/librairie7l.com\/en\/produit\/living-with-charlotte-perriand\/\" \/>\n<meta property=\"og:locale\" content=\"en_US\" \/>\n<meta property=\"og:type\" content=\"article\" \/>\n<meta property=\"og:title\" content=\"LIVING WITH CHARLOTTE PERRIAND - Librairie 7L\" \/>\n<meta property=\"og:description\" content=\"Cet ouvrge pr\u00e9sente un catalogue du travail de Charlotte Perriand (1903 -1999), architecte et designer fran\u00e7aise, que l&#8217;on d\u00e9couvre objet par objet. Ses chaises, ses tables, ses biblioth\u00e8ques, etc., dans leurs diff\u00e9rentes it\u00e9rations et formes, sont vues \u00e0 la fois de pr\u00e8s et \u00ab \u00e0 la maison \u00bb comme faisant partie de l&#8217;espace de vie [&hellip;]\" \/>\n<meta property=\"og:url\" content=\"https:\/\/librairie7l.com\/en\/produit\/living-with-charlotte-perriand\/\" \/>\n<meta property=\"og:site_name\" content=\"Librairie 7L\" \/>\n<meta property=\"article:modified_time\" content=\"2026-04-16T12:06:02+00:00\" \/>\n<meta property=\"og:image\" content=\"https:\/\/librairie7l.com\/wp-content\/uploads\/2019\/06\/9782370741042_1_75.jpg\" \/>\n\t<meta property=\"og:image:width\" content=\"600\" \/>\n\t<meta property=\"og:image:height\" content=\"718\" \/>\n\t<meta property=\"og:image:type\" content=\"image\/jpeg\" \/>\n<meta name=\"twitter:card\" content=\"summary_large_image\" \/>\n<meta name=\"twitter:label1\" content=\"Est. reading time\" \/>\n\t<meta name=\"twitter:data1\" content=\"1 minute\" \/>\n<script type=\"application\/ld+json\" class=\"yoast-schema-graph\">{\"@context\":\"https:\/\/schema.org\",\"@graph\":[{\"@type\":\"WebPage\",\"@id\":\"https:\/\/librairie7l.com\/en\/produit\/living-with-charlotte-perriand\/\",\"url\":\"https:\/\/librairie7l.com\/en\/produit\/living-with-charlotte-perriand\/\",\"name\":\"LIVING WITH CHARLOTTE PERRIAND - Librairie 7L\",\"isPartOf\":{\"@id\":\"https:\/\/librairie7l.com\/en\/#website\"},\"datePublished\":\"2023-05-09T15:51:42+00:00\",\"dateModified\":\"2026-04-16T12:06:02+00:00\",\"breadcrumb\":{\"@id\":\"https:\/\/librairie7l.com\/en\/produit\/living-with-charlotte-perriand\/#breadcrumb\"},\"inLanguage\":\"en-US\",\"potentialAction\":[{\"@type\":\"ReadAction\",\"target\":[\"https:\/\/librairie7l.com\/en\/produit\/living-with-charlotte-perriand\/\"]}]},{\"@type\":\"BreadcrumbList\",\"@id\":\"https:\/\/librairie7l.com\/en\/produit\/living-with-charlotte-perriand\/#breadcrumb\",\"itemListElement\":[{\"@type\":\"ListItem\",\"position\":1,\"name\":\"Accueil\",\"item\":\"https:\/\/librairie7l.com\/en\/\"},{\"@type\":\"ListItem\",\"position\":2,\"name\":\"Shop\",\"item\":\"https:\/\/librairie7l.com\/en\/shop\/\"},{\"@type\":\"ListItem\",\"position\":3,\"name\":\"LIVING WITH CHARLOTTE PERRIAND\"}]},{\"@type\":\"WebSite\",\"@id\":\"https:\/\/librairie7l.com\/en\/#website\",\"url\":\"https:\/\/librairie7l.com\/en\/\",\"name\":\"Librairie 7L\",\"description\":\"Librairie fond\u00e9e en 1999 par Karl Lagerfeld \u00e0 Paris\",\"publisher\":{\"@id\":\"https:\/\/librairie7l.com\/en\/#organization\"},\"potentialAction\":[{\"@type\":\"SearchAction\",\"target\":{\"@type\":\"EntryPoint\",\"urlTemplate\":\"https:\/\/librairie7l.com\/en\/?s={search_term_string}\"},\"query-input\":\"required name=search_term_string\"}],\"inLanguage\":\"en-US\"},{\"@type\":\"Organization\",\"@id\":\"https:\/\/librairie7l.com\/en\/#organization\",\"name\":\"Librairie 7L\",\"url\":\"https:\/\/librairie7l.com\/en\/\",\"logo\":{\"@type\":\"ImageObject\",\"inLanguage\":\"en-US\",\"@id\":\"https:\/\/librairie7l.com\/en\/#\/schema\/logo\/image\/\",\"url\":\"https:\/\/librairie7l.com\/wp-content\/uploads\/2022\/08\/logo-1.png\",\"contentUrl\":\"https:\/\/librairie7l.com\/wp-content\/uploads\/2022\/08\/logo-1.png\",\"width\":227,\"height\":301,\"caption\":\"Librairie 7L\"},\"image\":{\"@id\":\"https:\/\/librairie7l.com\/en\/#\/schema\/logo\/image\/\"}}]}<\/script>\n<!-- \/ Yoast SEO plugin. -->","yoast_head_json":{"title":"LIVING WITH CHARLOTTE PERRIAND - Librairie 7L","robots":{"index":"index","follow":"follow","max-snippet":"max-snippet:-1","max-image-preview":"max-image-preview:large","max-video-preview":"max-video-preview:-1"},"canonical":"https:\/\/librairie7l.com\/en\/produit\/living-with-charlotte-perriand\/","og_locale":"en_US","og_type":"article","og_title":"LIVING WITH CHARLOTTE PERRIAND - Librairie 7L","og_description":"Cet ouvrge pr\u00e9sente un catalogue du travail de Charlotte Perriand (1903 -1999), architecte et designer fran\u00e7aise, que l&#8217;on d\u00e9couvre objet par objet. Ses chaises, ses tables, ses biblioth\u00e8ques, etc., dans leurs diff\u00e9rentes it\u00e9rations et formes, sont vues \u00e0 la fois de pr\u00e8s et \u00ab \u00e0 la maison \u00bb comme faisant partie de l&#8217;espace de vie [&hellip;]","og_url":"https:\/\/librairie7l.com\/en\/produit\/living-with-charlotte-perriand\/","og_site_name":"Librairie 7L","article_modified_time":"2026-04-16T12:06:02+00:00","og_image":[{"width":600,"height":718,"url":"https:\/\/librairie7l.com\/wp-content\/uploads\/2019\/06\/9782370741042_1_75.jpg","type":"image\/jpeg"}],"twitter_card":"summary_large_image","twitter_misc":{"Est. reading time":"1 minute"},"schema":{"@context":"https:\/\/schema.org","@graph":[{"@type":"WebPage","@id":"https:\/\/librairie7l.com\/en\/produit\/living-with-charlotte-perriand\/","url":"https:\/\/librairie7l.com\/en\/produit\/living-with-charlotte-perriand\/","name":"LIVING WITH CHARLOTTE PERRIAND - Librairie 7L","isPartOf":{"@id":"https:\/\/librairie7l.com\/en\/#website"},"datePublished":"2023-05-09T15:51:42+00:00","dateModified":"2026-04-16T12:06:02+00:00","breadcrumb":{"@id":"https:\/\/librairie7l.com\/en\/produit\/living-with-charlotte-perriand\/#breadcrumb"},"inLanguage":"en-US","potentialAction":[{"@type":"ReadAction","target":["https:\/\/librairie7l.com\/en\/produit\/living-with-charlotte-perriand\/"]}]},{"@type":"BreadcrumbList","@id":"https:\/\/librairie7l.com\/en\/produit\/living-with-charlotte-perriand\/#breadcrumb","itemListElement":[{"@type":"ListItem","position":1,"name":"Accueil","item":"https:\/\/librairie7l.com\/en\/"},{"@type":"ListItem","position":2,"name":"Shop","item":"https:\/\/librairie7l.com\/en\/shop\/"},{"@type":"ListItem","position":3,"name":"LIVING WITH CHARLOTTE PERRIAND"}]},{"@type":"WebSite","@id":"https:\/\/librairie7l.com\/en\/#website","url":"https:\/\/librairie7l.com\/en\/","name":"Librairie 7L","description":"Librairie fond\u00e9e en 1999 par Karl Lagerfeld \u00e0 Paris","publisher":{"@id":"https:\/\/librairie7l.com\/en\/#organization"},"potentialAction":[{"@type":"SearchAction","target":{"@type":"EntryPoint","urlTemplate":"https:\/\/librairie7l.com\/en\/?s={search_term_string}"},"query-input":"required name=search_term_string"}],"inLanguage":"en-US"},{"@type":"Organization","@id":"https:\/\/librairie7l.com\/en\/#organization","name":"Librairie 7L","url":"https:\/\/librairie7l.com\/en\/","logo":{"@type":"ImageObject","inLanguage":"en-US","@id":"https:\/\/librairie7l.com\/en\/#\/schema\/logo\/image\/","url":"https:\/\/librairie7l.com\/wp-content\/uploads\/2022\/08\/logo-1.png","contentUrl":"https:\/\/librairie7l.com\/wp-content\/uploads\/2022\/08\/logo-1.png","width":227,"height":301,"caption":"Librairie 7L"},"image":{"@id":"https:\/\/librairie7l.com\/en\/#\/schema\/logo\/image\/"}}]}},"_links":{"self":[{"href":"https:\/\/librairie7l.com\/en\/wp-json\/wp\/v2\/product\/18939"}],"collection":[{"href":"https:\/\/librairie7l.com\/en\/wp-json\/wp\/v2\/product"}],"about":[{"href":"https:\/\/librairie7l.com\/en\/wp-json\/wp\/v2\/types\/product"}],"wp:featuredmedia":[{"embeddable":true,"href":"https:\/\/librairie7l.com\/en\/wp-json\/wp\/v2\/media\/18937"}],"wp:attachment":[{"href":"https:\/\/librairie7l.com\/en\/wp-json\/wp\/v2\/media?parent=18939"}],"wp:term":[{"taxonomy":"product_cat","embeddable":true,"href":"https:\/\/librairie7l.com\/en\/wp-json\/wp\/v2\/product_cat?post=18939"},{"taxonomy":"product_tag","embeddable":true,"href":"https:\/\/librairie7l.com\/en\/wp-json\/wp\/v2\/product_tag?post=18939"}],"curies":[{"name":"wp","href":"https:\/\/api.w.org\/{rel}","templated":true}]}}