{"id":18947,"date":"2023-05-09T17:51:49","date_gmt":"2023-05-09T15:51:49","guid":{"rendered":"https:\/\/librairie7l.com\/?post_type=product&#038;p=18947"},"modified":"2026-04-06T10:19:40","modified_gmt":"2026-04-06T08:19:40","slug":"versailles-savoir-faire-et-materiaux","status":"publish","type":"product","link":"https:\/\/librairie7l.com\/en\/produit\/versailles-savoir-faire-et-materiaux\/","title":{"rendered":"VERSAILLES ; SAVOIR-FAIRE ET MAT\u00c9RIAUX"},"content":{"rendered":"<p>&#8220;On dirait que tout a commenc\u00e9 \u00e0 Versailles. Selon l&#8217;intonation, on le dirait comme le d\u00e9but d&#8217;une fable ou\u00a0 comme une d\u00e9couverte renouvel\u00e9e. Il n&#8217;emp\u00eache&#8230; Tout y a sans doute commenc\u00e9 en effet par l&#8217;immensit\u00e9 d&#8217;un chantier n\u00e9 de nulle part ou plut\u00f4t de l&#8217;ambition d&#8217;un roi. Un chiffre suffit \u00e0 dire cette\u00a0 d\u00e9mesure : plus de 30 000 ouvriers attach\u00e9s en m\u00eame temps aux travaux colossaux command\u00e9s par Louis XIV. Et puis, des artisans, des artistes qui feront du ch\u00e2teau de Versailles, dans tous les domaines, un mod\u00e8le. \u00c0 travers eux, c&#8217;est \u00e0 une visite in\u00e9dite \u00e0 Versailles que nous invite ce livre. Terre et pierre, m\u00e9taux et bois, verre et tissus&#8230; la visite est singuli\u00e8re qui nous entra\u00eene de pays en province \u00e0 la recherche des meilleurs fournisseurs, qui nous fait c\u00f4toyer marchands et confr\u00e9ries, manufactures et acad\u00e9mies, appr\u00e9cier un devis, suivre les caprices d&#8217;une commande ou les al\u00e9as de la mode.&#8221; Catherine P\u00e9gard<\/p>\n","protected":false},"excerpt":{"rendered":"<p>&#8220;On dirait que tout a commenc\u00e9 \u00e0 Versailles. Selon l&#8217;intonation, on le dirait comme le d\u00e9but d&#8217;une fable ou\u00a0 comme une d\u00e9couverte renouvel\u00e9e. Il n&#8217;emp\u00eache&#8230; Tout y a sans doute commenc\u00e9 en effet par l&#8217;immensit\u00e9 d&#8217;un chantier n\u00e9 de nulle part ou plut\u00f4t de l&#8217;ambition d&#8217;un roi. Un chiffre suffit \u00e0 dire cette\u00a0 d\u00e9mesure : [&hellip;]<\/p>\n","protected":false},"featured_media":18945,"template":"","meta":[],"product_cat":[2948,2952],"product_tag":[],"acf":[],"yoast_head":"<!-- This site is optimized with the Yoast SEO plugin v20.11 - https:\/\/yoast.com\/wordpress\/plugins\/seo\/ -->\n<title>VERSAILLES ; SAVOIR-FAIRE ET MAT\u00c9RIAUX - Librairie 7L<\/title>\n<meta name=\"robots\" content=\"index, follow, max-snippet:-1, max-image-preview:large, max-video-preview:-1\" \/>\n<link rel=\"canonical\" href=\"https:\/\/librairie7l.com\/en\/produit\/versailles-savoir-faire-et-materiaux\/\" \/>\n<meta property=\"og:locale\" content=\"en_US\" \/>\n<meta property=\"og:type\" content=\"article\" \/>\n<meta property=\"og:title\" content=\"VERSAILLES ; SAVOIR-FAIRE ET MAT\u00c9RIAUX - Librairie 7L\" \/>\n<meta property=\"og:description\" content=\"&#8220;On dirait que tout a commenc\u00e9 \u00e0 Versailles. Selon l&#8217;intonation, on le dirait comme le d\u00e9but d&#8217;une fable ou\u00a0 comme une d\u00e9couverte renouvel\u00e9e. Il n&#8217;emp\u00eache&#8230; Tout y a sans doute commenc\u00e9 en effet par l&#8217;immensit\u00e9 d&#8217;un chantier n\u00e9 de nulle part ou plut\u00f4t de l&#8217;ambition d&#8217;un roi. Un chiffre suffit \u00e0 dire cette\u00a0 d\u00e9mesure : [&hellip;]\" \/>\n<meta property=\"og:url\" content=\"https:\/\/librairie7l.com\/en\/produit\/versailles-savoir-faire-et-materiaux\/\" \/>\n<meta property=\"og:site_name\" content=\"Librairie 7L\" \/>\n<meta property=\"article:modified_time\" content=\"2026-04-06T08:19:40+00:00\" \/>\n<meta property=\"og:image\" content=\"https:\/\/librairie7l.com\/wp-content\/uploads\/2019\/10\/9782330127459_1_75.jpg\" \/>\n\t<meta property=\"og:image:width\" content=\"591\" \/>\n\t<meta property=\"og:image:height\" content=\"672\" \/>\n\t<meta property=\"og:image:type\" content=\"image\/jpeg\" \/>\n<meta name=\"twitter:card\" content=\"summary_large_image\" \/>\n<meta name=\"twitter:label1\" content=\"Est. reading time\" \/>\n\t<meta name=\"twitter:data1\" content=\"1 minute\" \/>\n<script type=\"application\/ld+json\" class=\"yoast-schema-graph\">{\"@context\":\"https:\/\/schema.org\",\"@graph\":[{\"@type\":\"WebPage\",\"@id\":\"https:\/\/librairie7l.com\/en\/produit\/versailles-savoir-faire-et-materiaux\/\",\"url\":\"https:\/\/librairie7l.com\/en\/produit\/versailles-savoir-faire-et-materiaux\/\",\"name\":\"VERSAILLES ; SAVOIR-FAIRE ET MAT\u00c9RIAUX - Librairie 7L\",\"isPartOf\":{\"@id\":\"https:\/\/librairie7l.com\/en\/#website\"},\"datePublished\":\"2023-05-09T15:51:49+00:00\",\"dateModified\":\"2026-04-06T08:19:40+00:00\",\"breadcrumb\":{\"@id\":\"https:\/\/librairie7l.com\/en\/produit\/versailles-savoir-faire-et-materiaux\/#breadcrumb\"},\"inLanguage\":\"en-US\",\"potentialAction\":[{\"@type\":\"ReadAction\",\"target\":[\"https:\/\/librairie7l.com\/en\/produit\/versailles-savoir-faire-et-materiaux\/\"]}]},{\"@type\":\"BreadcrumbList\",\"@id\":\"https:\/\/librairie7l.com\/en\/produit\/versailles-savoir-faire-et-materiaux\/#breadcrumb\",\"itemListElement\":[{\"@type\":\"ListItem\",\"position\":1,\"name\":\"Accueil\",\"item\":\"https:\/\/librairie7l.com\/en\/\"},{\"@type\":\"ListItem\",\"position\":2,\"name\":\"Shop\",\"item\":\"https:\/\/librairie7l.com\/en\/shop\/\"},{\"@type\":\"ListItem\",\"position\":3,\"name\":\"VERSAILLES ; SAVOIR-FAIRE ET MAT\u00c9RIAUX\"}]},{\"@type\":\"WebSite\",\"@id\":\"https:\/\/librairie7l.com\/en\/#website\",\"url\":\"https:\/\/librairie7l.com\/en\/\",\"name\":\"Librairie 7L\",\"description\":\"Librairie fond\u00e9e en 1999 par Karl Lagerfeld \u00e0 Paris\",\"publisher\":{\"@id\":\"https:\/\/librairie7l.com\/en\/#organization\"},\"potentialAction\":[{\"@type\":\"SearchAction\",\"target\":{\"@type\":\"EntryPoint\",\"urlTemplate\":\"https:\/\/librairie7l.com\/en\/?s={search_term_string}\"},\"query-input\":\"required name=search_term_string\"}],\"inLanguage\":\"en-US\"},{\"@type\":\"Organization\",\"@id\":\"https:\/\/librairie7l.com\/en\/#organization\",\"name\":\"Librairie 7L\",\"url\":\"https:\/\/librairie7l.com\/en\/\",\"logo\":{\"@type\":\"ImageObject\",\"inLanguage\":\"en-US\",\"@id\":\"https:\/\/librairie7l.com\/en\/#\/schema\/logo\/image\/\",\"url\":\"https:\/\/librairie7l.com\/wp-content\/uploads\/2022\/08\/logo-1.png\",\"contentUrl\":\"https:\/\/librairie7l.com\/wp-content\/uploads\/2022\/08\/logo-1.png\",\"width\":227,\"height\":301,\"caption\":\"Librairie 7L\"},\"image\":{\"@id\":\"https:\/\/librairie7l.com\/en\/#\/schema\/logo\/image\/\"}}]}<\/script>\n<!-- \/ Yoast SEO plugin. -->","yoast_head_json":{"title":"VERSAILLES ; SAVOIR-FAIRE ET MAT\u00c9RIAUX - Librairie 7L","robots":{"index":"index","follow":"follow","max-snippet":"max-snippet:-1","max-image-preview":"max-image-preview:large","max-video-preview":"max-video-preview:-1"},"canonical":"https:\/\/librairie7l.com\/en\/produit\/versailles-savoir-faire-et-materiaux\/","og_locale":"en_US","og_type":"article","og_title":"VERSAILLES ; SAVOIR-FAIRE ET MAT\u00c9RIAUX - Librairie 7L","og_description":"&#8220;On dirait que tout a commenc\u00e9 \u00e0 Versailles. Selon l&#8217;intonation, on le dirait comme le d\u00e9but d&#8217;une fable ou\u00a0 comme une d\u00e9couverte renouvel\u00e9e. Il n&#8217;emp\u00eache&#8230; Tout y a sans doute commenc\u00e9 en effet par l&#8217;immensit\u00e9 d&#8217;un chantier n\u00e9 de nulle part ou plut\u00f4t de l&#8217;ambition d&#8217;un roi. Un chiffre suffit \u00e0 dire cette\u00a0 d\u00e9mesure : [&hellip;]","og_url":"https:\/\/librairie7l.com\/en\/produit\/versailles-savoir-faire-et-materiaux\/","og_site_name":"Librairie 7L","article_modified_time":"2026-04-06T08:19:40+00:00","og_image":[{"width":591,"height":672,"url":"https:\/\/librairie7l.com\/wp-content\/uploads\/2019\/10\/9782330127459_1_75.jpg","type":"image\/jpeg"}],"twitter_card":"summary_large_image","twitter_misc":{"Est. reading time":"1 minute"},"schema":{"@context":"https:\/\/schema.org","@graph":[{"@type":"WebPage","@id":"https:\/\/librairie7l.com\/en\/produit\/versailles-savoir-faire-et-materiaux\/","url":"https:\/\/librairie7l.com\/en\/produit\/versailles-savoir-faire-et-materiaux\/","name":"VERSAILLES ; SAVOIR-FAIRE ET MAT\u00c9RIAUX - Librairie 7L","isPartOf":{"@id":"https:\/\/librairie7l.com\/en\/#website"},"datePublished":"2023-05-09T15:51:49+00:00","dateModified":"2026-04-06T08:19:40+00:00","breadcrumb":{"@id":"https:\/\/librairie7l.com\/en\/produit\/versailles-savoir-faire-et-materiaux\/#breadcrumb"},"inLanguage":"en-US","potentialAction":[{"@type":"ReadAction","target":["https:\/\/librairie7l.com\/en\/produit\/versailles-savoir-faire-et-materiaux\/"]}]},{"@type":"BreadcrumbList","@id":"https:\/\/librairie7l.com\/en\/produit\/versailles-savoir-faire-et-materiaux\/#breadcrumb","itemListElement":[{"@type":"ListItem","position":1,"name":"Accueil","item":"https:\/\/librairie7l.com\/en\/"},{"@type":"ListItem","position":2,"name":"Shop","item":"https:\/\/librairie7l.com\/en\/shop\/"},{"@type":"ListItem","position":3,"name":"VERSAILLES ; SAVOIR-FAIRE ET MAT\u00c9RIAUX"}]},{"@type":"WebSite","@id":"https:\/\/librairie7l.com\/en\/#website","url":"https:\/\/librairie7l.com\/en\/","name":"Librairie 7L","description":"Librairie fond\u00e9e en 1999 par Karl Lagerfeld \u00e0 Paris","publisher":{"@id":"https:\/\/librairie7l.com\/en\/#organization"},"potentialAction":[{"@type":"SearchAction","target":{"@type":"EntryPoint","urlTemplate":"https:\/\/librairie7l.com\/en\/?s={search_term_string}"},"query-input":"required name=search_term_string"}],"inLanguage":"en-US"},{"@type":"Organization","@id":"https:\/\/librairie7l.com\/en\/#organization","name":"Librairie 7L","url":"https:\/\/librairie7l.com\/en\/","logo":{"@type":"ImageObject","inLanguage":"en-US","@id":"https:\/\/librairie7l.com\/en\/#\/schema\/logo\/image\/","url":"https:\/\/librairie7l.com\/wp-content\/uploads\/2022\/08\/logo-1.png","contentUrl":"https:\/\/librairie7l.com\/wp-content\/uploads\/2022\/08\/logo-1.png","width":227,"height":301,"caption":"Librairie 7L"},"image":{"@id":"https:\/\/librairie7l.com\/en\/#\/schema\/logo\/image\/"}}]}},"_links":{"self":[{"href":"https:\/\/librairie7l.com\/en\/wp-json\/wp\/v2\/product\/18947"}],"collection":[{"href":"https:\/\/librairie7l.com\/en\/wp-json\/wp\/v2\/product"}],"about":[{"href":"https:\/\/librairie7l.com\/en\/wp-json\/wp\/v2\/types\/product"}],"wp:featuredmedia":[{"embeddable":true,"href":"https:\/\/librairie7l.com\/en\/wp-json\/wp\/v2\/media\/18945"}],"wp:attachment":[{"href":"https:\/\/librairie7l.com\/en\/wp-json\/wp\/v2\/media?parent=18947"}],"wp:term":[{"taxonomy":"product_cat","embeddable":true,"href":"https:\/\/librairie7l.com\/en\/wp-json\/wp\/v2\/product_cat?post=18947"},{"taxonomy":"product_tag","embeddable":true,"href":"https:\/\/librairie7l.com\/en\/wp-json\/wp\/v2\/product_tag?post=18947"}],"curies":[{"name":"wp","href":"https:\/\/api.w.org\/{rel}","templated":true}]}}