{"id":18975,"date":"2023-05-09T17:52:11","date_gmt":"2023-05-09T15:52:11","guid":{"rendered":"https:\/\/librairie7l.com\/?post_type=product&#038;p=18975"},"modified":"2026-04-06T02:57:26","modified_gmt":"2026-04-06T00:57:26","slug":"rinko-kawauchi-illuminance-the-ten-year-anniversary-edition","status":"publish","type":"product","link":"https:\/\/librairie7l.com\/en\/produit\/rinko-kawauchi-illuminance-the-ten-year-anniversary-edition\/","title":{"rendered":"RINKO KAWAUCHI : ILLUMINANCE ; THE TEN-YEAR ANNIVERSARY EDITION"},"content":{"rendered":"<p>La s\u00e9rie Illuminance r\u00e9sulte de quinze ann\u00e9es de travail et refl\u00e8te l&#8217;exp\u00e9rience de la photographe japonaise pendant cette p\u00e9riode. Elle d\u00e9roule une longue m\u00e9ditation sur les qualit\u00e9s miraculeuses de la lumi\u00e8re et sur son pouvoir de r\u00e9v\u00e9lation, avec une approche tr\u00e8s personnelle.<\/p>\n","protected":false},"excerpt":{"rendered":"<p>La s\u00e9rie Illuminance r\u00e9sulte de quinze ann\u00e9es de travail et refl\u00e8te l&#8217;exp\u00e9rience de la photographe japonaise pendant cette p\u00e9riode. Elle d\u00e9roule une longue m\u00e9ditation sur les qualit\u00e9s miraculeuses de la lumi\u00e8re et sur son pouvoir de r\u00e9v\u00e9lation, avec une approche tr\u00e8s personnelle.<\/p>\n","protected":false},"featured_media":18973,"template":"","meta":[],"product_cat":[2948,2958],"product_tag":[],"acf":[],"yoast_head":"<!-- This site is optimized with the Yoast SEO plugin v20.11 - https:\/\/yoast.com\/wordpress\/plugins\/seo\/ -->\n<title>RINKO KAWAUCHI : ILLUMINANCE ; THE TEN-YEAR ANNIVERSARY EDITION - Librairie 7L<\/title>\n<meta name=\"robots\" content=\"index, follow, max-snippet:-1, max-image-preview:large, max-video-preview:-1\" \/>\n<link rel=\"canonical\" href=\"https:\/\/librairie7l.com\/en\/produit\/rinko-kawauchi-illuminance-the-ten-year-anniversary-edition\/\" \/>\n<meta property=\"og:locale\" content=\"en_US\" \/>\n<meta property=\"og:type\" content=\"article\" \/>\n<meta property=\"og:title\" content=\"RINKO KAWAUCHI : ILLUMINANCE ; THE TEN-YEAR ANNIVERSARY EDITION - Librairie 7L\" \/>\n<meta property=\"og:description\" content=\"La s\u00e9rie Illuminance r\u00e9sulte de quinze ann\u00e9es de travail et refl\u00e8te l&#8217;exp\u00e9rience de la photographe japonaise pendant cette p\u00e9riode. Elle d\u00e9roule une longue m\u00e9ditation sur les qualit\u00e9s miraculeuses de la lumi\u00e8re et sur son pouvoir de r\u00e9v\u00e9lation, avec une approche tr\u00e8s personnelle.\" \/>\n<meta property=\"og:url\" content=\"https:\/\/librairie7l.com\/en\/produit\/rinko-kawauchi-illuminance-the-ten-year-anniversary-edition\/\" \/>\n<meta property=\"og:site_name\" content=\"Librairie 7L\" \/>\n<meta property=\"article:modified_time\" content=\"2026-04-06T00:57:26+00:00\" \/>\n<meta property=\"og:image\" content=\"https:\/\/librairie7l.com\/wp-content\/uploads\/2021\/12\/9781597115148_1_75.jpg\" \/>\n\t<meta property=\"og:image:width\" content=\"384\" \/>\n\t<meta property=\"og:image:height\" content=\"500\" \/>\n\t<meta property=\"og:image:type\" content=\"image\/jpeg\" \/>\n<meta name=\"twitter:card\" content=\"summary_large_image\" \/>\n<script type=\"application\/ld+json\" class=\"yoast-schema-graph\">{\"@context\":\"https:\/\/schema.org\",\"@graph\":[{\"@type\":\"WebPage\",\"@id\":\"https:\/\/librairie7l.com\/en\/produit\/rinko-kawauchi-illuminance-the-ten-year-anniversary-edition\/\",\"url\":\"https:\/\/librairie7l.com\/en\/produit\/rinko-kawauchi-illuminance-the-ten-year-anniversary-edition\/\",\"name\":\"RINKO KAWAUCHI : ILLUMINANCE ; THE TEN-YEAR ANNIVERSARY EDITION - Librairie 7L\",\"isPartOf\":{\"@id\":\"https:\/\/librairie7l.com\/en\/#website\"},\"datePublished\":\"2023-05-09T15:52:11+00:00\",\"dateModified\":\"2026-04-06T00:57:26+00:00\",\"breadcrumb\":{\"@id\":\"https:\/\/librairie7l.com\/en\/produit\/rinko-kawauchi-illuminance-the-ten-year-anniversary-edition\/#breadcrumb\"},\"inLanguage\":\"en-US\",\"potentialAction\":[{\"@type\":\"ReadAction\",\"target\":[\"https:\/\/librairie7l.com\/en\/produit\/rinko-kawauchi-illuminance-the-ten-year-anniversary-edition\/\"]}]},{\"@type\":\"BreadcrumbList\",\"@id\":\"https:\/\/librairie7l.com\/en\/produit\/rinko-kawauchi-illuminance-the-ten-year-anniversary-edition\/#breadcrumb\",\"itemListElement\":[{\"@type\":\"ListItem\",\"position\":1,\"name\":\"Accueil\",\"item\":\"https:\/\/librairie7l.com\/en\/\"},{\"@type\":\"ListItem\",\"position\":2,\"name\":\"Shop\",\"item\":\"https:\/\/librairie7l.com\/en\/shop\/\"},{\"@type\":\"ListItem\",\"position\":3,\"name\":\"RINKO KAWAUCHI : ILLUMINANCE ; THE TEN-YEAR ANNIVERSARY EDITION\"}]},{\"@type\":\"WebSite\",\"@id\":\"https:\/\/librairie7l.com\/en\/#website\",\"url\":\"https:\/\/librairie7l.com\/en\/\",\"name\":\"Librairie 7L\",\"description\":\"Librairie fond\u00e9e en 1999 par Karl Lagerfeld \u00e0 Paris\",\"publisher\":{\"@id\":\"https:\/\/librairie7l.com\/en\/#organization\"},\"potentialAction\":[{\"@type\":\"SearchAction\",\"target\":{\"@type\":\"EntryPoint\",\"urlTemplate\":\"https:\/\/librairie7l.com\/en\/?s={search_term_string}\"},\"query-input\":\"required name=search_term_string\"}],\"inLanguage\":\"en-US\"},{\"@type\":\"Organization\",\"@id\":\"https:\/\/librairie7l.com\/en\/#organization\",\"name\":\"Librairie 7L\",\"url\":\"https:\/\/librairie7l.com\/en\/\",\"logo\":{\"@type\":\"ImageObject\",\"inLanguage\":\"en-US\",\"@id\":\"https:\/\/librairie7l.com\/en\/#\/schema\/logo\/image\/\",\"url\":\"https:\/\/librairie7l.com\/wp-content\/uploads\/2022\/08\/logo-1.png\",\"contentUrl\":\"https:\/\/librairie7l.com\/wp-content\/uploads\/2022\/08\/logo-1.png\",\"width\":227,\"height\":301,\"caption\":\"Librairie 7L\"},\"image\":{\"@id\":\"https:\/\/librairie7l.com\/en\/#\/schema\/logo\/image\/\"}}]}<\/script>\n<!-- \/ Yoast SEO plugin. -->","yoast_head_json":{"title":"RINKO KAWAUCHI : ILLUMINANCE ; THE TEN-YEAR ANNIVERSARY EDITION - Librairie 7L","robots":{"index":"index","follow":"follow","max-snippet":"max-snippet:-1","max-image-preview":"max-image-preview:large","max-video-preview":"max-video-preview:-1"},"canonical":"https:\/\/librairie7l.com\/en\/produit\/rinko-kawauchi-illuminance-the-ten-year-anniversary-edition\/","og_locale":"en_US","og_type":"article","og_title":"RINKO KAWAUCHI : ILLUMINANCE ; THE TEN-YEAR ANNIVERSARY EDITION - Librairie 7L","og_description":"La s\u00e9rie Illuminance r\u00e9sulte de quinze ann\u00e9es de travail et refl\u00e8te l&#8217;exp\u00e9rience de la photographe japonaise pendant cette p\u00e9riode. Elle d\u00e9roule une longue m\u00e9ditation sur les qualit\u00e9s miraculeuses de la lumi\u00e8re et sur son pouvoir de r\u00e9v\u00e9lation, avec une approche tr\u00e8s personnelle.","og_url":"https:\/\/librairie7l.com\/en\/produit\/rinko-kawauchi-illuminance-the-ten-year-anniversary-edition\/","og_site_name":"Librairie 7L","article_modified_time":"2026-04-06T00:57:26+00:00","og_image":[{"width":384,"height":500,"url":"https:\/\/librairie7l.com\/wp-content\/uploads\/2021\/12\/9781597115148_1_75.jpg","type":"image\/jpeg"}],"twitter_card":"summary_large_image","schema":{"@context":"https:\/\/schema.org","@graph":[{"@type":"WebPage","@id":"https:\/\/librairie7l.com\/en\/produit\/rinko-kawauchi-illuminance-the-ten-year-anniversary-edition\/","url":"https:\/\/librairie7l.com\/en\/produit\/rinko-kawauchi-illuminance-the-ten-year-anniversary-edition\/","name":"RINKO KAWAUCHI : ILLUMINANCE ; THE TEN-YEAR ANNIVERSARY EDITION - Librairie 7L","isPartOf":{"@id":"https:\/\/librairie7l.com\/en\/#website"},"datePublished":"2023-05-09T15:52:11+00:00","dateModified":"2026-04-06T00:57:26+00:00","breadcrumb":{"@id":"https:\/\/librairie7l.com\/en\/produit\/rinko-kawauchi-illuminance-the-ten-year-anniversary-edition\/#breadcrumb"},"inLanguage":"en-US","potentialAction":[{"@type":"ReadAction","target":["https:\/\/librairie7l.com\/en\/produit\/rinko-kawauchi-illuminance-the-ten-year-anniversary-edition\/"]}]},{"@type":"BreadcrumbList","@id":"https:\/\/librairie7l.com\/en\/produit\/rinko-kawauchi-illuminance-the-ten-year-anniversary-edition\/#breadcrumb","itemListElement":[{"@type":"ListItem","position":1,"name":"Accueil","item":"https:\/\/librairie7l.com\/en\/"},{"@type":"ListItem","position":2,"name":"Shop","item":"https:\/\/librairie7l.com\/en\/shop\/"},{"@type":"ListItem","position":3,"name":"RINKO KAWAUCHI : ILLUMINANCE ; THE TEN-YEAR ANNIVERSARY EDITION"}]},{"@type":"WebSite","@id":"https:\/\/librairie7l.com\/en\/#website","url":"https:\/\/librairie7l.com\/en\/","name":"Librairie 7L","description":"Librairie fond\u00e9e en 1999 par Karl Lagerfeld \u00e0 Paris","publisher":{"@id":"https:\/\/librairie7l.com\/en\/#organization"},"potentialAction":[{"@type":"SearchAction","target":{"@type":"EntryPoint","urlTemplate":"https:\/\/librairie7l.com\/en\/?s={search_term_string}"},"query-input":"required name=search_term_string"}],"inLanguage":"en-US"},{"@type":"Organization","@id":"https:\/\/librairie7l.com\/en\/#organization","name":"Librairie 7L","url":"https:\/\/librairie7l.com\/en\/","logo":{"@type":"ImageObject","inLanguage":"en-US","@id":"https:\/\/librairie7l.com\/en\/#\/schema\/logo\/image\/","url":"https:\/\/librairie7l.com\/wp-content\/uploads\/2022\/08\/logo-1.png","contentUrl":"https:\/\/librairie7l.com\/wp-content\/uploads\/2022\/08\/logo-1.png","width":227,"height":301,"caption":"Librairie 7L"},"image":{"@id":"https:\/\/librairie7l.com\/en\/#\/schema\/logo\/image\/"}}]}},"_links":{"self":[{"href":"https:\/\/librairie7l.com\/en\/wp-json\/wp\/v2\/product\/18975"}],"collection":[{"href":"https:\/\/librairie7l.com\/en\/wp-json\/wp\/v2\/product"}],"about":[{"href":"https:\/\/librairie7l.com\/en\/wp-json\/wp\/v2\/types\/product"}],"wp:featuredmedia":[{"embeddable":true,"href":"https:\/\/librairie7l.com\/en\/wp-json\/wp\/v2\/media\/18973"}],"wp:attachment":[{"href":"https:\/\/librairie7l.com\/en\/wp-json\/wp\/v2\/media?parent=18975"}],"wp:term":[{"taxonomy":"product_cat","embeddable":true,"href":"https:\/\/librairie7l.com\/en\/wp-json\/wp\/v2\/product_cat?post=18975"},{"taxonomy":"product_tag","embeddable":true,"href":"https:\/\/librairie7l.com\/en\/wp-json\/wp\/v2\/product_tag?post=18975"}],"curies":[{"name":"wp","href":"https:\/\/api.w.org\/{rel}","templated":true}]}}