{"id":18979,"date":"2023-05-09T17:52:15","date_gmt":"2023-05-09T15:52:15","guid":{"rendered":"https:\/\/librairie7l.com\/?post_type=product&#038;p=18979"},"modified":"2026-04-16T00:19:46","modified_gmt":"2026-04-15T22:19:46","slug":"versailles-1900-1930-art-nouveau-art-deco","status":"publish","type":"product","link":"https:\/\/librairie7l.com\/en\/produit\/versailles-1900-1930-art-nouveau-art-deco\/","title":{"rendered":"VERSAILLES 1900-1930 : ART NOUVEAU, ART D\u00c9CO"},"content":{"rendered":"<p>Ville classique par excellence, Versailles poss\u00e8de un fabuleux patrimoine architectural Art nouveau et Art d\u00e9co encore peu connu que ce livre d\u00e9voile. Ici, une succession de villas et maisons en meuli\u00e8re et en c\u00e9ramique d&#8217;une stup\u00e9fiante beaut\u00e9, l\u00e0, des cit\u00e9s-jardins fleuries et ravissantes et de multiples tr\u00e9sors sign\u00e9s par des architectes aussi talentueux qu&#8217;Henri Sauvage, Andr\u00e9 Lur\u00e7at, Andr\u00e9 Ventre, Henri et Andr\u00e9 Gutton, Auguste Perret&#8230; mais aussi par de nombreux ma\u00eetres moins connus mais tout aussi inspir\u00e9s. Cin\u00e9mas, \u00e9glises, synagogues, cr\u00e8ches, garages automobiles, fabriques et gares, offrent aux regards des architectures inventives et in\u00e9dites.<\/p>\n","protected":false},"excerpt":{"rendered":"<p>Ville classique par excellence, Versailles poss\u00e8de un fabuleux patrimoine architectural Art nouveau et Art d\u00e9co encore peu connu que ce livre d\u00e9voile. Ici, une succession de villas et maisons en meuli\u00e8re et en c\u00e9ramique d&#8217;une stup\u00e9fiante beaut\u00e9, l\u00e0, des cit\u00e9s-jardins fleuries et ravissantes et de multiples tr\u00e9sors sign\u00e9s par des architectes aussi talentueux qu&#8217;Henri Sauvage, [&hellip;]<\/p>\n","protected":false},"featured_media":18977,"template":"","meta":[],"product_cat":[2948,2950],"product_tag":[],"acf":[],"yoast_head":"<!-- This site is optimized with the Yoast SEO plugin v20.11 - https:\/\/yoast.com\/wordpress\/plugins\/seo\/ -->\n<title>VERSAILLES 1900-1930 : ART NOUVEAU, ART D\u00c9CO - Librairie 7L<\/title>\n<meta name=\"robots\" content=\"index, follow, max-snippet:-1, max-image-preview:large, max-video-preview:-1\" \/>\n<link rel=\"canonical\" href=\"https:\/\/librairie7l.com\/en\/produit\/versailles-1900-1930-art-nouveau-art-deco\/\" \/>\n<meta property=\"og:locale\" content=\"en_US\" \/>\n<meta property=\"og:type\" content=\"article\" \/>\n<meta property=\"og:title\" content=\"VERSAILLES 1900-1930 : ART NOUVEAU, ART D\u00c9CO - Librairie 7L\" \/>\n<meta property=\"og:description\" content=\"Ville classique par excellence, Versailles poss\u00e8de un fabuleux patrimoine architectural Art nouveau et Art d\u00e9co encore peu connu que ce livre d\u00e9voile. Ici, une succession de villas et maisons en meuli\u00e8re et en c\u00e9ramique d&#8217;une stup\u00e9fiante beaut\u00e9, l\u00e0, des cit\u00e9s-jardins fleuries et ravissantes et de multiples tr\u00e9sors sign\u00e9s par des architectes aussi talentueux qu&#8217;Henri Sauvage, [&hellip;]\" \/>\n<meta property=\"og:url\" content=\"https:\/\/librairie7l.com\/en\/produit\/versailles-1900-1930-art-nouveau-art-deco\/\" \/>\n<meta property=\"og:site_name\" content=\"Librairie 7L\" \/>\n<meta property=\"article:modified_time\" content=\"2026-04-15T22:19:46+00:00\" \/>\n<meta property=\"og:image\" content=\"https:\/\/librairie7l.com\/wp-content\/uploads\/2022\/01\/9782871433934_1_75.jpg\" \/>\n\t<meta property=\"og:image:width\" content=\"400\" \/>\n\t<meta property=\"og:image:height\" content=\"365\" \/>\n\t<meta property=\"og:image:type\" content=\"image\/jpeg\" \/>\n<meta name=\"twitter:card\" content=\"summary_large_image\" \/>\n<meta name=\"twitter:label1\" content=\"Est. reading time\" \/>\n\t<meta name=\"twitter:data1\" content=\"1 minute\" \/>\n<script type=\"application\/ld+json\" class=\"yoast-schema-graph\">{\"@context\":\"https:\/\/schema.org\",\"@graph\":[{\"@type\":\"WebPage\",\"@id\":\"https:\/\/librairie7l.com\/en\/produit\/versailles-1900-1930-art-nouveau-art-deco\/\",\"url\":\"https:\/\/librairie7l.com\/en\/produit\/versailles-1900-1930-art-nouveau-art-deco\/\",\"name\":\"VERSAILLES 1900-1930 : ART NOUVEAU, ART D\u00c9CO - Librairie 7L\",\"isPartOf\":{\"@id\":\"https:\/\/librairie7l.com\/en\/#website\"},\"datePublished\":\"2023-05-09T15:52:15+00:00\",\"dateModified\":\"2026-04-15T22:19:46+00:00\",\"breadcrumb\":{\"@id\":\"https:\/\/librairie7l.com\/en\/produit\/versailles-1900-1930-art-nouveau-art-deco\/#breadcrumb\"},\"inLanguage\":\"en-US\",\"potentialAction\":[{\"@type\":\"ReadAction\",\"target\":[\"https:\/\/librairie7l.com\/en\/produit\/versailles-1900-1930-art-nouveau-art-deco\/\"]}]},{\"@type\":\"BreadcrumbList\",\"@id\":\"https:\/\/librairie7l.com\/en\/produit\/versailles-1900-1930-art-nouveau-art-deco\/#breadcrumb\",\"itemListElement\":[{\"@type\":\"ListItem\",\"position\":1,\"name\":\"Accueil\",\"item\":\"https:\/\/librairie7l.com\/en\/\"},{\"@type\":\"ListItem\",\"position\":2,\"name\":\"Shop\",\"item\":\"https:\/\/librairie7l.com\/en\/shop\/\"},{\"@type\":\"ListItem\",\"position\":3,\"name\":\"VERSAILLES 1900-1930 : ART NOUVEAU, ART D\u00c9CO\"}]},{\"@type\":\"WebSite\",\"@id\":\"https:\/\/librairie7l.com\/en\/#website\",\"url\":\"https:\/\/librairie7l.com\/en\/\",\"name\":\"Librairie 7L\",\"description\":\"Librairie fond\u00e9e en 1999 par Karl Lagerfeld \u00e0 Paris\",\"publisher\":{\"@id\":\"https:\/\/librairie7l.com\/en\/#organization\"},\"potentialAction\":[{\"@type\":\"SearchAction\",\"target\":{\"@type\":\"EntryPoint\",\"urlTemplate\":\"https:\/\/librairie7l.com\/en\/?s={search_term_string}\"},\"query-input\":\"required name=search_term_string\"}],\"inLanguage\":\"en-US\"},{\"@type\":\"Organization\",\"@id\":\"https:\/\/librairie7l.com\/en\/#organization\",\"name\":\"Librairie 7L\",\"url\":\"https:\/\/librairie7l.com\/en\/\",\"logo\":{\"@type\":\"ImageObject\",\"inLanguage\":\"en-US\",\"@id\":\"https:\/\/librairie7l.com\/en\/#\/schema\/logo\/image\/\",\"url\":\"https:\/\/librairie7l.com\/wp-content\/uploads\/2022\/08\/logo-1.png\",\"contentUrl\":\"https:\/\/librairie7l.com\/wp-content\/uploads\/2022\/08\/logo-1.png\",\"width\":227,\"height\":301,\"caption\":\"Librairie 7L\"},\"image\":{\"@id\":\"https:\/\/librairie7l.com\/en\/#\/schema\/logo\/image\/\"}}]}<\/script>\n<!-- \/ Yoast SEO plugin. -->","yoast_head_json":{"title":"VERSAILLES 1900-1930 : ART NOUVEAU, ART D\u00c9CO - Librairie 7L","robots":{"index":"index","follow":"follow","max-snippet":"max-snippet:-1","max-image-preview":"max-image-preview:large","max-video-preview":"max-video-preview:-1"},"canonical":"https:\/\/librairie7l.com\/en\/produit\/versailles-1900-1930-art-nouveau-art-deco\/","og_locale":"en_US","og_type":"article","og_title":"VERSAILLES 1900-1930 : ART NOUVEAU, ART D\u00c9CO - Librairie 7L","og_description":"Ville classique par excellence, Versailles poss\u00e8de un fabuleux patrimoine architectural Art nouveau et Art d\u00e9co encore peu connu que ce livre d\u00e9voile. Ici, une succession de villas et maisons en meuli\u00e8re et en c\u00e9ramique d&#8217;une stup\u00e9fiante beaut\u00e9, l\u00e0, des cit\u00e9s-jardins fleuries et ravissantes et de multiples tr\u00e9sors sign\u00e9s par des architectes aussi talentueux qu&#8217;Henri Sauvage, [&hellip;]","og_url":"https:\/\/librairie7l.com\/en\/produit\/versailles-1900-1930-art-nouveau-art-deco\/","og_site_name":"Librairie 7L","article_modified_time":"2026-04-15T22:19:46+00:00","og_image":[{"width":400,"height":365,"url":"https:\/\/librairie7l.com\/wp-content\/uploads\/2022\/01\/9782871433934_1_75.jpg","type":"image\/jpeg"}],"twitter_card":"summary_large_image","twitter_misc":{"Est. reading time":"1 minute"},"schema":{"@context":"https:\/\/schema.org","@graph":[{"@type":"WebPage","@id":"https:\/\/librairie7l.com\/en\/produit\/versailles-1900-1930-art-nouveau-art-deco\/","url":"https:\/\/librairie7l.com\/en\/produit\/versailles-1900-1930-art-nouveau-art-deco\/","name":"VERSAILLES 1900-1930 : ART NOUVEAU, ART D\u00c9CO - Librairie 7L","isPartOf":{"@id":"https:\/\/librairie7l.com\/en\/#website"},"datePublished":"2023-05-09T15:52:15+00:00","dateModified":"2026-04-15T22:19:46+00:00","breadcrumb":{"@id":"https:\/\/librairie7l.com\/en\/produit\/versailles-1900-1930-art-nouveau-art-deco\/#breadcrumb"},"inLanguage":"en-US","potentialAction":[{"@type":"ReadAction","target":["https:\/\/librairie7l.com\/en\/produit\/versailles-1900-1930-art-nouveau-art-deco\/"]}]},{"@type":"BreadcrumbList","@id":"https:\/\/librairie7l.com\/en\/produit\/versailles-1900-1930-art-nouveau-art-deco\/#breadcrumb","itemListElement":[{"@type":"ListItem","position":1,"name":"Accueil","item":"https:\/\/librairie7l.com\/en\/"},{"@type":"ListItem","position":2,"name":"Shop","item":"https:\/\/librairie7l.com\/en\/shop\/"},{"@type":"ListItem","position":3,"name":"VERSAILLES 1900-1930 : ART NOUVEAU, ART D\u00c9CO"}]},{"@type":"WebSite","@id":"https:\/\/librairie7l.com\/en\/#website","url":"https:\/\/librairie7l.com\/en\/","name":"Librairie 7L","description":"Librairie fond\u00e9e en 1999 par Karl Lagerfeld \u00e0 Paris","publisher":{"@id":"https:\/\/librairie7l.com\/en\/#organization"},"potentialAction":[{"@type":"SearchAction","target":{"@type":"EntryPoint","urlTemplate":"https:\/\/librairie7l.com\/en\/?s={search_term_string}"},"query-input":"required name=search_term_string"}],"inLanguage":"en-US"},{"@type":"Organization","@id":"https:\/\/librairie7l.com\/en\/#organization","name":"Librairie 7L","url":"https:\/\/librairie7l.com\/en\/","logo":{"@type":"ImageObject","inLanguage":"en-US","@id":"https:\/\/librairie7l.com\/en\/#\/schema\/logo\/image\/","url":"https:\/\/librairie7l.com\/wp-content\/uploads\/2022\/08\/logo-1.png","contentUrl":"https:\/\/librairie7l.com\/wp-content\/uploads\/2022\/08\/logo-1.png","width":227,"height":301,"caption":"Librairie 7L"},"image":{"@id":"https:\/\/librairie7l.com\/en\/#\/schema\/logo\/image\/"}}]}},"_links":{"self":[{"href":"https:\/\/librairie7l.com\/en\/wp-json\/wp\/v2\/product\/18979"}],"collection":[{"href":"https:\/\/librairie7l.com\/en\/wp-json\/wp\/v2\/product"}],"about":[{"href":"https:\/\/librairie7l.com\/en\/wp-json\/wp\/v2\/types\/product"}],"wp:featuredmedia":[{"embeddable":true,"href":"https:\/\/librairie7l.com\/en\/wp-json\/wp\/v2\/media\/18977"}],"wp:attachment":[{"href":"https:\/\/librairie7l.com\/en\/wp-json\/wp\/v2\/media?parent=18979"}],"wp:term":[{"taxonomy":"product_cat","embeddable":true,"href":"https:\/\/librairie7l.com\/en\/wp-json\/wp\/v2\/product_cat?post=18979"},{"taxonomy":"product_tag","embeddable":true,"href":"https:\/\/librairie7l.com\/en\/wp-json\/wp\/v2\/product_tag?post=18979"}],"curies":[{"name":"wp","href":"https:\/\/api.w.org\/{rel}","templated":true}]}}