{"id":19011,"date":"2023-05-09T17:52:37","date_gmt":"2023-05-09T15:52:37","guid":{"rendered":"https:\/\/librairie7l.com\/?post_type=product&#038;p=19011"},"modified":"2026-04-30T11:21:52","modified_gmt":"2026-04-30T09:21:52","slug":"agnes-thurnauer-correspondances-avec-henri-matisse-2","status":"publish","type":"product","link":"https:\/\/librairie7l.com\/en\/produit\/agnes-thurnauer-correspondances-avec-henri-matisse-2\/","title":{"rendered":"AGN\u00c8S THURNAUER : CORRESPONDANCES AVEC HENRI MATISSE"},"content":{"rendered":"<p>Cet ouvrage r\u00e9unit cinquante lettres \u00e9crites par Agn\u00e8s Thurnauer entre avril 2021 et janvier 2022 et adress\u00e9es  \u00e0 Henri Matisse, apr\u00e8s une premi\u00e8re visite au mus\u00e9e. Dans ces \u00e9crits, Agn\u00e8s Thurnauer interroge plusieurs  notions fondamentales pour elle, en particulier la question des \u00ab \u00e9tats \u00bb de la peinture que Matisse a consign\u00e9s  en faisant photographier ses tableaux tout au long de leur r\u00e9alisation.<br \/>\nDans le travail d&#8217;Agn\u00e8s Thurnauer, le rapport entre \u00e9criture et peinture, entre langage et formes conduit souvent  \u00e0 mettre en \u00e9cho le plan horizontal et le plan vertical. Pratiquant l&#8217;\u00e9criture quotidiennement, l&#8217;artiste est aussi  une grande lectrice et le livre est souvent pour elle le premier lieu des tableaux. Cet attachement r\u00e9sonne  tout particuli\u00e8rement avec l&#8217;oeuvre d&#8217;Henri Matisse et sa conception du livre comme espace architectural  d\u00e9cloisonnant hi\u00e9rarchies et genres artistiques. Nul hasard \u00e0 ce qu&#8217;il entreprenne, au d\u00e9but des ann\u00e9es 1930,  la r\u00e9alisation de son premier livre illustr\u00e9, Po\u00e9sies de Mallarm\u00e9, conjointement au chantier gigantesque de  La Danse, d\u00e9coration murale de la Fondation Barnes pour laquelle il d\u00e9ploie, \u00e0 \u00e9chelle r\u00e9elle, des gouaches  d\u00e9coup\u00e9es pr\u00e9paratoires sur le mur d&#8217;un garage lou\u00e9 pour l&#8217;occasion. C&#8217;est d&#8217;un m\u00eame \u00e9lan qu&#8217;il investit la  page blanche, son format modeste ne l&#8217;emp\u00eachant pas de penser le livre comme une architectonique. Pour  celui qui disait ne pas \u00ab faire de diff\u00e9rence entre la construction d&#8217;un livre et celle d&#8217;un tableau \u00bb, il ne s&#8217;est  jamais agi d&#8217;accompagner les textes d&#8217;illustrations mais de cr\u00e9er un \u00e9quivalent plastique \u00e0 l&#8217;\u00e9criture .<\/p>\n","protected":false},"excerpt":{"rendered":"<p>Cet ouvrage r\u00e9unit cinquante lettres \u00e9crites par Agn\u00e8s Thurnauer entre avril 2021 et janvier 2022 et adress\u00e9es \u00e0 Henri Matisse, apr\u00e8s une premi\u00e8re visite au mus\u00e9e. Dans ces \u00e9crits, Agn\u00e8s Thurnauer interroge plusieurs notions fondamentales pour elle, en particulier la question des \u00ab \u00e9tats \u00bb de la peinture que Matisse a consign\u00e9s en faisant photographier [&hellip;]<\/p>\n","protected":false},"featured_media":19009,"template":"","meta":[],"product_cat":[2948,2953],"product_tag":[],"acf":[],"yoast_head":"<!-- This site is optimized with the Yoast SEO plugin v20.11 - https:\/\/yoast.com\/wordpress\/plugins\/seo\/ -->\n<title>AGN\u00c8S THURNAUER : CORRESPONDANCES AVEC HENRI MATISSE - Librairie 7L<\/title>\n<meta name=\"robots\" content=\"index, follow, max-snippet:-1, max-image-preview:large, max-video-preview:-1\" \/>\n<link rel=\"canonical\" href=\"https:\/\/librairie7l.com\/en\/produit\/agnes-thurnauer-correspondances-avec-henri-matisse-2\/\" \/>\n<meta property=\"og:locale\" content=\"en_US\" \/>\n<meta property=\"og:type\" content=\"article\" \/>\n<meta property=\"og:title\" content=\"AGN\u00c8S THURNAUER : CORRESPONDANCES AVEC HENRI MATISSE - Librairie 7L\" \/>\n<meta property=\"og:description\" content=\"Cet ouvrage r\u00e9unit cinquante lettres \u00e9crites par Agn\u00e8s Thurnauer entre avril 2021 et janvier 2022 et adress\u00e9es \u00e0 Henri Matisse, apr\u00e8s une premi\u00e8re visite au mus\u00e9e. Dans ces \u00e9crits, Agn\u00e8s Thurnauer interroge plusieurs notions fondamentales pour elle, en particulier la question des \u00ab \u00e9tats \u00bb de la peinture que Matisse a consign\u00e9s en faisant photographier [&hellip;]\" \/>\n<meta property=\"og:url\" content=\"https:\/\/librairie7l.com\/en\/produit\/agnes-thurnauer-correspondances-avec-henri-matisse-2\/\" \/>\n<meta property=\"og:site_name\" content=\"Librairie 7L\" \/>\n<meta property=\"article:modified_time\" content=\"2026-04-30T09:21:52+00:00\" \/>\n<meta property=\"og:image\" content=\"https:\/\/librairie7l.com\/wp-content\/uploads\/2022\/10\/9782363063205_1_75.jpg\" \/>\n\t<meta property=\"og:image:width\" content=\"576\" \/>\n\t<meta property=\"og:image:height\" content=\"757\" \/>\n\t<meta property=\"og:image:type\" content=\"image\/jpeg\" \/>\n<meta name=\"twitter:card\" content=\"summary_large_image\" \/>\n<meta name=\"twitter:label1\" content=\"Est. reading time\" \/>\n\t<meta name=\"twitter:data1\" content=\"1 minute\" \/>\n<script type=\"application\/ld+json\" class=\"yoast-schema-graph\">{\"@context\":\"https:\/\/schema.org\",\"@graph\":[{\"@type\":\"WebPage\",\"@id\":\"https:\/\/librairie7l.com\/en\/produit\/agnes-thurnauer-correspondances-avec-henri-matisse-2\/\",\"url\":\"https:\/\/librairie7l.com\/en\/produit\/agnes-thurnauer-correspondances-avec-henri-matisse-2\/\",\"name\":\"AGN\u00c8S THURNAUER : CORRESPONDANCES AVEC HENRI MATISSE - Librairie 7L\",\"isPartOf\":{\"@id\":\"https:\/\/librairie7l.com\/en\/#website\"},\"datePublished\":\"2023-05-09T15:52:37+00:00\",\"dateModified\":\"2026-04-30T09:21:52+00:00\",\"breadcrumb\":{\"@id\":\"https:\/\/librairie7l.com\/en\/produit\/agnes-thurnauer-correspondances-avec-henri-matisse-2\/#breadcrumb\"},\"inLanguage\":\"en-US\",\"potentialAction\":[{\"@type\":\"ReadAction\",\"target\":[\"https:\/\/librairie7l.com\/en\/produit\/agnes-thurnauer-correspondances-avec-henri-matisse-2\/\"]}]},{\"@type\":\"BreadcrumbList\",\"@id\":\"https:\/\/librairie7l.com\/en\/produit\/agnes-thurnauer-correspondances-avec-henri-matisse-2\/#breadcrumb\",\"itemListElement\":[{\"@type\":\"ListItem\",\"position\":1,\"name\":\"Accueil\",\"item\":\"https:\/\/librairie7l.com\/en\/\"},{\"@type\":\"ListItem\",\"position\":2,\"name\":\"Shop\",\"item\":\"https:\/\/librairie7l.com\/en\/shop\/\"},{\"@type\":\"ListItem\",\"position\":3,\"name\":\"AGN\u00c8S THURNAUER : CORRESPONDANCES AVEC HENRI MATISSE\"}]},{\"@type\":\"WebSite\",\"@id\":\"https:\/\/librairie7l.com\/en\/#website\",\"url\":\"https:\/\/librairie7l.com\/en\/\",\"name\":\"Librairie 7L\",\"description\":\"Librairie fond\u00e9e en 1999 par Karl Lagerfeld \u00e0 Paris\",\"publisher\":{\"@id\":\"https:\/\/librairie7l.com\/en\/#organization\"},\"potentialAction\":[{\"@type\":\"SearchAction\",\"target\":{\"@type\":\"EntryPoint\",\"urlTemplate\":\"https:\/\/librairie7l.com\/en\/?s={search_term_string}\"},\"query-input\":\"required name=search_term_string\"}],\"inLanguage\":\"en-US\"},{\"@type\":\"Organization\",\"@id\":\"https:\/\/librairie7l.com\/en\/#organization\",\"name\":\"Librairie 7L\",\"url\":\"https:\/\/librairie7l.com\/en\/\",\"logo\":{\"@type\":\"ImageObject\",\"inLanguage\":\"en-US\",\"@id\":\"https:\/\/librairie7l.com\/en\/#\/schema\/logo\/image\/\",\"url\":\"https:\/\/librairie7l.com\/wp-content\/uploads\/2022\/08\/logo-1.png\",\"contentUrl\":\"https:\/\/librairie7l.com\/wp-content\/uploads\/2022\/08\/logo-1.png\",\"width\":227,\"height\":301,\"caption\":\"Librairie 7L\"},\"image\":{\"@id\":\"https:\/\/librairie7l.com\/en\/#\/schema\/logo\/image\/\"}}]}<\/script>\n<!-- \/ Yoast SEO plugin. -->","yoast_head_json":{"title":"AGN\u00c8S THURNAUER : CORRESPONDANCES AVEC HENRI MATISSE - Librairie 7L","robots":{"index":"index","follow":"follow","max-snippet":"max-snippet:-1","max-image-preview":"max-image-preview:large","max-video-preview":"max-video-preview:-1"},"canonical":"https:\/\/librairie7l.com\/en\/produit\/agnes-thurnauer-correspondances-avec-henri-matisse-2\/","og_locale":"en_US","og_type":"article","og_title":"AGN\u00c8S THURNAUER : CORRESPONDANCES AVEC HENRI MATISSE - Librairie 7L","og_description":"Cet ouvrage r\u00e9unit cinquante lettres \u00e9crites par Agn\u00e8s Thurnauer entre avril 2021 et janvier 2022 et adress\u00e9es \u00e0 Henri Matisse, apr\u00e8s une premi\u00e8re visite au mus\u00e9e. Dans ces \u00e9crits, Agn\u00e8s Thurnauer interroge plusieurs notions fondamentales pour elle, en particulier la question des \u00ab \u00e9tats \u00bb de la peinture que Matisse a consign\u00e9s en faisant photographier [&hellip;]","og_url":"https:\/\/librairie7l.com\/en\/produit\/agnes-thurnauer-correspondances-avec-henri-matisse-2\/","og_site_name":"Librairie 7L","article_modified_time":"2026-04-30T09:21:52+00:00","og_image":[{"width":576,"height":757,"url":"https:\/\/librairie7l.com\/wp-content\/uploads\/2022\/10\/9782363063205_1_75.jpg","type":"image\/jpeg"}],"twitter_card":"summary_large_image","twitter_misc":{"Est. reading time":"1 minute"},"schema":{"@context":"https:\/\/schema.org","@graph":[{"@type":"WebPage","@id":"https:\/\/librairie7l.com\/en\/produit\/agnes-thurnauer-correspondances-avec-henri-matisse-2\/","url":"https:\/\/librairie7l.com\/en\/produit\/agnes-thurnauer-correspondances-avec-henri-matisse-2\/","name":"AGN\u00c8S THURNAUER : CORRESPONDANCES AVEC HENRI MATISSE - Librairie 7L","isPartOf":{"@id":"https:\/\/librairie7l.com\/en\/#website"},"datePublished":"2023-05-09T15:52:37+00:00","dateModified":"2026-04-30T09:21:52+00:00","breadcrumb":{"@id":"https:\/\/librairie7l.com\/en\/produit\/agnes-thurnauer-correspondances-avec-henri-matisse-2\/#breadcrumb"},"inLanguage":"en-US","potentialAction":[{"@type":"ReadAction","target":["https:\/\/librairie7l.com\/en\/produit\/agnes-thurnauer-correspondances-avec-henri-matisse-2\/"]}]},{"@type":"BreadcrumbList","@id":"https:\/\/librairie7l.com\/en\/produit\/agnes-thurnauer-correspondances-avec-henri-matisse-2\/#breadcrumb","itemListElement":[{"@type":"ListItem","position":1,"name":"Accueil","item":"https:\/\/librairie7l.com\/en\/"},{"@type":"ListItem","position":2,"name":"Shop","item":"https:\/\/librairie7l.com\/en\/shop\/"},{"@type":"ListItem","position":3,"name":"AGN\u00c8S THURNAUER : CORRESPONDANCES AVEC HENRI MATISSE"}]},{"@type":"WebSite","@id":"https:\/\/librairie7l.com\/en\/#website","url":"https:\/\/librairie7l.com\/en\/","name":"Librairie 7L","description":"Librairie fond\u00e9e en 1999 par Karl Lagerfeld \u00e0 Paris","publisher":{"@id":"https:\/\/librairie7l.com\/en\/#organization"},"potentialAction":[{"@type":"SearchAction","target":{"@type":"EntryPoint","urlTemplate":"https:\/\/librairie7l.com\/en\/?s={search_term_string}"},"query-input":"required name=search_term_string"}],"inLanguage":"en-US"},{"@type":"Organization","@id":"https:\/\/librairie7l.com\/en\/#organization","name":"Librairie 7L","url":"https:\/\/librairie7l.com\/en\/","logo":{"@type":"ImageObject","inLanguage":"en-US","@id":"https:\/\/librairie7l.com\/en\/#\/schema\/logo\/image\/","url":"https:\/\/librairie7l.com\/wp-content\/uploads\/2022\/08\/logo-1.png","contentUrl":"https:\/\/librairie7l.com\/wp-content\/uploads\/2022\/08\/logo-1.png","width":227,"height":301,"caption":"Librairie 7L"},"image":{"@id":"https:\/\/librairie7l.com\/en\/#\/schema\/logo\/image\/"}}]}},"_links":{"self":[{"href":"https:\/\/librairie7l.com\/en\/wp-json\/wp\/v2\/product\/19011"}],"collection":[{"href":"https:\/\/librairie7l.com\/en\/wp-json\/wp\/v2\/product"}],"about":[{"href":"https:\/\/librairie7l.com\/en\/wp-json\/wp\/v2\/types\/product"}],"wp:featuredmedia":[{"embeddable":true,"href":"https:\/\/librairie7l.com\/en\/wp-json\/wp\/v2\/media\/19009"}],"wp:attachment":[{"href":"https:\/\/librairie7l.com\/en\/wp-json\/wp\/v2\/media?parent=19011"}],"wp:term":[{"taxonomy":"product_cat","embeddable":true,"href":"https:\/\/librairie7l.com\/en\/wp-json\/wp\/v2\/product_cat?post=19011"},{"taxonomy":"product_tag","embeddable":true,"href":"https:\/\/librairie7l.com\/en\/wp-json\/wp\/v2\/product_tag?post=19011"}],"curies":[{"name":"wp","href":"https:\/\/api.w.org\/{rel}","templated":true}]}}