{"id":19039,"date":"2023-05-09T17:53:03","date_gmt":"2023-05-09T15:53:03","guid":{"rendered":"https:\/\/librairie7l.com\/?post_type=product&#038;p=19039"},"modified":"2026-04-17T14:14:17","modified_gmt":"2026-04-17T12:14:17","slug":"slavik-les-annees-drugstore","status":"publish","type":"product","link":"https:\/\/librairie7l.com\/en\/produit\/slavik-les-annees-drugstore\/","title":{"rendered":"SLAVIK, LES ANN\u00c9ES DRUGSTORE"},"content":{"rendered":"<p>Il a r\u00e9gn\u00e9 sur Paris pendant pr\u00e8s d&#8217;un demi-si\u00e8cle, des Trente Glorieuses jusqu&#8217;au tournant des ann\u00e9es 2000.<br \/>\nN\u00e9 en 1920, Wiatscheslav Vassiliev, dit Slavik, \u00e9migr\u00e9 russe, \u00e9tudie \u00e0 l&#8217;\u00c9cole nationale sup\u00e9rieure des arts d\u00e9coratifs et \u00e0 l&#8217;IDHEC avant de collaborer comme d\u00e9corateur avec Cassandre, Jacques Adnet, Serge Lifar.<br \/>\nRemarqu\u00e9 pour ses peintures aux accents surr\u00e9alistes, il devient d\u00e9corateur aux Galeries Lafayette \u00e0 partir de 1943, puis est charg\u00e9 en 1954 par Marcel Bleustein-Blanchet de l&#8217;esth\u00e9tique industrielle chez Publicis.<br \/>\nSuite aux succ\u00e8s des Drugstores des Champs-\u00c9lys\u00e9es (1958), de Saint-Germain-des-Pr\u00e9s (1965) et du Pub Renault (1963), dont il assure la conception des espaces et la d\u00e9coration, il prend son ind\u00e9pendance en 1968 pour se consacrer \u00e0 l&#8217;am\u00e9nagement de restaurants, de bistrots, brasseries, pubs, bars, night-clubs, magasins, boutiques&#8230;. Les familles Richard, Bras, Taittinger, Sfez font appel \u00e0 lui. Designer po\u00e9tico-commercial, il invente plus de 300 d\u00e9cors dans lesquels il m\u00e9lange avec un \u00e9clectisme joyeux, inspiration Art nouveau, esprit slave, influences anglo-saxonnes et modernit\u00e9. Avec Michel Oliver, il con\u00e7oit des cha\u00eenes de restauration populaires qui d\u00e9mocratisent la qualit\u00e9 et la beaut\u00e9. Le Jules Verne de la Tour Eiffel, r\u00e9alis\u00e9 en collaboration avec l&#8217;architecte Jean-Jacques Loup, le Bistrot de Paris, le pub Winston Churchill, le London Tavern, le Furstenberg, la brasserie et le restaurant du Lut\u00e9tia, le D\u00f4me, l&#8217;Assiette au Boeuf, seront pendant des d\u00e9cennies des rep\u00e8res incontournables de la vie parisienne. Son style a marqu\u00e9 un tournant dans l&#8217;univers de la restauration et son influence reste aujourd&#8217;hui tr\u00e8s visible.<\/p>\n","protected":false},"excerpt":{"rendered":"<p>Il a r\u00e9gn\u00e9 sur Paris pendant pr\u00e8s d&#8217;un demi-si\u00e8cle, des Trente Glorieuses jusqu&#8217;au tournant des ann\u00e9es 2000. N\u00e9 en 1920, Wiatscheslav Vassiliev, dit Slavik, \u00e9migr\u00e9 russe, \u00e9tudie \u00e0 l&#8217;\u00c9cole nationale sup\u00e9rieure des arts d\u00e9coratifs et \u00e0 l&#8217;IDHEC avant de collaborer comme d\u00e9corateur avec Cassandre, Jacques Adnet, Serge Lifar. Remarqu\u00e9 pour ses peintures aux accents surr\u00e9alistes, [&hellip;]<\/p>\n","protected":false},"featured_media":19037,"template":"","meta":[],"product_cat":[2948,2951],"product_tag":[],"acf":[],"yoast_head":"<!-- This site is optimized with the Yoast SEO plugin v20.11 - https:\/\/yoast.com\/wordpress\/plugins\/seo\/ -->\n<title>SLAVIK, LES ANN\u00c9ES DRUGSTORE - Librairie 7L<\/title>\n<meta name=\"robots\" content=\"index, follow, max-snippet:-1, max-image-preview:large, max-video-preview:-1\" \/>\n<link rel=\"canonical\" href=\"https:\/\/librairie7l.com\/en\/produit\/slavik-les-annees-drugstore\/\" \/>\n<meta property=\"og:locale\" content=\"en_US\" \/>\n<meta property=\"og:type\" content=\"article\" \/>\n<meta property=\"og:title\" content=\"SLAVIK, LES ANN\u00c9ES DRUGSTORE - Librairie 7L\" \/>\n<meta property=\"og:description\" content=\"Il a r\u00e9gn\u00e9 sur Paris pendant pr\u00e8s d&#8217;un demi-si\u00e8cle, des Trente Glorieuses jusqu&#8217;au tournant des ann\u00e9es 2000. N\u00e9 en 1920, Wiatscheslav Vassiliev, dit Slavik, \u00e9migr\u00e9 russe, \u00e9tudie \u00e0 l&#8217;\u00c9cole nationale sup\u00e9rieure des arts d\u00e9coratifs et \u00e0 l&#8217;IDHEC avant de collaborer comme d\u00e9corateur avec Cassandre, Jacques Adnet, Serge Lifar. Remarqu\u00e9 pour ses peintures aux accents surr\u00e9alistes, [&hellip;]\" \/>\n<meta property=\"og:url\" content=\"https:\/\/librairie7l.com\/en\/produit\/slavik-les-annees-drugstore\/\" \/>\n<meta property=\"og:site_name\" content=\"Librairie 7L\" \/>\n<meta property=\"article:modified_time\" content=\"2026-04-17T12:14:17+00:00\" \/>\n<meta property=\"og:image\" content=\"https:\/\/librairie7l.com\/wp-content\/uploads\/2021\/11\/9782376660422_1_75.jpg\" \/>\n\t<meta property=\"og:image:width\" content=\"322\" \/>\n\t<meta property=\"og:image:height\" content=\"434\" \/>\n\t<meta property=\"og:image:type\" content=\"image\/jpeg\" \/>\n<meta name=\"twitter:card\" content=\"summary_large_image\" \/>\n<meta name=\"twitter:label1\" content=\"Est. reading time\" \/>\n\t<meta name=\"twitter:data1\" content=\"1 minute\" \/>\n<script type=\"application\/ld+json\" class=\"yoast-schema-graph\">{\"@context\":\"https:\/\/schema.org\",\"@graph\":[{\"@type\":\"WebPage\",\"@id\":\"https:\/\/librairie7l.com\/en\/produit\/slavik-les-annees-drugstore\/\",\"url\":\"https:\/\/librairie7l.com\/en\/produit\/slavik-les-annees-drugstore\/\",\"name\":\"SLAVIK, LES ANN\u00c9ES DRUGSTORE - Librairie 7L\",\"isPartOf\":{\"@id\":\"https:\/\/librairie7l.com\/en\/#website\"},\"datePublished\":\"2023-05-09T15:53:03+00:00\",\"dateModified\":\"2026-04-17T12:14:17+00:00\",\"breadcrumb\":{\"@id\":\"https:\/\/librairie7l.com\/en\/produit\/slavik-les-annees-drugstore\/#breadcrumb\"},\"inLanguage\":\"en-US\",\"potentialAction\":[{\"@type\":\"ReadAction\",\"target\":[\"https:\/\/librairie7l.com\/en\/produit\/slavik-les-annees-drugstore\/\"]}]},{\"@type\":\"BreadcrumbList\",\"@id\":\"https:\/\/librairie7l.com\/en\/produit\/slavik-les-annees-drugstore\/#breadcrumb\",\"itemListElement\":[{\"@type\":\"ListItem\",\"position\":1,\"name\":\"Accueil\",\"item\":\"https:\/\/librairie7l.com\/en\/\"},{\"@type\":\"ListItem\",\"position\":2,\"name\":\"Shop\",\"item\":\"https:\/\/librairie7l.com\/en\/shop\/\"},{\"@type\":\"ListItem\",\"position\":3,\"name\":\"SLAVIK, LES ANN\u00c9ES DRUGSTORE\"}]},{\"@type\":\"WebSite\",\"@id\":\"https:\/\/librairie7l.com\/en\/#website\",\"url\":\"https:\/\/librairie7l.com\/en\/\",\"name\":\"Librairie 7L\",\"description\":\"Librairie fond\u00e9e en 1999 par Karl Lagerfeld \u00e0 Paris\",\"publisher\":{\"@id\":\"https:\/\/librairie7l.com\/en\/#organization\"},\"potentialAction\":[{\"@type\":\"SearchAction\",\"target\":{\"@type\":\"EntryPoint\",\"urlTemplate\":\"https:\/\/librairie7l.com\/en\/?s={search_term_string}\"},\"query-input\":\"required name=search_term_string\"}],\"inLanguage\":\"en-US\"},{\"@type\":\"Organization\",\"@id\":\"https:\/\/librairie7l.com\/en\/#organization\",\"name\":\"Librairie 7L\",\"url\":\"https:\/\/librairie7l.com\/en\/\",\"logo\":{\"@type\":\"ImageObject\",\"inLanguage\":\"en-US\",\"@id\":\"https:\/\/librairie7l.com\/en\/#\/schema\/logo\/image\/\",\"url\":\"https:\/\/librairie7l.com\/wp-content\/uploads\/2022\/08\/logo-1.png\",\"contentUrl\":\"https:\/\/librairie7l.com\/wp-content\/uploads\/2022\/08\/logo-1.png\",\"width\":227,\"height\":301,\"caption\":\"Librairie 7L\"},\"image\":{\"@id\":\"https:\/\/librairie7l.com\/en\/#\/schema\/logo\/image\/\"}}]}<\/script>\n<!-- \/ Yoast SEO plugin. -->","yoast_head_json":{"title":"SLAVIK, LES ANN\u00c9ES DRUGSTORE - Librairie 7L","robots":{"index":"index","follow":"follow","max-snippet":"max-snippet:-1","max-image-preview":"max-image-preview:large","max-video-preview":"max-video-preview:-1"},"canonical":"https:\/\/librairie7l.com\/en\/produit\/slavik-les-annees-drugstore\/","og_locale":"en_US","og_type":"article","og_title":"SLAVIK, LES ANN\u00c9ES DRUGSTORE - Librairie 7L","og_description":"Il a r\u00e9gn\u00e9 sur Paris pendant pr\u00e8s d&#8217;un demi-si\u00e8cle, des Trente Glorieuses jusqu&#8217;au tournant des ann\u00e9es 2000. N\u00e9 en 1920, Wiatscheslav Vassiliev, dit Slavik, \u00e9migr\u00e9 russe, \u00e9tudie \u00e0 l&#8217;\u00c9cole nationale sup\u00e9rieure des arts d\u00e9coratifs et \u00e0 l&#8217;IDHEC avant de collaborer comme d\u00e9corateur avec Cassandre, Jacques Adnet, Serge Lifar. Remarqu\u00e9 pour ses peintures aux accents surr\u00e9alistes, [&hellip;]","og_url":"https:\/\/librairie7l.com\/en\/produit\/slavik-les-annees-drugstore\/","og_site_name":"Librairie 7L","article_modified_time":"2026-04-17T12:14:17+00:00","og_image":[{"width":322,"height":434,"url":"https:\/\/librairie7l.com\/wp-content\/uploads\/2021\/11\/9782376660422_1_75.jpg","type":"image\/jpeg"}],"twitter_card":"summary_large_image","twitter_misc":{"Est. reading time":"1 minute"},"schema":{"@context":"https:\/\/schema.org","@graph":[{"@type":"WebPage","@id":"https:\/\/librairie7l.com\/en\/produit\/slavik-les-annees-drugstore\/","url":"https:\/\/librairie7l.com\/en\/produit\/slavik-les-annees-drugstore\/","name":"SLAVIK, LES ANN\u00c9ES DRUGSTORE - Librairie 7L","isPartOf":{"@id":"https:\/\/librairie7l.com\/en\/#website"},"datePublished":"2023-05-09T15:53:03+00:00","dateModified":"2026-04-17T12:14:17+00:00","breadcrumb":{"@id":"https:\/\/librairie7l.com\/en\/produit\/slavik-les-annees-drugstore\/#breadcrumb"},"inLanguage":"en-US","potentialAction":[{"@type":"ReadAction","target":["https:\/\/librairie7l.com\/en\/produit\/slavik-les-annees-drugstore\/"]}]},{"@type":"BreadcrumbList","@id":"https:\/\/librairie7l.com\/en\/produit\/slavik-les-annees-drugstore\/#breadcrumb","itemListElement":[{"@type":"ListItem","position":1,"name":"Accueil","item":"https:\/\/librairie7l.com\/en\/"},{"@type":"ListItem","position":2,"name":"Shop","item":"https:\/\/librairie7l.com\/en\/shop\/"},{"@type":"ListItem","position":3,"name":"SLAVIK, LES ANN\u00c9ES DRUGSTORE"}]},{"@type":"WebSite","@id":"https:\/\/librairie7l.com\/en\/#website","url":"https:\/\/librairie7l.com\/en\/","name":"Librairie 7L","description":"Librairie fond\u00e9e en 1999 par Karl Lagerfeld \u00e0 Paris","publisher":{"@id":"https:\/\/librairie7l.com\/en\/#organization"},"potentialAction":[{"@type":"SearchAction","target":{"@type":"EntryPoint","urlTemplate":"https:\/\/librairie7l.com\/en\/?s={search_term_string}"},"query-input":"required name=search_term_string"}],"inLanguage":"en-US"},{"@type":"Organization","@id":"https:\/\/librairie7l.com\/en\/#organization","name":"Librairie 7L","url":"https:\/\/librairie7l.com\/en\/","logo":{"@type":"ImageObject","inLanguage":"en-US","@id":"https:\/\/librairie7l.com\/en\/#\/schema\/logo\/image\/","url":"https:\/\/librairie7l.com\/wp-content\/uploads\/2022\/08\/logo-1.png","contentUrl":"https:\/\/librairie7l.com\/wp-content\/uploads\/2022\/08\/logo-1.png","width":227,"height":301,"caption":"Librairie 7L"},"image":{"@id":"https:\/\/librairie7l.com\/en\/#\/schema\/logo\/image\/"}}]}},"_links":{"self":[{"href":"https:\/\/librairie7l.com\/en\/wp-json\/wp\/v2\/product\/19039"}],"collection":[{"href":"https:\/\/librairie7l.com\/en\/wp-json\/wp\/v2\/product"}],"about":[{"href":"https:\/\/librairie7l.com\/en\/wp-json\/wp\/v2\/types\/product"}],"wp:featuredmedia":[{"embeddable":true,"href":"https:\/\/librairie7l.com\/en\/wp-json\/wp\/v2\/media\/19037"}],"wp:attachment":[{"href":"https:\/\/librairie7l.com\/en\/wp-json\/wp\/v2\/media?parent=19039"}],"wp:term":[{"taxonomy":"product_cat","embeddable":true,"href":"https:\/\/librairie7l.com\/en\/wp-json\/wp\/v2\/product_cat?post=19039"},{"taxonomy":"product_tag","embeddable":true,"href":"https:\/\/librairie7l.com\/en\/wp-json\/wp\/v2\/product_tag?post=19039"}],"curies":[{"name":"wp","href":"https:\/\/api.w.org\/{rel}","templated":true}]}}