{"id":19047,"date":"2023-05-09T17:53:09","date_gmt":"2023-05-09T15:53:09","guid":{"rendered":"https:\/\/librairie7l.com\/?post_type=product&#038;p=19047"},"modified":"2026-04-18T18:39:59","modified_gmt":"2026-04-18T16:39:59","slug":"photographies-collections-du-musee-des-arts-decoratifs","status":"publish","type":"product","link":"https:\/\/librairie7l.com\/en\/produit\/photographies-collections-du-musee-des-arts-decoratifs\/","title":{"rendered":"PHOTOGRAPHIES ; COLLECTIONS DU MUS\u00c9E DES ARTS D\u00c9CORATIFS"},"content":{"rendered":"<p>Ce livre pr\u00e9sente pour la premi\u00e8re fois au grand public comme aux sp\u00e9cialistes la singularit\u00e9 de la collection de photographies du mus\u00e9e des Arts d\u00e9coratifs \u00e0 Paris.<br \/>\nConsid\u00e9r\u00e9s comme des arts mineurs au XIXe si\u00e8cle, les arts d\u00e9coratifs et la photographie ont cherch\u00e9 \u00e0 unir leur savoir-faire. Leurs ambitions p\u00e9dagogiques, artistiques, politiques ou \u00e9conomiques ont nourri une relation dans laquelle le mus\u00e9e des Arts d\u00e9coratifs a jou\u00e9 un r\u00f4le fondamental.<br \/>\nAu fil des d\u00e9cennies s&#8217;est constitu\u00e9e une collection de plus de 350 000 photographies aux techniques et supports vari\u00e9s. S&#8217;\u00e9tendant des ann\u00e9es 1850 \u00e0 2000, elle convoque diff\u00e9rents genres : le paysage, le portrait, la reproduction d&#8217;objets ou d&#8217;architecture, l&#8217;image de mode ou de publicit\u00e9.<\/p>\n","protected":false},"excerpt":{"rendered":"<p>Ce livre pr\u00e9sente pour la premi\u00e8re fois au grand public comme aux sp\u00e9cialistes la singularit\u00e9 de la collection de photographies du mus\u00e9e des Arts d\u00e9coratifs \u00e0 Paris. Consid\u00e9r\u00e9s comme des arts mineurs au XIXe si\u00e8cle, les arts d\u00e9coratifs et la photographie ont cherch\u00e9 \u00e0 unir leur savoir-faire. Leurs ambitions p\u00e9dagogiques, artistiques, politiques ou \u00e9conomiques ont [&hellip;]<\/p>\n","protected":false},"featured_media":19045,"template":"","meta":[],"product_cat":[2948,2958],"product_tag":[],"acf":[],"yoast_head":"<!-- This site is optimized with the Yoast SEO plugin v20.11 - https:\/\/yoast.com\/wordpress\/plugins\/seo\/ -->\n<title>PHOTOGRAPHIES ; COLLECTIONS DU MUS\u00c9E DES ARTS D\u00c9CORATIFS - Librairie 7L<\/title>\n<meta name=\"robots\" content=\"index, follow, max-snippet:-1, max-image-preview:large, max-video-preview:-1\" \/>\n<link rel=\"canonical\" href=\"https:\/\/librairie7l.com\/en\/produit\/photographies-collections-du-musee-des-arts-decoratifs\/\" \/>\n<meta property=\"og:locale\" content=\"en_US\" \/>\n<meta property=\"og:type\" content=\"article\" \/>\n<meta property=\"og:title\" content=\"PHOTOGRAPHIES ; COLLECTIONS DU MUS\u00c9E DES ARTS D\u00c9CORATIFS - Librairie 7L\" \/>\n<meta property=\"og:description\" content=\"Ce livre pr\u00e9sente pour la premi\u00e8re fois au grand public comme aux sp\u00e9cialistes la singularit\u00e9 de la collection de photographies du mus\u00e9e des Arts d\u00e9coratifs \u00e0 Paris. Consid\u00e9r\u00e9s comme des arts mineurs au XIXe si\u00e8cle, les arts d\u00e9coratifs et la photographie ont cherch\u00e9 \u00e0 unir leur savoir-faire. Leurs ambitions p\u00e9dagogiques, artistiques, politiques ou \u00e9conomiques ont [&hellip;]\" \/>\n<meta property=\"og:url\" content=\"https:\/\/librairie7l.com\/en\/produit\/photographies-collections-du-musee-des-arts-decoratifs\/\" \/>\n<meta property=\"og:site_name\" content=\"Librairie 7L\" \/>\n<meta property=\"article:modified_time\" content=\"2026-04-18T16:39:59+00:00\" \/>\n<meta property=\"og:image\" content=\"https:\/\/librairie7l.com\/wp-content\/uploads\/2021\/04\/9782916914954_1_75.jpg\" \/>\n\t<meta property=\"og:image:width\" content=\"389\" \/>\n\t<meta property=\"og:image:height\" content=\"500\" \/>\n\t<meta property=\"og:image:type\" content=\"image\/jpeg\" \/>\n<meta name=\"twitter:card\" content=\"summary_large_image\" \/>\n<meta name=\"twitter:label1\" content=\"Est. reading time\" \/>\n\t<meta name=\"twitter:data1\" content=\"1 minute\" \/>\n<script type=\"application\/ld+json\" class=\"yoast-schema-graph\">{\"@context\":\"https:\/\/schema.org\",\"@graph\":[{\"@type\":\"WebPage\",\"@id\":\"https:\/\/librairie7l.com\/en\/produit\/photographies-collections-du-musee-des-arts-decoratifs\/\",\"url\":\"https:\/\/librairie7l.com\/en\/produit\/photographies-collections-du-musee-des-arts-decoratifs\/\",\"name\":\"PHOTOGRAPHIES ; COLLECTIONS DU MUS\u00c9E DES ARTS D\u00c9CORATIFS - Librairie 7L\",\"isPartOf\":{\"@id\":\"https:\/\/librairie7l.com\/en\/#website\"},\"datePublished\":\"2023-05-09T15:53:09+00:00\",\"dateModified\":\"2026-04-18T16:39:59+00:00\",\"breadcrumb\":{\"@id\":\"https:\/\/librairie7l.com\/en\/produit\/photographies-collections-du-musee-des-arts-decoratifs\/#breadcrumb\"},\"inLanguage\":\"en-US\",\"potentialAction\":[{\"@type\":\"ReadAction\",\"target\":[\"https:\/\/librairie7l.com\/en\/produit\/photographies-collections-du-musee-des-arts-decoratifs\/\"]}]},{\"@type\":\"BreadcrumbList\",\"@id\":\"https:\/\/librairie7l.com\/en\/produit\/photographies-collections-du-musee-des-arts-decoratifs\/#breadcrumb\",\"itemListElement\":[{\"@type\":\"ListItem\",\"position\":1,\"name\":\"Accueil\",\"item\":\"https:\/\/librairie7l.com\/en\/\"},{\"@type\":\"ListItem\",\"position\":2,\"name\":\"Shop\",\"item\":\"https:\/\/librairie7l.com\/en\/shop\/\"},{\"@type\":\"ListItem\",\"position\":3,\"name\":\"PHOTOGRAPHIES ; COLLECTIONS DU MUS\u00c9E DES ARTS D\u00c9CORATIFS\"}]},{\"@type\":\"WebSite\",\"@id\":\"https:\/\/librairie7l.com\/en\/#website\",\"url\":\"https:\/\/librairie7l.com\/en\/\",\"name\":\"Librairie 7L\",\"description\":\"Librairie fond\u00e9e en 1999 par Karl Lagerfeld \u00e0 Paris\",\"publisher\":{\"@id\":\"https:\/\/librairie7l.com\/en\/#organization\"},\"potentialAction\":[{\"@type\":\"SearchAction\",\"target\":{\"@type\":\"EntryPoint\",\"urlTemplate\":\"https:\/\/librairie7l.com\/en\/?s={search_term_string}\"},\"query-input\":\"required name=search_term_string\"}],\"inLanguage\":\"en-US\"},{\"@type\":\"Organization\",\"@id\":\"https:\/\/librairie7l.com\/en\/#organization\",\"name\":\"Librairie 7L\",\"url\":\"https:\/\/librairie7l.com\/en\/\",\"logo\":{\"@type\":\"ImageObject\",\"inLanguage\":\"en-US\",\"@id\":\"https:\/\/librairie7l.com\/en\/#\/schema\/logo\/image\/\",\"url\":\"https:\/\/librairie7l.com\/wp-content\/uploads\/2022\/08\/logo-1.png\",\"contentUrl\":\"https:\/\/librairie7l.com\/wp-content\/uploads\/2022\/08\/logo-1.png\",\"width\":227,\"height\":301,\"caption\":\"Librairie 7L\"},\"image\":{\"@id\":\"https:\/\/librairie7l.com\/en\/#\/schema\/logo\/image\/\"}}]}<\/script>\n<!-- \/ Yoast SEO plugin. -->","yoast_head_json":{"title":"PHOTOGRAPHIES ; COLLECTIONS DU MUS\u00c9E DES ARTS D\u00c9CORATIFS - Librairie 7L","robots":{"index":"index","follow":"follow","max-snippet":"max-snippet:-1","max-image-preview":"max-image-preview:large","max-video-preview":"max-video-preview:-1"},"canonical":"https:\/\/librairie7l.com\/en\/produit\/photographies-collections-du-musee-des-arts-decoratifs\/","og_locale":"en_US","og_type":"article","og_title":"PHOTOGRAPHIES ; COLLECTIONS DU MUS\u00c9E DES ARTS D\u00c9CORATIFS - Librairie 7L","og_description":"Ce livre pr\u00e9sente pour la premi\u00e8re fois au grand public comme aux sp\u00e9cialistes la singularit\u00e9 de la collection de photographies du mus\u00e9e des Arts d\u00e9coratifs \u00e0 Paris. Consid\u00e9r\u00e9s comme des arts mineurs au XIXe si\u00e8cle, les arts d\u00e9coratifs et la photographie ont cherch\u00e9 \u00e0 unir leur savoir-faire. Leurs ambitions p\u00e9dagogiques, artistiques, politiques ou \u00e9conomiques ont [&hellip;]","og_url":"https:\/\/librairie7l.com\/en\/produit\/photographies-collections-du-musee-des-arts-decoratifs\/","og_site_name":"Librairie 7L","article_modified_time":"2026-04-18T16:39:59+00:00","og_image":[{"width":389,"height":500,"url":"https:\/\/librairie7l.com\/wp-content\/uploads\/2021\/04\/9782916914954_1_75.jpg","type":"image\/jpeg"}],"twitter_card":"summary_large_image","twitter_misc":{"Est. reading time":"1 minute"},"schema":{"@context":"https:\/\/schema.org","@graph":[{"@type":"WebPage","@id":"https:\/\/librairie7l.com\/en\/produit\/photographies-collections-du-musee-des-arts-decoratifs\/","url":"https:\/\/librairie7l.com\/en\/produit\/photographies-collections-du-musee-des-arts-decoratifs\/","name":"PHOTOGRAPHIES ; COLLECTIONS DU MUS\u00c9E DES ARTS D\u00c9CORATIFS - Librairie 7L","isPartOf":{"@id":"https:\/\/librairie7l.com\/en\/#website"},"datePublished":"2023-05-09T15:53:09+00:00","dateModified":"2026-04-18T16:39:59+00:00","breadcrumb":{"@id":"https:\/\/librairie7l.com\/en\/produit\/photographies-collections-du-musee-des-arts-decoratifs\/#breadcrumb"},"inLanguage":"en-US","potentialAction":[{"@type":"ReadAction","target":["https:\/\/librairie7l.com\/en\/produit\/photographies-collections-du-musee-des-arts-decoratifs\/"]}]},{"@type":"BreadcrumbList","@id":"https:\/\/librairie7l.com\/en\/produit\/photographies-collections-du-musee-des-arts-decoratifs\/#breadcrumb","itemListElement":[{"@type":"ListItem","position":1,"name":"Accueil","item":"https:\/\/librairie7l.com\/en\/"},{"@type":"ListItem","position":2,"name":"Shop","item":"https:\/\/librairie7l.com\/en\/shop\/"},{"@type":"ListItem","position":3,"name":"PHOTOGRAPHIES ; COLLECTIONS DU MUS\u00c9E DES ARTS D\u00c9CORATIFS"}]},{"@type":"WebSite","@id":"https:\/\/librairie7l.com\/en\/#website","url":"https:\/\/librairie7l.com\/en\/","name":"Librairie 7L","description":"Librairie fond\u00e9e en 1999 par Karl Lagerfeld \u00e0 Paris","publisher":{"@id":"https:\/\/librairie7l.com\/en\/#organization"},"potentialAction":[{"@type":"SearchAction","target":{"@type":"EntryPoint","urlTemplate":"https:\/\/librairie7l.com\/en\/?s={search_term_string}"},"query-input":"required name=search_term_string"}],"inLanguage":"en-US"},{"@type":"Organization","@id":"https:\/\/librairie7l.com\/en\/#organization","name":"Librairie 7L","url":"https:\/\/librairie7l.com\/en\/","logo":{"@type":"ImageObject","inLanguage":"en-US","@id":"https:\/\/librairie7l.com\/en\/#\/schema\/logo\/image\/","url":"https:\/\/librairie7l.com\/wp-content\/uploads\/2022\/08\/logo-1.png","contentUrl":"https:\/\/librairie7l.com\/wp-content\/uploads\/2022\/08\/logo-1.png","width":227,"height":301,"caption":"Librairie 7L"},"image":{"@id":"https:\/\/librairie7l.com\/en\/#\/schema\/logo\/image\/"}}]}},"_links":{"self":[{"href":"https:\/\/librairie7l.com\/en\/wp-json\/wp\/v2\/product\/19047"}],"collection":[{"href":"https:\/\/librairie7l.com\/en\/wp-json\/wp\/v2\/product"}],"about":[{"href":"https:\/\/librairie7l.com\/en\/wp-json\/wp\/v2\/types\/product"}],"wp:featuredmedia":[{"embeddable":true,"href":"https:\/\/librairie7l.com\/en\/wp-json\/wp\/v2\/media\/19045"}],"wp:attachment":[{"href":"https:\/\/librairie7l.com\/en\/wp-json\/wp\/v2\/media?parent=19047"}],"wp:term":[{"taxonomy":"product_cat","embeddable":true,"href":"https:\/\/librairie7l.com\/en\/wp-json\/wp\/v2\/product_cat?post=19047"},{"taxonomy":"product_tag","embeddable":true,"href":"https:\/\/librairie7l.com\/en\/wp-json\/wp\/v2\/product_tag?post=19047"}],"curies":[{"name":"wp","href":"https:\/\/api.w.org\/{rel}","templated":true}]}}