{"id":19055,"date":"2023-05-09T17:53:17","date_gmt":"2023-05-09T15:53:17","guid":{"rendered":"https:\/\/librairie7l.com\/?post_type=product&#038;p=19055"},"modified":"2026-05-02T18:06:59","modified_gmt":"2026-05-02T16:06:59","slug":"1-2-3-couleur-lautochrome-exposee","status":"publish","type":"product","link":"https:\/\/librairie7l.com\/en\/produit\/1-2-3-couleur-lautochrome-exposee\/","title":{"rendered":"1, 2, 3&#8230; COULEUR ! L&#8217;AUTOCHROME EXPOS\u00c9E"},"content":{"rendered":"<p>L&#8217;\u00ab album \u00bb de l&#8217;exposition au Jeu de Paume du Ch\u00e2teau de Tours, consacr\u00e9e \u00e0 l&#8217;autochrome, technique brevet\u00e9e au tout d\u00e9but du XXe si\u00e8cle par les fr\u00e8res Lumi\u00e8re, ayant r\u00e9volutionn\u00e9 l&#8217;histoire de la photographie avec l&#8217;arriv\u00e9e de la couleur, avant de tomber dans l&#8217;oubli puis d&#8217;\u00eatre red\u00e9couverte depuis quelques d\u00e9cennies par les historiens et les collectionneurs.<br \/>\nSymbolisant l&#8217;arriv\u00e9e de la couleur en photographie, l&#8217;autochrome constitue une des grandes r\u00e9volutions de l&#8217;histoire du m\u00e9dia. Apparu en 1907, il provoque d&#8217;abord un grand engouement, avant de tomber progressivement dans une longue p\u00e9riode d&#8217;oubli dont quelques historiens et collectionneurs, qui ont su en appr\u00e9cier la finesse et la sensualit\u00e9, le tirent progressivement.<br \/>\nAccompagnant l&#8217;exposition au Ch\u00e2teau de Tours, cet album est une contribution \u00e0 cette histoire en marche, dans l&#8217;espoir que l&#8217;une comme l&#8217;autre permettront de sensibiliser le public \u00e0 cette po\u00e9sie si particuli\u00e8re de l&#8217;autochrome. L&#8217;album recoupe deux collections : d&#8217;un c\u00f4t\u00e9 la collection AN, r\u00e9unie depuis 2006 par les collectionneuses Soizic Audouard et \u00c9lisabeth Nora, de l&#8217;autre le fascinant fonds d&#8217;autochromes de la Premi\u00e8re Guerre mondiale, abrit\u00e9 par la M\u00e9diath\u00e8que de la photographie et du patrimoine.<br \/>\nPubli\u00e9 \u00e0 l&#8217;occasion de l&#8217;exposition au Jeu de Paume du Ch\u00e2teau de Tours de d\u00e9cembre 2022 \u00e0 mai 2023.<\/p>\n","protected":false},"excerpt":{"rendered":"<p>L&#8217;\u00ab album \u00bb de l&#8217;exposition au Jeu de Paume du Ch\u00e2teau de Tours, consacr\u00e9e \u00e0 l&#8217;autochrome, technique brevet\u00e9e au tout d\u00e9but du XXe si\u00e8cle par les fr\u00e8res Lumi\u00e8re, ayant r\u00e9volutionn\u00e9 l&#8217;histoire de la photographie avec l&#8217;arriv\u00e9e de la couleur, avant de tomber dans l&#8217;oubli puis d&#8217;\u00eatre red\u00e9couverte depuis quelques d\u00e9cennies par les historiens et les [&hellip;]<\/p>\n","protected":false},"featured_media":19053,"template":"","meta":[],"product_cat":[2948,2958],"product_tag":[],"acf":[],"yoast_head":"<!-- This site is optimized with the Yoast SEO plugin v20.11 - https:\/\/yoast.com\/wordpress\/plugins\/seo\/ -->\n<title>1, 2, 3... COULEUR ! L&#039;AUTOCHROME EXPOS\u00c9E - Librairie 7L<\/title>\n<meta name=\"robots\" content=\"index, follow, max-snippet:-1, max-image-preview:large, max-video-preview:-1\" \/>\n<link rel=\"canonical\" href=\"https:\/\/librairie7l.com\/en\/produit\/1-2-3-couleur-lautochrome-exposee\/\" \/>\n<meta property=\"og:locale\" content=\"en_US\" \/>\n<meta property=\"og:type\" content=\"article\" \/>\n<meta property=\"og:title\" content=\"1, 2, 3... COULEUR ! L&#039;AUTOCHROME EXPOS\u00c9E - Librairie 7L\" \/>\n<meta property=\"og:description\" content=\"L&#8217;\u00ab album \u00bb de l&#8217;exposition au Jeu de Paume du Ch\u00e2teau de Tours, consacr\u00e9e \u00e0 l&#8217;autochrome, technique brevet\u00e9e au tout d\u00e9but du XXe si\u00e8cle par les fr\u00e8res Lumi\u00e8re, ayant r\u00e9volutionn\u00e9 l&#8217;histoire de la photographie avec l&#8217;arriv\u00e9e de la couleur, avant de tomber dans l&#8217;oubli puis d&#8217;\u00eatre red\u00e9couverte depuis quelques d\u00e9cennies par les historiens et les [&hellip;]\" \/>\n<meta property=\"og:url\" content=\"https:\/\/librairie7l.com\/en\/produit\/1-2-3-couleur-lautochrome-exposee\/\" \/>\n<meta property=\"og:site_name\" content=\"Librairie 7L\" \/>\n<meta property=\"article:modified_time\" content=\"2026-05-02T16:06:59+00:00\" \/>\n<meta property=\"og:image\" content=\"https:\/\/librairie7l.com\/wp-content\/uploads\/2022\/11\/9782915704952_1_75.jpg\" \/>\n\t<meta property=\"og:image:width\" content=\"600\" \/>\n\t<meta property=\"og:image:height\" content=\"830\" \/>\n\t<meta property=\"og:image:type\" content=\"image\/jpeg\" \/>\n<meta name=\"twitter:card\" content=\"summary_large_image\" \/>\n<meta name=\"twitter:label1\" content=\"Est. reading time\" \/>\n\t<meta name=\"twitter:data1\" content=\"1 minute\" \/>\n<script type=\"application\/ld+json\" class=\"yoast-schema-graph\">{\"@context\":\"https:\/\/schema.org\",\"@graph\":[{\"@type\":\"WebPage\",\"@id\":\"https:\/\/librairie7l.com\/en\/produit\/1-2-3-couleur-lautochrome-exposee\/\",\"url\":\"https:\/\/librairie7l.com\/en\/produit\/1-2-3-couleur-lautochrome-exposee\/\",\"name\":\"1, 2, 3... COULEUR ! L'AUTOCHROME EXPOS\u00c9E - Librairie 7L\",\"isPartOf\":{\"@id\":\"https:\/\/librairie7l.com\/en\/#website\"},\"datePublished\":\"2023-05-09T15:53:17+00:00\",\"dateModified\":\"2026-05-02T16:06:59+00:00\",\"breadcrumb\":{\"@id\":\"https:\/\/librairie7l.com\/en\/produit\/1-2-3-couleur-lautochrome-exposee\/#breadcrumb\"},\"inLanguage\":\"en-US\",\"potentialAction\":[{\"@type\":\"ReadAction\",\"target\":[\"https:\/\/librairie7l.com\/en\/produit\/1-2-3-couleur-lautochrome-exposee\/\"]}]},{\"@type\":\"BreadcrumbList\",\"@id\":\"https:\/\/librairie7l.com\/en\/produit\/1-2-3-couleur-lautochrome-exposee\/#breadcrumb\",\"itemListElement\":[{\"@type\":\"ListItem\",\"position\":1,\"name\":\"Accueil\",\"item\":\"https:\/\/librairie7l.com\/en\/\"},{\"@type\":\"ListItem\",\"position\":2,\"name\":\"Shop\",\"item\":\"https:\/\/librairie7l.com\/en\/shop\/\"},{\"@type\":\"ListItem\",\"position\":3,\"name\":\"1, 2, 3&#8230; COULEUR ! L&#8217;AUTOCHROME EXPOS\u00c9E\"}]},{\"@type\":\"WebSite\",\"@id\":\"https:\/\/librairie7l.com\/en\/#website\",\"url\":\"https:\/\/librairie7l.com\/en\/\",\"name\":\"Librairie 7L\",\"description\":\"Librairie fond\u00e9e en 1999 par Karl Lagerfeld \u00e0 Paris\",\"publisher\":{\"@id\":\"https:\/\/librairie7l.com\/en\/#organization\"},\"potentialAction\":[{\"@type\":\"SearchAction\",\"target\":{\"@type\":\"EntryPoint\",\"urlTemplate\":\"https:\/\/librairie7l.com\/en\/?s={search_term_string}\"},\"query-input\":\"required name=search_term_string\"}],\"inLanguage\":\"en-US\"},{\"@type\":\"Organization\",\"@id\":\"https:\/\/librairie7l.com\/en\/#organization\",\"name\":\"Librairie 7L\",\"url\":\"https:\/\/librairie7l.com\/en\/\",\"logo\":{\"@type\":\"ImageObject\",\"inLanguage\":\"en-US\",\"@id\":\"https:\/\/librairie7l.com\/en\/#\/schema\/logo\/image\/\",\"url\":\"https:\/\/librairie7l.com\/wp-content\/uploads\/2022\/08\/logo-1.png\",\"contentUrl\":\"https:\/\/librairie7l.com\/wp-content\/uploads\/2022\/08\/logo-1.png\",\"width\":227,\"height\":301,\"caption\":\"Librairie 7L\"},\"image\":{\"@id\":\"https:\/\/librairie7l.com\/en\/#\/schema\/logo\/image\/\"}}]}<\/script>\n<!-- \/ Yoast SEO plugin. -->","yoast_head_json":{"title":"1, 2, 3... COULEUR ! L'AUTOCHROME EXPOS\u00c9E - Librairie 7L","robots":{"index":"index","follow":"follow","max-snippet":"max-snippet:-1","max-image-preview":"max-image-preview:large","max-video-preview":"max-video-preview:-1"},"canonical":"https:\/\/librairie7l.com\/en\/produit\/1-2-3-couleur-lautochrome-exposee\/","og_locale":"en_US","og_type":"article","og_title":"1, 2, 3... COULEUR ! L'AUTOCHROME EXPOS\u00c9E - Librairie 7L","og_description":"L&#8217;\u00ab album \u00bb de l&#8217;exposition au Jeu de Paume du Ch\u00e2teau de Tours, consacr\u00e9e \u00e0 l&#8217;autochrome, technique brevet\u00e9e au tout d\u00e9but du XXe si\u00e8cle par les fr\u00e8res Lumi\u00e8re, ayant r\u00e9volutionn\u00e9 l&#8217;histoire de la photographie avec l&#8217;arriv\u00e9e de la couleur, avant de tomber dans l&#8217;oubli puis d&#8217;\u00eatre red\u00e9couverte depuis quelques d\u00e9cennies par les historiens et les [&hellip;]","og_url":"https:\/\/librairie7l.com\/en\/produit\/1-2-3-couleur-lautochrome-exposee\/","og_site_name":"Librairie 7L","article_modified_time":"2026-05-02T16:06:59+00:00","og_image":[{"width":600,"height":830,"url":"https:\/\/librairie7l.com\/wp-content\/uploads\/2022\/11\/9782915704952_1_75.jpg","type":"image\/jpeg"}],"twitter_card":"summary_large_image","twitter_misc":{"Est. reading time":"1 minute"},"schema":{"@context":"https:\/\/schema.org","@graph":[{"@type":"WebPage","@id":"https:\/\/librairie7l.com\/en\/produit\/1-2-3-couleur-lautochrome-exposee\/","url":"https:\/\/librairie7l.com\/en\/produit\/1-2-3-couleur-lautochrome-exposee\/","name":"1, 2, 3... COULEUR ! L'AUTOCHROME EXPOS\u00c9E - Librairie 7L","isPartOf":{"@id":"https:\/\/librairie7l.com\/en\/#website"},"datePublished":"2023-05-09T15:53:17+00:00","dateModified":"2026-05-02T16:06:59+00:00","breadcrumb":{"@id":"https:\/\/librairie7l.com\/en\/produit\/1-2-3-couleur-lautochrome-exposee\/#breadcrumb"},"inLanguage":"en-US","potentialAction":[{"@type":"ReadAction","target":["https:\/\/librairie7l.com\/en\/produit\/1-2-3-couleur-lautochrome-exposee\/"]}]},{"@type":"BreadcrumbList","@id":"https:\/\/librairie7l.com\/en\/produit\/1-2-3-couleur-lautochrome-exposee\/#breadcrumb","itemListElement":[{"@type":"ListItem","position":1,"name":"Accueil","item":"https:\/\/librairie7l.com\/en\/"},{"@type":"ListItem","position":2,"name":"Shop","item":"https:\/\/librairie7l.com\/en\/shop\/"},{"@type":"ListItem","position":3,"name":"1, 2, 3&#8230; COULEUR ! L&#8217;AUTOCHROME EXPOS\u00c9E"}]},{"@type":"WebSite","@id":"https:\/\/librairie7l.com\/en\/#website","url":"https:\/\/librairie7l.com\/en\/","name":"Librairie 7L","description":"Librairie fond\u00e9e en 1999 par Karl Lagerfeld \u00e0 Paris","publisher":{"@id":"https:\/\/librairie7l.com\/en\/#organization"},"potentialAction":[{"@type":"SearchAction","target":{"@type":"EntryPoint","urlTemplate":"https:\/\/librairie7l.com\/en\/?s={search_term_string}"},"query-input":"required name=search_term_string"}],"inLanguage":"en-US"},{"@type":"Organization","@id":"https:\/\/librairie7l.com\/en\/#organization","name":"Librairie 7L","url":"https:\/\/librairie7l.com\/en\/","logo":{"@type":"ImageObject","inLanguage":"en-US","@id":"https:\/\/librairie7l.com\/en\/#\/schema\/logo\/image\/","url":"https:\/\/librairie7l.com\/wp-content\/uploads\/2022\/08\/logo-1.png","contentUrl":"https:\/\/librairie7l.com\/wp-content\/uploads\/2022\/08\/logo-1.png","width":227,"height":301,"caption":"Librairie 7L"},"image":{"@id":"https:\/\/librairie7l.com\/en\/#\/schema\/logo\/image\/"}}]}},"_links":{"self":[{"href":"https:\/\/librairie7l.com\/en\/wp-json\/wp\/v2\/product\/19055"}],"collection":[{"href":"https:\/\/librairie7l.com\/en\/wp-json\/wp\/v2\/product"}],"about":[{"href":"https:\/\/librairie7l.com\/en\/wp-json\/wp\/v2\/types\/product"}],"wp:featuredmedia":[{"embeddable":true,"href":"https:\/\/librairie7l.com\/en\/wp-json\/wp\/v2\/media\/19053"}],"wp:attachment":[{"href":"https:\/\/librairie7l.com\/en\/wp-json\/wp\/v2\/media?parent=19055"}],"wp:term":[{"taxonomy":"product_cat","embeddable":true,"href":"https:\/\/librairie7l.com\/en\/wp-json\/wp\/v2\/product_cat?post=19055"},{"taxonomy":"product_tag","embeddable":true,"href":"https:\/\/librairie7l.com\/en\/wp-json\/wp\/v2\/product_tag?post=19055"}],"curies":[{"name":"wp","href":"https:\/\/api.w.org\/{rel}","templated":true}]}}