{"id":19063,"date":"2023-05-09T17:53:23","date_gmt":"2023-05-09T15:53:23","guid":{"rendered":"https:\/\/librairie7l.com\/?post_type=product&#038;p=19063"},"modified":"2026-05-03T03:30:40","modified_gmt":"2026-05-03T01:30:40","slug":"les-decorateurs-des-annees-60-70","status":"publish","type":"product","link":"https:\/\/librairie7l.com\/en\/produit\/les-decorateurs-des-annees-60-70\/","title":{"rendered":"LES D\u00c9CORATEURS DES ANN\u00c9ES 60-70"},"content":{"rendered":"<p>Les ann\u00e9es 60 et 70 sont indissociables dans l&#8217;histoire de la d\u00e9coration et du mobilier. Elles marquent un tournant radical dans un monde jusqu&#8217;alors confin\u00e9 \u00e0 des expressions nationales et \u00e9litistes. Tout \u00e9clate au d\u00e9but des ann\u00e9es 60. La mode est \u00e0 la fois d&#8217;inspiration anglosaxonne, scandinave, italienne et fran\u00e7aise. Les genres se m\u00e9langent dans un d\u00e9sir effr\u00e9n\u00e9 de vivre en symbiose avec son temps. Les progr\u00e8s de la technologie accr\u00e9ditent la conviction d&#8217;une libert\u00e9 conqu\u00e9rante de l&#8217;individu et suscitent des d\u00e9sirs in\u00e9dits d&#8217;une nouvelle mani\u00e8re d&#8217;habiter, f\u00fbt-ce dans des cellules de science-fiction. Les formes s&#8217;arrondissent, les si\u00e8ges deviennent des tapis-sculptures qui permettent de se lover dans des univers chaleureux, ludiques et anticonformistes. Les couleurs et les motifs d\u00e9coratifs \u00e9pousent l&#8217;\u00e9clat et les d\u00e9lires du Pop&#8217; Art et du psych\u00e9d\u00e9lisme. L&#8217;espace d&#8217;habitation se transforme en r\u00eave \u00e9veill\u00e9 o\u00f9 se m\u00ealent un mobilier luxueux dans des mat\u00e9riaux in\u00e9dits et des objets surprenants de toutes origines, associ\u00e9s, fait nouveau, \u00e0 des meubles anciens. La fin des ann\u00e9es 70 marque l&#8217;av\u00e8nement d&#8217;une \u00e9poque o\u00f9 la beaut\u00e9 et l&#8217;\u00e9l\u00e9gance classique c\u00e8dent le pas \u00e0 une multitude d&#8217;expressions qui \u00e9chappent \u00e0 tout classement et \u00e0 toute hi\u00e9rarchie. L&#8217;heure du post-modernisme a sonn\u00e9.<br \/>\nCompos\u00e9 d&#8217;une longue introduction qui en donne une vision synoptique et de trente-deux monographies qui d\u00e9crivent ses multiples visages, ce livre rend intelligible une p\u00e9riode exceptionnellement cr\u00e9ative et r\u00e9v\u00e8le \u00e0 travers une abondante iconographie, souvent in\u00e9dite, sa formidable richesse esth\u00e9tique.<br \/>\nUne iconographie mise \u00e0 jour, une nouvelle jaquette et trois nouveaux d\u00e9corateurs viennent enrichir cette nouvelle \u00e9dition.<\/p>\n","protected":false},"excerpt":{"rendered":"<p>Les ann\u00e9es 60 et 70 sont indissociables dans l&#8217;histoire de la d\u00e9coration et du mobilier. Elles marquent un tournant radical dans un monde jusqu&#8217;alors confin\u00e9 \u00e0 des expressions nationales et \u00e9litistes. Tout \u00e9clate au d\u00e9but des ann\u00e9es 60. La mode est \u00e0 la fois d&#8217;inspiration anglosaxonne, scandinave, italienne et fran\u00e7aise. Les genres se m\u00e9langent dans [&hellip;]<\/p>\n","protected":false},"featured_media":19061,"template":"","meta":[],"product_cat":[2948,2952],"product_tag":[],"acf":[],"yoast_head":"<!-- This site is optimized with the Yoast SEO plugin v20.11 - https:\/\/yoast.com\/wordpress\/plugins\/seo\/ -->\n<title>LES D\u00c9CORATEURS DES ANN\u00c9ES 60-70 - Librairie 7L<\/title>\n<meta name=\"robots\" content=\"index, follow, max-snippet:-1, max-image-preview:large, max-video-preview:-1\" \/>\n<link rel=\"canonical\" href=\"https:\/\/librairie7l.com\/en\/produit\/les-decorateurs-des-annees-60-70\/\" \/>\n<meta property=\"og:locale\" content=\"en_US\" \/>\n<meta property=\"og:type\" content=\"article\" \/>\n<meta property=\"og:title\" content=\"LES D\u00c9CORATEURS DES ANN\u00c9ES 60-70 - Librairie 7L\" \/>\n<meta property=\"og:description\" content=\"Les ann\u00e9es 60 et 70 sont indissociables dans l&#8217;histoire de la d\u00e9coration et du mobilier. Elles marquent un tournant radical dans un monde jusqu&#8217;alors confin\u00e9 \u00e0 des expressions nationales et \u00e9litistes. Tout \u00e9clate au d\u00e9but des ann\u00e9es 60. La mode est \u00e0 la fois d&#8217;inspiration anglosaxonne, scandinave, italienne et fran\u00e7aise. Les genres se m\u00e9langent dans [&hellip;]\" \/>\n<meta property=\"og:url\" content=\"https:\/\/librairie7l.com\/en\/produit\/les-decorateurs-des-annees-60-70\/\" \/>\n<meta property=\"og:site_name\" content=\"Librairie 7L\" \/>\n<meta property=\"article:modified_time\" content=\"2026-05-03T01:30:40+00:00\" \/>\n<meta property=\"og:image\" content=\"https:\/\/librairie7l.com\/wp-content\/uploads\/2015\/11\/9782915542776_1_75.jpg\" \/>\n\t<meta property=\"og:image:width\" content=\"600\" \/>\n\t<meta property=\"og:image:height\" content=\"799\" \/>\n\t<meta property=\"og:image:type\" content=\"image\/jpeg\" \/>\n<meta name=\"twitter:card\" content=\"summary_large_image\" \/>\n<meta name=\"twitter:label1\" content=\"Est. reading time\" \/>\n\t<meta name=\"twitter:data1\" content=\"1 minute\" \/>\n<script type=\"application\/ld+json\" class=\"yoast-schema-graph\">{\"@context\":\"https:\/\/schema.org\",\"@graph\":[{\"@type\":\"WebPage\",\"@id\":\"https:\/\/librairie7l.com\/en\/produit\/les-decorateurs-des-annees-60-70\/\",\"url\":\"https:\/\/librairie7l.com\/en\/produit\/les-decorateurs-des-annees-60-70\/\",\"name\":\"LES D\u00c9CORATEURS DES ANN\u00c9ES 60-70 - Librairie 7L\",\"isPartOf\":{\"@id\":\"https:\/\/librairie7l.com\/en\/#website\"},\"datePublished\":\"2023-05-09T15:53:23+00:00\",\"dateModified\":\"2026-05-03T01:30:40+00:00\",\"breadcrumb\":{\"@id\":\"https:\/\/librairie7l.com\/en\/produit\/les-decorateurs-des-annees-60-70\/#breadcrumb\"},\"inLanguage\":\"en-US\",\"potentialAction\":[{\"@type\":\"ReadAction\",\"target\":[\"https:\/\/librairie7l.com\/en\/produit\/les-decorateurs-des-annees-60-70\/\"]}]},{\"@type\":\"BreadcrumbList\",\"@id\":\"https:\/\/librairie7l.com\/en\/produit\/les-decorateurs-des-annees-60-70\/#breadcrumb\",\"itemListElement\":[{\"@type\":\"ListItem\",\"position\":1,\"name\":\"Accueil\",\"item\":\"https:\/\/librairie7l.com\/en\/\"},{\"@type\":\"ListItem\",\"position\":2,\"name\":\"Shop\",\"item\":\"https:\/\/librairie7l.com\/en\/shop\/\"},{\"@type\":\"ListItem\",\"position\":3,\"name\":\"LES D\u00c9CORATEURS DES ANN\u00c9ES 60-70\"}]},{\"@type\":\"WebSite\",\"@id\":\"https:\/\/librairie7l.com\/en\/#website\",\"url\":\"https:\/\/librairie7l.com\/en\/\",\"name\":\"Librairie 7L\",\"description\":\"Librairie fond\u00e9e en 1999 par Karl Lagerfeld \u00e0 Paris\",\"publisher\":{\"@id\":\"https:\/\/librairie7l.com\/en\/#organization\"},\"potentialAction\":[{\"@type\":\"SearchAction\",\"target\":{\"@type\":\"EntryPoint\",\"urlTemplate\":\"https:\/\/librairie7l.com\/en\/?s={search_term_string}\"},\"query-input\":\"required name=search_term_string\"}],\"inLanguage\":\"en-US\"},{\"@type\":\"Organization\",\"@id\":\"https:\/\/librairie7l.com\/en\/#organization\",\"name\":\"Librairie 7L\",\"url\":\"https:\/\/librairie7l.com\/en\/\",\"logo\":{\"@type\":\"ImageObject\",\"inLanguage\":\"en-US\",\"@id\":\"https:\/\/librairie7l.com\/en\/#\/schema\/logo\/image\/\",\"url\":\"https:\/\/librairie7l.com\/wp-content\/uploads\/2022\/08\/logo-1.png\",\"contentUrl\":\"https:\/\/librairie7l.com\/wp-content\/uploads\/2022\/08\/logo-1.png\",\"width\":227,\"height\":301,\"caption\":\"Librairie 7L\"},\"image\":{\"@id\":\"https:\/\/librairie7l.com\/en\/#\/schema\/logo\/image\/\"}}]}<\/script>\n<!-- \/ Yoast SEO plugin. -->","yoast_head_json":{"title":"LES D\u00c9CORATEURS DES ANN\u00c9ES 60-70 - Librairie 7L","robots":{"index":"index","follow":"follow","max-snippet":"max-snippet:-1","max-image-preview":"max-image-preview:large","max-video-preview":"max-video-preview:-1"},"canonical":"https:\/\/librairie7l.com\/en\/produit\/les-decorateurs-des-annees-60-70\/","og_locale":"en_US","og_type":"article","og_title":"LES D\u00c9CORATEURS DES ANN\u00c9ES 60-70 - Librairie 7L","og_description":"Les ann\u00e9es 60 et 70 sont indissociables dans l&#8217;histoire de la d\u00e9coration et du mobilier. Elles marquent un tournant radical dans un monde jusqu&#8217;alors confin\u00e9 \u00e0 des expressions nationales et \u00e9litistes. Tout \u00e9clate au d\u00e9but des ann\u00e9es 60. La mode est \u00e0 la fois d&#8217;inspiration anglosaxonne, scandinave, italienne et fran\u00e7aise. Les genres se m\u00e9langent dans [&hellip;]","og_url":"https:\/\/librairie7l.com\/en\/produit\/les-decorateurs-des-annees-60-70\/","og_site_name":"Librairie 7L","article_modified_time":"2026-05-03T01:30:40+00:00","og_image":[{"width":600,"height":799,"url":"https:\/\/librairie7l.com\/wp-content\/uploads\/2015\/11\/9782915542776_1_75.jpg","type":"image\/jpeg"}],"twitter_card":"summary_large_image","twitter_misc":{"Est. reading time":"1 minute"},"schema":{"@context":"https:\/\/schema.org","@graph":[{"@type":"WebPage","@id":"https:\/\/librairie7l.com\/en\/produit\/les-decorateurs-des-annees-60-70\/","url":"https:\/\/librairie7l.com\/en\/produit\/les-decorateurs-des-annees-60-70\/","name":"LES D\u00c9CORATEURS DES ANN\u00c9ES 60-70 - Librairie 7L","isPartOf":{"@id":"https:\/\/librairie7l.com\/en\/#website"},"datePublished":"2023-05-09T15:53:23+00:00","dateModified":"2026-05-03T01:30:40+00:00","breadcrumb":{"@id":"https:\/\/librairie7l.com\/en\/produit\/les-decorateurs-des-annees-60-70\/#breadcrumb"},"inLanguage":"en-US","potentialAction":[{"@type":"ReadAction","target":["https:\/\/librairie7l.com\/en\/produit\/les-decorateurs-des-annees-60-70\/"]}]},{"@type":"BreadcrumbList","@id":"https:\/\/librairie7l.com\/en\/produit\/les-decorateurs-des-annees-60-70\/#breadcrumb","itemListElement":[{"@type":"ListItem","position":1,"name":"Accueil","item":"https:\/\/librairie7l.com\/en\/"},{"@type":"ListItem","position":2,"name":"Shop","item":"https:\/\/librairie7l.com\/en\/shop\/"},{"@type":"ListItem","position":3,"name":"LES D\u00c9CORATEURS DES ANN\u00c9ES 60-70"}]},{"@type":"WebSite","@id":"https:\/\/librairie7l.com\/en\/#website","url":"https:\/\/librairie7l.com\/en\/","name":"Librairie 7L","description":"Librairie fond\u00e9e en 1999 par Karl Lagerfeld \u00e0 Paris","publisher":{"@id":"https:\/\/librairie7l.com\/en\/#organization"},"potentialAction":[{"@type":"SearchAction","target":{"@type":"EntryPoint","urlTemplate":"https:\/\/librairie7l.com\/en\/?s={search_term_string}"},"query-input":"required name=search_term_string"}],"inLanguage":"en-US"},{"@type":"Organization","@id":"https:\/\/librairie7l.com\/en\/#organization","name":"Librairie 7L","url":"https:\/\/librairie7l.com\/en\/","logo":{"@type":"ImageObject","inLanguage":"en-US","@id":"https:\/\/librairie7l.com\/en\/#\/schema\/logo\/image\/","url":"https:\/\/librairie7l.com\/wp-content\/uploads\/2022\/08\/logo-1.png","contentUrl":"https:\/\/librairie7l.com\/wp-content\/uploads\/2022\/08\/logo-1.png","width":227,"height":301,"caption":"Librairie 7L"},"image":{"@id":"https:\/\/librairie7l.com\/en\/#\/schema\/logo\/image\/"}}]}},"_links":{"self":[{"href":"https:\/\/librairie7l.com\/en\/wp-json\/wp\/v2\/product\/19063"}],"collection":[{"href":"https:\/\/librairie7l.com\/en\/wp-json\/wp\/v2\/product"}],"about":[{"href":"https:\/\/librairie7l.com\/en\/wp-json\/wp\/v2\/types\/product"}],"wp:featuredmedia":[{"embeddable":true,"href":"https:\/\/librairie7l.com\/en\/wp-json\/wp\/v2\/media\/19061"}],"wp:attachment":[{"href":"https:\/\/librairie7l.com\/en\/wp-json\/wp\/v2\/media?parent=19063"}],"wp:term":[{"taxonomy":"product_cat","embeddable":true,"href":"https:\/\/librairie7l.com\/en\/wp-json\/wp\/v2\/product_cat?post=19063"},{"taxonomy":"product_tag","embeddable":true,"href":"https:\/\/librairie7l.com\/en\/wp-json\/wp\/v2\/product_tag?post=19063"}],"curies":[{"name":"wp","href":"https:\/\/api.w.org\/{rel}","templated":true}]}}