{"id":19123,"date":"2023-05-09T17:54:10","date_gmt":"2023-05-09T15:54:10","guid":{"rendered":"https:\/\/librairie7l.com\/?post_type=product&#038;p=19123"},"modified":"2026-04-04T01:15:06","modified_gmt":"2026-04-03T23:15:06","slug":"je-plumerai-les-canards-en-rentrant","status":"publish","type":"product","link":"https:\/\/librairie7l.com\/en\/produit\/je-plumerai-les-canards-en-rentrant\/","title":{"rendered":"JE PLUMERAI LES CANARDS EN RENTRANT"},"content":{"rendered":"<p>Je plumerai les canards en rentrant para\u00eet \u00e0 l&#8217;occasion d&#8217;une invitation lanc\u00e9e par le Mus\u00e9e des Beaux-Arts de Lyon, qui a propos\u00e9 \u00e0 \u00c9ric Poitevin \u00ab d&#8217;entrer en conversation \u00bb avec ses collections (exposition fin avril &#8211; fin ao\u00fbt 2022). Cet ouvrage n&#8217;est toutefois pas pens\u00e9 comme un catalogue d&#8217;exposition, mais nous ouvre au parcours et \u00e0 l&#8217;univers passionnant du photographe.<br \/>\nComment na\u00eet une image ? Que se passe-t-il avant qu&#8217;une photographie sorte de l&#8217;atelier de l&#8217;artiste ?<br \/>\nSouvent fantasm\u00e9, l&#8217;atelier est un lieu entour\u00e9 d&#8217;une aura de myst\u00e8re. Tel un alchimiste, l&#8217;artiste doserait diff\u00e9rentes potions pour faire advenir une image.<br \/>\nAvec Je plumerai les canards en rentrant, allusion \u00e0 son amour pour la cuisine, \u00c9ric Poitevin introduit le lecteur avec g\u00e9n\u00e9rosit\u00e9 dans l&#8217;univers de son atelier en proposant une sorte de journal, r\u00e9sultat de deux ans d&#8217;un travail int\u00e9rieur qui documente, par le texte et par l&#8217;image, le processus de cr\u00e9ation. Il y d\u00e9voile les influences qu&#8217;ont pu avoir sur son travail ses lectures ou les images des autres.<br \/>\nLe livre s&#8217;ouvre par un entretien entre \u00c9ric Poitevin et Jean-Christophe Bailly, qui permet de saisir son cheminement vers l&#8217;art, son parcours de photographe autant que ses intentions artistiques.<br \/>\nL&#8217;artiste a ensuite s\u00e9lectionn\u00e9 des extraits de sa correspondance, qui mettent en lumi\u00e8re ses rapports avec les galeries et les mus\u00e9es, ses relations avec ses contemporains (intellectuels et critiques), les affinit\u00e9s avec le territoire qui l&#8217;entoure, son r\u00f4le de professeur. L&#8217;ouvrage contient aussi une large s\u00e9lection de photographies de sa collection personnelle, qui laissent entrevoir \u00e0 la fois son int\u00e9r\u00eat historique pour le m\u00e9dium et une attention g\u00e9n\u00e9reuse envers ses contemporains. Enfin, sont reproduites huit nouvelles s\u00e9ries de photographies in\u00e9dites de l&#8217;artiste.<br \/>\nCet ouvrage s&#8217;adresse \u00e0 tous les lecteurs curieux et particuli\u00e8rement aux amateurs d&#8217;ouvrages qui ont trait \u00e0 la photographie, \u00e0 la d\u00e9marche artistique, \u00e0 l&#8217;importance du lien avec la nature et des animaux.<br \/>\nEn parall\u00e8le de l&#8217;exposition au Mus\u00e9e des Beaux-Arts de Lyon, le travail de l&#8217;artiste est largement pr\u00e9sent\u00e9 dans une exposition de la collection particuli\u00e8re d&#8217;Anne-Marie et Marc Robelin au Mus\u00e9e d&#8217;art contemporain de Lyon (printemps 2022).<\/p>\n","protected":false},"excerpt":{"rendered":"<p>Je plumerai les canards en rentrant para\u00eet \u00e0 l&#8217;occasion d&#8217;une invitation lanc\u00e9e par le Mus\u00e9e des Beaux-Arts de Lyon, qui a propos\u00e9 \u00e0 \u00c9ric Poitevin \u00ab d&#8217;entrer en conversation \u00bb avec ses collections (exposition fin avril &#8211; fin ao\u00fbt 2022). Cet ouvrage n&#8217;est toutefois pas pens\u00e9 comme un catalogue d&#8217;exposition, mais nous ouvre au parcours [&hellip;]<\/p>\n","protected":false},"featured_media":47518,"template":"","meta":[],"product_cat":[2948,2958],"product_tag":[],"acf":[],"yoast_head":"<!-- This site is optimized with the Yoast SEO plugin v20.11 - https:\/\/yoast.com\/wordpress\/plugins\/seo\/ -->\n<title>JE PLUMERAI LES CANARDS EN RENTRANT - Librairie 7L<\/title>\n<meta name=\"robots\" content=\"index, follow, max-snippet:-1, max-image-preview:large, max-video-preview:-1\" \/>\n<link rel=\"canonical\" href=\"https:\/\/librairie7l.com\/en\/produit\/je-plumerai-les-canards-en-rentrant\/\" \/>\n<meta property=\"og:locale\" content=\"en_US\" \/>\n<meta property=\"og:type\" content=\"article\" \/>\n<meta property=\"og:title\" content=\"JE PLUMERAI LES CANARDS EN RENTRANT - Librairie 7L\" \/>\n<meta property=\"og:description\" content=\"Je plumerai les canards en rentrant para\u00eet \u00e0 l&#8217;occasion d&#8217;une invitation lanc\u00e9e par le Mus\u00e9e des Beaux-Arts de Lyon, qui a propos\u00e9 \u00e0 \u00c9ric Poitevin \u00ab d&#8217;entrer en conversation \u00bb avec ses collections (exposition fin avril &#8211; fin ao\u00fbt 2022). Cet ouvrage n&#8217;est toutefois pas pens\u00e9 comme un catalogue d&#8217;exposition, mais nous ouvre au parcours [&hellip;]\" \/>\n<meta property=\"og:url\" content=\"https:\/\/librairie7l.com\/en\/produit\/je-plumerai-les-canards-en-rentrant\/\" \/>\n<meta property=\"og:site_name\" content=\"Librairie 7L\" \/>\n<meta property=\"article:modified_time\" content=\"2026-04-03T23:15:06+00:00\" \/>\n<meta name=\"twitter:card\" content=\"summary_large_image\" \/>\n<meta name=\"twitter:label1\" content=\"Est. reading time\" \/>\n\t<meta name=\"twitter:data1\" content=\"2 minutes\" \/>\n<script type=\"application\/ld+json\" class=\"yoast-schema-graph\">{\"@context\":\"https:\/\/schema.org\",\"@graph\":[{\"@type\":\"WebPage\",\"@id\":\"https:\/\/librairie7l.com\/en\/produit\/je-plumerai-les-canards-en-rentrant\/\",\"url\":\"https:\/\/librairie7l.com\/en\/produit\/je-plumerai-les-canards-en-rentrant\/\",\"name\":\"JE PLUMERAI LES CANARDS EN RENTRANT - Librairie 7L\",\"isPartOf\":{\"@id\":\"https:\/\/librairie7l.com\/en\/#website\"},\"datePublished\":\"2023-05-09T15:54:10+00:00\",\"dateModified\":\"2026-04-03T23:15:06+00:00\",\"breadcrumb\":{\"@id\":\"https:\/\/librairie7l.com\/en\/produit\/je-plumerai-les-canards-en-rentrant\/#breadcrumb\"},\"inLanguage\":\"en-US\",\"potentialAction\":[{\"@type\":\"ReadAction\",\"target\":[\"https:\/\/librairie7l.com\/en\/produit\/je-plumerai-les-canards-en-rentrant\/\"]}]},{\"@type\":\"BreadcrumbList\",\"@id\":\"https:\/\/librairie7l.com\/en\/produit\/je-plumerai-les-canards-en-rentrant\/#breadcrumb\",\"itemListElement\":[{\"@type\":\"ListItem\",\"position\":1,\"name\":\"Accueil\",\"item\":\"https:\/\/librairie7l.com\/en\/\"},{\"@type\":\"ListItem\",\"position\":2,\"name\":\"Shop\",\"item\":\"https:\/\/librairie7l.com\/en\/shop\/\"},{\"@type\":\"ListItem\",\"position\":3,\"name\":\"JE PLUMERAI LES CANARDS EN RENTRANT\"}]},{\"@type\":\"WebSite\",\"@id\":\"https:\/\/librairie7l.com\/en\/#website\",\"url\":\"https:\/\/librairie7l.com\/en\/\",\"name\":\"Librairie 7L\",\"description\":\"Librairie fond\u00e9e en 1999 par Karl Lagerfeld \u00e0 Paris\",\"publisher\":{\"@id\":\"https:\/\/librairie7l.com\/en\/#organization\"},\"potentialAction\":[{\"@type\":\"SearchAction\",\"target\":{\"@type\":\"EntryPoint\",\"urlTemplate\":\"https:\/\/librairie7l.com\/en\/?s={search_term_string}\"},\"query-input\":\"required name=search_term_string\"}],\"inLanguage\":\"en-US\"},{\"@type\":\"Organization\",\"@id\":\"https:\/\/librairie7l.com\/en\/#organization\",\"name\":\"Librairie 7L\",\"url\":\"https:\/\/librairie7l.com\/en\/\",\"logo\":{\"@type\":\"ImageObject\",\"inLanguage\":\"en-US\",\"@id\":\"https:\/\/librairie7l.com\/en\/#\/schema\/logo\/image\/\",\"url\":\"https:\/\/librairie7l.com\/wp-content\/uploads\/2022\/08\/logo-1.png\",\"contentUrl\":\"https:\/\/librairie7l.com\/wp-content\/uploads\/2022\/08\/logo-1.png\",\"width\":227,\"height\":301,\"caption\":\"Librairie 7L\"},\"image\":{\"@id\":\"https:\/\/librairie7l.com\/en\/#\/schema\/logo\/image\/\"}}]}<\/script>\n<!-- \/ Yoast SEO plugin. -->","yoast_head_json":{"title":"JE PLUMERAI LES CANARDS EN RENTRANT - Librairie 7L","robots":{"index":"index","follow":"follow","max-snippet":"max-snippet:-1","max-image-preview":"max-image-preview:large","max-video-preview":"max-video-preview:-1"},"canonical":"https:\/\/librairie7l.com\/en\/produit\/je-plumerai-les-canards-en-rentrant\/","og_locale":"en_US","og_type":"article","og_title":"JE PLUMERAI LES CANARDS EN RENTRANT - Librairie 7L","og_description":"Je plumerai les canards en rentrant para\u00eet \u00e0 l&#8217;occasion d&#8217;une invitation lanc\u00e9e par le Mus\u00e9e des Beaux-Arts de Lyon, qui a propos\u00e9 \u00e0 \u00c9ric Poitevin \u00ab d&#8217;entrer en conversation \u00bb avec ses collections (exposition fin avril &#8211; fin ao\u00fbt 2022). Cet ouvrage n&#8217;est toutefois pas pens\u00e9 comme un catalogue d&#8217;exposition, mais nous ouvre au parcours [&hellip;]","og_url":"https:\/\/librairie7l.com\/en\/produit\/je-plumerai-les-canards-en-rentrant\/","og_site_name":"Librairie 7L","article_modified_time":"2026-04-03T23:15:06+00:00","twitter_card":"summary_large_image","twitter_misc":{"Est. reading time":"2 minutes"},"schema":{"@context":"https:\/\/schema.org","@graph":[{"@type":"WebPage","@id":"https:\/\/librairie7l.com\/en\/produit\/je-plumerai-les-canards-en-rentrant\/","url":"https:\/\/librairie7l.com\/en\/produit\/je-plumerai-les-canards-en-rentrant\/","name":"JE PLUMERAI LES CANARDS EN RENTRANT - Librairie 7L","isPartOf":{"@id":"https:\/\/librairie7l.com\/en\/#website"},"datePublished":"2023-05-09T15:54:10+00:00","dateModified":"2026-04-03T23:15:06+00:00","breadcrumb":{"@id":"https:\/\/librairie7l.com\/en\/produit\/je-plumerai-les-canards-en-rentrant\/#breadcrumb"},"inLanguage":"en-US","potentialAction":[{"@type":"ReadAction","target":["https:\/\/librairie7l.com\/en\/produit\/je-plumerai-les-canards-en-rentrant\/"]}]},{"@type":"BreadcrumbList","@id":"https:\/\/librairie7l.com\/en\/produit\/je-plumerai-les-canards-en-rentrant\/#breadcrumb","itemListElement":[{"@type":"ListItem","position":1,"name":"Accueil","item":"https:\/\/librairie7l.com\/en\/"},{"@type":"ListItem","position":2,"name":"Shop","item":"https:\/\/librairie7l.com\/en\/shop\/"},{"@type":"ListItem","position":3,"name":"JE PLUMERAI LES CANARDS EN RENTRANT"}]},{"@type":"WebSite","@id":"https:\/\/librairie7l.com\/en\/#website","url":"https:\/\/librairie7l.com\/en\/","name":"Librairie 7L","description":"Librairie fond\u00e9e en 1999 par Karl Lagerfeld \u00e0 Paris","publisher":{"@id":"https:\/\/librairie7l.com\/en\/#organization"},"potentialAction":[{"@type":"SearchAction","target":{"@type":"EntryPoint","urlTemplate":"https:\/\/librairie7l.com\/en\/?s={search_term_string}"},"query-input":"required name=search_term_string"}],"inLanguage":"en-US"},{"@type":"Organization","@id":"https:\/\/librairie7l.com\/en\/#organization","name":"Librairie 7L","url":"https:\/\/librairie7l.com\/en\/","logo":{"@type":"ImageObject","inLanguage":"en-US","@id":"https:\/\/librairie7l.com\/en\/#\/schema\/logo\/image\/","url":"https:\/\/librairie7l.com\/wp-content\/uploads\/2022\/08\/logo-1.png","contentUrl":"https:\/\/librairie7l.com\/wp-content\/uploads\/2022\/08\/logo-1.png","width":227,"height":301,"caption":"Librairie 7L"},"image":{"@id":"https:\/\/librairie7l.com\/en\/#\/schema\/logo\/image\/"}}]}},"_links":{"self":[{"href":"https:\/\/librairie7l.com\/en\/wp-json\/wp\/v2\/product\/19123"}],"collection":[{"href":"https:\/\/librairie7l.com\/en\/wp-json\/wp\/v2\/product"}],"about":[{"href":"https:\/\/librairie7l.com\/en\/wp-json\/wp\/v2\/types\/product"}],"wp:featuredmedia":[{"embeddable":true,"href":"https:\/\/librairie7l.com\/en\/wp-json\/wp\/v2\/media\/47518"}],"wp:attachment":[{"href":"https:\/\/librairie7l.com\/en\/wp-json\/wp\/v2\/media?parent=19123"}],"wp:term":[{"taxonomy":"product_cat","embeddable":true,"href":"https:\/\/librairie7l.com\/en\/wp-json\/wp\/v2\/product_cat?post=19123"},{"taxonomy":"product_tag","embeddable":true,"href":"https:\/\/librairie7l.com\/en\/wp-json\/wp\/v2\/product_tag?post=19123"}],"curies":[{"name":"wp","href":"https:\/\/api.w.org\/{rel}","templated":true}]}}