{"id":19163,"date":"2023-05-09T17:54:42","date_gmt":"2023-05-09T15:54:42","guid":{"rendered":"https:\/\/librairie7l.com\/?post_type=product&#038;p=19163"},"modified":"2026-04-30T12:36:19","modified_gmt":"2026-04-30T10:36:19","slug":"wang-keping","status":"publish","type":"product","link":"https:\/\/librairie7l.com\/en\/produit\/wang-keping\/","title":{"rendered":"WANG KEPING"},"content":{"rendered":"<p>Parmi les artistes chinois expatri\u00e9s en France et aux \u00c9tats-Unis dans les ann\u00e9es 1980, le sculpteur Wang Keping se distingue par l&#8217;invention d&#8217;un langage sculptural singulier aujourd&#8217;hui internationalement reconnu.Dans cette monographie qui met \u00e0 l&#8217;honneur les oeuvres monumentales de la maturit\u00e9, l&#8217;historienne d&#8217;art Virginie Perdrisot-Cassan analyse ce r\u00e9pertoire de signes au sein duquel l&#8217;universalit\u00e9 des motifs rencontre une \u00e9blouissante vari\u00e9t\u00e9 de formes, infinies variations autour de la f\u00e9minit\u00e9, de l&#8217;animalit\u00e9, du couple, du d\u00e9sir, de la souffrance et de la finitude. N\u00e9e d&#8217;un sensuel mariage entre la nature et le style, la g\u00e9n\u00e9rosit\u00e9 du bois et l&#8217;autorit\u00e9 de la main, l&#8217;oeuvre de Wang Keping incarne la qu\u00eate de v\u00e9rit\u00e9 d&#8217;un artiste au destin hors norme. Membre-fondateur du premier groupe d&#8217;avant-garde chinois, le \u00abmouvement des \u00c9toiles\u00bb, exil\u00e9 politique, Wang Keping fait le choix \u00e0 son arriv\u00e9e en France d&#8217;emprunter le chemin t\u00e9nu d&#8217;une radicale essentialisation des formes, dans la lign\u00e9e de ma\u00eetres aussi divers que les artistes, cin\u00e9astes et \u00e9crivains Qi Baishi, Picasso, Matisse, Chaplin, Beckett, Zadkine, Brancusi.Le plasticien et activiste Ai Weiwei lui rend un vibrant hommage, t\u00e9moignant de son admiration pour l&#8217;audace de son a\u00een\u00e9 au moment de l&#8217;exposition dissidente des \u00c9toiles en 1979 et c\u00e9l\u00e9brant l&#8217;autonomie et l&#8217;int\u00e9grit\u00e9 de la cr\u00e9ation de celui que l&#8217;on surnomme \u00abLe Ma\u00eetre du Bois\u00bb.Among Chinese artists who moved to France or the United States in the 1980s, sculptor Wang Keping stands out for his invention of a unique sculptural language, today recognized internationally. In this monograph, which gives pride of place to his mature monumental works, the art historian Virginie Perdrisot-Cassan analyzes this repertory of signs within which the universality of the motifs meets a dazzling variety of shapes, endless variations touching on femininity, animality, couples, desire, suffering, and finitude.Born of a sensual marriage between nature and style, the generosity of wood and the influence of the hand, Wang Keping&#8217;s work incarnates the quest for truth of an artist with a destiny beyond the norm. A founding member of the first movement of Chinese avant-garde, the Stars art group and a political exile, Wang Keping followed the path of a radical essentialization of shapes upon his arrival in France, in the footsteps of masters as diverse as the artists, filmmakers and writers Qi Baishi, Picasso, Matisse, Chaplin, Beckett, Zadkine, and Brancusi.The artist and activist Ai Weiwei gives him a vibrant tribute, showing his admiration for his elder&#8217;s audacity at the time of the Stars dissident exhibition in 1979, and celebrating the autonomy and integrity of creations by the man who is known as The Master of Wood.<\/p>\n","protected":false},"excerpt":{"rendered":"<p>Parmi les artistes chinois expatri\u00e9s en France et aux \u00c9tats-Unis dans les ann\u00e9es 1980, le sculpteur Wang Keping se distingue par l&#8217;invention d&#8217;un langage sculptural singulier aujourd&#8217;hui internationalement reconnu.Dans cette monographie qui met \u00e0 l&#8217;honneur les oeuvres monumentales de la maturit\u00e9, l&#8217;historienne d&#8217;art Virginie Perdrisot-Cassan analyse ce r\u00e9pertoire de signes au sein duquel l&#8217;universalit\u00e9 des [&hellip;]<\/p>\n","protected":false},"featured_media":19161,"template":"","meta":[],"product_cat":[2948,2953],"product_tag":[],"acf":[],"yoast_head":"<!-- This site is optimized with the Yoast SEO plugin v20.11 - https:\/\/yoast.com\/wordpress\/plugins\/seo\/ -->\n<title>WANG KEPING - Librairie 7L<\/title>\n<meta name=\"robots\" content=\"index, follow, max-snippet:-1, max-image-preview:large, max-video-preview:-1\" \/>\n<link rel=\"canonical\" href=\"https:\/\/librairie7l.com\/en\/produit\/wang-keping\/\" \/>\n<meta property=\"og:locale\" content=\"en_US\" \/>\n<meta property=\"og:type\" content=\"article\" \/>\n<meta property=\"og:title\" content=\"WANG KEPING - Librairie 7L\" \/>\n<meta property=\"og:description\" content=\"Parmi les artistes chinois expatri\u00e9s en France et aux \u00c9tats-Unis dans les ann\u00e9es 1980, le sculpteur Wang Keping se distingue par l&#8217;invention d&#8217;un langage sculptural singulier aujourd&#8217;hui internationalement reconnu.Dans cette monographie qui met \u00e0 l&#8217;honneur les oeuvres monumentales de la maturit\u00e9, l&#8217;historienne d&#8217;art Virginie Perdrisot-Cassan analyse ce r\u00e9pertoire de signes au sein duquel l&#8217;universalit\u00e9 des [&hellip;]\" \/>\n<meta property=\"og:url\" content=\"https:\/\/librairie7l.com\/en\/produit\/wang-keping\/\" \/>\n<meta property=\"og:site_name\" content=\"Librairie 7L\" \/>\n<meta property=\"article:modified_time\" content=\"2026-04-30T10:36:19+00:00\" \/>\n<meta property=\"og:image\" content=\"https:\/\/librairie7l.com\/wp-content\/uploads\/2022\/02\/9782080253439_1_75.jpg\" \/>\n\t<meta property=\"og:image:width\" content=\"600\" \/>\n\t<meta property=\"og:image:height\" content=\"788\" \/>\n\t<meta property=\"og:image:type\" content=\"image\/jpeg\" \/>\n<meta name=\"twitter:card\" content=\"summary_large_image\" \/>\n<meta name=\"twitter:label1\" content=\"Est. reading time\" \/>\n\t<meta name=\"twitter:data1\" content=\"2 minutes\" \/>\n<script type=\"application\/ld+json\" class=\"yoast-schema-graph\">{\"@context\":\"https:\/\/schema.org\",\"@graph\":[{\"@type\":\"WebPage\",\"@id\":\"https:\/\/librairie7l.com\/en\/produit\/wang-keping\/\",\"url\":\"https:\/\/librairie7l.com\/en\/produit\/wang-keping\/\",\"name\":\"WANG KEPING - Librairie 7L\",\"isPartOf\":{\"@id\":\"https:\/\/librairie7l.com\/en\/#website\"},\"datePublished\":\"2023-05-09T15:54:42+00:00\",\"dateModified\":\"2026-04-30T10:36:19+00:00\",\"breadcrumb\":{\"@id\":\"https:\/\/librairie7l.com\/en\/produit\/wang-keping\/#breadcrumb\"},\"inLanguage\":\"en-US\",\"potentialAction\":[{\"@type\":\"ReadAction\",\"target\":[\"https:\/\/librairie7l.com\/en\/produit\/wang-keping\/\"]}]},{\"@type\":\"BreadcrumbList\",\"@id\":\"https:\/\/librairie7l.com\/en\/produit\/wang-keping\/#breadcrumb\",\"itemListElement\":[{\"@type\":\"ListItem\",\"position\":1,\"name\":\"Accueil\",\"item\":\"https:\/\/librairie7l.com\/en\/\"},{\"@type\":\"ListItem\",\"position\":2,\"name\":\"Shop\",\"item\":\"https:\/\/librairie7l.com\/en\/shop\/\"},{\"@type\":\"ListItem\",\"position\":3,\"name\":\"WANG KEPING\"}]},{\"@type\":\"WebSite\",\"@id\":\"https:\/\/librairie7l.com\/en\/#website\",\"url\":\"https:\/\/librairie7l.com\/en\/\",\"name\":\"Librairie 7L\",\"description\":\"Librairie fond\u00e9e en 1999 par Karl Lagerfeld \u00e0 Paris\",\"publisher\":{\"@id\":\"https:\/\/librairie7l.com\/en\/#organization\"},\"potentialAction\":[{\"@type\":\"SearchAction\",\"target\":{\"@type\":\"EntryPoint\",\"urlTemplate\":\"https:\/\/librairie7l.com\/en\/?s={search_term_string}\"},\"query-input\":\"required name=search_term_string\"}],\"inLanguage\":\"en-US\"},{\"@type\":\"Organization\",\"@id\":\"https:\/\/librairie7l.com\/en\/#organization\",\"name\":\"Librairie 7L\",\"url\":\"https:\/\/librairie7l.com\/en\/\",\"logo\":{\"@type\":\"ImageObject\",\"inLanguage\":\"en-US\",\"@id\":\"https:\/\/librairie7l.com\/en\/#\/schema\/logo\/image\/\",\"url\":\"https:\/\/librairie7l.com\/wp-content\/uploads\/2022\/08\/logo-1.png\",\"contentUrl\":\"https:\/\/librairie7l.com\/wp-content\/uploads\/2022\/08\/logo-1.png\",\"width\":227,\"height\":301,\"caption\":\"Librairie 7L\"},\"image\":{\"@id\":\"https:\/\/librairie7l.com\/en\/#\/schema\/logo\/image\/\"}}]}<\/script>\n<!-- \/ Yoast SEO plugin. -->","yoast_head_json":{"title":"WANG KEPING - Librairie 7L","robots":{"index":"index","follow":"follow","max-snippet":"max-snippet:-1","max-image-preview":"max-image-preview:large","max-video-preview":"max-video-preview:-1"},"canonical":"https:\/\/librairie7l.com\/en\/produit\/wang-keping\/","og_locale":"en_US","og_type":"article","og_title":"WANG KEPING - Librairie 7L","og_description":"Parmi les artistes chinois expatri\u00e9s en France et aux \u00c9tats-Unis dans les ann\u00e9es 1980, le sculpteur Wang Keping se distingue par l&#8217;invention d&#8217;un langage sculptural singulier aujourd&#8217;hui internationalement reconnu.Dans cette monographie qui met \u00e0 l&#8217;honneur les oeuvres monumentales de la maturit\u00e9, l&#8217;historienne d&#8217;art Virginie Perdrisot-Cassan analyse ce r\u00e9pertoire de signes au sein duquel l&#8217;universalit\u00e9 des [&hellip;]","og_url":"https:\/\/librairie7l.com\/en\/produit\/wang-keping\/","og_site_name":"Librairie 7L","article_modified_time":"2026-04-30T10:36:19+00:00","og_image":[{"width":600,"height":788,"url":"https:\/\/librairie7l.com\/wp-content\/uploads\/2022\/02\/9782080253439_1_75.jpg","type":"image\/jpeg"}],"twitter_card":"summary_large_image","twitter_misc":{"Est. reading time":"2 minutes"},"schema":{"@context":"https:\/\/schema.org","@graph":[{"@type":"WebPage","@id":"https:\/\/librairie7l.com\/en\/produit\/wang-keping\/","url":"https:\/\/librairie7l.com\/en\/produit\/wang-keping\/","name":"WANG KEPING - Librairie 7L","isPartOf":{"@id":"https:\/\/librairie7l.com\/en\/#website"},"datePublished":"2023-05-09T15:54:42+00:00","dateModified":"2026-04-30T10:36:19+00:00","breadcrumb":{"@id":"https:\/\/librairie7l.com\/en\/produit\/wang-keping\/#breadcrumb"},"inLanguage":"en-US","potentialAction":[{"@type":"ReadAction","target":["https:\/\/librairie7l.com\/en\/produit\/wang-keping\/"]}]},{"@type":"BreadcrumbList","@id":"https:\/\/librairie7l.com\/en\/produit\/wang-keping\/#breadcrumb","itemListElement":[{"@type":"ListItem","position":1,"name":"Accueil","item":"https:\/\/librairie7l.com\/en\/"},{"@type":"ListItem","position":2,"name":"Shop","item":"https:\/\/librairie7l.com\/en\/shop\/"},{"@type":"ListItem","position":3,"name":"WANG KEPING"}]},{"@type":"WebSite","@id":"https:\/\/librairie7l.com\/en\/#website","url":"https:\/\/librairie7l.com\/en\/","name":"Librairie 7L","description":"Librairie fond\u00e9e en 1999 par Karl Lagerfeld \u00e0 Paris","publisher":{"@id":"https:\/\/librairie7l.com\/en\/#organization"},"potentialAction":[{"@type":"SearchAction","target":{"@type":"EntryPoint","urlTemplate":"https:\/\/librairie7l.com\/en\/?s={search_term_string}"},"query-input":"required name=search_term_string"}],"inLanguage":"en-US"},{"@type":"Organization","@id":"https:\/\/librairie7l.com\/en\/#organization","name":"Librairie 7L","url":"https:\/\/librairie7l.com\/en\/","logo":{"@type":"ImageObject","inLanguage":"en-US","@id":"https:\/\/librairie7l.com\/en\/#\/schema\/logo\/image\/","url":"https:\/\/librairie7l.com\/wp-content\/uploads\/2022\/08\/logo-1.png","contentUrl":"https:\/\/librairie7l.com\/wp-content\/uploads\/2022\/08\/logo-1.png","width":227,"height":301,"caption":"Librairie 7L"},"image":{"@id":"https:\/\/librairie7l.com\/en\/#\/schema\/logo\/image\/"}}]}},"_links":{"self":[{"href":"https:\/\/librairie7l.com\/en\/wp-json\/wp\/v2\/product\/19163"}],"collection":[{"href":"https:\/\/librairie7l.com\/en\/wp-json\/wp\/v2\/product"}],"about":[{"href":"https:\/\/librairie7l.com\/en\/wp-json\/wp\/v2\/types\/product"}],"wp:featuredmedia":[{"embeddable":true,"href":"https:\/\/librairie7l.com\/en\/wp-json\/wp\/v2\/media\/19161"}],"wp:attachment":[{"href":"https:\/\/librairie7l.com\/en\/wp-json\/wp\/v2\/media?parent=19163"}],"wp:term":[{"taxonomy":"product_cat","embeddable":true,"href":"https:\/\/librairie7l.com\/en\/wp-json\/wp\/v2\/product_cat?post=19163"},{"taxonomy":"product_tag","embeddable":true,"href":"https:\/\/librairie7l.com\/en\/wp-json\/wp\/v2\/product_tag?post=19163"}],"curies":[{"name":"wp","href":"https:\/\/api.w.org\/{rel}","templated":true}]}}