{"id":19195,"date":"2023-05-09T17:55:12","date_gmt":"2023-05-09T15:55:12","guid":{"rendered":"https:\/\/librairie7l.com\/?post_type=product&#038;p=19195"},"modified":"2026-04-10T02:16:39","modified_gmt":"2026-04-10T00:16:39","slug":"maillol","status":"publish","type":"product","link":"https:\/\/librairie7l.com\/en\/produit\/maillol\/","title":{"rendered":"MAILLOL"},"content":{"rendered":"<p>Comptant parmi les plus grands sculpteurs de ce si\u00e8cle, jouissant d&#8217;une gloire internationale, repr\u00e9sent\u00e9 dans les plus grands mus\u00e9es des USA, d&#8217;Europe et du Japon, Aristide Maillol n&#8217;avait pas, sur le plan bibliographique, la place qui lui revient. Cette monographie est la premi\u00e8re qui lui soit consacr\u00e9e depuis trente ans. Elle est aussi la premi\u00e8re \u00e0 situer sa cr\u00e9ation dans une perspective chronologique. Cinquante ans apr\u00e8s sa mort, de nombreuses expositions ont donn\u00e9 \u00e0 voir l&#8217;oeuvre de Maillol dans le monde entier, mais l&#8217;ouverture par Dina Vierny du Mus\u00e9e Maillol, 59 et 61, rue de Grenelle \u00e0 paris, l&#8217;a rendue d\u00e9sormais visible en permanence. Il \u00e9tait temps qu&#8217;une monographie r\u00e9actualise la connaissance d&#8217;une cr\u00e9ation qui est une des sources majeures de la sculpture actuelle.<\/p>\n","protected":false},"excerpt":{"rendered":"<p>Comptant parmi les plus grands sculpteurs de ce si\u00e8cle, jouissant d&#8217;une gloire internationale, repr\u00e9sent\u00e9 dans les plus grands mus\u00e9es des USA, d&#8217;Europe et du Japon, Aristide Maillol n&#8217;avait pas, sur le plan bibliographique, la place qui lui revient. Cette monographie est la premi\u00e8re qui lui soit consacr\u00e9e depuis trente ans. Elle est aussi la premi\u00e8re [&hellip;]<\/p>\n","protected":false},"featured_media":19193,"template":"","meta":[],"product_cat":[2948,2953],"product_tag":[],"acf":[],"yoast_head":"<!-- This site is optimized with the Yoast SEO plugin v20.11 - https:\/\/yoast.com\/wordpress\/plugins\/seo\/ -->\n<title>MAILLOL - Librairie 7L<\/title>\n<meta name=\"robots\" content=\"index, follow, max-snippet:-1, max-image-preview:large, max-video-preview:-1\" \/>\n<link rel=\"canonical\" href=\"https:\/\/librairie7l.com\/en\/produit\/maillol\/\" \/>\n<meta property=\"og:locale\" content=\"en_US\" \/>\n<meta property=\"og:type\" content=\"article\" \/>\n<meta property=\"og:title\" content=\"MAILLOL - Librairie 7L\" \/>\n<meta property=\"og:description\" content=\"Comptant parmi les plus grands sculpteurs de ce si\u00e8cle, jouissant d&#8217;une gloire internationale, repr\u00e9sent\u00e9 dans les plus grands mus\u00e9es des USA, d&#8217;Europe et du Japon, Aristide Maillol n&#8217;avait pas, sur le plan bibliographique, la place qui lui revient. Cette monographie est la premi\u00e8re qui lui soit consacr\u00e9e depuis trente ans. Elle est aussi la premi\u00e8re [&hellip;]\" \/>\n<meta property=\"og:url\" content=\"https:\/\/librairie7l.com\/en\/produit\/maillol\/\" \/>\n<meta property=\"og:site_name\" content=\"Librairie 7L\" \/>\n<meta property=\"article:modified_time\" content=\"2026-04-10T00:16:39+00:00\" \/>\n<meta property=\"og:image\" content=\"https:\/\/librairie7l.com\/wp-content\/uploads\/2002\/03\/9788884910448_1_75.jpg\" \/>\n\t<meta property=\"og:image:width\" content=\"600\" \/>\n\t<meta property=\"og:image:height\" content=\"669\" \/>\n\t<meta property=\"og:image:type\" content=\"image\/jpeg\" \/>\n<meta name=\"twitter:card\" content=\"summary_large_image\" \/>\n<meta name=\"twitter:label1\" content=\"Est. reading time\" \/>\n\t<meta name=\"twitter:data1\" content=\"1 minute\" \/>\n<script type=\"application\/ld+json\" class=\"yoast-schema-graph\">{\"@context\":\"https:\/\/schema.org\",\"@graph\":[{\"@type\":\"WebPage\",\"@id\":\"https:\/\/librairie7l.com\/en\/produit\/maillol\/\",\"url\":\"https:\/\/librairie7l.com\/en\/produit\/maillol\/\",\"name\":\"MAILLOL - Librairie 7L\",\"isPartOf\":{\"@id\":\"https:\/\/librairie7l.com\/en\/#website\"},\"datePublished\":\"2023-05-09T15:55:12+00:00\",\"dateModified\":\"2026-04-10T00:16:39+00:00\",\"breadcrumb\":{\"@id\":\"https:\/\/librairie7l.com\/en\/produit\/maillol\/#breadcrumb\"},\"inLanguage\":\"en-US\",\"potentialAction\":[{\"@type\":\"ReadAction\",\"target\":[\"https:\/\/librairie7l.com\/en\/produit\/maillol\/\"]}]},{\"@type\":\"BreadcrumbList\",\"@id\":\"https:\/\/librairie7l.com\/en\/produit\/maillol\/#breadcrumb\",\"itemListElement\":[{\"@type\":\"ListItem\",\"position\":1,\"name\":\"Accueil\",\"item\":\"https:\/\/librairie7l.com\/en\/\"},{\"@type\":\"ListItem\",\"position\":2,\"name\":\"Shop\",\"item\":\"https:\/\/librairie7l.com\/en\/shop\/\"},{\"@type\":\"ListItem\",\"position\":3,\"name\":\"MAILLOL\"}]},{\"@type\":\"WebSite\",\"@id\":\"https:\/\/librairie7l.com\/en\/#website\",\"url\":\"https:\/\/librairie7l.com\/en\/\",\"name\":\"Librairie 7L\",\"description\":\"Librairie fond\u00e9e en 1999 par Karl Lagerfeld \u00e0 Paris\",\"publisher\":{\"@id\":\"https:\/\/librairie7l.com\/en\/#organization\"},\"potentialAction\":[{\"@type\":\"SearchAction\",\"target\":{\"@type\":\"EntryPoint\",\"urlTemplate\":\"https:\/\/librairie7l.com\/en\/?s={search_term_string}\"},\"query-input\":\"required name=search_term_string\"}],\"inLanguage\":\"en-US\"},{\"@type\":\"Organization\",\"@id\":\"https:\/\/librairie7l.com\/en\/#organization\",\"name\":\"Librairie 7L\",\"url\":\"https:\/\/librairie7l.com\/en\/\",\"logo\":{\"@type\":\"ImageObject\",\"inLanguage\":\"en-US\",\"@id\":\"https:\/\/librairie7l.com\/en\/#\/schema\/logo\/image\/\",\"url\":\"https:\/\/librairie7l.com\/wp-content\/uploads\/2022\/08\/logo-1.png\",\"contentUrl\":\"https:\/\/librairie7l.com\/wp-content\/uploads\/2022\/08\/logo-1.png\",\"width\":227,\"height\":301,\"caption\":\"Librairie 7L\"},\"image\":{\"@id\":\"https:\/\/librairie7l.com\/en\/#\/schema\/logo\/image\/\"}}]}<\/script>\n<!-- \/ Yoast SEO plugin. -->","yoast_head_json":{"title":"MAILLOL - Librairie 7L","robots":{"index":"index","follow":"follow","max-snippet":"max-snippet:-1","max-image-preview":"max-image-preview:large","max-video-preview":"max-video-preview:-1"},"canonical":"https:\/\/librairie7l.com\/en\/produit\/maillol\/","og_locale":"en_US","og_type":"article","og_title":"MAILLOL - Librairie 7L","og_description":"Comptant parmi les plus grands sculpteurs de ce si\u00e8cle, jouissant d&#8217;une gloire internationale, repr\u00e9sent\u00e9 dans les plus grands mus\u00e9es des USA, d&#8217;Europe et du Japon, Aristide Maillol n&#8217;avait pas, sur le plan bibliographique, la place qui lui revient. Cette monographie est la premi\u00e8re qui lui soit consacr\u00e9e depuis trente ans. Elle est aussi la premi\u00e8re [&hellip;]","og_url":"https:\/\/librairie7l.com\/en\/produit\/maillol\/","og_site_name":"Librairie 7L","article_modified_time":"2026-04-10T00:16:39+00:00","og_image":[{"width":600,"height":669,"url":"https:\/\/librairie7l.com\/wp-content\/uploads\/2002\/03\/9788884910448_1_75.jpg","type":"image\/jpeg"}],"twitter_card":"summary_large_image","twitter_misc":{"Est. reading time":"1 minute"},"schema":{"@context":"https:\/\/schema.org","@graph":[{"@type":"WebPage","@id":"https:\/\/librairie7l.com\/en\/produit\/maillol\/","url":"https:\/\/librairie7l.com\/en\/produit\/maillol\/","name":"MAILLOL - Librairie 7L","isPartOf":{"@id":"https:\/\/librairie7l.com\/en\/#website"},"datePublished":"2023-05-09T15:55:12+00:00","dateModified":"2026-04-10T00:16:39+00:00","breadcrumb":{"@id":"https:\/\/librairie7l.com\/en\/produit\/maillol\/#breadcrumb"},"inLanguage":"en-US","potentialAction":[{"@type":"ReadAction","target":["https:\/\/librairie7l.com\/en\/produit\/maillol\/"]}]},{"@type":"BreadcrumbList","@id":"https:\/\/librairie7l.com\/en\/produit\/maillol\/#breadcrumb","itemListElement":[{"@type":"ListItem","position":1,"name":"Accueil","item":"https:\/\/librairie7l.com\/en\/"},{"@type":"ListItem","position":2,"name":"Shop","item":"https:\/\/librairie7l.com\/en\/shop\/"},{"@type":"ListItem","position":3,"name":"MAILLOL"}]},{"@type":"WebSite","@id":"https:\/\/librairie7l.com\/en\/#website","url":"https:\/\/librairie7l.com\/en\/","name":"Librairie 7L","description":"Librairie fond\u00e9e en 1999 par Karl Lagerfeld \u00e0 Paris","publisher":{"@id":"https:\/\/librairie7l.com\/en\/#organization"},"potentialAction":[{"@type":"SearchAction","target":{"@type":"EntryPoint","urlTemplate":"https:\/\/librairie7l.com\/en\/?s={search_term_string}"},"query-input":"required name=search_term_string"}],"inLanguage":"en-US"},{"@type":"Organization","@id":"https:\/\/librairie7l.com\/en\/#organization","name":"Librairie 7L","url":"https:\/\/librairie7l.com\/en\/","logo":{"@type":"ImageObject","inLanguage":"en-US","@id":"https:\/\/librairie7l.com\/en\/#\/schema\/logo\/image\/","url":"https:\/\/librairie7l.com\/wp-content\/uploads\/2022\/08\/logo-1.png","contentUrl":"https:\/\/librairie7l.com\/wp-content\/uploads\/2022\/08\/logo-1.png","width":227,"height":301,"caption":"Librairie 7L"},"image":{"@id":"https:\/\/librairie7l.com\/en\/#\/schema\/logo\/image\/"}}]}},"_links":{"self":[{"href":"https:\/\/librairie7l.com\/en\/wp-json\/wp\/v2\/product\/19195"}],"collection":[{"href":"https:\/\/librairie7l.com\/en\/wp-json\/wp\/v2\/product"}],"about":[{"href":"https:\/\/librairie7l.com\/en\/wp-json\/wp\/v2\/types\/product"}],"wp:featuredmedia":[{"embeddable":true,"href":"https:\/\/librairie7l.com\/en\/wp-json\/wp\/v2\/media\/19193"}],"wp:attachment":[{"href":"https:\/\/librairie7l.com\/en\/wp-json\/wp\/v2\/media?parent=19195"}],"wp:term":[{"taxonomy":"product_cat","embeddable":true,"href":"https:\/\/librairie7l.com\/en\/wp-json\/wp\/v2\/product_cat?post=19195"},{"taxonomy":"product_tag","embeddable":true,"href":"https:\/\/librairie7l.com\/en\/wp-json\/wp\/v2\/product_tag?post=19195"}],"curies":[{"name":"wp","href":"https:\/\/api.w.org\/{rel}","templated":true}]}}