{"id":19211,"date":"2023-05-09T17:55:24","date_gmt":"2023-05-09T15:55:24","guid":{"rendered":"https:\/\/librairie7l.com\/?post_type=product&#038;p=19211"},"modified":"2026-04-06T13:07:06","modified_gmt":"2026-04-06T11:07:06","slug":"nicole-de-vesian-un-art-des-jardins-en-provence-2","status":"publish","type":"product","link":"https:\/\/librairie7l.com\/en\/produit\/nicole-de-vesian-un-art-des-jardins-en-provence-2\/","title":{"rendered":"NICOLE DE V\u00c9SIAN ; UN ART DES JARDINS EN PROVENCE"},"content":{"rendered":"<p>Nicole de V\u00e9sian (1916-1996), styliste reconnue, a cr\u00e9\u00e9 en Provence plusieurs jardins qui ont marqu\u00e9 les paysagistes et amateurs de cet art, dont la Louve, dans le Luberon, qui \u00e9tait son propre jardin, \u00e9pur\u00e9 et inventif, en profonde harmonie avec le paysage environnant<\/p>\n","protected":false},"excerpt":{"rendered":"<p>Nicole de V\u00e9sian (1916-1996), styliste reconnue, a cr\u00e9\u00e9 en Provence plusieurs jardins qui ont marqu\u00e9 les paysagistes et amateurs de cet art, dont la Louve, dans le Luberon, qui \u00e9tait son propre jardin, \u00e9pur\u00e9 et inventif, en profonde harmonie avec le paysage environnant<\/p>\n","protected":false},"featured_media":19209,"template":"","meta":[],"product_cat":[2948,2956],"product_tag":[],"acf":[],"yoast_head":"<!-- This site is optimized with the Yoast SEO plugin v20.11 - https:\/\/yoast.com\/wordpress\/plugins\/seo\/ -->\n<title>NICOLE DE V\u00c9SIAN ; UN ART DES JARDINS EN PROVENCE - Librairie 7L<\/title>\n<meta name=\"robots\" content=\"index, follow, max-snippet:-1, max-image-preview:large, max-video-preview:-1\" \/>\n<link rel=\"canonical\" href=\"https:\/\/librairie7l.com\/en\/produit\/nicole-de-vesian-un-art-des-jardins-en-provence-2\/\" \/>\n<meta property=\"og:locale\" content=\"en_US\" \/>\n<meta property=\"og:type\" content=\"article\" \/>\n<meta property=\"og:title\" content=\"NICOLE DE V\u00c9SIAN ; UN ART DES JARDINS EN PROVENCE - Librairie 7L\" \/>\n<meta property=\"og:description\" content=\"Nicole de V\u00e9sian (1916-1996), styliste reconnue, a cr\u00e9\u00e9 en Provence plusieurs jardins qui ont marqu\u00e9 les paysagistes et amateurs de cet art, dont la Louve, dans le Luberon, qui \u00e9tait son propre jardin, \u00e9pur\u00e9 et inventif, en profonde harmonie avec le paysage environnant\" \/>\n<meta property=\"og:url\" content=\"https:\/\/librairie7l.com\/en\/produit\/nicole-de-vesian-un-art-des-jardins-en-provence-2\/\" \/>\n<meta property=\"og:site_name\" content=\"Librairie 7L\" \/>\n<meta property=\"article:modified_time\" content=\"2026-04-06T11:07:06+00:00\" \/>\n<meta property=\"og:image\" content=\"https:\/\/librairie7l.com\/wp-content\/uploads\/2019\/04\/9782330120368_1_75.jpg\" \/>\n\t<meta property=\"og:image:width\" content=\"600\" \/>\n\t<meta property=\"og:image:height\" content=\"661\" \/>\n\t<meta property=\"og:image:type\" content=\"image\/jpeg\" \/>\n<meta name=\"twitter:card\" content=\"summary_large_image\" \/>\n<script type=\"application\/ld+json\" class=\"yoast-schema-graph\">{\"@context\":\"https:\/\/schema.org\",\"@graph\":[{\"@type\":\"WebPage\",\"@id\":\"https:\/\/librairie7l.com\/en\/produit\/nicole-de-vesian-un-art-des-jardins-en-provence-2\/\",\"url\":\"https:\/\/librairie7l.com\/en\/produit\/nicole-de-vesian-un-art-des-jardins-en-provence-2\/\",\"name\":\"NICOLE DE V\u00c9SIAN ; UN ART DES JARDINS EN PROVENCE - Librairie 7L\",\"isPartOf\":{\"@id\":\"https:\/\/librairie7l.com\/en\/#website\"},\"datePublished\":\"2023-05-09T15:55:24+00:00\",\"dateModified\":\"2026-04-06T11:07:06+00:00\",\"breadcrumb\":{\"@id\":\"https:\/\/librairie7l.com\/en\/produit\/nicole-de-vesian-un-art-des-jardins-en-provence-2\/#breadcrumb\"},\"inLanguage\":\"en-US\",\"potentialAction\":[{\"@type\":\"ReadAction\",\"target\":[\"https:\/\/librairie7l.com\/en\/produit\/nicole-de-vesian-un-art-des-jardins-en-provence-2\/\"]}]},{\"@type\":\"BreadcrumbList\",\"@id\":\"https:\/\/librairie7l.com\/en\/produit\/nicole-de-vesian-un-art-des-jardins-en-provence-2\/#breadcrumb\",\"itemListElement\":[{\"@type\":\"ListItem\",\"position\":1,\"name\":\"Accueil\",\"item\":\"https:\/\/librairie7l.com\/en\/\"},{\"@type\":\"ListItem\",\"position\":2,\"name\":\"Shop\",\"item\":\"https:\/\/librairie7l.com\/en\/shop\/\"},{\"@type\":\"ListItem\",\"position\":3,\"name\":\"NICOLE DE V\u00c9SIAN ; UN ART DES JARDINS EN PROVENCE\"}]},{\"@type\":\"WebSite\",\"@id\":\"https:\/\/librairie7l.com\/en\/#website\",\"url\":\"https:\/\/librairie7l.com\/en\/\",\"name\":\"Librairie 7L\",\"description\":\"Librairie fond\u00e9e en 1999 par Karl Lagerfeld \u00e0 Paris\",\"publisher\":{\"@id\":\"https:\/\/librairie7l.com\/en\/#organization\"},\"potentialAction\":[{\"@type\":\"SearchAction\",\"target\":{\"@type\":\"EntryPoint\",\"urlTemplate\":\"https:\/\/librairie7l.com\/en\/?s={search_term_string}\"},\"query-input\":\"required name=search_term_string\"}],\"inLanguage\":\"en-US\"},{\"@type\":\"Organization\",\"@id\":\"https:\/\/librairie7l.com\/en\/#organization\",\"name\":\"Librairie 7L\",\"url\":\"https:\/\/librairie7l.com\/en\/\",\"logo\":{\"@type\":\"ImageObject\",\"inLanguage\":\"en-US\",\"@id\":\"https:\/\/librairie7l.com\/en\/#\/schema\/logo\/image\/\",\"url\":\"https:\/\/librairie7l.com\/wp-content\/uploads\/2022\/08\/logo-1.png\",\"contentUrl\":\"https:\/\/librairie7l.com\/wp-content\/uploads\/2022\/08\/logo-1.png\",\"width\":227,\"height\":301,\"caption\":\"Librairie 7L\"},\"image\":{\"@id\":\"https:\/\/librairie7l.com\/en\/#\/schema\/logo\/image\/\"}}]}<\/script>\n<!-- \/ Yoast SEO plugin. -->","yoast_head_json":{"title":"NICOLE DE V\u00c9SIAN ; UN ART DES JARDINS EN PROVENCE - Librairie 7L","robots":{"index":"index","follow":"follow","max-snippet":"max-snippet:-1","max-image-preview":"max-image-preview:large","max-video-preview":"max-video-preview:-1"},"canonical":"https:\/\/librairie7l.com\/en\/produit\/nicole-de-vesian-un-art-des-jardins-en-provence-2\/","og_locale":"en_US","og_type":"article","og_title":"NICOLE DE V\u00c9SIAN ; UN ART DES JARDINS EN PROVENCE - Librairie 7L","og_description":"Nicole de V\u00e9sian (1916-1996), styliste reconnue, a cr\u00e9\u00e9 en Provence plusieurs jardins qui ont marqu\u00e9 les paysagistes et amateurs de cet art, dont la Louve, dans le Luberon, qui \u00e9tait son propre jardin, \u00e9pur\u00e9 et inventif, en profonde harmonie avec le paysage environnant","og_url":"https:\/\/librairie7l.com\/en\/produit\/nicole-de-vesian-un-art-des-jardins-en-provence-2\/","og_site_name":"Librairie 7L","article_modified_time":"2026-04-06T11:07:06+00:00","og_image":[{"width":600,"height":661,"url":"https:\/\/librairie7l.com\/wp-content\/uploads\/2019\/04\/9782330120368_1_75.jpg","type":"image\/jpeg"}],"twitter_card":"summary_large_image","schema":{"@context":"https:\/\/schema.org","@graph":[{"@type":"WebPage","@id":"https:\/\/librairie7l.com\/en\/produit\/nicole-de-vesian-un-art-des-jardins-en-provence-2\/","url":"https:\/\/librairie7l.com\/en\/produit\/nicole-de-vesian-un-art-des-jardins-en-provence-2\/","name":"NICOLE DE V\u00c9SIAN ; UN ART DES JARDINS EN PROVENCE - Librairie 7L","isPartOf":{"@id":"https:\/\/librairie7l.com\/en\/#website"},"datePublished":"2023-05-09T15:55:24+00:00","dateModified":"2026-04-06T11:07:06+00:00","breadcrumb":{"@id":"https:\/\/librairie7l.com\/en\/produit\/nicole-de-vesian-un-art-des-jardins-en-provence-2\/#breadcrumb"},"inLanguage":"en-US","potentialAction":[{"@type":"ReadAction","target":["https:\/\/librairie7l.com\/en\/produit\/nicole-de-vesian-un-art-des-jardins-en-provence-2\/"]}]},{"@type":"BreadcrumbList","@id":"https:\/\/librairie7l.com\/en\/produit\/nicole-de-vesian-un-art-des-jardins-en-provence-2\/#breadcrumb","itemListElement":[{"@type":"ListItem","position":1,"name":"Accueil","item":"https:\/\/librairie7l.com\/en\/"},{"@type":"ListItem","position":2,"name":"Shop","item":"https:\/\/librairie7l.com\/en\/shop\/"},{"@type":"ListItem","position":3,"name":"NICOLE DE V\u00c9SIAN ; UN ART DES JARDINS EN PROVENCE"}]},{"@type":"WebSite","@id":"https:\/\/librairie7l.com\/en\/#website","url":"https:\/\/librairie7l.com\/en\/","name":"Librairie 7L","description":"Librairie fond\u00e9e en 1999 par Karl Lagerfeld \u00e0 Paris","publisher":{"@id":"https:\/\/librairie7l.com\/en\/#organization"},"potentialAction":[{"@type":"SearchAction","target":{"@type":"EntryPoint","urlTemplate":"https:\/\/librairie7l.com\/en\/?s={search_term_string}"},"query-input":"required name=search_term_string"}],"inLanguage":"en-US"},{"@type":"Organization","@id":"https:\/\/librairie7l.com\/en\/#organization","name":"Librairie 7L","url":"https:\/\/librairie7l.com\/en\/","logo":{"@type":"ImageObject","inLanguage":"en-US","@id":"https:\/\/librairie7l.com\/en\/#\/schema\/logo\/image\/","url":"https:\/\/librairie7l.com\/wp-content\/uploads\/2022\/08\/logo-1.png","contentUrl":"https:\/\/librairie7l.com\/wp-content\/uploads\/2022\/08\/logo-1.png","width":227,"height":301,"caption":"Librairie 7L"},"image":{"@id":"https:\/\/librairie7l.com\/en\/#\/schema\/logo\/image\/"}}]}},"_links":{"self":[{"href":"https:\/\/librairie7l.com\/en\/wp-json\/wp\/v2\/product\/19211"}],"collection":[{"href":"https:\/\/librairie7l.com\/en\/wp-json\/wp\/v2\/product"}],"about":[{"href":"https:\/\/librairie7l.com\/en\/wp-json\/wp\/v2\/types\/product"}],"wp:featuredmedia":[{"embeddable":true,"href":"https:\/\/librairie7l.com\/en\/wp-json\/wp\/v2\/media\/19209"}],"wp:attachment":[{"href":"https:\/\/librairie7l.com\/en\/wp-json\/wp\/v2\/media?parent=19211"}],"wp:term":[{"taxonomy":"product_cat","embeddable":true,"href":"https:\/\/librairie7l.com\/en\/wp-json\/wp\/v2\/product_cat?post=19211"},{"taxonomy":"product_tag","embeddable":true,"href":"https:\/\/librairie7l.com\/en\/wp-json\/wp\/v2\/product_tag?post=19211"}],"curies":[{"name":"wp","href":"https:\/\/api.w.org\/{rel}","templated":true}]}}