{"id":19215,"date":"2023-05-09T17:55:27","date_gmt":"2023-05-09T15:55:27","guid":{"rendered":"https:\/\/librairie7l.com\/?post_type=product&#038;p=19215"},"modified":"2026-04-30T11:21:52","modified_gmt":"2026-04-30T09:21:52","slug":"album-a-colorier-claude-closky","status":"publish","type":"product","link":"https:\/\/librairie7l.com\/en\/produit\/album-a-colorier-claude-closky\/","title":{"rendered":"ALBUM \u00c0 COLORIER CLAUDE CLOSKY"},"content":{"rendered":"<p>Cr\u00e9ation originale des Beaux-Arts de  Paris, ces albums font appel au talent  des professeurs et artistes de l&#8217;\u00c9cole.<br \/>\nChaque album est compos\u00e9 d&#8217;oeuvres  \u00e0 colorier reproduites en pleine page  et introduit par un entretien avec  une critique d&#8217;art. Ils permettent de  d\u00e9couvrir le plaisir de la cr\u00e9ation  avec une expertise et une p\u00e9dagogie  propres \u00e0 l&#8217;\u00c9cole des Beaux-Arts de  Paris.<br \/>\nCet album de coloriage est r\u00e9alis\u00e9  \u00e0 partir de 24 travaux de Claude  Closky, professeur \u00e0 l&#8217;\u00c9cole depuis  2005.<br \/>\nN\u00e9 en 1963, Claude Closky observe,  reclasse, combine, accumule,  d\u00e9coupe, assemble, colle, dessine,  photographie&#8230; l&#8217;infraordinaire.<br \/>\nDes dessins les plus simples &#8211;  ex\u00e9cut\u00e9s \u00e0 l&#8217;aide d&#8217;un stylo bille et  d&#8217;une feuille de papier &#8211; \u00e0 la vid\u00e9o, la  photographie, le collage, la peinture  ou les supports audio, mais aussi  l&#8217;\u00e9dition, ou les sites internet, c&#8217;est  avec un grand \u00e9clectisme de moyens  qu&#8217;il cr\u00e9e des d\u00e9calages et grippe les  m\u00e9canismes trop bien huil\u00e9s.<br \/>\nL&#8217;album de coloriage est compl\u00e9t\u00e9  par une biographie et un entretien  de Claude Closky avec la critique  d&#8217;art Ana\u00ebl Pigeat racontant son  parcours artistique. On s&#8217;approprie  son univers et l&#8217;on fait l&#8217;apprentissage  du coloriage \u00e0 partir des informations  \u00ab techniques \u00bb.<br \/>\nCet album permettra un superbe  rendu pour les \u00ab artistes en herbe\u00bb.<\/p>\n","protected":false},"excerpt":{"rendered":"<p>Cr\u00e9ation originale des Beaux-Arts de Paris, ces albums font appel au talent des professeurs et artistes de l&#8217;\u00c9cole. Chaque album est compos\u00e9 d&#8217;oeuvres \u00e0 colorier reproduites en pleine page et introduit par un entretien avec une critique d&#8217;art. Ils permettent de d\u00e9couvrir le plaisir de la cr\u00e9ation avec une expertise et une p\u00e9dagogie propres \u00e0 [&hellip;]<\/p>\n","protected":false},"featured_media":19213,"template":"","meta":[],"product_cat":[2948,2953],"product_tag":[],"acf":[],"yoast_head":"<!-- This site is optimized with the Yoast SEO plugin v20.11 - https:\/\/yoast.com\/wordpress\/plugins\/seo\/ -->\n<title>ALBUM \u00c0 COLORIER CLAUDE CLOSKY - Librairie 7L<\/title>\n<meta name=\"robots\" content=\"index, follow, max-snippet:-1, max-image-preview:large, max-video-preview:-1\" \/>\n<link rel=\"canonical\" href=\"https:\/\/librairie7l.com\/en\/produit\/album-a-colorier-claude-closky\/\" \/>\n<meta property=\"og:locale\" content=\"en_US\" \/>\n<meta property=\"og:type\" content=\"article\" \/>\n<meta property=\"og:title\" content=\"ALBUM \u00c0 COLORIER CLAUDE CLOSKY - Librairie 7L\" \/>\n<meta property=\"og:description\" content=\"Cr\u00e9ation originale des Beaux-Arts de Paris, ces albums font appel au talent des professeurs et artistes de l&#8217;\u00c9cole. Chaque album est compos\u00e9 d&#8217;oeuvres \u00e0 colorier reproduites en pleine page et introduit par un entretien avec une critique d&#8217;art. Ils permettent de d\u00e9couvrir le plaisir de la cr\u00e9ation avec une expertise et une p\u00e9dagogie propres \u00e0 [&hellip;]\" \/>\n<meta property=\"og:url\" content=\"https:\/\/librairie7l.com\/en\/produit\/album-a-colorier-claude-closky\/\" \/>\n<meta property=\"og:site_name\" content=\"Librairie 7L\" \/>\n<meta property=\"article:modified_time\" content=\"2026-04-30T09:21:52+00:00\" \/>\n<meta property=\"og:image\" content=\"https:\/\/librairie7l.com\/wp-content\/uploads\/2023\/01\/9782840568605_1_75.jpg\" \/>\n\t<meta property=\"og:image:width\" content=\"340\" \/>\n\t<meta property=\"og:image:height\" content=\"340\" \/>\n\t<meta property=\"og:image:type\" content=\"image\/jpeg\" \/>\n<meta name=\"twitter:card\" content=\"summary_large_image\" \/>\n<meta name=\"twitter:label1\" content=\"Est. reading time\" \/>\n\t<meta name=\"twitter:data1\" content=\"1 minute\" \/>\n<script type=\"application\/ld+json\" class=\"yoast-schema-graph\">{\"@context\":\"https:\/\/schema.org\",\"@graph\":[{\"@type\":\"WebPage\",\"@id\":\"https:\/\/librairie7l.com\/en\/produit\/album-a-colorier-claude-closky\/\",\"url\":\"https:\/\/librairie7l.com\/en\/produit\/album-a-colorier-claude-closky\/\",\"name\":\"ALBUM \u00c0 COLORIER CLAUDE CLOSKY - Librairie 7L\",\"isPartOf\":{\"@id\":\"https:\/\/librairie7l.com\/en\/#website\"},\"datePublished\":\"2023-05-09T15:55:27+00:00\",\"dateModified\":\"2026-04-30T09:21:52+00:00\",\"breadcrumb\":{\"@id\":\"https:\/\/librairie7l.com\/en\/produit\/album-a-colorier-claude-closky\/#breadcrumb\"},\"inLanguage\":\"en-US\",\"potentialAction\":[{\"@type\":\"ReadAction\",\"target\":[\"https:\/\/librairie7l.com\/en\/produit\/album-a-colorier-claude-closky\/\"]}]},{\"@type\":\"BreadcrumbList\",\"@id\":\"https:\/\/librairie7l.com\/en\/produit\/album-a-colorier-claude-closky\/#breadcrumb\",\"itemListElement\":[{\"@type\":\"ListItem\",\"position\":1,\"name\":\"Accueil\",\"item\":\"https:\/\/librairie7l.com\/en\/\"},{\"@type\":\"ListItem\",\"position\":2,\"name\":\"Shop\",\"item\":\"https:\/\/librairie7l.com\/en\/shop\/\"},{\"@type\":\"ListItem\",\"position\":3,\"name\":\"ALBUM \u00c0 COLORIER CLAUDE CLOSKY\"}]},{\"@type\":\"WebSite\",\"@id\":\"https:\/\/librairie7l.com\/en\/#website\",\"url\":\"https:\/\/librairie7l.com\/en\/\",\"name\":\"Librairie 7L\",\"description\":\"Librairie fond\u00e9e en 1999 par Karl Lagerfeld \u00e0 Paris\",\"publisher\":{\"@id\":\"https:\/\/librairie7l.com\/en\/#organization\"},\"potentialAction\":[{\"@type\":\"SearchAction\",\"target\":{\"@type\":\"EntryPoint\",\"urlTemplate\":\"https:\/\/librairie7l.com\/en\/?s={search_term_string}\"},\"query-input\":\"required name=search_term_string\"}],\"inLanguage\":\"en-US\"},{\"@type\":\"Organization\",\"@id\":\"https:\/\/librairie7l.com\/en\/#organization\",\"name\":\"Librairie 7L\",\"url\":\"https:\/\/librairie7l.com\/en\/\",\"logo\":{\"@type\":\"ImageObject\",\"inLanguage\":\"en-US\",\"@id\":\"https:\/\/librairie7l.com\/en\/#\/schema\/logo\/image\/\",\"url\":\"https:\/\/librairie7l.com\/wp-content\/uploads\/2022\/08\/logo-1.png\",\"contentUrl\":\"https:\/\/librairie7l.com\/wp-content\/uploads\/2022\/08\/logo-1.png\",\"width\":227,\"height\":301,\"caption\":\"Librairie 7L\"},\"image\":{\"@id\":\"https:\/\/librairie7l.com\/en\/#\/schema\/logo\/image\/\"}}]}<\/script>\n<!-- \/ Yoast SEO plugin. -->","yoast_head_json":{"title":"ALBUM \u00c0 COLORIER CLAUDE CLOSKY - Librairie 7L","robots":{"index":"index","follow":"follow","max-snippet":"max-snippet:-1","max-image-preview":"max-image-preview:large","max-video-preview":"max-video-preview:-1"},"canonical":"https:\/\/librairie7l.com\/en\/produit\/album-a-colorier-claude-closky\/","og_locale":"en_US","og_type":"article","og_title":"ALBUM \u00c0 COLORIER CLAUDE CLOSKY - Librairie 7L","og_description":"Cr\u00e9ation originale des Beaux-Arts de Paris, ces albums font appel au talent des professeurs et artistes de l&#8217;\u00c9cole. Chaque album est compos\u00e9 d&#8217;oeuvres \u00e0 colorier reproduites en pleine page et introduit par un entretien avec une critique d&#8217;art. Ils permettent de d\u00e9couvrir le plaisir de la cr\u00e9ation avec une expertise et une p\u00e9dagogie propres \u00e0 [&hellip;]","og_url":"https:\/\/librairie7l.com\/en\/produit\/album-a-colorier-claude-closky\/","og_site_name":"Librairie 7L","article_modified_time":"2026-04-30T09:21:52+00:00","og_image":[{"width":340,"height":340,"url":"https:\/\/librairie7l.com\/wp-content\/uploads\/2023\/01\/9782840568605_1_75.jpg","type":"image\/jpeg"}],"twitter_card":"summary_large_image","twitter_misc":{"Est. reading time":"1 minute"},"schema":{"@context":"https:\/\/schema.org","@graph":[{"@type":"WebPage","@id":"https:\/\/librairie7l.com\/en\/produit\/album-a-colorier-claude-closky\/","url":"https:\/\/librairie7l.com\/en\/produit\/album-a-colorier-claude-closky\/","name":"ALBUM \u00c0 COLORIER CLAUDE CLOSKY - Librairie 7L","isPartOf":{"@id":"https:\/\/librairie7l.com\/en\/#website"},"datePublished":"2023-05-09T15:55:27+00:00","dateModified":"2026-04-30T09:21:52+00:00","breadcrumb":{"@id":"https:\/\/librairie7l.com\/en\/produit\/album-a-colorier-claude-closky\/#breadcrumb"},"inLanguage":"en-US","potentialAction":[{"@type":"ReadAction","target":["https:\/\/librairie7l.com\/en\/produit\/album-a-colorier-claude-closky\/"]}]},{"@type":"BreadcrumbList","@id":"https:\/\/librairie7l.com\/en\/produit\/album-a-colorier-claude-closky\/#breadcrumb","itemListElement":[{"@type":"ListItem","position":1,"name":"Accueil","item":"https:\/\/librairie7l.com\/en\/"},{"@type":"ListItem","position":2,"name":"Shop","item":"https:\/\/librairie7l.com\/en\/shop\/"},{"@type":"ListItem","position":3,"name":"ALBUM \u00c0 COLORIER CLAUDE CLOSKY"}]},{"@type":"WebSite","@id":"https:\/\/librairie7l.com\/en\/#website","url":"https:\/\/librairie7l.com\/en\/","name":"Librairie 7L","description":"Librairie fond\u00e9e en 1999 par Karl Lagerfeld \u00e0 Paris","publisher":{"@id":"https:\/\/librairie7l.com\/en\/#organization"},"potentialAction":[{"@type":"SearchAction","target":{"@type":"EntryPoint","urlTemplate":"https:\/\/librairie7l.com\/en\/?s={search_term_string}"},"query-input":"required name=search_term_string"}],"inLanguage":"en-US"},{"@type":"Organization","@id":"https:\/\/librairie7l.com\/en\/#organization","name":"Librairie 7L","url":"https:\/\/librairie7l.com\/en\/","logo":{"@type":"ImageObject","inLanguage":"en-US","@id":"https:\/\/librairie7l.com\/en\/#\/schema\/logo\/image\/","url":"https:\/\/librairie7l.com\/wp-content\/uploads\/2022\/08\/logo-1.png","contentUrl":"https:\/\/librairie7l.com\/wp-content\/uploads\/2022\/08\/logo-1.png","width":227,"height":301,"caption":"Librairie 7L"},"image":{"@id":"https:\/\/librairie7l.com\/en\/#\/schema\/logo\/image\/"}}]}},"_links":{"self":[{"href":"https:\/\/librairie7l.com\/en\/wp-json\/wp\/v2\/product\/19215"}],"collection":[{"href":"https:\/\/librairie7l.com\/en\/wp-json\/wp\/v2\/product"}],"about":[{"href":"https:\/\/librairie7l.com\/en\/wp-json\/wp\/v2\/types\/product"}],"wp:featuredmedia":[{"embeddable":true,"href":"https:\/\/librairie7l.com\/en\/wp-json\/wp\/v2\/media\/19213"}],"wp:attachment":[{"href":"https:\/\/librairie7l.com\/en\/wp-json\/wp\/v2\/media?parent=19215"}],"wp:term":[{"taxonomy":"product_cat","embeddable":true,"href":"https:\/\/librairie7l.com\/en\/wp-json\/wp\/v2\/product_cat?post=19215"},{"taxonomy":"product_tag","embeddable":true,"href":"https:\/\/librairie7l.com\/en\/wp-json\/wp\/v2\/product_tag?post=19215"}],"curies":[{"name":"wp","href":"https:\/\/api.w.org\/{rel}","templated":true}]}}