{"id":19343,"date":"2023-05-09T17:57:07","date_gmt":"2023-05-09T15:57:07","guid":{"rendered":"https:\/\/librairie7l.com\/?post_type=product&#038;p=19343"},"modified":"2026-04-12T18:05:53","modified_gmt":"2026-04-12T16:05:53","slug":"jacques-garcia-vingt-ans-de-passion-le-chateau-du-champ-de-bataille","status":"publish","type":"product","link":"https:\/\/librairie7l.com\/en\/produit\/jacques-garcia-vingt-ans-de-passion-le-chateau-du-champ-de-bataille\/","title":{"rendered":"JACQUES GARCIA, VINGT ANS DE PASSION ; LE CH\u00c2TEAU DU CHAMP DE BATAILLE"},"content":{"rendered":"<p>Surplombant majestueusement les riches terres de Normandie, le ch\u00e2teau du Champ de Bataille, propri\u00e9t\u00e9 de Jacques Garcia, constitue un v\u00e9ritable fleuron de l&#8217;architecture, du mobilier et du jardin \u00e0 la fran\u00e7aise des XVIIe et XVIIIe si\u00e8cles. Construit par le comte Alexandre de Cr\u00e9qui entre 1653 et 1665, ce somptueux ch\u00e2teau a \u00e9t\u00e9 achet\u00e9 par Jacques Garcia il y a vingt ans en bien mauvais \u00e9tat. C&#8217;est avec passion qu&#8217;il a entrepris la restauration du ch\u00e2teau pour lui rendre sa splendeur pass\u00e9e et en faire sa demeure. Les \u00e9l\u00e9gantes pi\u00e8ces du ch\u00e2teau sont pourvues d&#8217;une collection inestimable de peintures, de sculptures, de porcelaine, d&#8217;argenterie et de meubles dont beaucoup de pi\u00e8ces proviennent des collections de la Cour de France. De vastes et somptueux jardins, probablement dessin\u00e9s par Le N\u00f4tre et con\u00e7us par Jacques Garcia et son ami Patrick Pottier, s&#8217;\u00e9tendent sur plus de trente-huit hectares. Un prodigieux syst\u00e8me hydraulique \u00e9galant celui du ch\u00e2teau de Versailles alimente de magnifiques fontaines et bassins d&#8217;ornement. Des temples classiques, un th\u00e9\u00e2tre antique et des statues de marbre surprennent et \u00e9merveillent les visiteurs qui se prom\u00e8nent le long des all\u00e9es. Non loin, en contrebas, \u00e0 l&#8217;abri des regards, se dresse le tr\u00e8s secret pavillon des r\u00eaves, imagin\u00e9 et enti\u00e8rement construit par Jacques Garcia \u00e0 partir d&#8217;authentiques vestiges, v\u00e9ritable ode \u00e0 l&#8217;Inde moghole qu&#8217;il adore. Cet ouvrage superbement illustr\u00e9 sera une v\u00e9ritable d\u00e9couverte pour les sp\u00e9cialistes de l&#8217;art fran\u00e7ais et une source d&#8217;inspiration pour tous ceux qui se passionnent pour la d\u00e9coration d&#8217;int\u00e9rieur et l&#8217;art de la restauration.<\/p>\n","protected":false},"excerpt":{"rendered":"<p>Surplombant majestueusement les riches terres de Normandie, le ch\u00e2teau du Champ de Bataille, propri\u00e9t\u00e9 de Jacques Garcia, constitue un v\u00e9ritable fleuron de l&#8217;architecture, du mobilier et du jardin \u00e0 la fran\u00e7aise des XVIIe et XVIIIe si\u00e8cles. Construit par le comte Alexandre de Cr\u00e9qui entre 1653 et 1665, ce somptueux ch\u00e2teau a \u00e9t\u00e9 achet\u00e9 par Jacques [&hellip;]<\/p>\n","protected":false},"featured_media":19341,"template":"","meta":[],"product_cat":[2948,2951],"product_tag":[],"acf":[],"yoast_head":"<!-- This site is optimized with the Yoast SEO plugin v20.11 - https:\/\/yoast.com\/wordpress\/plugins\/seo\/ -->\n<title>JACQUES GARCIA, VINGT ANS DE PASSION ; LE CH\u00c2TEAU DU CHAMP DE BATAILLE - Librairie 7L<\/title>\n<meta name=\"robots\" content=\"index, follow, max-snippet:-1, max-image-preview:large, max-video-preview:-1\" \/>\n<link rel=\"canonical\" href=\"https:\/\/librairie7l.com\/en\/produit\/jacques-garcia-vingt-ans-de-passion-le-chateau-du-champ-de-bataille\/\" \/>\n<meta property=\"og:locale\" content=\"en_US\" \/>\n<meta property=\"og:type\" content=\"article\" \/>\n<meta property=\"og:title\" content=\"JACQUES GARCIA, VINGT ANS DE PASSION ; LE CH\u00c2TEAU DU CHAMP DE BATAILLE - Librairie 7L\" \/>\n<meta property=\"og:description\" content=\"Surplombant majestueusement les riches terres de Normandie, le ch\u00e2teau du Champ de Bataille, propri\u00e9t\u00e9 de Jacques Garcia, constitue un v\u00e9ritable fleuron de l&#8217;architecture, du mobilier et du jardin \u00e0 la fran\u00e7aise des XVIIe et XVIIIe si\u00e8cles. Construit par le comte Alexandre de Cr\u00e9qui entre 1653 et 1665, ce somptueux ch\u00e2teau a \u00e9t\u00e9 achet\u00e9 par Jacques [&hellip;]\" \/>\n<meta property=\"og:url\" content=\"https:\/\/librairie7l.com\/en\/produit\/jacques-garcia-vingt-ans-de-passion-le-chateau-du-champ-de-bataille\/\" \/>\n<meta property=\"og:site_name\" content=\"Librairie 7L\" \/>\n<meta property=\"article:modified_time\" content=\"2026-04-12T16:05:53+00:00\" \/>\n<meta property=\"og:image\" content=\"https:\/\/librairie7l.com\/wp-content\/uploads\/2013\/11\/9782081300170_1_75.jpg\" \/>\n\t<meta property=\"og:image:width\" content=\"600\" \/>\n\t<meta property=\"og:image:height\" content=\"766\" \/>\n\t<meta property=\"og:image:type\" content=\"image\/jpeg\" \/>\n<meta name=\"twitter:card\" content=\"summary_large_image\" \/>\n<meta name=\"twitter:label1\" content=\"Est. reading time\" \/>\n\t<meta name=\"twitter:data1\" content=\"1 minute\" \/>\n<script type=\"application\/ld+json\" class=\"yoast-schema-graph\">{\"@context\":\"https:\/\/schema.org\",\"@graph\":[{\"@type\":\"WebPage\",\"@id\":\"https:\/\/librairie7l.com\/en\/produit\/jacques-garcia-vingt-ans-de-passion-le-chateau-du-champ-de-bataille\/\",\"url\":\"https:\/\/librairie7l.com\/en\/produit\/jacques-garcia-vingt-ans-de-passion-le-chateau-du-champ-de-bataille\/\",\"name\":\"JACQUES GARCIA, VINGT ANS DE PASSION ; LE CH\u00c2TEAU DU CHAMP DE BATAILLE - Librairie 7L\",\"isPartOf\":{\"@id\":\"https:\/\/librairie7l.com\/en\/#website\"},\"datePublished\":\"2023-05-09T15:57:07+00:00\",\"dateModified\":\"2026-04-12T16:05:53+00:00\",\"breadcrumb\":{\"@id\":\"https:\/\/librairie7l.com\/en\/produit\/jacques-garcia-vingt-ans-de-passion-le-chateau-du-champ-de-bataille\/#breadcrumb\"},\"inLanguage\":\"en-US\",\"potentialAction\":[{\"@type\":\"ReadAction\",\"target\":[\"https:\/\/librairie7l.com\/en\/produit\/jacques-garcia-vingt-ans-de-passion-le-chateau-du-champ-de-bataille\/\"]}]},{\"@type\":\"BreadcrumbList\",\"@id\":\"https:\/\/librairie7l.com\/en\/produit\/jacques-garcia-vingt-ans-de-passion-le-chateau-du-champ-de-bataille\/#breadcrumb\",\"itemListElement\":[{\"@type\":\"ListItem\",\"position\":1,\"name\":\"Accueil\",\"item\":\"https:\/\/librairie7l.com\/en\/\"},{\"@type\":\"ListItem\",\"position\":2,\"name\":\"Shop\",\"item\":\"https:\/\/librairie7l.com\/en\/shop\/\"},{\"@type\":\"ListItem\",\"position\":3,\"name\":\"JACQUES GARCIA, VINGT ANS DE PASSION ; LE CH\u00c2TEAU DU CHAMP DE BATAILLE\"}]},{\"@type\":\"WebSite\",\"@id\":\"https:\/\/librairie7l.com\/en\/#website\",\"url\":\"https:\/\/librairie7l.com\/en\/\",\"name\":\"Librairie 7L\",\"description\":\"Librairie fond\u00e9e en 1999 par Karl Lagerfeld \u00e0 Paris\",\"publisher\":{\"@id\":\"https:\/\/librairie7l.com\/en\/#organization\"},\"potentialAction\":[{\"@type\":\"SearchAction\",\"target\":{\"@type\":\"EntryPoint\",\"urlTemplate\":\"https:\/\/librairie7l.com\/en\/?s={search_term_string}\"},\"query-input\":\"required name=search_term_string\"}],\"inLanguage\":\"en-US\"},{\"@type\":\"Organization\",\"@id\":\"https:\/\/librairie7l.com\/en\/#organization\",\"name\":\"Librairie 7L\",\"url\":\"https:\/\/librairie7l.com\/en\/\",\"logo\":{\"@type\":\"ImageObject\",\"inLanguage\":\"en-US\",\"@id\":\"https:\/\/librairie7l.com\/en\/#\/schema\/logo\/image\/\",\"url\":\"https:\/\/librairie7l.com\/wp-content\/uploads\/2022\/08\/logo-1.png\",\"contentUrl\":\"https:\/\/librairie7l.com\/wp-content\/uploads\/2022\/08\/logo-1.png\",\"width\":227,\"height\":301,\"caption\":\"Librairie 7L\"},\"image\":{\"@id\":\"https:\/\/librairie7l.com\/en\/#\/schema\/logo\/image\/\"}}]}<\/script>\n<!-- \/ Yoast SEO plugin. -->","yoast_head_json":{"title":"JACQUES GARCIA, VINGT ANS DE PASSION ; LE CH\u00c2TEAU DU CHAMP DE BATAILLE - Librairie 7L","robots":{"index":"index","follow":"follow","max-snippet":"max-snippet:-1","max-image-preview":"max-image-preview:large","max-video-preview":"max-video-preview:-1"},"canonical":"https:\/\/librairie7l.com\/en\/produit\/jacques-garcia-vingt-ans-de-passion-le-chateau-du-champ-de-bataille\/","og_locale":"en_US","og_type":"article","og_title":"JACQUES GARCIA, VINGT ANS DE PASSION ; LE CH\u00c2TEAU DU CHAMP DE BATAILLE - Librairie 7L","og_description":"Surplombant majestueusement les riches terres de Normandie, le ch\u00e2teau du Champ de Bataille, propri\u00e9t\u00e9 de Jacques Garcia, constitue un v\u00e9ritable fleuron de l&#8217;architecture, du mobilier et du jardin \u00e0 la fran\u00e7aise des XVIIe et XVIIIe si\u00e8cles. Construit par le comte Alexandre de Cr\u00e9qui entre 1653 et 1665, ce somptueux ch\u00e2teau a \u00e9t\u00e9 achet\u00e9 par Jacques [&hellip;]","og_url":"https:\/\/librairie7l.com\/en\/produit\/jacques-garcia-vingt-ans-de-passion-le-chateau-du-champ-de-bataille\/","og_site_name":"Librairie 7L","article_modified_time":"2026-04-12T16:05:53+00:00","og_image":[{"width":600,"height":766,"url":"https:\/\/librairie7l.com\/wp-content\/uploads\/2013\/11\/9782081300170_1_75.jpg","type":"image\/jpeg"}],"twitter_card":"summary_large_image","twitter_misc":{"Est. reading time":"1 minute"},"schema":{"@context":"https:\/\/schema.org","@graph":[{"@type":"WebPage","@id":"https:\/\/librairie7l.com\/en\/produit\/jacques-garcia-vingt-ans-de-passion-le-chateau-du-champ-de-bataille\/","url":"https:\/\/librairie7l.com\/en\/produit\/jacques-garcia-vingt-ans-de-passion-le-chateau-du-champ-de-bataille\/","name":"JACQUES GARCIA, VINGT ANS DE PASSION ; LE CH\u00c2TEAU DU CHAMP DE BATAILLE - Librairie 7L","isPartOf":{"@id":"https:\/\/librairie7l.com\/en\/#website"},"datePublished":"2023-05-09T15:57:07+00:00","dateModified":"2026-04-12T16:05:53+00:00","breadcrumb":{"@id":"https:\/\/librairie7l.com\/en\/produit\/jacques-garcia-vingt-ans-de-passion-le-chateau-du-champ-de-bataille\/#breadcrumb"},"inLanguage":"en-US","potentialAction":[{"@type":"ReadAction","target":["https:\/\/librairie7l.com\/en\/produit\/jacques-garcia-vingt-ans-de-passion-le-chateau-du-champ-de-bataille\/"]}]},{"@type":"BreadcrumbList","@id":"https:\/\/librairie7l.com\/en\/produit\/jacques-garcia-vingt-ans-de-passion-le-chateau-du-champ-de-bataille\/#breadcrumb","itemListElement":[{"@type":"ListItem","position":1,"name":"Accueil","item":"https:\/\/librairie7l.com\/en\/"},{"@type":"ListItem","position":2,"name":"Shop","item":"https:\/\/librairie7l.com\/en\/shop\/"},{"@type":"ListItem","position":3,"name":"JACQUES GARCIA, VINGT ANS DE PASSION ; LE CH\u00c2TEAU DU CHAMP DE BATAILLE"}]},{"@type":"WebSite","@id":"https:\/\/librairie7l.com\/en\/#website","url":"https:\/\/librairie7l.com\/en\/","name":"Librairie 7L","description":"Librairie fond\u00e9e en 1999 par Karl Lagerfeld \u00e0 Paris","publisher":{"@id":"https:\/\/librairie7l.com\/en\/#organization"},"potentialAction":[{"@type":"SearchAction","target":{"@type":"EntryPoint","urlTemplate":"https:\/\/librairie7l.com\/en\/?s={search_term_string}"},"query-input":"required name=search_term_string"}],"inLanguage":"en-US"},{"@type":"Organization","@id":"https:\/\/librairie7l.com\/en\/#organization","name":"Librairie 7L","url":"https:\/\/librairie7l.com\/en\/","logo":{"@type":"ImageObject","inLanguage":"en-US","@id":"https:\/\/librairie7l.com\/en\/#\/schema\/logo\/image\/","url":"https:\/\/librairie7l.com\/wp-content\/uploads\/2022\/08\/logo-1.png","contentUrl":"https:\/\/librairie7l.com\/wp-content\/uploads\/2022\/08\/logo-1.png","width":227,"height":301,"caption":"Librairie 7L"},"image":{"@id":"https:\/\/librairie7l.com\/en\/#\/schema\/logo\/image\/"}}]}},"_links":{"self":[{"href":"https:\/\/librairie7l.com\/en\/wp-json\/wp\/v2\/product\/19343"}],"collection":[{"href":"https:\/\/librairie7l.com\/en\/wp-json\/wp\/v2\/product"}],"about":[{"href":"https:\/\/librairie7l.com\/en\/wp-json\/wp\/v2\/types\/product"}],"wp:featuredmedia":[{"embeddable":true,"href":"https:\/\/librairie7l.com\/en\/wp-json\/wp\/v2\/media\/19341"}],"wp:attachment":[{"href":"https:\/\/librairie7l.com\/en\/wp-json\/wp\/v2\/media?parent=19343"}],"wp:term":[{"taxonomy":"product_cat","embeddable":true,"href":"https:\/\/librairie7l.com\/en\/wp-json\/wp\/v2\/product_cat?post=19343"},{"taxonomy":"product_tag","embeddable":true,"href":"https:\/\/librairie7l.com\/en\/wp-json\/wp\/v2\/product_tag?post=19343"}],"curies":[{"name":"wp","href":"https:\/\/api.w.org\/{rel}","templated":true}]}}