{"id":19347,"date":"2023-05-09T17:57:10","date_gmt":"2023-05-09T15:57:10","guid":{"rendered":"https:\/\/librairie7l.com\/?post_type=product&#038;p=19347"},"modified":"2026-04-05T07:06:39","modified_gmt":"2026-04-05T05:06:39","slug":"le-temps-chanel-3","status":"publish","type":"product","link":"https:\/\/librairie7l.com\/en\/produit\/le-temps-chanel-3\/","title":{"rendered":"LE TEMPS CHANEL"},"content":{"rendered":"<p>Elle s&#8217;appelait Gabrielle et elle allait r\u00e9volutionner l&#8217;allure des femmes. On la surnomma Coco puis Mademoiselle Chanel, consacrant ainsi une ic\u00f4ne de la mode au xxe si\u00e8cle. Edmonde Charles-Roux, romanci\u00e8re, pr\u00e9sidente de l&#8217;Acad\u00e9mie Goncourt, est partie \u00e0 la recherche de cette femme singuli\u00e8re, s\u00e9ductrice, artisane, femme d&#8217;affaires et visionnaire. Elle retrace ses d\u00e9buts de modiste, son ascension vertigineuse, nous d\u00e9peint ses proches, ses amies, ses amants, nous r\u00e9v\u00e8le ses sujets d&#8217;inspiration, nous montre toute son audace cr\u00e9atrice. Elle recr\u00e9e aussi toute une \u00e9poque en \u00e9voquant la condition des femmes, les moeurs et les modes, et s&#8217;attache aux grandes figures de la vie artistique et litt\u00e9raire. Elle dresse ainsi une galerie de portraits saisissants : Jean Cocteau, Diaghilev, Colette, Misia Sert, Paul Morand&#8230; tous ont crois\u00e9 la route de Coco Chanel. Une somme de photographies in\u00e9dites, de dessins de mode et de magnifiques portraits sign\u00e9s Horst, Irving Penn, Cecil Beaton illustrent cette fresque consacr\u00e9e \u00e0 un temps unique : le temps Chanel.<\/p>\n","protected":false},"excerpt":{"rendered":"<p>Elle s&#8217;appelait Gabrielle et elle allait r\u00e9volutionner l&#8217;allure des femmes. On la surnomma Coco puis Mademoiselle Chanel, consacrant ainsi une ic\u00f4ne de la mode au xxe si\u00e8cle. Edmonde Charles-Roux, romanci\u00e8re, pr\u00e9sidente de l&#8217;Acad\u00e9mie Goncourt, est partie \u00e0 la recherche de cette femme singuli\u00e8re, s\u00e9ductrice, artisane, femme d&#8217;affaires et visionnaire. Elle retrace ses d\u00e9buts de modiste, [&hellip;]<\/p>\n","protected":false},"featured_media":19345,"template":"","meta":[],"product_cat":[2948,2957],"product_tag":[],"acf":[],"yoast_head":"<!-- This site is optimized with the Yoast SEO plugin v20.11 - https:\/\/yoast.com\/wordpress\/plugins\/seo\/ -->\n<title>LE TEMPS CHANEL - Librairie 7L<\/title>\n<meta name=\"robots\" content=\"index, follow, max-snippet:-1, max-image-preview:large, max-video-preview:-1\" \/>\n<link rel=\"canonical\" href=\"https:\/\/librairie7l.com\/en\/produit\/le-temps-chanel-3\/\" \/>\n<meta property=\"og:locale\" content=\"en_US\" \/>\n<meta property=\"og:type\" content=\"article\" \/>\n<meta property=\"og:title\" content=\"LE TEMPS CHANEL - Librairie 7L\" \/>\n<meta property=\"og:description\" content=\"Elle s&#8217;appelait Gabrielle et elle allait r\u00e9volutionner l&#8217;allure des femmes. On la surnomma Coco puis Mademoiselle Chanel, consacrant ainsi une ic\u00f4ne de la mode au xxe si\u00e8cle. Edmonde Charles-Roux, romanci\u00e8re, pr\u00e9sidente de l&#8217;Acad\u00e9mie Goncourt, est partie \u00e0 la recherche de cette femme singuli\u00e8re, s\u00e9ductrice, artisane, femme d&#8217;affaires et visionnaire. Elle retrace ses d\u00e9buts de modiste, [&hellip;]\" \/>\n<meta property=\"og:url\" content=\"https:\/\/librairie7l.com\/en\/produit\/le-temps-chanel-3\/\" \/>\n<meta property=\"og:site_name\" content=\"Librairie 7L\" \/>\n<meta property=\"article:modified_time\" content=\"2026-04-05T05:06:39+00:00\" \/>\n<meta property=\"og:image\" content=\"https:\/\/librairie7l.com\/wp-content\/uploads\/2004\/09\/9782732431161_1_75.jpg\" \/>\n\t<meta property=\"og:image:width\" content=\"381\" \/>\n\t<meta property=\"og:image:height\" content=\"500\" \/>\n\t<meta property=\"og:image:type\" content=\"image\/jpeg\" \/>\n<meta name=\"twitter:card\" content=\"summary_large_image\" \/>\n<meta name=\"twitter:label1\" content=\"Est. reading time\" \/>\n\t<meta name=\"twitter:data1\" content=\"1 minute\" \/>\n<script type=\"application\/ld+json\" class=\"yoast-schema-graph\">{\"@context\":\"https:\/\/schema.org\",\"@graph\":[{\"@type\":\"WebPage\",\"@id\":\"https:\/\/librairie7l.com\/en\/produit\/le-temps-chanel-3\/\",\"url\":\"https:\/\/librairie7l.com\/en\/produit\/le-temps-chanel-3\/\",\"name\":\"LE TEMPS CHANEL - Librairie 7L\",\"isPartOf\":{\"@id\":\"https:\/\/librairie7l.com\/en\/#website\"},\"datePublished\":\"2023-05-09T15:57:10+00:00\",\"dateModified\":\"2026-04-05T05:06:39+00:00\",\"breadcrumb\":{\"@id\":\"https:\/\/librairie7l.com\/en\/produit\/le-temps-chanel-3\/#breadcrumb\"},\"inLanguage\":\"en-US\",\"potentialAction\":[{\"@type\":\"ReadAction\",\"target\":[\"https:\/\/librairie7l.com\/en\/produit\/le-temps-chanel-3\/\"]}]},{\"@type\":\"BreadcrumbList\",\"@id\":\"https:\/\/librairie7l.com\/en\/produit\/le-temps-chanel-3\/#breadcrumb\",\"itemListElement\":[{\"@type\":\"ListItem\",\"position\":1,\"name\":\"Accueil\",\"item\":\"https:\/\/librairie7l.com\/en\/\"},{\"@type\":\"ListItem\",\"position\":2,\"name\":\"Shop\",\"item\":\"https:\/\/librairie7l.com\/en\/shop\/\"},{\"@type\":\"ListItem\",\"position\":3,\"name\":\"LE TEMPS CHANEL\"}]},{\"@type\":\"WebSite\",\"@id\":\"https:\/\/librairie7l.com\/en\/#website\",\"url\":\"https:\/\/librairie7l.com\/en\/\",\"name\":\"Librairie 7L\",\"description\":\"Librairie fond\u00e9e en 1999 par Karl Lagerfeld \u00e0 Paris\",\"publisher\":{\"@id\":\"https:\/\/librairie7l.com\/en\/#organization\"},\"potentialAction\":[{\"@type\":\"SearchAction\",\"target\":{\"@type\":\"EntryPoint\",\"urlTemplate\":\"https:\/\/librairie7l.com\/en\/?s={search_term_string}\"},\"query-input\":\"required name=search_term_string\"}],\"inLanguage\":\"en-US\"},{\"@type\":\"Organization\",\"@id\":\"https:\/\/librairie7l.com\/en\/#organization\",\"name\":\"Librairie 7L\",\"url\":\"https:\/\/librairie7l.com\/en\/\",\"logo\":{\"@type\":\"ImageObject\",\"inLanguage\":\"en-US\",\"@id\":\"https:\/\/librairie7l.com\/en\/#\/schema\/logo\/image\/\",\"url\":\"https:\/\/librairie7l.com\/wp-content\/uploads\/2022\/08\/logo-1.png\",\"contentUrl\":\"https:\/\/librairie7l.com\/wp-content\/uploads\/2022\/08\/logo-1.png\",\"width\":227,\"height\":301,\"caption\":\"Librairie 7L\"},\"image\":{\"@id\":\"https:\/\/librairie7l.com\/en\/#\/schema\/logo\/image\/\"}}]}<\/script>\n<!-- \/ Yoast SEO plugin. -->","yoast_head_json":{"title":"LE TEMPS CHANEL - Librairie 7L","robots":{"index":"index","follow":"follow","max-snippet":"max-snippet:-1","max-image-preview":"max-image-preview:large","max-video-preview":"max-video-preview:-1"},"canonical":"https:\/\/librairie7l.com\/en\/produit\/le-temps-chanel-3\/","og_locale":"en_US","og_type":"article","og_title":"LE TEMPS CHANEL - Librairie 7L","og_description":"Elle s&#8217;appelait Gabrielle et elle allait r\u00e9volutionner l&#8217;allure des femmes. On la surnomma Coco puis Mademoiselle Chanel, consacrant ainsi une ic\u00f4ne de la mode au xxe si\u00e8cle. Edmonde Charles-Roux, romanci\u00e8re, pr\u00e9sidente de l&#8217;Acad\u00e9mie Goncourt, est partie \u00e0 la recherche de cette femme singuli\u00e8re, s\u00e9ductrice, artisane, femme d&#8217;affaires et visionnaire. Elle retrace ses d\u00e9buts de modiste, [&hellip;]","og_url":"https:\/\/librairie7l.com\/en\/produit\/le-temps-chanel-3\/","og_site_name":"Librairie 7L","article_modified_time":"2026-04-05T05:06:39+00:00","og_image":[{"width":381,"height":500,"url":"https:\/\/librairie7l.com\/wp-content\/uploads\/2004\/09\/9782732431161_1_75.jpg","type":"image\/jpeg"}],"twitter_card":"summary_large_image","twitter_misc":{"Est. reading time":"1 minute"},"schema":{"@context":"https:\/\/schema.org","@graph":[{"@type":"WebPage","@id":"https:\/\/librairie7l.com\/en\/produit\/le-temps-chanel-3\/","url":"https:\/\/librairie7l.com\/en\/produit\/le-temps-chanel-3\/","name":"LE TEMPS CHANEL - Librairie 7L","isPartOf":{"@id":"https:\/\/librairie7l.com\/en\/#website"},"datePublished":"2023-05-09T15:57:10+00:00","dateModified":"2026-04-05T05:06:39+00:00","breadcrumb":{"@id":"https:\/\/librairie7l.com\/en\/produit\/le-temps-chanel-3\/#breadcrumb"},"inLanguage":"en-US","potentialAction":[{"@type":"ReadAction","target":["https:\/\/librairie7l.com\/en\/produit\/le-temps-chanel-3\/"]}]},{"@type":"BreadcrumbList","@id":"https:\/\/librairie7l.com\/en\/produit\/le-temps-chanel-3\/#breadcrumb","itemListElement":[{"@type":"ListItem","position":1,"name":"Accueil","item":"https:\/\/librairie7l.com\/en\/"},{"@type":"ListItem","position":2,"name":"Shop","item":"https:\/\/librairie7l.com\/en\/shop\/"},{"@type":"ListItem","position":3,"name":"LE TEMPS CHANEL"}]},{"@type":"WebSite","@id":"https:\/\/librairie7l.com\/en\/#website","url":"https:\/\/librairie7l.com\/en\/","name":"Librairie 7L","description":"Librairie fond\u00e9e en 1999 par Karl Lagerfeld \u00e0 Paris","publisher":{"@id":"https:\/\/librairie7l.com\/en\/#organization"},"potentialAction":[{"@type":"SearchAction","target":{"@type":"EntryPoint","urlTemplate":"https:\/\/librairie7l.com\/en\/?s={search_term_string}"},"query-input":"required name=search_term_string"}],"inLanguage":"en-US"},{"@type":"Organization","@id":"https:\/\/librairie7l.com\/en\/#organization","name":"Librairie 7L","url":"https:\/\/librairie7l.com\/en\/","logo":{"@type":"ImageObject","inLanguage":"en-US","@id":"https:\/\/librairie7l.com\/en\/#\/schema\/logo\/image\/","url":"https:\/\/librairie7l.com\/wp-content\/uploads\/2022\/08\/logo-1.png","contentUrl":"https:\/\/librairie7l.com\/wp-content\/uploads\/2022\/08\/logo-1.png","width":227,"height":301,"caption":"Librairie 7L"},"image":{"@id":"https:\/\/librairie7l.com\/en\/#\/schema\/logo\/image\/"}}]}},"_links":{"self":[{"href":"https:\/\/librairie7l.com\/en\/wp-json\/wp\/v2\/product\/19347"}],"collection":[{"href":"https:\/\/librairie7l.com\/en\/wp-json\/wp\/v2\/product"}],"about":[{"href":"https:\/\/librairie7l.com\/en\/wp-json\/wp\/v2\/types\/product"}],"wp:featuredmedia":[{"embeddable":true,"href":"https:\/\/librairie7l.com\/en\/wp-json\/wp\/v2\/media\/19345"}],"wp:attachment":[{"href":"https:\/\/librairie7l.com\/en\/wp-json\/wp\/v2\/media?parent=19347"}],"wp:term":[{"taxonomy":"product_cat","embeddable":true,"href":"https:\/\/librairie7l.com\/en\/wp-json\/wp\/v2\/product_cat?post=19347"},{"taxonomy":"product_tag","embeddable":true,"href":"https:\/\/librairie7l.com\/en\/wp-json\/wp\/v2\/product_tag?post=19347"}],"curies":[{"name":"wp","href":"https:\/\/api.w.org\/{rel}","templated":true}]}}