{"id":19395,"date":"2023-05-09T17:57:51","date_gmt":"2023-05-09T15:57:51","guid":{"rendered":"https:\/\/librairie7l.com\/?post_type=product&#038;p=19395"},"modified":"2026-04-18T18:42:52","modified_gmt":"2026-04-18T16:42:52","slug":"voyage-a-chandigarh","status":"publish","type":"product","link":"https:\/\/librairie7l.com\/en\/produit\/voyage-a-chandigarh\/","title":{"rendered":"VOYAGE \u00c0 CHANDIGARH"},"content":{"rendered":"<p>Gr\u00e2ce aux photographies de Manuel Bougot, le lecteur part \u00e0 la d\u00e9couverte de Chandigarh, capitale du Punjab, o\u00f9 Le Corbusier a mis en oeuvre pour l&#8217;unique fois de sa vie ses th\u00e9ories urbaines \u00e0 l&#8217;\u00e9chelle d&#8217;une ville.<br \/>\nC&#8217;est \u00e0 Chandigarh, capitale indienne au pied de l&#8217;Himalaya, que Le Corbusier mit en oeuvre pour l&#8217;unique fois de sa vie ses th\u00e9ories urbaines \u00e0 l&#8217;\u00e9chelle d&#8217;une ville enti\u00e8re. En 1947, lors de la partition de l&#8217;Inde et du Pakistan, l&#8217;\u00e9tat du Punjab fut divis\u00e9 : Lahore, son ancienne capitale, \u00e9tant d\u00e9sormais au Pakistan, Nehru confia trois ans plus tard la construction d&#8217;une nouvelle capitale \u00e0 une \u00e9quipe dirig\u00e9e par Le Corbusier.<\/p>\n<p> En photographiant Chandigarh \u00e0 partir de 2010, l&#8217;intention de Manuel Bougot \u00e9tait de faire un portrait intime de la ville en figeant sur la pellicule exclusivement des int\u00e9rieurs priv\u00e9s et administratifs. Mais face \u00e0 l&#8217;architecture impressionnante des sites et notamment celle du Capitole Complex, qui regroupe la Haute cour de justice, l&#8217;Assembl\u00e9e l\u00e9gislative et le Secr\u00e9tariat g\u00e9n\u00e9ral, ce projet a \u00e9volu\u00e9 pour raconter cette ville que ses habitants appellent The City Beautiful.<\/p>\n<p> Manuel Bougot s&#8217;est attach\u00e9 \u00e0 montrer l&#8217;appropriation par les Indiens de cette architecture occidentale et, au-del\u00e0, la confrontation de deux cultures que tout semblerait opposer, faisant un \u00e9tat des lieux soixante ans apr\u00e8s la naissance de cette capitale pr\u00e9vue pour cinq cent mille habitants et qui en compte aujourd&#8217;hui plus de deux millions.<\/p>\n<p> \u00c0 des ann\u00e9es-lumi\u00e8re de l&#8217;id\u00e9e que l&#8217;on se fait des grandes villes indiennes, au coeur de la densit\u00e9 min\u00e9rale des b\u00e2timents en b\u00e9ton, Chandigarh exhibe de magnifiques espaces verts, des parcs luxuriants o\u00f9 \u00e9cureuils et singes se prom\u00e8nent en libert\u00e9 et o\u00f9 les habitants font leur jogging quotidien.<\/p>\n<p> C&#8217;est cette capitale originale, le plus grand chantier de Le Corbusier, que nous restitue le photographe, dans ce livre auquel contribuent \u00e9galement l&#8217;historienne de l&#8217;architecture Caroline Maniaque, et l&#8217;architecte indien Balkrishna Doshi, Pritzker prize 2018, qui accompagna Le Corbusier dans cette aventure hors norme.<\/p>\n","protected":false},"excerpt":{"rendered":"<p>Gr\u00e2ce aux photographies de Manuel Bougot, le lecteur part \u00e0 la d\u00e9couverte de Chandigarh, capitale du Punjab, o\u00f9 Le Corbusier a mis en oeuvre pour l&#8217;unique fois de sa vie ses th\u00e9ories urbaines \u00e0 l&#8217;\u00e9chelle d&#8217;une ville. C&#8217;est \u00e0 Chandigarh, capitale indienne au pied de l&#8217;Himalaya, que Le Corbusier mit en oeuvre pour l&#8217;unique fois [&hellip;]<\/p>\n","protected":false},"featured_media":19393,"template":"","meta":[],"product_cat":[2948,2958],"product_tag":[],"acf":[],"yoast_head":"<!-- This site is optimized with the Yoast SEO plugin v20.11 - https:\/\/yoast.com\/wordpress\/plugins\/seo\/ -->\n<title>VOYAGE \u00c0 CHANDIGARH - Librairie 7L<\/title>\n<meta name=\"robots\" content=\"index, follow, max-snippet:-1, max-image-preview:large, max-video-preview:-1\" \/>\n<link rel=\"canonical\" href=\"https:\/\/librairie7l.com\/en\/produit\/voyage-a-chandigarh\/\" \/>\n<meta property=\"og:locale\" content=\"en_US\" \/>\n<meta property=\"og:type\" content=\"article\" \/>\n<meta property=\"og:title\" content=\"VOYAGE \u00c0 CHANDIGARH - Librairie 7L\" \/>\n<meta property=\"og:description\" content=\"Gr\u00e2ce aux photographies de Manuel Bougot, le lecteur part \u00e0 la d\u00e9couverte de Chandigarh, capitale du Punjab, o\u00f9 Le Corbusier a mis en oeuvre pour l&#8217;unique fois de sa vie ses th\u00e9ories urbaines \u00e0 l&#8217;\u00e9chelle d&#8217;une ville. C&#8217;est \u00e0 Chandigarh, capitale indienne au pied de l&#8217;Himalaya, que Le Corbusier mit en oeuvre pour l&#8217;unique fois [&hellip;]\" \/>\n<meta property=\"og:url\" content=\"https:\/\/librairie7l.com\/en\/produit\/voyage-a-chandigarh\/\" \/>\n<meta property=\"og:site_name\" content=\"Librairie 7L\" \/>\n<meta property=\"article:modified_time\" content=\"2026-04-18T16:42:52+00:00\" \/>\n<meta property=\"og:image\" content=\"https:\/\/librairie7l.com\/wp-content\/uploads\/2019\/10\/9782757706848_1_75.jpg\" \/>\n\t<meta property=\"og:image:width\" content=\"600\" \/>\n\t<meta property=\"og:image:height\" content=\"718\" \/>\n\t<meta property=\"og:image:type\" content=\"image\/jpeg\" \/>\n<meta name=\"twitter:card\" content=\"summary_large_image\" \/>\n<meta name=\"twitter:label1\" content=\"Est. reading time\" \/>\n\t<meta name=\"twitter:data1\" content=\"2 minutes\" \/>\n<script type=\"application\/ld+json\" class=\"yoast-schema-graph\">{\"@context\":\"https:\/\/schema.org\",\"@graph\":[{\"@type\":\"WebPage\",\"@id\":\"https:\/\/librairie7l.com\/en\/produit\/voyage-a-chandigarh\/\",\"url\":\"https:\/\/librairie7l.com\/en\/produit\/voyage-a-chandigarh\/\",\"name\":\"VOYAGE \u00c0 CHANDIGARH - Librairie 7L\",\"isPartOf\":{\"@id\":\"https:\/\/librairie7l.com\/en\/#website\"},\"datePublished\":\"2023-05-09T15:57:51+00:00\",\"dateModified\":\"2026-04-18T16:42:52+00:00\",\"breadcrumb\":{\"@id\":\"https:\/\/librairie7l.com\/en\/produit\/voyage-a-chandigarh\/#breadcrumb\"},\"inLanguage\":\"en-US\",\"potentialAction\":[{\"@type\":\"ReadAction\",\"target\":[\"https:\/\/librairie7l.com\/en\/produit\/voyage-a-chandigarh\/\"]}]},{\"@type\":\"BreadcrumbList\",\"@id\":\"https:\/\/librairie7l.com\/en\/produit\/voyage-a-chandigarh\/#breadcrumb\",\"itemListElement\":[{\"@type\":\"ListItem\",\"position\":1,\"name\":\"Accueil\",\"item\":\"https:\/\/librairie7l.com\/en\/\"},{\"@type\":\"ListItem\",\"position\":2,\"name\":\"Shop\",\"item\":\"https:\/\/librairie7l.com\/en\/shop\/\"},{\"@type\":\"ListItem\",\"position\":3,\"name\":\"VOYAGE \u00c0 CHANDIGARH\"}]},{\"@type\":\"WebSite\",\"@id\":\"https:\/\/librairie7l.com\/en\/#website\",\"url\":\"https:\/\/librairie7l.com\/en\/\",\"name\":\"Librairie 7L\",\"description\":\"Librairie fond\u00e9e en 1999 par Karl Lagerfeld \u00e0 Paris\",\"publisher\":{\"@id\":\"https:\/\/librairie7l.com\/en\/#organization\"},\"potentialAction\":[{\"@type\":\"SearchAction\",\"target\":{\"@type\":\"EntryPoint\",\"urlTemplate\":\"https:\/\/librairie7l.com\/en\/?s={search_term_string}\"},\"query-input\":\"required name=search_term_string\"}],\"inLanguage\":\"en-US\"},{\"@type\":\"Organization\",\"@id\":\"https:\/\/librairie7l.com\/en\/#organization\",\"name\":\"Librairie 7L\",\"url\":\"https:\/\/librairie7l.com\/en\/\",\"logo\":{\"@type\":\"ImageObject\",\"inLanguage\":\"en-US\",\"@id\":\"https:\/\/librairie7l.com\/en\/#\/schema\/logo\/image\/\",\"url\":\"https:\/\/librairie7l.com\/wp-content\/uploads\/2022\/08\/logo-1.png\",\"contentUrl\":\"https:\/\/librairie7l.com\/wp-content\/uploads\/2022\/08\/logo-1.png\",\"width\":227,\"height\":301,\"caption\":\"Librairie 7L\"},\"image\":{\"@id\":\"https:\/\/librairie7l.com\/en\/#\/schema\/logo\/image\/\"}}]}<\/script>\n<!-- \/ Yoast SEO plugin. -->","yoast_head_json":{"title":"VOYAGE \u00c0 CHANDIGARH - Librairie 7L","robots":{"index":"index","follow":"follow","max-snippet":"max-snippet:-1","max-image-preview":"max-image-preview:large","max-video-preview":"max-video-preview:-1"},"canonical":"https:\/\/librairie7l.com\/en\/produit\/voyage-a-chandigarh\/","og_locale":"en_US","og_type":"article","og_title":"VOYAGE \u00c0 CHANDIGARH - Librairie 7L","og_description":"Gr\u00e2ce aux photographies de Manuel Bougot, le lecteur part \u00e0 la d\u00e9couverte de Chandigarh, capitale du Punjab, o\u00f9 Le Corbusier a mis en oeuvre pour l&#8217;unique fois de sa vie ses th\u00e9ories urbaines \u00e0 l&#8217;\u00e9chelle d&#8217;une ville. C&#8217;est \u00e0 Chandigarh, capitale indienne au pied de l&#8217;Himalaya, que Le Corbusier mit en oeuvre pour l&#8217;unique fois [&hellip;]","og_url":"https:\/\/librairie7l.com\/en\/produit\/voyage-a-chandigarh\/","og_site_name":"Librairie 7L","article_modified_time":"2026-04-18T16:42:52+00:00","og_image":[{"width":600,"height":718,"url":"https:\/\/librairie7l.com\/wp-content\/uploads\/2019\/10\/9782757706848_1_75.jpg","type":"image\/jpeg"}],"twitter_card":"summary_large_image","twitter_misc":{"Est. reading time":"2 minutes"},"schema":{"@context":"https:\/\/schema.org","@graph":[{"@type":"WebPage","@id":"https:\/\/librairie7l.com\/en\/produit\/voyage-a-chandigarh\/","url":"https:\/\/librairie7l.com\/en\/produit\/voyage-a-chandigarh\/","name":"VOYAGE \u00c0 CHANDIGARH - Librairie 7L","isPartOf":{"@id":"https:\/\/librairie7l.com\/en\/#website"},"datePublished":"2023-05-09T15:57:51+00:00","dateModified":"2026-04-18T16:42:52+00:00","breadcrumb":{"@id":"https:\/\/librairie7l.com\/en\/produit\/voyage-a-chandigarh\/#breadcrumb"},"inLanguage":"en-US","potentialAction":[{"@type":"ReadAction","target":["https:\/\/librairie7l.com\/en\/produit\/voyage-a-chandigarh\/"]}]},{"@type":"BreadcrumbList","@id":"https:\/\/librairie7l.com\/en\/produit\/voyage-a-chandigarh\/#breadcrumb","itemListElement":[{"@type":"ListItem","position":1,"name":"Accueil","item":"https:\/\/librairie7l.com\/en\/"},{"@type":"ListItem","position":2,"name":"Shop","item":"https:\/\/librairie7l.com\/en\/shop\/"},{"@type":"ListItem","position":3,"name":"VOYAGE \u00c0 CHANDIGARH"}]},{"@type":"WebSite","@id":"https:\/\/librairie7l.com\/en\/#website","url":"https:\/\/librairie7l.com\/en\/","name":"Librairie 7L","description":"Librairie fond\u00e9e en 1999 par Karl Lagerfeld \u00e0 Paris","publisher":{"@id":"https:\/\/librairie7l.com\/en\/#organization"},"potentialAction":[{"@type":"SearchAction","target":{"@type":"EntryPoint","urlTemplate":"https:\/\/librairie7l.com\/en\/?s={search_term_string}"},"query-input":"required name=search_term_string"}],"inLanguage":"en-US"},{"@type":"Organization","@id":"https:\/\/librairie7l.com\/en\/#organization","name":"Librairie 7L","url":"https:\/\/librairie7l.com\/en\/","logo":{"@type":"ImageObject","inLanguage":"en-US","@id":"https:\/\/librairie7l.com\/en\/#\/schema\/logo\/image\/","url":"https:\/\/librairie7l.com\/wp-content\/uploads\/2022\/08\/logo-1.png","contentUrl":"https:\/\/librairie7l.com\/wp-content\/uploads\/2022\/08\/logo-1.png","width":227,"height":301,"caption":"Librairie 7L"},"image":{"@id":"https:\/\/librairie7l.com\/en\/#\/schema\/logo\/image\/"}}]}},"_links":{"self":[{"href":"https:\/\/librairie7l.com\/en\/wp-json\/wp\/v2\/product\/19395"}],"collection":[{"href":"https:\/\/librairie7l.com\/en\/wp-json\/wp\/v2\/product"}],"about":[{"href":"https:\/\/librairie7l.com\/en\/wp-json\/wp\/v2\/types\/product"}],"wp:featuredmedia":[{"embeddable":true,"href":"https:\/\/librairie7l.com\/en\/wp-json\/wp\/v2\/media\/19393"}],"wp:attachment":[{"href":"https:\/\/librairie7l.com\/en\/wp-json\/wp\/v2\/media?parent=19395"}],"wp:term":[{"taxonomy":"product_cat","embeddable":true,"href":"https:\/\/librairie7l.com\/en\/wp-json\/wp\/v2\/product_cat?post=19395"},{"taxonomy":"product_tag","embeddable":true,"href":"https:\/\/librairie7l.com\/en\/wp-json\/wp\/v2\/product_tag?post=19395"}],"curies":[{"name":"wp","href":"https:\/\/api.w.org\/{rel}","templated":true}]}}