{"id":19479,"date":"2023-05-09T17:59:01","date_gmt":"2023-05-09T15:59:01","guid":{"rendered":"https:\/\/librairie7l.com\/?post_type=product&#038;p=19479"},"modified":"2026-04-18T08:47:56","modified_gmt":"2026-04-18T06:47:56","slug":"le-duc-daumale-et-chantilly-photographie-du-xixe-siecle","status":"publish","type":"product","link":"https:\/\/librairie7l.com\/en\/produit\/le-duc-daumale-et-chantilly-photographie-du-xixe-siecle\/","title":{"rendered":"LE DUC D&#8217;AUMALE ET CHANTILLY : PHOTOGRAPHIE DU XIXE SI\u00c8CLE"},"content":{"rendered":"<p>Cinqui\u00e8me fils du dernier roi des Fran\u00e7ais, Henri d&#8217;Orl\u00e9ans, duc d&#8217;Aumale (1822-1897) h\u00e9rite \u00e0 l&#8217;\u00e2ge de huit ans du ch\u00e2teau de Chantilly l\u00e9gu\u00e9 par son grand-oncle le dernier prince de Cond\u00e9 (1756-1830). Donateur de Chantilly \u00e0 l&#8217;Institut de France, le duc d&#8217;Aumale est l&#8217;un des plus grands collectionneurs du XIXe si\u00e8cle. D\u00e8s 1872, il fait photographier l&#8217;ensemble du domaine par Claudius Couton, puis fait reconstruire en 1875 par son architecte Honor\u00e9 Daumet l&#8217;aile qui avait \u00e9t\u00e9 ras\u00e9e apr\u00e8s la R\u00e9volution et y installe les collections du futur mus\u00e9e Cond\u00e9. Apr\u00e8s la reconstruction, Alphonse Chalot (1846-1893), photographe parisien originaire de Chantilly, photographie le site en 1885-1886. Le duc d&#8217;Aumale appr\u00e9cie la photographie \u00e0 la fois comme art et comme technique.<\/p>\n","protected":false},"excerpt":{"rendered":"<p>Cinqui\u00e8me fils du dernier roi des Fran\u00e7ais, Henri d&#8217;Orl\u00e9ans, duc d&#8217;Aumale (1822-1897) h\u00e9rite \u00e0 l&#8217;\u00e2ge de huit ans du ch\u00e2teau de Chantilly l\u00e9gu\u00e9 par son grand-oncle le dernier prince de Cond\u00e9 (1756-1830). Donateur de Chantilly \u00e0 l&#8217;Institut de France, le duc d&#8217;Aumale est l&#8217;un des plus grands collectionneurs du XIXe si\u00e8cle. D\u00e8s 1872, il fait [&hellip;]<\/p>\n","protected":false},"featured_media":48910,"template":"","meta":[],"product_cat":[2948,2953],"product_tag":[],"acf":[],"yoast_head":"<!-- This site is optimized with the Yoast SEO plugin v20.11 - https:\/\/yoast.com\/wordpress\/plugins\/seo\/ -->\n<title>LE DUC D&#039;AUMALE ET CHANTILLY : PHOTOGRAPHIE DU XIXE SI\u00c8CLE - Librairie 7L<\/title>\n<meta name=\"robots\" content=\"index, follow, max-snippet:-1, max-image-preview:large, max-video-preview:-1\" \/>\n<link rel=\"canonical\" href=\"https:\/\/librairie7l.com\/en\/produit\/le-duc-daumale-et-chantilly-photographie-du-xixe-siecle\/\" \/>\n<meta property=\"og:locale\" content=\"en_US\" \/>\n<meta property=\"og:type\" content=\"article\" \/>\n<meta property=\"og:title\" content=\"LE DUC D&#039;AUMALE ET CHANTILLY : PHOTOGRAPHIE DU XIXE SI\u00c8CLE - Librairie 7L\" \/>\n<meta property=\"og:description\" content=\"Cinqui\u00e8me fils du dernier roi des Fran\u00e7ais, Henri d&#8217;Orl\u00e9ans, duc d&#8217;Aumale (1822-1897) h\u00e9rite \u00e0 l&#8217;\u00e2ge de huit ans du ch\u00e2teau de Chantilly l\u00e9gu\u00e9 par son grand-oncle le dernier prince de Cond\u00e9 (1756-1830). Donateur de Chantilly \u00e0 l&#8217;Institut de France, le duc d&#8217;Aumale est l&#8217;un des plus grands collectionneurs du XIXe si\u00e8cle. D\u00e8s 1872, il fait [&hellip;]\" \/>\n<meta property=\"og:url\" content=\"https:\/\/librairie7l.com\/en\/produit\/le-duc-daumale-et-chantilly-photographie-du-xixe-siecle\/\" \/>\n<meta property=\"og:site_name\" content=\"Librairie 7L\" \/>\n<meta property=\"article:modified_time\" content=\"2026-04-18T06:47:56+00:00\" \/>\n<meta name=\"twitter:card\" content=\"summary_large_image\" \/>\n<meta name=\"twitter:label1\" content=\"Est. reading time\" \/>\n\t<meta name=\"twitter:data1\" content=\"1 minute\" \/>\n<script type=\"application\/ld+json\" class=\"yoast-schema-graph\">{\"@context\":\"https:\/\/schema.org\",\"@graph\":[{\"@type\":\"WebPage\",\"@id\":\"https:\/\/librairie7l.com\/en\/produit\/le-duc-daumale-et-chantilly-photographie-du-xixe-siecle\/\",\"url\":\"https:\/\/librairie7l.com\/en\/produit\/le-duc-daumale-et-chantilly-photographie-du-xixe-siecle\/\",\"name\":\"LE DUC D'AUMALE ET CHANTILLY : PHOTOGRAPHIE DU XIXE SI\u00c8CLE - Librairie 7L\",\"isPartOf\":{\"@id\":\"https:\/\/librairie7l.com\/en\/#website\"},\"datePublished\":\"2023-05-09T15:59:01+00:00\",\"dateModified\":\"2026-04-18T06:47:56+00:00\",\"breadcrumb\":{\"@id\":\"https:\/\/librairie7l.com\/en\/produit\/le-duc-daumale-et-chantilly-photographie-du-xixe-siecle\/#breadcrumb\"},\"inLanguage\":\"en-US\",\"potentialAction\":[{\"@type\":\"ReadAction\",\"target\":[\"https:\/\/librairie7l.com\/en\/produit\/le-duc-daumale-et-chantilly-photographie-du-xixe-siecle\/\"]}]},{\"@type\":\"BreadcrumbList\",\"@id\":\"https:\/\/librairie7l.com\/en\/produit\/le-duc-daumale-et-chantilly-photographie-du-xixe-siecle\/#breadcrumb\",\"itemListElement\":[{\"@type\":\"ListItem\",\"position\":1,\"name\":\"Accueil\",\"item\":\"https:\/\/librairie7l.com\/en\/\"},{\"@type\":\"ListItem\",\"position\":2,\"name\":\"Shop\",\"item\":\"https:\/\/librairie7l.com\/en\/shop\/\"},{\"@type\":\"ListItem\",\"position\":3,\"name\":\"LE DUC D&#8217;AUMALE ET CHANTILLY : PHOTOGRAPHIE DU XIXE SI\u00c8CLE\"}]},{\"@type\":\"WebSite\",\"@id\":\"https:\/\/librairie7l.com\/en\/#website\",\"url\":\"https:\/\/librairie7l.com\/en\/\",\"name\":\"Librairie 7L\",\"description\":\"Librairie fond\u00e9e en 1999 par Karl Lagerfeld \u00e0 Paris\",\"publisher\":{\"@id\":\"https:\/\/librairie7l.com\/en\/#organization\"},\"potentialAction\":[{\"@type\":\"SearchAction\",\"target\":{\"@type\":\"EntryPoint\",\"urlTemplate\":\"https:\/\/librairie7l.com\/en\/?s={search_term_string}\"},\"query-input\":\"required name=search_term_string\"}],\"inLanguage\":\"en-US\"},{\"@type\":\"Organization\",\"@id\":\"https:\/\/librairie7l.com\/en\/#organization\",\"name\":\"Librairie 7L\",\"url\":\"https:\/\/librairie7l.com\/en\/\",\"logo\":{\"@type\":\"ImageObject\",\"inLanguage\":\"en-US\",\"@id\":\"https:\/\/librairie7l.com\/en\/#\/schema\/logo\/image\/\",\"url\":\"https:\/\/librairie7l.com\/wp-content\/uploads\/2022\/08\/logo-1.png\",\"contentUrl\":\"https:\/\/librairie7l.com\/wp-content\/uploads\/2022\/08\/logo-1.png\",\"width\":227,\"height\":301,\"caption\":\"Librairie 7L\"},\"image\":{\"@id\":\"https:\/\/librairie7l.com\/en\/#\/schema\/logo\/image\/\"}}]}<\/script>\n<!-- \/ Yoast SEO plugin. -->","yoast_head_json":{"title":"LE DUC D'AUMALE ET CHANTILLY : PHOTOGRAPHIE DU XIXE SI\u00c8CLE - Librairie 7L","robots":{"index":"index","follow":"follow","max-snippet":"max-snippet:-1","max-image-preview":"max-image-preview:large","max-video-preview":"max-video-preview:-1"},"canonical":"https:\/\/librairie7l.com\/en\/produit\/le-duc-daumale-et-chantilly-photographie-du-xixe-siecle\/","og_locale":"en_US","og_type":"article","og_title":"LE DUC D'AUMALE ET CHANTILLY : PHOTOGRAPHIE DU XIXE SI\u00c8CLE - Librairie 7L","og_description":"Cinqui\u00e8me fils du dernier roi des Fran\u00e7ais, Henri d&#8217;Orl\u00e9ans, duc d&#8217;Aumale (1822-1897) h\u00e9rite \u00e0 l&#8217;\u00e2ge de huit ans du ch\u00e2teau de Chantilly l\u00e9gu\u00e9 par son grand-oncle le dernier prince de Cond\u00e9 (1756-1830). Donateur de Chantilly \u00e0 l&#8217;Institut de France, le duc d&#8217;Aumale est l&#8217;un des plus grands collectionneurs du XIXe si\u00e8cle. D\u00e8s 1872, il fait [&hellip;]","og_url":"https:\/\/librairie7l.com\/en\/produit\/le-duc-daumale-et-chantilly-photographie-du-xixe-siecle\/","og_site_name":"Librairie 7L","article_modified_time":"2026-04-18T06:47:56+00:00","twitter_card":"summary_large_image","twitter_misc":{"Est. reading time":"1 minute"},"schema":{"@context":"https:\/\/schema.org","@graph":[{"@type":"WebPage","@id":"https:\/\/librairie7l.com\/en\/produit\/le-duc-daumale-et-chantilly-photographie-du-xixe-siecle\/","url":"https:\/\/librairie7l.com\/en\/produit\/le-duc-daumale-et-chantilly-photographie-du-xixe-siecle\/","name":"LE DUC D'AUMALE ET CHANTILLY : PHOTOGRAPHIE DU XIXE SI\u00c8CLE - Librairie 7L","isPartOf":{"@id":"https:\/\/librairie7l.com\/en\/#website"},"datePublished":"2023-05-09T15:59:01+00:00","dateModified":"2026-04-18T06:47:56+00:00","breadcrumb":{"@id":"https:\/\/librairie7l.com\/en\/produit\/le-duc-daumale-et-chantilly-photographie-du-xixe-siecle\/#breadcrumb"},"inLanguage":"en-US","potentialAction":[{"@type":"ReadAction","target":["https:\/\/librairie7l.com\/en\/produit\/le-duc-daumale-et-chantilly-photographie-du-xixe-siecle\/"]}]},{"@type":"BreadcrumbList","@id":"https:\/\/librairie7l.com\/en\/produit\/le-duc-daumale-et-chantilly-photographie-du-xixe-siecle\/#breadcrumb","itemListElement":[{"@type":"ListItem","position":1,"name":"Accueil","item":"https:\/\/librairie7l.com\/en\/"},{"@type":"ListItem","position":2,"name":"Shop","item":"https:\/\/librairie7l.com\/en\/shop\/"},{"@type":"ListItem","position":3,"name":"LE DUC D&#8217;AUMALE ET CHANTILLY : PHOTOGRAPHIE DU XIXE SI\u00c8CLE"}]},{"@type":"WebSite","@id":"https:\/\/librairie7l.com\/en\/#website","url":"https:\/\/librairie7l.com\/en\/","name":"Librairie 7L","description":"Librairie fond\u00e9e en 1999 par Karl Lagerfeld \u00e0 Paris","publisher":{"@id":"https:\/\/librairie7l.com\/en\/#organization"},"potentialAction":[{"@type":"SearchAction","target":{"@type":"EntryPoint","urlTemplate":"https:\/\/librairie7l.com\/en\/?s={search_term_string}"},"query-input":"required name=search_term_string"}],"inLanguage":"en-US"},{"@type":"Organization","@id":"https:\/\/librairie7l.com\/en\/#organization","name":"Librairie 7L","url":"https:\/\/librairie7l.com\/en\/","logo":{"@type":"ImageObject","inLanguage":"en-US","@id":"https:\/\/librairie7l.com\/en\/#\/schema\/logo\/image\/","url":"https:\/\/librairie7l.com\/wp-content\/uploads\/2022\/08\/logo-1.png","contentUrl":"https:\/\/librairie7l.com\/wp-content\/uploads\/2022\/08\/logo-1.png","width":227,"height":301,"caption":"Librairie 7L"},"image":{"@id":"https:\/\/librairie7l.com\/en\/#\/schema\/logo\/image\/"}}]}},"_links":{"self":[{"href":"https:\/\/librairie7l.com\/en\/wp-json\/wp\/v2\/product\/19479"}],"collection":[{"href":"https:\/\/librairie7l.com\/en\/wp-json\/wp\/v2\/product"}],"about":[{"href":"https:\/\/librairie7l.com\/en\/wp-json\/wp\/v2\/types\/product"}],"wp:featuredmedia":[{"embeddable":true,"href":"https:\/\/librairie7l.com\/en\/wp-json\/wp\/v2\/media\/48910"}],"wp:attachment":[{"href":"https:\/\/librairie7l.com\/en\/wp-json\/wp\/v2\/media?parent=19479"}],"wp:term":[{"taxonomy":"product_cat","embeddable":true,"href":"https:\/\/librairie7l.com\/en\/wp-json\/wp\/v2\/product_cat?post=19479"},{"taxonomy":"product_tag","embeddable":true,"href":"https:\/\/librairie7l.com\/en\/wp-json\/wp\/v2\/product_tag?post=19479"}],"curies":[{"name":"wp","href":"https:\/\/api.w.org\/{rel}","templated":true}]}}