{"id":19519,"date":"2023-05-09T17:59:33","date_gmt":"2023-05-09T15:59:33","guid":{"rendered":"https:\/\/librairie7l.com\/?post_type=product&#038;p=19519"},"modified":"2026-04-29T16:06:41","modified_gmt":"2026-04-29T14:06:41","slug":"les-ballets-russes-de-diaghilev-2","status":"publish","type":"product","link":"https:\/\/librairie7l.com\/en\/produit\/les-ballets-russes-de-diaghilev-2\/","title":{"rendered":"LES BALLETS RUSSES DE DIAGHILEV"},"content":{"rendered":"<p>Impr\u00e9sario visionnaire, russe, diaghilev porte au plus haut niveau l&#8217;art du ballet dans le Paris, catalyseur des talents, des ann\u00e9es 1909 \u00e0 1930.<br \/>\nSous la banni\u00e8re des Ballets Russes, il capte le g\u00e9nie de danseurs, chor\u00e9graphes, peintres, musiciens et interpr\u00e8tes aux noms \u00e9vocateurs : Pavlova, Karsavina, Fokine, Nijinsky, Massine, Picasso, Matisse, Cocteau, Man Ray, Bakst, gontcharova, Benois, Chanel, Paquin, stravinsky, debussy, Prokofiev&#8230;<br \/>\nBas\u00e9s \u00e0 Monte-Carlo, les Ballets Russes feront conna\u00eetre et rayonner, en europe et en am\u00e9rique, une Russie dans laquelle ils ne se produiront jamais.<br \/>\nCe livre, fruit du travail scientifique de conservateurs passionn\u00e9s fait conna\u00eetre tous les aspects des productions de cette troupe mythique.<\/p>\n","protected":false},"excerpt":{"rendered":"<p>Impr\u00e9sario visionnaire, russe, diaghilev porte au plus haut niveau l&#8217;art du ballet dans le Paris, catalyseur des talents, des ann\u00e9es 1909 \u00e0 1930. Sous la banni\u00e8re des Ballets Russes, il capte le g\u00e9nie de danseurs, chor\u00e9graphes, peintres, musiciens et interpr\u00e8tes aux noms \u00e9vocateurs : Pavlova, Karsavina, Fokine, Nijinsky, Massine, Picasso, Matisse, Cocteau, Man Ray, Bakst, [&hellip;]<\/p>\n","protected":false},"featured_media":19517,"template":"","meta":[],"product_cat":[2948,2953],"product_tag":[],"acf":[],"yoast_head":"<!-- This site is optimized with the Yoast SEO plugin v20.11 - https:\/\/yoast.com\/wordpress\/plugins\/seo\/ -->\n<title>LES BALLETS RUSSES DE DIAGHILEV - Librairie 7L<\/title>\n<meta name=\"robots\" content=\"index, follow, max-snippet:-1, max-image-preview:large, max-video-preview:-1\" \/>\n<link rel=\"canonical\" href=\"https:\/\/librairie7l.com\/en\/produit\/les-ballets-russes-de-diaghilev-2\/\" \/>\n<meta property=\"og:locale\" content=\"en_US\" \/>\n<meta property=\"og:type\" content=\"article\" \/>\n<meta property=\"og:title\" content=\"LES BALLETS RUSSES DE DIAGHILEV - Librairie 7L\" \/>\n<meta property=\"og:description\" content=\"Impr\u00e9sario visionnaire, russe, diaghilev porte au plus haut niveau l&#8217;art du ballet dans le Paris, catalyseur des talents, des ann\u00e9es 1909 \u00e0 1930. Sous la banni\u00e8re des Ballets Russes, il capte le g\u00e9nie de danseurs, chor\u00e9graphes, peintres, musiciens et interpr\u00e8tes aux noms \u00e9vocateurs : Pavlova, Karsavina, Fokine, Nijinsky, Massine, Picasso, Matisse, Cocteau, Man Ray, Bakst, [&hellip;]\" \/>\n<meta property=\"og:url\" content=\"https:\/\/librairie7l.com\/en\/produit\/les-ballets-russes-de-diaghilev-2\/\" \/>\n<meta property=\"og:site_name\" content=\"Librairie 7L\" \/>\n<meta property=\"article:modified_time\" content=\"2026-04-29T14:06:41+00:00\" \/>\n<meta property=\"og:image\" content=\"https:\/\/librairie7l.com\/wp-content\/uploads\/2011\/06\/9782903824754_1_75.jpg\" \/>\n\t<meta property=\"og:image:width\" content=\"500\" \/>\n\t<meta property=\"og:image:height\" content=\"645\" \/>\n\t<meta property=\"og:image:type\" content=\"image\/jpeg\" \/>\n<meta name=\"twitter:card\" content=\"summary_large_image\" \/>\n<meta name=\"twitter:label1\" content=\"Est. reading time\" \/>\n\t<meta name=\"twitter:data1\" content=\"1 minute\" \/>\n<script type=\"application\/ld+json\" class=\"yoast-schema-graph\">{\"@context\":\"https:\/\/schema.org\",\"@graph\":[{\"@type\":\"WebPage\",\"@id\":\"https:\/\/librairie7l.com\/en\/produit\/les-ballets-russes-de-diaghilev-2\/\",\"url\":\"https:\/\/librairie7l.com\/en\/produit\/les-ballets-russes-de-diaghilev-2\/\",\"name\":\"LES BALLETS RUSSES DE DIAGHILEV - Librairie 7L\",\"isPartOf\":{\"@id\":\"https:\/\/librairie7l.com\/en\/#website\"},\"datePublished\":\"2023-05-09T15:59:33+00:00\",\"dateModified\":\"2026-04-29T14:06:41+00:00\",\"breadcrumb\":{\"@id\":\"https:\/\/librairie7l.com\/en\/produit\/les-ballets-russes-de-diaghilev-2\/#breadcrumb\"},\"inLanguage\":\"en-US\",\"potentialAction\":[{\"@type\":\"ReadAction\",\"target\":[\"https:\/\/librairie7l.com\/en\/produit\/les-ballets-russes-de-diaghilev-2\/\"]}]},{\"@type\":\"BreadcrumbList\",\"@id\":\"https:\/\/librairie7l.com\/en\/produit\/les-ballets-russes-de-diaghilev-2\/#breadcrumb\",\"itemListElement\":[{\"@type\":\"ListItem\",\"position\":1,\"name\":\"Accueil\",\"item\":\"https:\/\/librairie7l.com\/en\/\"},{\"@type\":\"ListItem\",\"position\":2,\"name\":\"Shop\",\"item\":\"https:\/\/librairie7l.com\/en\/shop\/\"},{\"@type\":\"ListItem\",\"position\":3,\"name\":\"LES BALLETS RUSSES DE DIAGHILEV\"}]},{\"@type\":\"WebSite\",\"@id\":\"https:\/\/librairie7l.com\/en\/#website\",\"url\":\"https:\/\/librairie7l.com\/en\/\",\"name\":\"Librairie 7L\",\"description\":\"Librairie fond\u00e9e en 1999 par Karl Lagerfeld \u00e0 Paris\",\"publisher\":{\"@id\":\"https:\/\/librairie7l.com\/en\/#organization\"},\"potentialAction\":[{\"@type\":\"SearchAction\",\"target\":{\"@type\":\"EntryPoint\",\"urlTemplate\":\"https:\/\/librairie7l.com\/en\/?s={search_term_string}\"},\"query-input\":\"required name=search_term_string\"}],\"inLanguage\":\"en-US\"},{\"@type\":\"Organization\",\"@id\":\"https:\/\/librairie7l.com\/en\/#organization\",\"name\":\"Librairie 7L\",\"url\":\"https:\/\/librairie7l.com\/en\/\",\"logo\":{\"@type\":\"ImageObject\",\"inLanguage\":\"en-US\",\"@id\":\"https:\/\/librairie7l.com\/en\/#\/schema\/logo\/image\/\",\"url\":\"https:\/\/librairie7l.com\/wp-content\/uploads\/2022\/08\/logo-1.png\",\"contentUrl\":\"https:\/\/librairie7l.com\/wp-content\/uploads\/2022\/08\/logo-1.png\",\"width\":227,\"height\":301,\"caption\":\"Librairie 7L\"},\"image\":{\"@id\":\"https:\/\/librairie7l.com\/en\/#\/schema\/logo\/image\/\"}}]}<\/script>\n<!-- \/ Yoast SEO plugin. -->","yoast_head_json":{"title":"LES BALLETS RUSSES DE DIAGHILEV - Librairie 7L","robots":{"index":"index","follow":"follow","max-snippet":"max-snippet:-1","max-image-preview":"max-image-preview:large","max-video-preview":"max-video-preview:-1"},"canonical":"https:\/\/librairie7l.com\/en\/produit\/les-ballets-russes-de-diaghilev-2\/","og_locale":"en_US","og_type":"article","og_title":"LES BALLETS RUSSES DE DIAGHILEV - Librairie 7L","og_description":"Impr\u00e9sario visionnaire, russe, diaghilev porte au plus haut niveau l&#8217;art du ballet dans le Paris, catalyseur des talents, des ann\u00e9es 1909 \u00e0 1930. Sous la banni\u00e8re des Ballets Russes, il capte le g\u00e9nie de danseurs, chor\u00e9graphes, peintres, musiciens et interpr\u00e8tes aux noms \u00e9vocateurs : Pavlova, Karsavina, Fokine, Nijinsky, Massine, Picasso, Matisse, Cocteau, Man Ray, Bakst, [&hellip;]","og_url":"https:\/\/librairie7l.com\/en\/produit\/les-ballets-russes-de-diaghilev-2\/","og_site_name":"Librairie 7L","article_modified_time":"2026-04-29T14:06:41+00:00","og_image":[{"width":500,"height":645,"url":"https:\/\/librairie7l.com\/wp-content\/uploads\/2011\/06\/9782903824754_1_75.jpg","type":"image\/jpeg"}],"twitter_card":"summary_large_image","twitter_misc":{"Est. reading time":"1 minute"},"schema":{"@context":"https:\/\/schema.org","@graph":[{"@type":"WebPage","@id":"https:\/\/librairie7l.com\/en\/produit\/les-ballets-russes-de-diaghilev-2\/","url":"https:\/\/librairie7l.com\/en\/produit\/les-ballets-russes-de-diaghilev-2\/","name":"LES BALLETS RUSSES DE DIAGHILEV - Librairie 7L","isPartOf":{"@id":"https:\/\/librairie7l.com\/en\/#website"},"datePublished":"2023-05-09T15:59:33+00:00","dateModified":"2026-04-29T14:06:41+00:00","breadcrumb":{"@id":"https:\/\/librairie7l.com\/en\/produit\/les-ballets-russes-de-diaghilev-2\/#breadcrumb"},"inLanguage":"en-US","potentialAction":[{"@type":"ReadAction","target":["https:\/\/librairie7l.com\/en\/produit\/les-ballets-russes-de-diaghilev-2\/"]}]},{"@type":"BreadcrumbList","@id":"https:\/\/librairie7l.com\/en\/produit\/les-ballets-russes-de-diaghilev-2\/#breadcrumb","itemListElement":[{"@type":"ListItem","position":1,"name":"Accueil","item":"https:\/\/librairie7l.com\/en\/"},{"@type":"ListItem","position":2,"name":"Shop","item":"https:\/\/librairie7l.com\/en\/shop\/"},{"@type":"ListItem","position":3,"name":"LES BALLETS RUSSES DE DIAGHILEV"}]},{"@type":"WebSite","@id":"https:\/\/librairie7l.com\/en\/#website","url":"https:\/\/librairie7l.com\/en\/","name":"Librairie 7L","description":"Librairie fond\u00e9e en 1999 par Karl Lagerfeld \u00e0 Paris","publisher":{"@id":"https:\/\/librairie7l.com\/en\/#organization"},"potentialAction":[{"@type":"SearchAction","target":{"@type":"EntryPoint","urlTemplate":"https:\/\/librairie7l.com\/en\/?s={search_term_string}"},"query-input":"required name=search_term_string"}],"inLanguage":"en-US"},{"@type":"Organization","@id":"https:\/\/librairie7l.com\/en\/#organization","name":"Librairie 7L","url":"https:\/\/librairie7l.com\/en\/","logo":{"@type":"ImageObject","inLanguage":"en-US","@id":"https:\/\/librairie7l.com\/en\/#\/schema\/logo\/image\/","url":"https:\/\/librairie7l.com\/wp-content\/uploads\/2022\/08\/logo-1.png","contentUrl":"https:\/\/librairie7l.com\/wp-content\/uploads\/2022\/08\/logo-1.png","width":227,"height":301,"caption":"Librairie 7L"},"image":{"@id":"https:\/\/librairie7l.com\/en\/#\/schema\/logo\/image\/"}}]}},"_links":{"self":[{"href":"https:\/\/librairie7l.com\/en\/wp-json\/wp\/v2\/product\/19519"}],"collection":[{"href":"https:\/\/librairie7l.com\/en\/wp-json\/wp\/v2\/product"}],"about":[{"href":"https:\/\/librairie7l.com\/en\/wp-json\/wp\/v2\/types\/product"}],"wp:featuredmedia":[{"embeddable":true,"href":"https:\/\/librairie7l.com\/en\/wp-json\/wp\/v2\/media\/19517"}],"wp:attachment":[{"href":"https:\/\/librairie7l.com\/en\/wp-json\/wp\/v2\/media?parent=19519"}],"wp:term":[{"taxonomy":"product_cat","embeddable":true,"href":"https:\/\/librairie7l.com\/en\/wp-json\/wp\/v2\/product_cat?post=19519"},{"taxonomy":"product_tag","embeddable":true,"href":"https:\/\/librairie7l.com\/en\/wp-json\/wp\/v2\/product_tag?post=19519"}],"curies":[{"name":"wp","href":"https:\/\/api.w.org\/{rel}","templated":true}]}}