{"id":19523,"date":"2023-05-09T17:59:36","date_gmt":"2023-05-09T15:59:36","guid":{"rendered":"https:\/\/librairie7l.com\/?post_type=product&#038;p=19523"},"modified":"2026-04-04T04:21:13","modified_gmt":"2026-04-04T02:21:13","slug":"les-parfums-histoire-anthologie-dictionnaire","status":"publish","type":"product","link":"https:\/\/librairie7l.com\/en\/produit\/les-parfums-histoire-anthologie-dictionnaire\/","title":{"rendered":"LES PARFUMS ; HISTOIRE, ANTHOLOGIE, DICTIONNAIRE"},"content":{"rendered":"<p>Raconter l&#8217;histoire du parfum, c&#8217;est d\u00e9rouler toute l&#8217;histoire de l&#8217;humanit\u00e9. Des poteries du n\u00e9olithique jusqu&#8217;\u00e0 nos vaporisateurs de voyage, des recettes consign\u00e9es sur les papyrus de l&#8217;\u00c9gypte ancienne aux brevets industriels internationaux, en passant par les parfumeurs attitr\u00e9s de Catherine de M\u00e9dicis, Marie-Antoinette ou Napol\u00e9on Ier : l&#8217;histoire du parfum est une histoire des civilisations.<br \/>\nLe parfum na\u00eet dans les temples de la plus haute Antiquit\u00e9 ; il accompagne les rituels, les mythes et les croyances. Au Moyen \u00c2ge, on l&#8217;utilise pour se prot\u00e9ger des \u00e9pid\u00e9mies. Il pallie le manque d&#8217;hygi\u00e8ne corporelle et devient un facteur de distinction sociale. Au XVIIe si\u00e8cle, la cour des rois de France permet \u00e0 la corporation des gantiers parfumeurs de s&#8217;\u00e9tablir officiellement ; le m\u00e9tier se d\u00e9veloppe alors, et les villes de Montpellier et Grasse connaissent un essor consid\u00e9rable jusqu&#8217;au XIXe si\u00e8cle. Avec l&#8217;industrialisation, le parfum se d\u00e9mocratise, il b\u00e9n\u00e9ficie des d\u00e9couvertes en chimie et permet aux grandes maisons des cr\u00e9ations incomparables (Num\u00e9ro 5, Eau sauvage) qui marqueront les temps modernes.<br \/>\nAu cours des si\u00e8cles, les parfums et leurs usages ont \u00e9volu\u00e9 de mani\u00e8re significative ; il manquait un livre qui rende compte de la richesse et de la complexit\u00e9 des effluves. Ce volume des Parfums explore les mentalit\u00e9s, les sciences et l&#8217;industrie. Il est constitu\u00e9 d&#8217;une Histoire, d&#8217;une Anthologie et d&#8217;un Dictionnaire. Les trois parties se r\u00e9pondent l&#8217;une l&#8217;autre. Elles privil\u00e9gient les approches th\u00e9matiques : il est question de mythologie, de moeurs, de commerce et d&#8217;\u00e9motion. Les Parfums donnent aussi la parole aux grands &#8221; nez &#8221; de Chanel, de Guerlain, de Dior, d&#8217;Herm\u00e8s ou de Cartier&#8230;<\/p>\n","protected":false},"excerpt":{"rendered":"<p>Raconter l&#8217;histoire du parfum, c&#8217;est d\u00e9rouler toute l&#8217;histoire de l&#8217;humanit\u00e9. Des poteries du n\u00e9olithique jusqu&#8217;\u00e0 nos vaporisateurs de voyage, des recettes consign\u00e9es sur les papyrus de l&#8217;\u00c9gypte ancienne aux brevets industriels internationaux, en passant par les parfumeurs attitr\u00e9s de Catherine de M\u00e9dicis, Marie-Antoinette ou Napol\u00e9on Ier : l&#8217;histoire du parfum est une histoire des civilisations. [&hellip;]<\/p>\n","protected":false},"featured_media":19521,"template":"","meta":[],"product_cat":[2948,2957],"product_tag":[],"acf":[],"yoast_head":"<!-- This site is optimized with the Yoast SEO plugin v20.11 - https:\/\/yoast.com\/wordpress\/plugins\/seo\/ -->\n<title>LES PARFUMS ; HISTOIRE, ANTHOLOGIE, DICTIONNAIRE - Librairie 7L<\/title>\n<meta name=\"robots\" content=\"index, follow, max-snippet:-1, max-image-preview:large, max-video-preview:-1\" \/>\n<link rel=\"canonical\" href=\"https:\/\/librairie7l.com\/en\/produit\/les-parfums-histoire-anthologie-dictionnaire\/\" \/>\n<meta property=\"og:locale\" content=\"en_US\" \/>\n<meta property=\"og:type\" content=\"article\" \/>\n<meta property=\"og:title\" content=\"LES PARFUMS ; HISTOIRE, ANTHOLOGIE, DICTIONNAIRE - Librairie 7L\" \/>\n<meta property=\"og:description\" content=\"Raconter l&#8217;histoire du parfum, c&#8217;est d\u00e9rouler toute l&#8217;histoire de l&#8217;humanit\u00e9. Des poteries du n\u00e9olithique jusqu&#8217;\u00e0 nos vaporisateurs de voyage, des recettes consign\u00e9es sur les papyrus de l&#8217;\u00c9gypte ancienne aux brevets industriels internationaux, en passant par les parfumeurs attitr\u00e9s de Catherine de M\u00e9dicis, Marie-Antoinette ou Napol\u00e9on Ier : l&#8217;histoire du parfum est une histoire des civilisations. [&hellip;]\" \/>\n<meta property=\"og:url\" content=\"https:\/\/librairie7l.com\/en\/produit\/les-parfums-histoire-anthologie-dictionnaire\/\" \/>\n<meta property=\"og:site_name\" content=\"Librairie 7L\" \/>\n<meta property=\"article:modified_time\" content=\"2026-04-04T02:21:13+00:00\" \/>\n<meta property=\"og:image\" content=\"https:\/\/librairie7l.com\/wp-content\/uploads\/2011\/11\/9782221110072_1_75.jpg\" \/>\n\t<meta property=\"og:image:width\" content=\"400\" \/>\n\t<meta property=\"og:image:height\" content=\"602\" \/>\n\t<meta property=\"og:image:type\" content=\"image\/jpeg\" \/>\n<meta name=\"twitter:card\" content=\"summary_large_image\" \/>\n<meta name=\"twitter:label1\" content=\"Est. reading time\" \/>\n\t<meta name=\"twitter:data1\" content=\"1 minute\" \/>\n<script type=\"application\/ld+json\" class=\"yoast-schema-graph\">{\"@context\":\"https:\/\/schema.org\",\"@graph\":[{\"@type\":\"WebPage\",\"@id\":\"https:\/\/librairie7l.com\/en\/produit\/les-parfums-histoire-anthologie-dictionnaire\/\",\"url\":\"https:\/\/librairie7l.com\/en\/produit\/les-parfums-histoire-anthologie-dictionnaire\/\",\"name\":\"LES PARFUMS ; HISTOIRE, ANTHOLOGIE, DICTIONNAIRE - Librairie 7L\",\"isPartOf\":{\"@id\":\"https:\/\/librairie7l.com\/en\/#website\"},\"datePublished\":\"2023-05-09T15:59:36+00:00\",\"dateModified\":\"2026-04-04T02:21:13+00:00\",\"breadcrumb\":{\"@id\":\"https:\/\/librairie7l.com\/en\/produit\/les-parfums-histoire-anthologie-dictionnaire\/#breadcrumb\"},\"inLanguage\":\"en-US\",\"potentialAction\":[{\"@type\":\"ReadAction\",\"target\":[\"https:\/\/librairie7l.com\/en\/produit\/les-parfums-histoire-anthologie-dictionnaire\/\"]}]},{\"@type\":\"BreadcrumbList\",\"@id\":\"https:\/\/librairie7l.com\/en\/produit\/les-parfums-histoire-anthologie-dictionnaire\/#breadcrumb\",\"itemListElement\":[{\"@type\":\"ListItem\",\"position\":1,\"name\":\"Accueil\",\"item\":\"https:\/\/librairie7l.com\/en\/\"},{\"@type\":\"ListItem\",\"position\":2,\"name\":\"Shop\",\"item\":\"https:\/\/librairie7l.com\/en\/shop\/\"},{\"@type\":\"ListItem\",\"position\":3,\"name\":\"LES PARFUMS ; HISTOIRE, ANTHOLOGIE, DICTIONNAIRE\"}]},{\"@type\":\"WebSite\",\"@id\":\"https:\/\/librairie7l.com\/en\/#website\",\"url\":\"https:\/\/librairie7l.com\/en\/\",\"name\":\"Librairie 7L\",\"description\":\"Librairie fond\u00e9e en 1999 par Karl Lagerfeld \u00e0 Paris\",\"publisher\":{\"@id\":\"https:\/\/librairie7l.com\/en\/#organization\"},\"potentialAction\":[{\"@type\":\"SearchAction\",\"target\":{\"@type\":\"EntryPoint\",\"urlTemplate\":\"https:\/\/librairie7l.com\/en\/?s={search_term_string}\"},\"query-input\":\"required name=search_term_string\"}],\"inLanguage\":\"en-US\"},{\"@type\":\"Organization\",\"@id\":\"https:\/\/librairie7l.com\/en\/#organization\",\"name\":\"Librairie 7L\",\"url\":\"https:\/\/librairie7l.com\/en\/\",\"logo\":{\"@type\":\"ImageObject\",\"inLanguage\":\"en-US\",\"@id\":\"https:\/\/librairie7l.com\/en\/#\/schema\/logo\/image\/\",\"url\":\"https:\/\/librairie7l.com\/wp-content\/uploads\/2022\/08\/logo-1.png\",\"contentUrl\":\"https:\/\/librairie7l.com\/wp-content\/uploads\/2022\/08\/logo-1.png\",\"width\":227,\"height\":301,\"caption\":\"Librairie 7L\"},\"image\":{\"@id\":\"https:\/\/librairie7l.com\/en\/#\/schema\/logo\/image\/\"}}]}<\/script>\n<!-- \/ Yoast SEO plugin. -->","yoast_head_json":{"title":"LES PARFUMS ; HISTOIRE, ANTHOLOGIE, DICTIONNAIRE - Librairie 7L","robots":{"index":"index","follow":"follow","max-snippet":"max-snippet:-1","max-image-preview":"max-image-preview:large","max-video-preview":"max-video-preview:-1"},"canonical":"https:\/\/librairie7l.com\/en\/produit\/les-parfums-histoire-anthologie-dictionnaire\/","og_locale":"en_US","og_type":"article","og_title":"LES PARFUMS ; HISTOIRE, ANTHOLOGIE, DICTIONNAIRE - Librairie 7L","og_description":"Raconter l&#8217;histoire du parfum, c&#8217;est d\u00e9rouler toute l&#8217;histoire de l&#8217;humanit\u00e9. Des poteries du n\u00e9olithique jusqu&#8217;\u00e0 nos vaporisateurs de voyage, des recettes consign\u00e9es sur les papyrus de l&#8217;\u00c9gypte ancienne aux brevets industriels internationaux, en passant par les parfumeurs attitr\u00e9s de Catherine de M\u00e9dicis, Marie-Antoinette ou Napol\u00e9on Ier : l&#8217;histoire du parfum est une histoire des civilisations. [&hellip;]","og_url":"https:\/\/librairie7l.com\/en\/produit\/les-parfums-histoire-anthologie-dictionnaire\/","og_site_name":"Librairie 7L","article_modified_time":"2026-04-04T02:21:13+00:00","og_image":[{"width":400,"height":602,"url":"https:\/\/librairie7l.com\/wp-content\/uploads\/2011\/11\/9782221110072_1_75.jpg","type":"image\/jpeg"}],"twitter_card":"summary_large_image","twitter_misc":{"Est. reading time":"1 minute"},"schema":{"@context":"https:\/\/schema.org","@graph":[{"@type":"WebPage","@id":"https:\/\/librairie7l.com\/en\/produit\/les-parfums-histoire-anthologie-dictionnaire\/","url":"https:\/\/librairie7l.com\/en\/produit\/les-parfums-histoire-anthologie-dictionnaire\/","name":"LES PARFUMS ; HISTOIRE, ANTHOLOGIE, DICTIONNAIRE - Librairie 7L","isPartOf":{"@id":"https:\/\/librairie7l.com\/en\/#website"},"datePublished":"2023-05-09T15:59:36+00:00","dateModified":"2026-04-04T02:21:13+00:00","breadcrumb":{"@id":"https:\/\/librairie7l.com\/en\/produit\/les-parfums-histoire-anthologie-dictionnaire\/#breadcrumb"},"inLanguage":"en-US","potentialAction":[{"@type":"ReadAction","target":["https:\/\/librairie7l.com\/en\/produit\/les-parfums-histoire-anthologie-dictionnaire\/"]}]},{"@type":"BreadcrumbList","@id":"https:\/\/librairie7l.com\/en\/produit\/les-parfums-histoire-anthologie-dictionnaire\/#breadcrumb","itemListElement":[{"@type":"ListItem","position":1,"name":"Accueil","item":"https:\/\/librairie7l.com\/en\/"},{"@type":"ListItem","position":2,"name":"Shop","item":"https:\/\/librairie7l.com\/en\/shop\/"},{"@type":"ListItem","position":3,"name":"LES PARFUMS ; HISTOIRE, ANTHOLOGIE, DICTIONNAIRE"}]},{"@type":"WebSite","@id":"https:\/\/librairie7l.com\/en\/#website","url":"https:\/\/librairie7l.com\/en\/","name":"Librairie 7L","description":"Librairie fond\u00e9e en 1999 par Karl Lagerfeld \u00e0 Paris","publisher":{"@id":"https:\/\/librairie7l.com\/en\/#organization"},"potentialAction":[{"@type":"SearchAction","target":{"@type":"EntryPoint","urlTemplate":"https:\/\/librairie7l.com\/en\/?s={search_term_string}"},"query-input":"required name=search_term_string"}],"inLanguage":"en-US"},{"@type":"Organization","@id":"https:\/\/librairie7l.com\/en\/#organization","name":"Librairie 7L","url":"https:\/\/librairie7l.com\/en\/","logo":{"@type":"ImageObject","inLanguage":"en-US","@id":"https:\/\/librairie7l.com\/en\/#\/schema\/logo\/image\/","url":"https:\/\/librairie7l.com\/wp-content\/uploads\/2022\/08\/logo-1.png","contentUrl":"https:\/\/librairie7l.com\/wp-content\/uploads\/2022\/08\/logo-1.png","width":227,"height":301,"caption":"Librairie 7L"},"image":{"@id":"https:\/\/librairie7l.com\/en\/#\/schema\/logo\/image\/"}}]}},"_links":{"self":[{"href":"https:\/\/librairie7l.com\/en\/wp-json\/wp\/v2\/product\/19523"}],"collection":[{"href":"https:\/\/librairie7l.com\/en\/wp-json\/wp\/v2\/product"}],"about":[{"href":"https:\/\/librairie7l.com\/en\/wp-json\/wp\/v2\/types\/product"}],"wp:featuredmedia":[{"embeddable":true,"href":"https:\/\/librairie7l.com\/en\/wp-json\/wp\/v2\/media\/19521"}],"wp:attachment":[{"href":"https:\/\/librairie7l.com\/en\/wp-json\/wp\/v2\/media?parent=19523"}],"wp:term":[{"taxonomy":"product_cat","embeddable":true,"href":"https:\/\/librairie7l.com\/en\/wp-json\/wp\/v2\/product_cat?post=19523"},{"taxonomy":"product_tag","embeddable":true,"href":"https:\/\/librairie7l.com\/en\/wp-json\/wp\/v2\/product_tag?post=19523"}],"curies":[{"name":"wp","href":"https:\/\/api.w.org\/{rel}","templated":true}]}}